{"id":1265747,"date":"2016-06-13T16:11:07","date_gmt":"2016-06-13T16:11:07","guid":{"rendered":"https:\/\/badgerincdev.wpenginepowered.com\/a-propos\/"},"modified":"2026-02-04T12:44:01","modified_gmt":"2026-02-04T12:44:01","slug":"a-propos","status":"publish","type":"page","link":"https:\/\/www.badgerinc.com\/fr\/a-propos\/","title":{"rendered":"\u00c0 PROPOS"},"content":{"rendered":"<div class=\"wpb-content-wrapper\"><p>[vc_row wrap_container=\u00a0\u00bbyes\u00a0\u00bb el_class=\u00a0\u00bbrow-align-items-center\u00a0\u00bb conditional_render=\u00a0\u00bb%5B%7B%22value_role%22%3A%22administrator%22%7D%5D\u00a0\u00bb][vc_column animation_delay=\u00a0\u00bb\u00a0\u00bb conditional_render=\u00a0\u00bb%5B%7B%22value_role%22%3A%22administrator%22%7D%5D\u00a0\u00bb][vc_custom_heading text=\u00a0\u00bbBadger Infrastructure Solutions\u00a0\u00bb font_container=\u00a0\u00bbtag:h2|font_size:30|text_align:left\u00a0\u00bb use_theme_fonts=\u00a0\u00bbyes\u00a0\u00bb text_transform=\u00a0\u00bbtext-uppercase\u00a0\u00bb font_weight=\u00a0\u00bb900&Prime; letter_spacing=\u00a0\u00bb1&Prime; css_animation=\u00a0\u00bbslideInUp\u00a0\u00bb css=\u00a0\u00bb.vc_custom_1695324539966{margin-top: 20px !important;}\u00a0\u00bb][vc_column_text el_class=\u00a0\u00bbfeatured lead\u00a0\u00bb css=\u00a0\u00bb.vc_custom_1696346407304{margin-top: 0px !important;padding-top: 0px !important;}\u00a0\u00bb]<\/p>\n<h3>Plus de 30\u00a0ans d\u2019exp\u00e9rience dans les applications d\u2019hydro-excavation, les solutions de d\u00e9tection de services souterrains, les services d\u2019\u00e9gout et les interventions d\u2019urgence<\/h3>\n<p>[\/vc_column_text][vc_column_text css_animation=\u00a0\u00bbnone\u00a0\u00bb]Badger\u00a0Infrastructure\u00a0Solutions est le leader de l\u2019industrie en mati\u00e8re de services d\u2019hydro-excavation (Hydrovac) non destructeurs. Depuis\u00a01992, Badger innove dans le domaine des technologies de pointe et offre des services \u00e0 une client\u00e8le diversifi\u00e9e, y compris dans les secteurs du p\u00e9trole et du gaz, de l\u2019\u00e9nergie, de l\u2019industrie, de la construction, du transport et d\u2019autres march\u00e9s, ainsi qu\u2019\u00e0 de nombreux organismes gouvernementaux au Canada et aux \u00c9tats-Unis.[\/vc_column_text][\/vc_column][\/vc_row][vc_row full_width=\u00a0\u00bbstretch_row_content\u00a0\u00bb wrap_container=\u00a0\u00bbyes\u00a0\u00bb content_placement=\u00a0\u00bbmiddle\u00a0\u00bb conditional_render=\u00a0\u00bb%5B%7B%22value_role%22%3A%22administrator%22%7D%5D\u00a0\u00bb][vc_column width=\u00a0\u00bb1\/2&Prime; animation_type=\u00a0\u00bbfadeIn\u00a0\u00bb conditional_render=\u00a0\u00bb%5B%7B%22value_role%22%3A%22administrator%22%7D%5D\u00a0\u00bb]<a aria-label=\"SERVICES HYDROVAC\" class=\"porto-sicon-box-link\" href=\"https:\/\/www.badgerinc.com\/solutions\/hydrovac-applications\/\" title='HYDROVAC APPLICATIONS'><div class=\"porto-sicon-box  wpb_custom_a5b9c2e2e17471d6f04fbb9b944cb1fa style_1 top-icon\"><div class=\"porto-sicon-top\"><div class=\"porto-just-icon-wrapper porto-sicon-img  porto-icon-9f5d1cfb45d27d96b50bf473aebba227\" style=\"font-size: 600px;\"><img loading=\"lazy\" decoding=\"async\" class=\"img-icon\" alt=\"\" src=\"https:\/\/www.badgerinc.com\/wp-content\/uploads\/2023\/09\/Badger-Hydrovac-Services-solutions.jpg\" width=\"1200\" height=\"680\" \/><\/div><\/div><div class=\"porto-sicon-header\"><h3 class=\"porto-sicon-title\" style=\"\">SERVICES HYDROVAC<\/h3><\/div> <!-- header --><\/div><!-- porto-sicon-box --><\/a>[vc_empty_space height=\u00a0\u00bb40px\u00a0\u00bb][\/vc_column][vc_column width=\u00a0\u00bb1\/2&Prime;]<a aria-label=\"D\u00c9TECTION DE SERVICES SOUTERRAINS\" class=\"porto-sicon-box-link\" href=\"https:\/\/www.badgerinc.com\/solutions\/locating\/\" title='LOCATING'><div class=\"porto-sicon-box  wpb_custom_201b8c59da356ef64bb2931d550da49c style_1 top-icon\"><div class=\"porto-sicon-top\"><div class=\"porto-just-icon-wrapper porto-sicon-img  porto-icon-9f5d1cfb45d27d96b50bf473aebba227\" style=\"font-size: 600px;\"><img loading=\"lazy\" decoding=\"async\" class=\"img-icon\" alt=\"\" src=\"https:\/\/www.badgerinc.com\/wp-content\/uploads\/2023\/09\/Badger-Locating-Services-solutions.jpg\" width=\"1200\" height=\"680\" \/><\/div><\/div><div class=\"porto-sicon-header\"><h3 class=\"porto-sicon-title\" style=\"\">D\u00c9TECTION DE SERVICES SOUTERRAINS<\/h3><\/div> <!-- header --><\/div><!-- porto-sicon-box --><\/a>[vc_empty_space height=\u00a0\u00bb40px\u00a0\u00bb][\/vc_column][\/vc_row][vc_row wrap_container=\u00a0\u00bbyes\u00a0\u00bb conditional_render=\u00a0\u00bb%5B%7B%22value_role%22%3A%22administrator%22%7D%5D\u00a0\u00bb][vc_column width=\u00a0\u00bb1\/2&Prime; animation_type=\u00a0\u00bbfadeIn\u00a0\u00bb conditional_render=\u00a0\u00bb%5B%7B%22value_role%22%3A%22administrator%22%7D%5D\u00a0\u00bb]<a aria-label=\"SERVICES D\u2019\u00c9GOUT\" class=\"porto-sicon-box-link\" href=\"https:\/\/www.badgerinc.com\/solutions\/sewer-services\/\" title='SEWER SERVICES'><div class=\"porto-sicon-box  wpb_custom_35f2f9b7b5358b3c82533cb65bb640a1 style_1 top-icon\"><div class=\"porto-sicon-top\"><div class=\"porto-just-icon-wrapper porto-sicon-img  porto-icon-9f5d1cfb45d27d96b50bf473aebba227\" style=\"font-size: 600px;\"><img loading=\"lazy\" decoding=\"async\" class=\"img-icon\" alt=\"\" src=\"https:\/\/www.badgerinc.com\/wp-content\/uploads\/2023\/09\/Badger-Sewer-Services-solutions.jpg\" width=\"1200\" height=\"680\" \/><\/div><\/div><div class=\"porto-sicon-header\"><h3 class=\"porto-sicon-title\" style=\"\">SERVICES D\u2019\u00c9GOUT<\/h3><\/div> <!-- header --><\/div><!-- porto-sicon-box --><\/a>[vc_empty_space height=\u00a0\u00bb40px\u00a0\u00bb][\/vc_column][vc_column width=\u00a0\u00bb1\/2&Prime; animation_delay=\u00a0\u00bb250&Prime; animation_type=\u00a0\u00bbfadeIn\u00a0\u00bb]<a aria-label=\"INTERVENTION EN CAS DE CATASTROPHE\" class=\"porto-sicon-box-link\" href=\"https:\/\/www.badgerinc.com\/solutions\/disaster-response\/\" title='DISASTER RESPONSE'><div class=\"porto-sicon-box  wpb_custom_35f2f9b7b5358b3c82533cb65bb640a1 style_1 top-icon\"><div class=\"porto-sicon-top\"><div class=\"porto-just-icon-wrapper porto-sicon-img  porto-icon-9f5d1cfb45d27d96b50bf473aebba227\" style=\"font-size: 600px;\"><img loading=\"lazy\" decoding=\"async\" class=\"img-icon\" alt=\"\" src=\"https:\/\/www.badgerinc.com\/wp-content\/uploads\/2023\/09\/Badger-Disaster-Response-solutions.jpg\" width=\"1200\" height=\"680\" \/><\/div><\/div><div class=\"porto-sicon-header\"><h3 class=\"porto-sicon-title\" style=\"\">INTERVENTION EN CAS DE CATASTROPHE<\/h3><\/div> <!-- header --><\/div><!-- porto-sicon-box --><\/a>[vc_empty_space height=\u00a0\u00bb40px\u00a0\u00bb][\/vc_column][\/vc_row][vc_row wrap_container=\u00a0\u00bbyes\u00a0\u00bb css_animation=\u00a0\u00bbslideInUp\u00a0\u00bb enable_field_dynamic=\u00a0\u00bb\u00a0\u00bb field_dynamic_source=\u00a0\u00bb\u00a0\u00bb date_format=\u00a0\u00bb\u00a0\u00bb field_dynamic_before=\u00a0\u00bb\u00a0\u00bb field_dynamic_after=\u00a0\u00bb\u00a0\u00bb field_dynamic_fallback=\u00a0\u00bb\u00a0\u00bb text=\u00a0\u00bbApplications\u00a0\u00bb enable_link_dynamic=\u00a0\u00bb\u00a0\u00bb link_dynamic_source=\u00a0\u00bb\u00a0\u00bb link_dynamic_fallback=\u00a0\u00bb\u00a0\u00bb font_container=\u00a0\u00bbtag:h2|font_size:30|text_align:left\u00a0\u00bb use_theme_fonts=\u00a0\u00bbyes\u00a0\u00bb google_fonts=\u00a0\u00bbfont_family:Abril%20Fatface%3Aregular|font_style:400%20regular%3A400%3Anormal\u00a0\u00bb text_transform=\u00a0\u00bb\u00a0\u00bb font_weight=\u00a0\u00bb700&Prime; skin=\u00a0\u00bbprimary\u00a0\u00bb letter_spacing=\u00a0\u00bb\u00a0\u00bb enable_typewriter=\u00a0\u00bb\u00a0\u00bb enable_typeword=\u00a0\u00bb\u00a0\u00bb typewriter_animation=\u00a0\u00bbfadeIn\u00a0\u00bb typewriter_delay=\u00a0\u00bb\u00a0\u00bb typewriter_speed=\u00a0\u00bb50&Prime; typewriter_width=\u00a0\u00bb\u00a0\u00bb show_border=\u00a0\u00bb\u00a0\u00bb border_skin=\u00a0\u00bbcustom\u00a0\u00bb border_type=\u00a0\u00bbbottom-border\u00a0\u00bb border_size=\u00a0\u00bb\u00a0\u00bb floating_circle=\u00a0\u00bb\u00a0\u00bb floatcircle_transition=\u00a0\u00bbyes\u00a0\u00bb floating_start_pos=\u00a0\u00bb\u00a0\u00bb floating_speed=\u00a0\u00bb\u00a0\u00bb floating_transition=\u00a0\u00bbyes\u00a0\u00bb floating_horizontal=\u00a0\u00bb\u00a0\u00bb field_dynamic_content_meta_field=\u00a0\u00bb\u00a0\u00bb field_dynamic_content=\u00a0\u00bb\u00a0\u00bb link_dynamic_content_meta_link=\u00a0\u00bb\u00a0\u00bb link_dynamic_content=\u00a0\u00bb\u00a0\u00bb link=\u00a0\u00bb\u00a0\u00bb dsc_skin=\u00a0\u00bb\u00a0\u00bb dsc_typewriter=\u00a0\u00bb\u00a0\u00bb dsc_bd=\u00a0\u00bb\u00a0\u00bb border_color=\u00a0\u00bb\u00a0\u00bb border_size_px=\u00a0\u00bb\u00a0\u00bb border_spacing=\u00a0\u00bb\u00a0\u00bb dsc_animation=\u00a0\u00bb\u00a0\u00bb dsc_flt_img=\u00a0\u00bb\u00a0\u00bb floating_img=\u00a0\u00bb\u00a0\u00bb floating_offset=\u00a0\u00bb\u00a0\u00bb dsc_flt_clr=\u00a0\u00bb\u00a0\u00bb floatcircle_duration=\u00a0\u00bb\u00a0\u00bb dsc_flt_scroll=\u00a0\u00bb\u00a0\u00bb floating_duration=\u00a0\u00bb\u00a0\u00bb conditional_render=\u00a0\u00bb%5B%7B%22value_role%22%3A%22administrator%22%7D%5D\u00a0\u00bb][vc_column][vc_raw_html]PGZpZ3VyZSBjbGFzcz0id3AtYmxvY2stdmlkZW8iPjx2aWRlbyBjb250cm9scyBwb3N0ZXI9Imh0dHBzOi8vd3d3LmJhZGdlcmluYy5jb20vd3AtY29udGVudC91cGxvYWRzLzIwMjMvMDkvYmFkZ2VyLWh5ZHJvdmFjLWRheS1pbi10aGUtbGlmZS12aWRlby0xLmpwZyIgc3JjPSJodHRwczovL3MzLnVzLWVhc3QtMi5hbWF6b25hd3MuY29tL2NzLXN0YXRpY2ZpbGVzL2JhZGdlcl9kYXlfbGlmZV9maW5hbC5tcDQiPjwvdmlkZW8+PC9maWd1cmU+[\/vc_raw_html][vc_cta h2=\u00a0\u00bbObtenir une estimation\u00a0\u00bb h2_font_container=\u00a0\u00bbtag:h2|font_size:30|text_align:left\u00a0\u00bb h2_use_theme_fonts=\u00a0\u00bbyes\u00a0\u00bb h4=\u00a0\u00bbCommuniquez avec nous d\u00e8s aujourd\u2019hui.\u00a0\u00bb shape=\u00a0\u00bbsquare\u00a0\u00bb style=\u00a0\u00bbflat\u00a0\u00bb add_button=\u00a0\u00bbright\u00a0\u00bb btn_title=\u00a0\u00bbCommuniquer avec nous\u00a0\u00bb btn_skin=\u00a0\u00bbprimary\u00a0\u00bb btn_btn_fs=\u00a0\u00bb20&Prime; btn_btn_ls=\u00a0\u00bb.2&Prime; use_custom_fonts_h2=\u00a0\u00bbtrue\u00a0\u00bb btn_link=\u00a0\u00bburl:https%3A%2F%2Fwww.badgerinc.com%2Ffr%2Fobtenir-une-estimation%2F|\u00a0\u00bb btn_btn_px=\u00a0\u00bb10&Prime;][\/vc_cta][\/vc_column][\/vc_row]<\/p>\n<\/div>","protected":false},"excerpt":{"rendered":"<p>[vc_row wrap_container=\u00a0\u00bbyes\u00a0\u00bb el_class=\u00a0\u00bbrow-align-items-center\u00a0\u00bb conditional_render=\u00a0\u00bb%5B%7B%22value_role%22%3A%22administrator%22%7D%5D\u00a0\u00bb][vc_column animation_delay=\u00a0\u00bb\u00a0\u00bb conditional_render=\u00a0\u00bb%5B%7B%22value_role%22%3A%22administrator%22%7D%5D\u00a0\u00bb][vc_custom_heading text=\u00a0\u00bbBadger Infrastructure Solutions\u00a0\u00bb font_container=\u00a0\u00bbtag:h2|font_size:30|text_align:left\u00a0\u00bb use_theme_fonts=\u00a0\u00bbyes\u00a0\u00bb text_transform=\u00a0\u00bbtext-uppercase\u00a0\u00bb font_weight=\u00a0\u00bb900&Prime; letter_spacing=\u00a0\u00bb1&Prime; css_animation=\u00a0\u00bbslideInUp\u00a0\u00bb css=\u00a0\u00bb.vc_custom_1695324539966{margin-top: 20px !important;}\u00a0\u00bb][vc_column_text el_class=\u00a0\u00bbfeatured lead\u00a0\u00bb css=\u00a0\u00bb.vc_custom_1696346407304{margin-top: 0px !important;padding-top: 0px !important;}\u00a0\u00bb] Plus de 30\u00a0ans d\u2019exp\u00e9rience dans les applications d\u2019hydro-excavation, les solutions de d\u00e9tection de services souterrains, les services d\u2019\u00e9gout et les interventions d\u2019urgence [\/vc_column_text][vc_column_text css_animation=\u00a0\u00bbnone\u00a0\u00bb]Badger\u00a0Infrastructure\u00a0Solutions est le leader de l\u2019industrie en [&hellip;]<\/p>\n","protected":false},"author":3,"featured_media":0,"parent":0,"menu_order":0,"comment_status":"closed","ping_status":"closed","template":"","meta":{"footnotes":""},"class_list":["post-1265747","page","type-page","status-publish","hentry"],"yoast_head":"<!-- This site is optimized with the Yoast SEO Premium plugin v23.4 (Yoast SEO v27.2) - https:\/\/yoast.com\/product\/yoast-seo-premium-wordpress\/ -->\n<title>\u00c0 PROPOS - Badger Inc<\/title>\n<meta name=\"robots\" content=\"index, follow, max-snippet:-1, max-image-preview:large, max-video-preview:-1\" \/>\n<link rel=\"canonical\" href=\"https:\/\/www.badgerinc.com\/fr\/a-propos\/\" \/>\n<meta property=\"og:locale\" content=\"fr_CA\" \/>\n<meta property=\"og:type\" content=\"article\" \/>\n<meta property=\"og:title\" content=\"\u00c0 PROPOS\" \/>\n<meta property=\"og:description\" content=\"[vc_row wrap_container=\u00a0\u00bbyes\u00a0\u00bb el_class=\u00a0\u00bbrow-align-items-center\u00a0\u00bb conditional_render=\u00a0\u00bb%5B%7B%22value_role%22%3A%22administrator%22%7D%5D\u00a0\u00bb][vc_column animation_delay=\u00a0\u00bb\u00a0\u00bb conditional_render=\u00a0\u00bb%5B%7B%22value_role%22%3A%22administrator%22%7D%5D\u00a0\u00bb][vc_custom_heading text=\u00a0\u00bbBadger Infrastructure Solutions\u00a0\u00bb font_container=\u00a0\u00bbtag:h2|font_size:30|text_align:left\u00a0\u00bb use_theme_fonts=\u00a0\u00bbyes\u00a0\u00bb text_transform=\u00a0\u00bbtext-uppercase\u00a0\u00bb font_weight=\u00a0\u00bb900&Prime; letter_spacing=\u00a0\u00bb1&Prime; css_animation=\u00a0\u00bbslideInUp\u00a0\u00bb css=\u00a0\u00bb.vc_custom_1695324539966{margin-top: 20px !important;}\u00a0\u00bb][vc_column_text el_class=\u00a0\u00bbfeatured lead\u00a0\u00bb css=\u00a0\u00bb.vc_custom_1696346407304{margin-top: 0px !important;padding-top: 0px !important;}\u00a0\u00bb] Plus de 30\u00a0ans d\u2019exp\u00e9rience dans les applications d\u2019hydro-excavation, les solutions de d\u00e9tection de services souterrains, les services d\u2019\u00e9gout et les interventions d\u2019urgence [\/vc_column_text][vc_column_text css_animation=\u00a0\u00bbnone\u00a0\u00bb]Badger\u00a0Infrastructure\u00a0Solutions est le leader de l\u2019industrie en [&hellip;]\" \/>\n<meta property=\"og:url\" content=\"https:\/\/www.badgerinc.com\/fr\/a-propos\/\" \/>\n<meta property=\"og:site_name\" content=\"Badger Inc\" \/>\n<meta property=\"article:modified_time\" content=\"2026-02-04T12:44:01+00:00\" \/>\n<meta name=\"twitter:card\" content=\"summary_large_image\" \/>\n<meta name=\"twitter:label1\" content=\"Estimation du temps de lecture\" \/>\n\t<meta name=\"twitter:data1\" content=\"5 minutes\" \/>\n<script type=\"application\/ld+json\" class=\"yoast-schema-graph\">{\"@context\":\"https:\/\/schema.org\",\"@graph\":[{\"@type\":\"WebPage\",\"@id\":\"https:\/\/www.badgerinc.com\/fr\/a-propos\/\",\"url\":\"https:\/\/www.badgerinc.com\/fr\/a-propos\/\",\"name\":\"\u00c0 PROPOS - Badger Inc\",\"isPartOf\":{\"@id\":\"https:\/\/www.badgerinc.com\/fr\/#website\"},\"datePublished\":\"2016-06-13T16:11:07+00:00\",\"dateModified\":\"2026-02-04T12:44:01+00:00\",\"breadcrumb\":{\"@id\":\"https:\/\/www.badgerinc.com\/fr\/a-propos\/#breadcrumb\"},\"inLanguage\":\"fr-CA\",\"potentialAction\":[{\"@type\":\"ReadAction\",\"target\":[\"https:\/\/www.badgerinc.com\/fr\/a-propos\/\"]}]},{\"@type\":\"BreadcrumbList\",\"@id\":\"https:\/\/www.badgerinc.com\/fr\/a-propos\/#breadcrumb\",\"itemListElement\":[{\"@type\":\"ListItem\",\"position\":1,\"name\":\"Home\",\"item\":\"https:\/\/www.badgerinc.com\/fr\/\"},{\"@type\":\"ListItem\",\"position\":2,\"name\":\"\u00c0 PROPOS\"}]},{\"@type\":\"WebSite\",\"@id\":\"https:\/\/www.badgerinc.com\/fr\/#website\",\"url\":\"https:\/\/www.badgerinc.com\/fr\/\",\"name\":\"Badger Inc\",\"description\":\"Badger Infrastructure Solutions Ltd. : Hydrovac, Vacuum Truck And Excavation Services Company in USA and Canada\",\"potentialAction\":[{\"@type\":\"SearchAction\",\"target\":{\"@type\":\"EntryPoint\",\"urlTemplate\":\"https:\/\/www.badgerinc.com\/fr\/?s={search_term_string}\"},\"query-input\":{\"@type\":\"PropertyValueSpecification\",\"valueRequired\":true,\"valueName\":\"search_term_string\"}}],\"inLanguage\":\"fr-CA\"}]}<\/script>\n<!-- \/ Yoast SEO Premium plugin. -->","yoast_head_json":{"title":"\u00c0 PROPOS - Badger Inc","robots":{"index":"index","follow":"follow","max-snippet":"max-snippet:-1","max-image-preview":"max-image-preview:large","max-video-preview":"max-video-preview:-1"},"canonical":"https:\/\/www.badgerinc.com\/fr\/a-propos\/","og_locale":"fr_CA","og_type":"article","og_title":"\u00c0 PROPOS","og_description":"[vc_row wrap_container=\u00a0\u00bbyes\u00a0\u00bb el_class=\u00a0\u00bbrow-align-items-center\u00a0\u00bb conditional_render=\u00a0\u00bb%5B%7B%22value_role%22%3A%22administrator%22%7D%5D\u00a0\u00bb][vc_column animation_delay=\u00a0\u00bb\u00a0\u00bb conditional_render=\u00a0\u00bb%5B%7B%22value_role%22%3A%22administrator%22%7D%5D\u00a0\u00bb][vc_custom_heading text=\u00a0\u00bbBadger Infrastructure Solutions\u00a0\u00bb font_container=\u00a0\u00bbtag:h2|font_size:30|text_align:left\u00a0\u00bb use_theme_fonts=\u00a0\u00bbyes\u00a0\u00bb text_transform=\u00a0\u00bbtext-uppercase\u00a0\u00bb font_weight=\u00a0\u00bb900&Prime; letter_spacing=\u00a0\u00bb1&Prime; css_animation=\u00a0\u00bbslideInUp\u00a0\u00bb css=\u00a0\u00bb.vc_custom_1695324539966{margin-top: 20px !important;}\u00a0\u00bb][vc_column_text el_class=\u00a0\u00bbfeatured lead\u00a0\u00bb css=\u00a0\u00bb.vc_custom_1696346407304{margin-top: 0px !important;padding-top: 0px !important;}\u00a0\u00bb] Plus de 30\u00a0ans d\u2019exp\u00e9rience dans les applications d\u2019hydro-excavation, les solutions de d\u00e9tection de services souterrains, les services d\u2019\u00e9gout et les interventions d\u2019urgence [\/vc_column_text][vc_column_text css_animation=\u00a0\u00bbnone\u00a0\u00bb]Badger\u00a0Infrastructure\u00a0Solutions est le leader de l\u2019industrie en [&hellip;]","og_url":"https:\/\/www.badgerinc.com\/fr\/a-propos\/","og_site_name":"Badger Inc","article_modified_time":"2026-02-04T12:44:01+00:00","twitter_card":"summary_large_image","twitter_misc":{"Estimation du temps de lecture":"5 minutes"},"schema":{"@context":"https:\/\/schema.org","@graph":[{"@type":"WebPage","@id":"https:\/\/www.badgerinc.com\/fr\/a-propos\/","url":"https:\/\/www.badgerinc.com\/fr\/a-propos\/","name":"\u00c0 PROPOS - Badger Inc","isPartOf":{"@id":"https:\/\/www.badgerinc.com\/fr\/#website"},"datePublished":"2016-06-13T16:11:07+00:00","dateModified":"2026-02-04T12:44:01+00:00","breadcrumb":{"@id":"https:\/\/www.badgerinc.com\/fr\/a-propos\/#breadcrumb"},"inLanguage":"fr-CA","potentialAction":[{"@type":"ReadAction","target":["https:\/\/www.badgerinc.com\/fr\/a-propos\/"]}]},{"@type":"BreadcrumbList","@id":"https:\/\/www.badgerinc.com\/fr\/a-propos\/#breadcrumb","itemListElement":[{"@type":"ListItem","position":1,"name":"Home","item":"https:\/\/www.badgerinc.com\/fr\/"},{"@type":"ListItem","position":2,"name":"\u00c0 PROPOS"}]},{"@type":"WebSite","@id":"https:\/\/www.badgerinc.com\/fr\/#website","url":"https:\/\/www.badgerinc.com\/fr\/","name":"Badger Inc","description":"Badger Infrastructure Solutions Ltd. : Hydrovac, Vacuum Truck And Excavation Services Company in USA and Canada","potentialAction":[{"@type":"SearchAction","target":{"@type":"EntryPoint","urlTemplate":"https:\/\/www.badgerinc.com\/fr\/?s={search_term_string}"},"query-input":{"@type":"PropertyValueSpecification","valueRequired":true,"valueName":"search_term_string"}}],"inLanguage":"fr-CA"}]}},"_links":{"self":[{"href":"https:\/\/www.badgerinc.com\/fr\/wp-json\/wp\/v2\/pages\/1265747","targetHints":{"allow":["GET"]}}],"collection":[{"href":"https:\/\/www.badgerinc.com\/fr\/wp-json\/wp\/v2\/pages"}],"about":[{"href":"https:\/\/www.badgerinc.com\/fr\/wp-json\/wp\/v2\/types\/page"}],"author":[{"embeddable":true,"href":"https:\/\/www.badgerinc.com\/fr\/wp-json\/wp\/v2\/users\/3"}],"replies":[{"embeddable":true,"href":"https:\/\/www.badgerinc.com\/fr\/wp-json\/wp\/v2\/comments?post=1265747"}],"version-history":[{"count":0,"href":"https:\/\/www.badgerinc.com\/fr\/wp-json\/wp\/v2\/pages\/1265747\/revisions"}],"wp:attachment":[{"href":"https:\/\/www.badgerinc.com\/fr\/wp-json\/wp\/v2\/media?parent=1265747"}],"curies":[{"name":"wp","href":"https:\/\/api.w.org\/{rel}","templated":true}]}}