{"id":1265730,"date":"2023-09-18T17:38:35","date_gmt":"2023-09-18T17:38:35","guid":{"rendered":"https:\/\/badgerincdev.wpenginepowered.com\/services-hydrovac\/mise-a-decouvert\/"},"modified":"2026-02-04T12:44:02","modified_gmt":"2026-02-04T12:44:02","slug":"mise-a-decouvert","status":"publish","type":"page","link":"https:\/\/www.badgerinc.com\/fr\/solutions\/services-hydrovac\/mise-a-decouvert\/","title":{"rendered":"MISE \u00c0 D\u00c9COUVERT"},"content":{"rendered":"<div class=\"wpb-content-wrapper\"><p>[vc_row wrap_container=\u00a0\u00bbyes\u00a0\u00bb css=\u00a0\u00bb.vc_custom_1695312602398{padding-top: 40px !important;padding-bottom: 40px !important;}\u00a0\u00bb el_class=\u00a0\u00bbrow-align-items-center\u00a0\u00bb conditional_render=\u00a0\u00bb%5B%7B%22value_role%22%3A%22administrator%22%7D%5D\u00a0\u00bb][vc_column animation_delay=\u00a0\u00bb\u00a0\u00bb conditional_render=\u00a0\u00bb%5B%7B%22value_role%22%3A%22administrator%22%7D%5D\u00a0\u00bb][vc_custom_heading text=\u00a0\u00bbQu\u2019est-ce que la mise \u00e0 d\u00e9couvert?\u00a0\u00bb font_container=\u00a0\u00bbtag:h2|font_size:30|text_align:left\u00a0\u00bb use_theme_fonts=\u00a0\u00bbyes\u00a0\u00bb][vc_column_text css_animation=\u00a0\u00bbnone\u00a0\u00bb]La <strong>mise \u00e0 d\u00e9couvert<\/strong> est un terme utilis\u00e9 pour d\u00e9crire la mise \u00e0 nue et l\u2019exposition des services publics souterrains, des c\u00e2bles et des pipelines \u00e0 la lumi\u00e8re du jour.<\/p>\n<p>La mise \u00e0 d\u00e9couvert par hydrovac est utilis\u00e9e pour am\u00e9liorer la s\u00e9curit\u00e9 des projets, augmenter la productivit\u00e9 et r\u00e9duire les co\u00fbts des projets. Traditionnellement, la mise \u00e0 d\u00e9couvert de lignes enfouies a \u00e9t\u00e9 effectu\u00e9e par excavation manuelle et par excavation m\u00e9canique qui comporte un risque \u00e9lev\u00e9 de blessures, de rupture ou de dommages aux conduites souterraines, aux lignes \u00e9lectriques, aux c\u00e2bles ou \u00e0 d\u2019autres infrastructures.<\/p>\n<p>Le syst\u00e8me d\u2019hydro-excavation Hydrovac Badger est une solution d\u2019excavation non destructive qui remplace les techniques d\u2019excavation manuelle ou d\u2019excavation m\u00e9canique conventionnelles risqu\u00e9es, att\u00e9nuant ainsi consid\u00e9rablement les risques d\u2019excavation.[\/vc_column_text][\/vc_column][\/vc_row][vc_row wrap_container=\u00a0\u00bbyes\u00a0\u00bb content_placement=\u00a0\u00bbmiddle\u00a0\u00bb conditional_render=\u00a0\u00bb%5B%7B%22value_role%22%3A%22administrator%22%7D%5D\u00a0\u00bb][vc_column conditional_render=\u00a0\u00bb%5B%7B%22value_role%22%3A%22administrator%22%7D%5D\u00a0\u00bb][vc_custom_heading text=\u00a0\u00bbApplications\u00a0\u00bb font_container=\u00a0\u00bbtag:h2|font_size:30|text_align:left\u00a0\u00bb use_theme_fonts=\u00a0\u00bbyes\u00a0\u00bb font_weight=\u00a0\u00bb700&Prime; skin=\u00a0\u00bbprimary\u00a0\u00bb css_animation=\u00a0\u00bbslideInUp\u00a0\u00bb]<div class=\"porto-container container \">[vc_column_text css_animation=\u00a0\u00bbnone\u00a0\u00bb]<\/p>\n<ul>\n<li>Confirmation visuelle des conduites enfouies<\/li>\n<li>Trous d\u2019essai de per\u00e7age directionnel<\/li>\n<li>Installation d\u2019anode sacrificielle<\/li>\n<li>Croisement des pipelines et des services publics<\/li>\n<li>Forages d\u2019essai de l\u2019ing\u00e9nierie des services publics souterrains<\/li>\n<\/ul>\n<p>[\/vc_column_text]<\/div>[\/vc_column][\/vc_row][vc_row wrap_container=\u00a0\u00bbyes\u00a0\u00bb css=\u00a0\u00bb.vc_custom_1695312631893{padding-top: 40px !important;padding-bottom: 40px !important;}\u00a0\u00bb el_class=\u00a0\u00bbrow-align-items-center\u00a0\u00bb conditional_render=\u00a0\u00bb%5B%7B%22value_role%22%3A%22administrator%22%7D%5D\u00a0\u00bb][vc_column animation_delay=\u00a0\u00bb\u00a0\u00bb conditional_render=\u00a0\u00bb%5B%7B%22value_role%22%3A%22administrator%22%7D%5D\u00a0\u00bb][vc_cta h2=\u00a0\u00bbObtenir une estimation\u00a0\u00bb h2_font_container=\u00a0\u00bbtag:h2|font_size:30|text_align:left\u00a0\u00bb h2_use_theme_fonts=\u00a0\u00bbyes\u00a0\u00bb h4=\u00a0\u00bbCommuniquez avec nous d\u00e8s aujourd\u2019hui.\u00a0\u00bb shape=\u00a0\u00bbsquare\u00a0\u00bb style=\u00a0\u00bbflat\u00a0\u00bb add_button=\u00a0\u00bbright\u00a0\u00bb btn_title=\u00a0\u00bbCommuniquer avec nous\u00a0\u00bb btn_skin=\u00a0\u00bbprimary\u00a0\u00bb btn_btn_fs=\u00a0\u00bb20&Prime; btn_btn_ls=\u00a0\u00bb.2&Prime; use_custom_fonts_h2=\u00a0\u00bbtrue\u00a0\u00bb btn_link=\u00a0\u00bburl:https%3A%2F%2Fwww.badgerinc.com%2Ffr%2Fobtenir-une-estimation%2F|\u00a0\u00bb btn_btn_px=\u00a0\u00bb10&Prime;]<br \/>\n[\/vc_cta][\/vc_column][\/vc_row]<\/p>\n<\/div>","protected":false},"excerpt":{"rendered":"<p>[vc_row wrap_container=\u00a0\u00bbyes\u00a0\u00bb css=\u00a0\u00bb.vc_custom_1695312602398{padding-top: 40px !important;padding-bottom: 40px !important;}\u00a0\u00bb el_class=\u00a0\u00bbrow-align-items-center\u00a0\u00bb conditional_render=\u00a0\u00bb%5B%7B%22value_role%22%3A%22administrator%22%7D%5D\u00a0\u00bb][vc_column animation_delay=\u00a0\u00bb\u00a0\u00bb conditional_render=\u00a0\u00bb%5B%7B%22value_role%22%3A%22administrator%22%7D%5D\u00a0\u00bb][vc_custom_heading text=\u00a0\u00bbQu\u2019est-ce que la mise \u00e0 d\u00e9couvert?\u00a0\u00bb font_container=\u00a0\u00bbtag:h2|font_size:30|text_align:left\u00a0\u00bb use_theme_fonts=\u00a0\u00bbyes\u00a0\u00bb][vc_column_text css_animation=\u00a0\u00bbnone\u00a0\u00bb]La mise \u00e0 d\u00e9couvert est un terme utilis\u00e9 pour d\u00e9crire la mise \u00e0 nue et l\u2019exposition des services publics souterrains, des c\u00e2bles et des pipelines \u00e0 la lumi\u00e8re du jour. La mise \u00e0 d\u00e9couvert par hydrovac [&hellip;]<\/p>\n","protected":false},"author":3,"featured_media":1265732,"parent":1265698,"menu_order":0,"comment_status":"closed","ping_status":"closed","template":"","meta":{"footnotes":""},"class_list":["post-1265730","page","type-page","status-publish","has-post-thumbnail","hentry"],"yoast_head":"<!-- This site is optimized with the Yoast SEO Premium plugin v23.4 (Yoast SEO v27.2) - https:\/\/yoast.com\/product\/yoast-seo-premium-wordpress\/ -->\n<title>MISE \u00c0 D\u00c9COUVERT - Badger Inc<\/title>\n<meta name=\"robots\" content=\"index, follow, max-snippet:-1, max-image-preview:large, max-video-preview:-1\" \/>\n<link rel=\"canonical\" href=\"https:\/\/www.badgerinc.com\/fr\/solutions\/services-hydrovac\/mise-a-decouvert\/\" \/>\n<meta property=\"og:locale\" content=\"fr_CA\" \/>\n<meta property=\"og:type\" content=\"article\" \/>\n<meta property=\"og:title\" content=\"MISE \u00c0 D\u00c9COUVERT\" \/>\n<meta property=\"og:description\" content=\"[vc_row wrap_container=\u00a0\u00bbyes\u00a0\u00bb css=\u00a0\u00bb.vc_custom_1695312602398{padding-top: 40px !important;padding-bottom: 40px !important;}\u00a0\u00bb el_class=\u00a0\u00bbrow-align-items-center\u00a0\u00bb conditional_render=\u00a0\u00bb%5B%7B%22value_role%22%3A%22administrator%22%7D%5D\u00a0\u00bb][vc_column animation_delay=\u00a0\u00bb\u00a0\u00bb conditional_render=\u00a0\u00bb%5B%7B%22value_role%22%3A%22administrator%22%7D%5D\u00a0\u00bb][vc_custom_heading text=\u00a0\u00bbQu\u2019est-ce que la mise \u00e0 d\u00e9couvert?\u00a0\u00bb font_container=\u00a0\u00bbtag:h2|font_size:30|text_align:left\u00a0\u00bb use_theme_fonts=\u00a0\u00bbyes\u00a0\u00bb][vc_column_text css_animation=\u00a0\u00bbnone\u00a0\u00bb]La mise \u00e0 d\u00e9couvert est un terme utilis\u00e9 pour d\u00e9crire la mise \u00e0 nue et l\u2019exposition des services publics souterrains, des c\u00e2bles et des pipelines \u00e0 la lumi\u00e8re du jour. La mise \u00e0 d\u00e9couvert par hydrovac [&hellip;]\" \/>\n<meta property=\"og:url\" content=\"https:\/\/www.badgerinc.com\/fr\/solutions\/services-hydrovac\/mise-a-decouvert\/\" \/>\n<meta property=\"og:site_name\" content=\"Badger Inc\" \/>\n<meta property=\"article:modified_time\" content=\"2026-02-04T12:44:02+00:00\" \/>\n<meta property=\"og:image\" content=\"https:\/\/www.badgerinc.com\/wp-content\/uploads\/2023\/09\/Badger-Daylighting-daylighting-1.jpg\" \/>\n\t<meta property=\"og:image:width\" content=\"1200\" \/>\n\t<meta property=\"og:image:height\" content=\"680\" \/>\n\t<meta property=\"og:image:type\" content=\"image\/jpeg\" \/>\n<meta name=\"twitter:card\" content=\"summary_large_image\" \/>\n<meta name=\"twitter:label1\" content=\"Estimation du temps de lecture\" \/>\n\t<meta name=\"twitter:data1\" content=\"2 minutes\" \/>\n<script type=\"application\/ld+json\" class=\"yoast-schema-graph\">{\"@context\":\"https:\/\/schema.org\",\"@graph\":[{\"@type\":\"WebPage\",\"@id\":\"https:\/\/www.badgerinc.com\/fr\/solutions\/services-hydrovac\/mise-a-decouvert\/\",\"url\":\"https:\/\/www.badgerinc.com\/fr\/solutions\/services-hydrovac\/mise-a-decouvert\/\",\"name\":\"MISE \u00c0 D\u00c9COUVERT - Badger Inc\",\"isPartOf\":{\"@id\":\"https:\/\/www.badgerinc.com\/fr\/#website\"},\"primaryImageOfPage\":{\"@id\":\"https:\/\/www.badgerinc.com\/fr\/solutions\/services-hydrovac\/mise-a-decouvert\/#primaryimage\"},\"image\":{\"@id\":\"https:\/\/www.badgerinc.com\/fr\/solutions\/services-hydrovac\/mise-a-decouvert\/#primaryimage\"},\"thumbnailUrl\":\"https:\/\/www.badgerinc.com\/wp-content\/uploads\/2023\/09\/Badger-Daylighting-daylighting-1.jpg\",\"datePublished\":\"2023-09-18T17:38:35+00:00\",\"dateModified\":\"2026-02-04T12:44:02+00:00\",\"breadcrumb\":{\"@id\":\"https:\/\/www.badgerinc.com\/fr\/solutions\/services-hydrovac\/mise-a-decouvert\/#breadcrumb\"},\"inLanguage\":\"fr-CA\",\"potentialAction\":[{\"@type\":\"ReadAction\",\"target\":[\"https:\/\/www.badgerinc.com\/fr\/solutions\/services-hydrovac\/mise-a-decouvert\/\"]}]},{\"@type\":\"ImageObject\",\"inLanguage\":\"fr-CA\",\"@id\":\"https:\/\/www.badgerinc.com\/fr\/solutions\/services-hydrovac\/mise-a-decouvert\/#primaryimage\",\"url\":\"https:\/\/www.badgerinc.com\/wp-content\/uploads\/2023\/09\/Badger-Daylighting-daylighting-1.jpg\",\"contentUrl\":\"https:\/\/www.badgerinc.com\/wp-content\/uploads\/2023\/09\/Badger-Daylighting-daylighting-1.jpg\",\"width\":1200,\"height\":680},{\"@type\":\"BreadcrumbList\",\"@id\":\"https:\/\/www.badgerinc.com\/fr\/solutions\/services-hydrovac\/mise-a-decouvert\/#breadcrumb\",\"itemListElement\":[{\"@type\":\"ListItem\",\"position\":1,\"name\":\"Home\",\"item\":\"https:\/\/www.badgerinc.com\/fr\/\"},{\"@type\":\"ListItem\",\"position\":2,\"name\":\"SOLUTIONS\",\"item\":\"https:\/\/www.badgerinc.com\/fr\/solutions\/\"},{\"@type\":\"ListItem\",\"position\":3,\"name\":\"SERVICES HYDROVAC\",\"item\":\"https:\/\/www.badgerinc.com\/fr\/solutions\/hydrovac-applications\/\"},{\"@type\":\"ListItem\",\"position\":4,\"name\":\"MISE \u00c0 D\u00c9COUVERT\"}]},{\"@type\":\"WebSite\",\"@id\":\"https:\/\/www.badgerinc.com\/fr\/#website\",\"url\":\"https:\/\/www.badgerinc.com\/fr\/\",\"name\":\"Badger Inc\",\"description\":\"Badger Infrastructure Solutions Ltd. : Hydrovac, Vacuum Truck And Excavation Services Company in USA and Canada\",\"potentialAction\":[{\"@type\":\"SearchAction\",\"target\":{\"@type\":\"EntryPoint\",\"urlTemplate\":\"https:\/\/www.badgerinc.com\/fr\/?s={search_term_string}\"},\"query-input\":{\"@type\":\"PropertyValueSpecification\",\"valueRequired\":true,\"valueName\":\"search_term_string\"}}],\"inLanguage\":\"fr-CA\"}]}<\/script>\n<!-- \/ Yoast SEO Premium plugin. -->","yoast_head_json":{"title":"MISE \u00c0 D\u00c9COUVERT - Badger Inc","robots":{"index":"index","follow":"follow","max-snippet":"max-snippet:-1","max-image-preview":"max-image-preview:large","max-video-preview":"max-video-preview:-1"},"canonical":"https:\/\/www.badgerinc.com\/fr\/solutions\/services-hydrovac\/mise-a-decouvert\/","og_locale":"fr_CA","og_type":"article","og_title":"MISE \u00c0 D\u00c9COUVERT","og_description":"[vc_row wrap_container=\u00a0\u00bbyes\u00a0\u00bb css=\u00a0\u00bb.vc_custom_1695312602398{padding-top: 40px !important;padding-bottom: 40px !important;}\u00a0\u00bb el_class=\u00a0\u00bbrow-align-items-center\u00a0\u00bb conditional_render=\u00a0\u00bb%5B%7B%22value_role%22%3A%22administrator%22%7D%5D\u00a0\u00bb][vc_column animation_delay=\u00a0\u00bb\u00a0\u00bb conditional_render=\u00a0\u00bb%5B%7B%22value_role%22%3A%22administrator%22%7D%5D\u00a0\u00bb][vc_custom_heading text=\u00a0\u00bbQu\u2019est-ce que la mise \u00e0 d\u00e9couvert?\u00a0\u00bb font_container=\u00a0\u00bbtag:h2|font_size:30|text_align:left\u00a0\u00bb use_theme_fonts=\u00a0\u00bbyes\u00a0\u00bb][vc_column_text css_animation=\u00a0\u00bbnone\u00a0\u00bb]La mise \u00e0 d\u00e9couvert est un terme utilis\u00e9 pour d\u00e9crire la mise \u00e0 nue et l\u2019exposition des services publics souterrains, des c\u00e2bles et des pipelines \u00e0 la lumi\u00e8re du jour. La mise \u00e0 d\u00e9couvert par hydrovac [&hellip;]","og_url":"https:\/\/www.badgerinc.com\/fr\/solutions\/services-hydrovac\/mise-a-decouvert\/","og_site_name":"Badger Inc","article_modified_time":"2026-02-04T12:44:02+00:00","og_image":[{"width":1200,"height":680,"url":"https:\/\/www.badgerinc.com\/wp-content\/uploads\/2023\/09\/Badger-Daylighting-daylighting-1.jpg","type":"image\/jpeg"}],"twitter_card":"summary_large_image","twitter_misc":{"Estimation du temps de lecture":"2 minutes"},"schema":{"@context":"https:\/\/schema.org","@graph":[{"@type":"WebPage","@id":"https:\/\/www.badgerinc.com\/fr\/solutions\/services-hydrovac\/mise-a-decouvert\/","url":"https:\/\/www.badgerinc.com\/fr\/solutions\/services-hydrovac\/mise-a-decouvert\/","name":"MISE \u00c0 D\u00c9COUVERT - Badger Inc","isPartOf":{"@id":"https:\/\/www.badgerinc.com\/fr\/#website"},"primaryImageOfPage":{"@id":"https:\/\/www.badgerinc.com\/fr\/solutions\/services-hydrovac\/mise-a-decouvert\/#primaryimage"},"image":{"@id":"https:\/\/www.badgerinc.com\/fr\/solutions\/services-hydrovac\/mise-a-decouvert\/#primaryimage"},"thumbnailUrl":"https:\/\/www.badgerinc.com\/wp-content\/uploads\/2023\/09\/Badger-Daylighting-daylighting-1.jpg","datePublished":"2023-09-18T17:38:35+00:00","dateModified":"2026-02-04T12:44:02+00:00","breadcrumb":{"@id":"https:\/\/www.badgerinc.com\/fr\/solutions\/services-hydrovac\/mise-a-decouvert\/#breadcrumb"},"inLanguage":"fr-CA","potentialAction":[{"@type":"ReadAction","target":["https:\/\/www.badgerinc.com\/fr\/solutions\/services-hydrovac\/mise-a-decouvert\/"]}]},{"@type":"ImageObject","inLanguage":"fr-CA","@id":"https:\/\/www.badgerinc.com\/fr\/solutions\/services-hydrovac\/mise-a-decouvert\/#primaryimage","url":"https:\/\/www.badgerinc.com\/wp-content\/uploads\/2023\/09\/Badger-Daylighting-daylighting-1.jpg","contentUrl":"https:\/\/www.badgerinc.com\/wp-content\/uploads\/2023\/09\/Badger-Daylighting-daylighting-1.jpg","width":1200,"height":680},{"@type":"BreadcrumbList","@id":"https:\/\/www.badgerinc.com\/fr\/solutions\/services-hydrovac\/mise-a-decouvert\/#breadcrumb","itemListElement":[{"@type":"ListItem","position":1,"name":"Home","item":"https:\/\/www.badgerinc.com\/fr\/"},{"@type":"ListItem","position":2,"name":"SOLUTIONS","item":"https:\/\/www.badgerinc.com\/fr\/solutions\/"},{"@type":"ListItem","position":3,"name":"SERVICES HYDROVAC","item":"https:\/\/www.badgerinc.com\/fr\/solutions\/hydrovac-applications\/"},{"@type":"ListItem","position":4,"name":"MISE \u00c0 D\u00c9COUVERT"}]},{"@type":"WebSite","@id":"https:\/\/www.badgerinc.com\/fr\/#website","url":"https:\/\/www.badgerinc.com\/fr\/","name":"Badger Inc","description":"Badger Infrastructure Solutions Ltd. : Hydrovac, Vacuum Truck And Excavation Services Company in USA and Canada","potentialAction":[{"@type":"SearchAction","target":{"@type":"EntryPoint","urlTemplate":"https:\/\/www.badgerinc.com\/fr\/?s={search_term_string}"},"query-input":{"@type":"PropertyValueSpecification","valueRequired":true,"valueName":"search_term_string"}}],"inLanguage":"fr-CA"}]}},"_links":{"self":[{"href":"https:\/\/www.badgerinc.com\/fr\/wp-json\/wp\/v2\/pages\/1265730","targetHints":{"allow":["GET"]}}],"collection":[{"href":"https:\/\/www.badgerinc.com\/fr\/wp-json\/wp\/v2\/pages"}],"about":[{"href":"https:\/\/www.badgerinc.com\/fr\/wp-json\/wp\/v2\/types\/page"}],"author":[{"embeddable":true,"href":"https:\/\/www.badgerinc.com\/fr\/wp-json\/wp\/v2\/users\/3"}],"replies":[{"embeddable":true,"href":"https:\/\/www.badgerinc.com\/fr\/wp-json\/wp\/v2\/comments?post=1265730"}],"version-history":[{"count":0,"href":"https:\/\/www.badgerinc.com\/fr\/wp-json\/wp\/v2\/pages\/1265730\/revisions"}],"up":[{"embeddable":true,"href":"https:\/\/www.badgerinc.com\/fr\/wp-json\/wp\/v2\/pages\/1265698"}],"wp:featuredmedia":[{"embeddable":true,"href":"https:\/\/www.badgerinc.com\/fr\/wp-json\/wp\/v2\/media\/1265732"}],"wp:attachment":[{"href":"https:\/\/www.badgerinc.com\/fr\/wp-json\/wp\/v2\/media?parent=1265730"}],"curies":[{"name":"wp","href":"https:\/\/api.w.org\/{rel}","templated":true}]}}