{"id":1265726,"date":"2023-09-18T18:31:51","date_gmt":"2023-09-18T18:31:51","guid":{"rendered":"https:\/\/badgerincdev.wpenginepowered.com\/services-hydrovac\/creusement-de-tranchees\/"},"modified":"2026-02-04T12:44:02","modified_gmt":"2026-02-04T12:44:02","slug":"creusement-de-tranchees","status":"publish","type":"page","link":"https:\/\/www.badgerinc.com\/fr\/solutions\/services-hydrovac\/creusement-de-tranchees\/","title":{"rendered":"CREUSEMENT DE TRANCH\u00c9ES"},"content":{"rendered":"<div class=\"wpb-content-wrapper\"><p>[vc_row wrap_container=\u00a0\u00bbyes\u00a0\u00bb css=\u00a0\u00bb.vc_custom_1695321534701{padding-top: 40px !important;padding-bottom: 40px !important;}\u00a0\u00bb el_class=\u00a0\u00bbrow-align-items-center\u00a0\u00bb conditional_render=\u00a0\u00bb%5B%7B%22value_role%22%3A%22administrator%22%7D%5D\u00a0\u00bb][vc_column animation_delay=\u00a0\u00bb\u00a0\u00bb conditional_render=\u00a0\u00bb%5B%7B%22value_role%22%3A%22administrator%22%7D%5D\u00a0\u00bb][vc_column_text css_animation=\u00a0\u00bbnone\u00a0\u00bb]<strong>Le syst\u00e8me Hydrovac Badger<\/strong> peut creuser des tranch\u00e9es aussi \u00e9troites que 7,6\u00a0cm (3\u00a0po) de largeur, autrement connues sous le nom d\u2019excavation de tranch\u00e9es. Ce processus consiste \u00e0 creuser des tranch\u00e9es \u00e9troites pour installer des tuyaux, des c\u00e2bles ou d\u2019autres services publics dans le sol.<\/p>\n<p>L\u2019excavation hydraulique de Badger est la m\u00e9thode privil\u00e9gi\u00e9e pour ce type d\u2019application en raison de ses caract\u00e9ristiques pr\u00e9cises, non m\u00e9caniques, non destructives et efficaces de creusement de tranch\u00e9es. L\u2019excavation de tranch\u00e9es est couramment utilis\u00e9e \u00e0 des fins d\u2019enqu\u00eate ou d\u2019installation.<\/p>\n<p><strong><em>Dans des sols de densit\u00e9 moyenne, les \u00e9quipes de Badger peuvent creuser plus de 91\u00a0m (300\u00a0pi) de tranch\u00e9e par jour (7,6\u00a0cm\/3\u00a0po de largeur x 0,9\u00a0m\/3\u00a0pi de profondeur).<\/em><\/strong>[\/vc_column_text][\/vc_column][\/vc_row][vc_row wrap_container=\u00a0\u00bbyes\u00a0\u00bb content_placement=\u00a0\u00bbmiddle\u00a0\u00bb conditional_render=\u00a0\u00bb%5B%7B%22value_role%22%3A%22administrator%22%7D%5D\u00a0\u00bb css=\u00a0\u00bb.vc_custom_1695046556358{margin-top: 20px !important;padding-top: 10px !important;}\u00a0\u00bb][vc_column conditional_render=\u00a0\u00bb%5B%7B%22value_role%22%3A%22administrator%22%7D%5D\u00a0\u00bb][vc_custom_heading text=\u00a0\u00bbApplications\u00a0\u00bb font_container=\u00a0\u00bbtag:h2|font_size:30|text_align:left\u00a0\u00bb use_theme_fonts=\u00a0\u00bbyes\u00a0\u00bb font_weight=\u00a0\u00bb700&Prime; skin=\u00a0\u00bbprimary\u00a0\u00bb css_animation=\u00a0\u00bbslideInUp\u00a0\u00bb]<div class=\"porto-container container \">[vc_column_text css_animation=\u00a0\u00bbnone\u00a0\u00bb]<\/p>\n<ul>\n<li>Excavation de tranch\u00e9e au p\u00e9rim\u00e8tre (exploratoire)<\/li>\n<li>Exposer les c\u00e2bles ou conduits existants<\/li>\n<li>Installation de c\u00e2bles ou de conduits<\/li>\n<li>Installation de carreaux de drainage<\/li>\n<li>R\u00e9parations de d\u00e9faut de conduite<\/li>\n<\/ul>\n<p>[\/vc_column_text]<\/div>[vc_cta h2=\u00a0\u00bbObtenir une estimation\u00a0\u00bb h2_font_container=\u00a0\u00bbtag:h2|font_size:30|text_align:left\u00a0\u00bb h2_use_theme_fonts=\u00a0\u00bbyes\u00a0\u00bb h4=\u00a0\u00bbCommuniquez avec nous d\u00e8s aujourd\u2019hui.\u00a0\u00bb shape=\u00a0\u00bbsquare\u00a0\u00bb style=\u00a0\u00bbflat\u00a0\u00bb add_button=\u00a0\u00bbright\u00a0\u00bb btn_title=\u00a0\u00bbCommuniquer avec nous\u00a0\u00bb btn_skin=\u00a0\u00bbprimary\u00a0\u00bb btn_btn_fs=\u00a0\u00bb20&Prime; btn_btn_ls=\u00a0\u00bb.2&Prime; use_custom_fonts_h2=\u00a0\u00bbtrue\u00a0\u00bb btn_link=\u00a0\u00bburl:https%3A%2F%2Fwww.badgerinc.com%2Ffr%2Fobtenir-une-estimation%2F|\u00a0\u00bb btn_btn_px=\u00a0\u00bb10&Prime;][\/vc_cta][\/vc_column][\/vc_row][vc_row][vc_column conditional_render=\u00a0\u00bb%5B%7B%22value_role%22%3A%22administrator%22%7D%5D\u00a0\u00bb][\/vc_column][\/vc_row]<\/p>\n<\/div>","protected":false},"excerpt":{"rendered":"<p>[vc_row wrap_container=\u00a0\u00bbyes\u00a0\u00bb css=\u00a0\u00bb.vc_custom_1695321534701{padding-top: 40px !important;padding-bottom: 40px !important;}\u00a0\u00bb el_class=\u00a0\u00bbrow-align-items-center\u00a0\u00bb conditional_render=\u00a0\u00bb%5B%7B%22value_role%22%3A%22administrator%22%7D%5D\u00a0\u00bb][vc_column animation_delay=\u00a0\u00bb\u00a0\u00bb conditional_render=\u00a0\u00bb%5B%7B%22value_role%22%3A%22administrator%22%7D%5D\u00a0\u00bb][vc_column_text css_animation=\u00a0\u00bbnone\u00a0\u00bb]Le syst\u00e8me Hydrovac Badger peut creuser des tranch\u00e9es aussi \u00e9troites que 7,6\u00a0cm (3\u00a0po) de largeur, autrement connues sous le nom d\u2019excavation de tranch\u00e9es. Ce processus consiste \u00e0 creuser des tranch\u00e9es \u00e9troites pour installer des tuyaux, des c\u00e2bles ou d\u2019autres services publics dans le sol. [&hellip;]<\/p>\n","protected":false},"author":3,"featured_media":1265727,"parent":1265698,"menu_order":0,"comment_status":"closed","ping_status":"closed","template":"","meta":{"footnotes":""},"class_list":["post-1265726","page","type-page","status-publish","has-post-thumbnail","hentry"],"yoast_head":"<!-- This site is optimized with the Yoast SEO Premium plugin v23.4 (Yoast SEO v27.2) - https:\/\/yoast.com\/product\/yoast-seo-premium-wordpress\/ -->\n<title>CREUSEMENT DE TRANCH\u00c9ES - Badger Inc<\/title>\n<meta name=\"robots\" content=\"index, follow, max-snippet:-1, max-image-preview:large, max-video-preview:-1\" \/>\n<link rel=\"canonical\" href=\"https:\/\/www.badgerinc.com\/fr\/solutions\/services-hydrovac\/creusement-de-tranchees\/\" \/>\n<meta property=\"og:locale\" content=\"fr_CA\" \/>\n<meta property=\"og:type\" content=\"article\" \/>\n<meta property=\"og:title\" content=\"CREUSEMENT DE TRANCH\u00c9ES\" \/>\n<meta property=\"og:description\" content=\"[vc_row wrap_container=\u00a0\u00bbyes\u00a0\u00bb css=\u00a0\u00bb.vc_custom_1695321534701{padding-top: 40px !important;padding-bottom: 40px !important;}\u00a0\u00bb el_class=\u00a0\u00bbrow-align-items-center\u00a0\u00bb conditional_render=\u00a0\u00bb%5B%7B%22value_role%22%3A%22administrator%22%7D%5D\u00a0\u00bb][vc_column animation_delay=\u00a0\u00bb\u00a0\u00bb conditional_render=\u00a0\u00bb%5B%7B%22value_role%22%3A%22administrator%22%7D%5D\u00a0\u00bb][vc_column_text css_animation=\u00a0\u00bbnone\u00a0\u00bb]Le syst\u00e8me Hydrovac Badger peut creuser des tranch\u00e9es aussi \u00e9troites que 7,6\u00a0cm (3\u00a0po) de largeur, autrement connues sous le nom d\u2019excavation de tranch\u00e9es. Ce processus consiste \u00e0 creuser des tranch\u00e9es \u00e9troites pour installer des tuyaux, des c\u00e2bles ou d\u2019autres services publics dans le sol. [&hellip;]\" \/>\n<meta property=\"og:url\" content=\"https:\/\/www.badgerinc.com\/fr\/solutions\/services-hydrovac\/creusement-de-tranchees\/\" \/>\n<meta property=\"og:site_name\" content=\"Badger Inc\" \/>\n<meta property=\"article:modified_time\" content=\"2026-02-04T12:44:02+00:00\" \/>\n<meta property=\"og:image\" content=\"https:\/\/www.badgerinc.com\/wp-content\/uploads\/2019\/08\/Badger-Daylighting-trenching-Application.jpg\" \/>\n\t<meta property=\"og:image:width\" content=\"1420\" \/>\n\t<meta property=\"og:image:height\" content=\"680\" \/>\n\t<meta property=\"og:image:type\" content=\"image\/jpeg\" \/>\n<meta name=\"twitter:card\" content=\"summary_large_image\" \/>\n<meta name=\"twitter:label1\" content=\"Estimation du temps de lecture\" \/>\n\t<meta name=\"twitter:data1\" content=\"2 minutes\" \/>\n<script type=\"application\/ld+json\" class=\"yoast-schema-graph\">{\"@context\":\"https:\/\/schema.org\",\"@graph\":[{\"@type\":\"WebPage\",\"@id\":\"https:\/\/www.badgerinc.com\/fr\/solutions\/services-hydrovac\/creusement-de-tranchees\/\",\"url\":\"https:\/\/www.badgerinc.com\/fr\/solutions\/services-hydrovac\/creusement-de-tranchees\/\",\"name\":\"CREUSEMENT DE TRANCH\u00c9ES - Badger Inc\",\"isPartOf\":{\"@id\":\"https:\/\/www.badgerinc.com\/fr\/#website\"},\"primaryImageOfPage\":{\"@id\":\"https:\/\/www.badgerinc.com\/fr\/solutions\/services-hydrovac\/creusement-de-tranchees\/#primaryimage\"},\"image\":{\"@id\":\"https:\/\/www.badgerinc.com\/fr\/solutions\/services-hydrovac\/creusement-de-tranchees\/#primaryimage\"},\"thumbnailUrl\":\"https:\/\/www.badgerinc.com\/wp-content\/uploads\/2019\/08\/Badger-Daylighting-trenching-Application.jpg\",\"datePublished\":\"2023-09-18T18:31:51+00:00\",\"dateModified\":\"2026-02-04T12:44:02+00:00\",\"breadcrumb\":{\"@id\":\"https:\/\/www.badgerinc.com\/fr\/solutions\/services-hydrovac\/creusement-de-tranchees\/#breadcrumb\"},\"inLanguage\":\"fr-CA\",\"potentialAction\":[{\"@type\":\"ReadAction\",\"target\":[\"https:\/\/www.badgerinc.com\/fr\/solutions\/services-hydrovac\/creusement-de-tranchees\/\"]}]},{\"@type\":\"ImageObject\",\"inLanguage\":\"fr-CA\",\"@id\":\"https:\/\/www.badgerinc.com\/fr\/solutions\/services-hydrovac\/creusement-de-tranchees\/#primaryimage\",\"url\":\"https:\/\/www.badgerinc.com\/wp-content\/uploads\/2019\/08\/Badger-Daylighting-trenching-Application.jpg\",\"contentUrl\":\"https:\/\/www.badgerinc.com\/wp-content\/uploads\/2019\/08\/Badger-Daylighting-trenching-Application.jpg\",\"width\":1420,\"height\":680,\"caption\":\"Badger-Daylighting-Trenching-Application\"},{\"@type\":\"BreadcrumbList\",\"@id\":\"https:\/\/www.badgerinc.com\/fr\/solutions\/services-hydrovac\/creusement-de-tranchees\/#breadcrumb\",\"itemListElement\":[{\"@type\":\"ListItem\",\"position\":1,\"name\":\"Home\",\"item\":\"https:\/\/www.badgerinc.com\/fr\/\"},{\"@type\":\"ListItem\",\"position\":2,\"name\":\"SOLUTIONS\",\"item\":\"https:\/\/www.badgerinc.com\/fr\/solutions\/\"},{\"@type\":\"ListItem\",\"position\":3,\"name\":\"SERVICES HYDROVAC\",\"item\":\"https:\/\/www.badgerinc.com\/fr\/solutions\/hydrovac-applications\/\"},{\"@type\":\"ListItem\",\"position\":4,\"name\":\"CREUSEMENT DE TRANCH\u00c9ES\"}]},{\"@type\":\"WebSite\",\"@id\":\"https:\/\/www.badgerinc.com\/fr\/#website\",\"url\":\"https:\/\/www.badgerinc.com\/fr\/\",\"name\":\"Badger Inc\",\"description\":\"Badger Infrastructure Solutions Ltd. : Hydrovac, Vacuum Truck And Excavation Services Company in USA and Canada\",\"potentialAction\":[{\"@type\":\"SearchAction\",\"target\":{\"@type\":\"EntryPoint\",\"urlTemplate\":\"https:\/\/www.badgerinc.com\/fr\/?s={search_term_string}\"},\"query-input\":{\"@type\":\"PropertyValueSpecification\",\"valueRequired\":true,\"valueName\":\"search_term_string\"}}],\"inLanguage\":\"fr-CA\"}]}<\/script>\n<!-- \/ Yoast SEO Premium plugin. -->","yoast_head_json":{"title":"CREUSEMENT DE TRANCH\u00c9ES - Badger Inc","robots":{"index":"index","follow":"follow","max-snippet":"max-snippet:-1","max-image-preview":"max-image-preview:large","max-video-preview":"max-video-preview:-1"},"canonical":"https:\/\/www.badgerinc.com\/fr\/solutions\/services-hydrovac\/creusement-de-tranchees\/","og_locale":"fr_CA","og_type":"article","og_title":"CREUSEMENT DE TRANCH\u00c9ES","og_description":"[vc_row wrap_container=\u00a0\u00bbyes\u00a0\u00bb css=\u00a0\u00bb.vc_custom_1695321534701{padding-top: 40px !important;padding-bottom: 40px !important;}\u00a0\u00bb el_class=\u00a0\u00bbrow-align-items-center\u00a0\u00bb conditional_render=\u00a0\u00bb%5B%7B%22value_role%22%3A%22administrator%22%7D%5D\u00a0\u00bb][vc_column animation_delay=\u00a0\u00bb\u00a0\u00bb conditional_render=\u00a0\u00bb%5B%7B%22value_role%22%3A%22administrator%22%7D%5D\u00a0\u00bb][vc_column_text css_animation=\u00a0\u00bbnone\u00a0\u00bb]Le syst\u00e8me Hydrovac Badger peut creuser des tranch\u00e9es aussi \u00e9troites que 7,6\u00a0cm (3\u00a0po) de largeur, autrement connues sous le nom d\u2019excavation de tranch\u00e9es. Ce processus consiste \u00e0 creuser des tranch\u00e9es \u00e9troites pour installer des tuyaux, des c\u00e2bles ou d\u2019autres services publics dans le sol. [&hellip;]","og_url":"https:\/\/www.badgerinc.com\/fr\/solutions\/services-hydrovac\/creusement-de-tranchees\/","og_site_name":"Badger Inc","article_modified_time":"2026-02-04T12:44:02+00:00","og_image":[{"width":1420,"height":680,"url":"https:\/\/www.badgerinc.com\/wp-content\/uploads\/2019\/08\/Badger-Daylighting-trenching-Application.jpg","type":"image\/jpeg"}],"twitter_card":"summary_large_image","twitter_misc":{"Estimation du temps de lecture":"2 minutes"},"schema":{"@context":"https:\/\/schema.org","@graph":[{"@type":"WebPage","@id":"https:\/\/www.badgerinc.com\/fr\/solutions\/services-hydrovac\/creusement-de-tranchees\/","url":"https:\/\/www.badgerinc.com\/fr\/solutions\/services-hydrovac\/creusement-de-tranchees\/","name":"CREUSEMENT DE TRANCH\u00c9ES - Badger Inc","isPartOf":{"@id":"https:\/\/www.badgerinc.com\/fr\/#website"},"primaryImageOfPage":{"@id":"https:\/\/www.badgerinc.com\/fr\/solutions\/services-hydrovac\/creusement-de-tranchees\/#primaryimage"},"image":{"@id":"https:\/\/www.badgerinc.com\/fr\/solutions\/services-hydrovac\/creusement-de-tranchees\/#primaryimage"},"thumbnailUrl":"https:\/\/www.badgerinc.com\/wp-content\/uploads\/2019\/08\/Badger-Daylighting-trenching-Application.jpg","datePublished":"2023-09-18T18:31:51+00:00","dateModified":"2026-02-04T12:44:02+00:00","breadcrumb":{"@id":"https:\/\/www.badgerinc.com\/fr\/solutions\/services-hydrovac\/creusement-de-tranchees\/#breadcrumb"},"inLanguage":"fr-CA","potentialAction":[{"@type":"ReadAction","target":["https:\/\/www.badgerinc.com\/fr\/solutions\/services-hydrovac\/creusement-de-tranchees\/"]}]},{"@type":"ImageObject","inLanguage":"fr-CA","@id":"https:\/\/www.badgerinc.com\/fr\/solutions\/services-hydrovac\/creusement-de-tranchees\/#primaryimage","url":"https:\/\/www.badgerinc.com\/wp-content\/uploads\/2019\/08\/Badger-Daylighting-trenching-Application.jpg","contentUrl":"https:\/\/www.badgerinc.com\/wp-content\/uploads\/2019\/08\/Badger-Daylighting-trenching-Application.jpg","width":1420,"height":680,"caption":"Badger-Daylighting-Trenching-Application"},{"@type":"BreadcrumbList","@id":"https:\/\/www.badgerinc.com\/fr\/solutions\/services-hydrovac\/creusement-de-tranchees\/#breadcrumb","itemListElement":[{"@type":"ListItem","position":1,"name":"Home","item":"https:\/\/www.badgerinc.com\/fr\/"},{"@type":"ListItem","position":2,"name":"SOLUTIONS","item":"https:\/\/www.badgerinc.com\/fr\/solutions\/"},{"@type":"ListItem","position":3,"name":"SERVICES HYDROVAC","item":"https:\/\/www.badgerinc.com\/fr\/solutions\/hydrovac-applications\/"},{"@type":"ListItem","position":4,"name":"CREUSEMENT DE TRANCH\u00c9ES"}]},{"@type":"WebSite","@id":"https:\/\/www.badgerinc.com\/fr\/#website","url":"https:\/\/www.badgerinc.com\/fr\/","name":"Badger Inc","description":"Badger Infrastructure Solutions Ltd. : Hydrovac, Vacuum Truck And Excavation Services Company in USA and Canada","potentialAction":[{"@type":"SearchAction","target":{"@type":"EntryPoint","urlTemplate":"https:\/\/www.badgerinc.com\/fr\/?s={search_term_string}"},"query-input":{"@type":"PropertyValueSpecification","valueRequired":true,"valueName":"search_term_string"}}],"inLanguage":"fr-CA"}]}},"_links":{"self":[{"href":"https:\/\/www.badgerinc.com\/fr\/wp-json\/wp\/v2\/pages\/1265726","targetHints":{"allow":["GET"]}}],"collection":[{"href":"https:\/\/www.badgerinc.com\/fr\/wp-json\/wp\/v2\/pages"}],"about":[{"href":"https:\/\/www.badgerinc.com\/fr\/wp-json\/wp\/v2\/types\/page"}],"author":[{"embeddable":true,"href":"https:\/\/www.badgerinc.com\/fr\/wp-json\/wp\/v2\/users\/3"}],"replies":[{"embeddable":true,"href":"https:\/\/www.badgerinc.com\/fr\/wp-json\/wp\/v2\/comments?post=1265726"}],"version-history":[{"count":0,"href":"https:\/\/www.badgerinc.com\/fr\/wp-json\/wp\/v2\/pages\/1265726\/revisions"}],"up":[{"embeddable":true,"href":"https:\/\/www.badgerinc.com\/fr\/wp-json\/wp\/v2\/pages\/1265698"}],"wp:featuredmedia":[{"embeddable":true,"href":"https:\/\/www.badgerinc.com\/fr\/wp-json\/wp\/v2\/media\/1265727"}],"wp:attachment":[{"href":"https:\/\/www.badgerinc.com\/fr\/wp-json\/wp\/v2\/media?parent=1265726"}],"curies":[{"name":"wp","href":"https:\/\/api.w.org\/{rel}","templated":true}]}}