{"id":1265722,"date":"2023-09-18T18:41:59","date_gmt":"2023-09-18T18:41:59","guid":{"rendered":"https:\/\/badgerincdev.wpenginepowered.com\/services-hydrovac\/enlevement-des-debris\/"},"modified":"2026-02-04T12:44:02","modified_gmt":"2026-02-04T12:44:02","slug":"enlevement-des-debris","status":"publish","type":"page","link":"https:\/\/www.badgerinc.com\/fr\/solutions\/services-hydrovac\/enlevement-des-debris\/","title":{"rendered":"ENL\u00c8VEMENT DE D\u00c9BRIS"},"content":{"rendered":"<div class=\"wpb-content-wrapper\"><p>[vc_row wrap_container=\u00a0\u00bbyes\u00a0\u00bb css=\u00a0\u00bb.vc_custom_1695321230787{padding-top: 40px !important;padding-bottom: 40px !important;}\u00a0\u00bb el_class=\u00a0\u00bbrow-align-items-center\u00a0\u00bb conditional_render=\u00a0\u00bb%5B%7B%22value_role%22%3A%22administrator%22%7D%5D\u00a0\u00bb][vc_column animation_delay=\u00a0\u00bb\u00a0\u00bb conditional_render=\u00a0\u00bb%5B%7B%22value_role%22%3A%22administrator%22%7D%5D\u00a0\u00bb][vc_column_text css_animation=\u00a0\u00bbnone\u00a0\u00bb]<\/p>\n<h2><strong>Le syst\u00e8me Hydrovac Badger excelle dans l\u2019enl\u00e8vement de d\u00e9bris.<\/strong><\/h2>\n<p>La t\u00e2che longue et fastidieuse de retirer les mat\u00e9riaux ind\u00e9sirables, les restes dispers\u00e9s de structures, les d\u00e9combres, les \u00e9paves, les ruines, les d\u00e9chets, ou des fragments g\u00e9ologiques naturels font bien partie de la vaste gamme de capacit\u00e9s du camion vacuum de Badger. Nos camions vacuum (Badger) peuvent retirer pratiquement n\u2019importe quel type de mat\u00e9riau (terre, eau, boue, d\u00e9versements, d\u00e9bris,\u00a0etc.) \u00e0 distance\u00a0\u2013 les mati\u00e8res s\u00e8ches ou humides peuvent \u00eatre extraites \u00e0 plus de 183\u00a0m (600\u00a0pi) de distance. Les syst\u00e8mes d\u2019eau sous pression du camion vacuum Hydrovac Badger aident \u00e9galement \u00e0 nettoyer pendant et apr\u00e8s l\u2019enl\u00e8vement de d\u00e9bris.[\/vc_column_text][\/vc_column][\/vc_row][vc_row wrap_container=\u00a0\u00bbyes\u00a0\u00bb content_placement=\u00a0\u00bbmiddle\u00a0\u00bb conditional_render=\u00a0\u00bb%5B%7B%22value_role%22%3A%22administrator%22%7D%5D\u00a0\u00bb css=\u00a0\u00bb.vc_custom_1695046556358{margin-top: 20px !important;padding-top: 10px !important;}\u00a0\u00bb][vc_column conditional_render=\u00a0\u00bb%5B%7B%22value_role%22%3A%22administrator%22%7D%5D\u00a0\u00bb][vc_custom_heading text=\u00a0\u00bbApplications\u00a0\u00bb font_container=\u00a0\u00bbtag:h2|font_size:30|text_align:left\u00a0\u00bb use_theme_fonts=\u00a0\u00bbyes\u00a0\u00bb font_weight=\u00a0\u00bb700&Prime; skin=\u00a0\u00bbprimary\u00a0\u00bb css_animation=\u00a0\u00bbslideInUp\u00a0\u00bb]<div class=\"porto-container container \">[vc_column_text css_animation=\u00a0\u00bbnone\u00a0\u00bb]<\/p>\n<ul>\n<li>Nettoyage du r\u00e9servoir de fracturation hydraulique<\/li>\n<li>Nettoyage des routes et ponceaux \u00e0 dalot<\/li>\n<li>Nettoyage du coffrage de la canalisation<\/li>\n<li>Retrait de ballast<\/li>\n<li>Retrait de mat\u00e9riau filtrant<\/li>\n<li>Retrait de mat\u00e9riel \u00e0 l\u2019int\u00e9rieur de structures et de b\u00e2timents<\/li>\n<\/ul>\n<p>[\/vc_column_text]<\/div>[vc_cta h2=\u00a0\u00bbObtenir une estimation\u00a0\u00bb h2_font_container=\u00a0\u00bbtag:h2|font_size:30|text_align:left\u00a0\u00bb h2_use_theme_fonts=\u00a0\u00bbyes\u00a0\u00bb h4=\u00a0\u00bbCommuniquez avec nous d\u00e8s aujourd\u2019hui.\u00a0\u00bb shape=\u00a0\u00bbsquare\u00a0\u00bb style=\u00a0\u00bbflat\u00a0\u00bb add_button=\u00a0\u00bbright\u00a0\u00bb btn_title=\u00a0\u00bbCommuniquer avec nous\u00a0\u00bb btn_skin=\u00a0\u00bbprimary\u00a0\u00bb btn_btn_fs=\u00a0\u00bb20&Prime; btn_btn_ls=\u00a0\u00bb.2&Prime; use_custom_fonts_h2=\u00a0\u00bbtrue\u00a0\u00bb btn_link=\u00a0\u00bburl:https%3A%2F%2Fwww.badgerinc.com%2Ffr%2Fobtenir-une-estimation%2F|\u00a0\u00bb btn_btn_px=\u00a0\u00bb10&Prime;][\/vc_cta][\/vc_column][\/vc_row]<\/p>\n<\/div>","protected":false},"excerpt":{"rendered":"<p>[vc_row wrap_container=\u00a0\u00bbyes\u00a0\u00bb css=\u00a0\u00bb.vc_custom_1695321230787{padding-top: 40px !important;padding-bottom: 40px !important;}\u00a0\u00bb el_class=\u00a0\u00bbrow-align-items-center\u00a0\u00bb conditional_render=\u00a0\u00bb%5B%7B%22value_role%22%3A%22administrator%22%7D%5D\u00a0\u00bb][vc_column animation_delay=\u00a0\u00bb\u00a0\u00bb conditional_render=\u00a0\u00bb%5B%7B%22value_role%22%3A%22administrator%22%7D%5D\u00a0\u00bb][vc_column_text css_animation=\u00a0\u00bbnone\u00a0\u00bb] Le syst\u00e8me Hydrovac Badger excelle dans l\u2019enl\u00e8vement de d\u00e9bris. La t\u00e2che longue et fastidieuse de retirer les mat\u00e9riaux ind\u00e9sirables, les restes dispers\u00e9s de structures, les d\u00e9combres, les \u00e9paves, les ruines, les d\u00e9chets, ou des fragments g\u00e9ologiques naturels font bien partie de la vaste [&hellip;]<\/p>\n","protected":false},"author":3,"featured_media":1265723,"parent":1265698,"menu_order":0,"comment_status":"closed","ping_status":"closed","template":"","meta":{"footnotes":""},"class_list":["post-1265722","page","type-page","status-publish","has-post-thumbnail","hentry"],"yoast_head":"<!-- This site is optimized with the Yoast SEO Premium plugin v23.4 (Yoast SEO v27.2) - https:\/\/yoast.com\/product\/yoast-seo-premium-wordpress\/ -->\n<title>ENL\u00c8VEMENT DE D\u00c9BRIS - Badger Inc<\/title>\n<meta name=\"robots\" content=\"index, follow, max-snippet:-1, max-image-preview:large, max-video-preview:-1\" \/>\n<link rel=\"canonical\" href=\"https:\/\/www.badgerinc.com\/fr\/solutions\/services-hydrovac\/enlevement-des-debris\/\" \/>\n<meta property=\"og:locale\" content=\"fr_CA\" \/>\n<meta property=\"og:type\" content=\"article\" \/>\n<meta property=\"og:title\" content=\"ENL\u00c8VEMENT DE D\u00c9BRIS\" \/>\n<meta property=\"og:description\" content=\"[vc_row wrap_container=\u00a0\u00bbyes\u00a0\u00bb css=\u00a0\u00bb.vc_custom_1695321230787{padding-top: 40px !important;padding-bottom: 40px !important;}\u00a0\u00bb el_class=\u00a0\u00bbrow-align-items-center\u00a0\u00bb conditional_render=\u00a0\u00bb%5B%7B%22value_role%22%3A%22administrator%22%7D%5D\u00a0\u00bb][vc_column animation_delay=\u00a0\u00bb\u00a0\u00bb conditional_render=\u00a0\u00bb%5B%7B%22value_role%22%3A%22administrator%22%7D%5D\u00a0\u00bb][vc_column_text css_animation=\u00a0\u00bbnone\u00a0\u00bb] Le syst\u00e8me Hydrovac Badger excelle dans l\u2019enl\u00e8vement de d\u00e9bris. La t\u00e2che longue et fastidieuse de retirer les mat\u00e9riaux ind\u00e9sirables, les restes dispers\u00e9s de structures, les d\u00e9combres, les \u00e9paves, les ruines, les d\u00e9chets, ou des fragments g\u00e9ologiques naturels font bien partie de la vaste [&hellip;]\" \/>\n<meta property=\"og:url\" content=\"https:\/\/www.badgerinc.com\/fr\/solutions\/services-hydrovac\/enlevement-des-debris\/\" \/>\n<meta property=\"og:site_name\" content=\"Badger Inc\" \/>\n<meta property=\"article:modified_time\" content=\"2026-02-04T12:44:02+00:00\" \/>\n<meta property=\"og:image\" content=\"https:\/\/www.badgerinc.com\/wp-content\/uploads\/2023\/09\/Badger-Daylighting-website-hydrovac-company-010.jpg\" \/>\n\t<meta property=\"og:image:width\" content=\"1200\" \/>\n\t<meta property=\"og:image:height\" content=\"628\" \/>\n\t<meta property=\"og:image:type\" content=\"image\/jpeg\" \/>\n<meta name=\"twitter:card\" content=\"summary_large_image\" \/>\n<meta name=\"twitter:label1\" content=\"Estimation du temps de lecture\" \/>\n\t<meta name=\"twitter:data1\" content=\"2 minutes\" \/>\n<script type=\"application\/ld+json\" class=\"yoast-schema-graph\">{\"@context\":\"https:\/\/schema.org\",\"@graph\":[{\"@type\":\"WebPage\",\"@id\":\"https:\/\/www.badgerinc.com\/fr\/solutions\/services-hydrovac\/enlevement-des-debris\/\",\"url\":\"https:\/\/www.badgerinc.com\/fr\/solutions\/services-hydrovac\/enlevement-des-debris\/\",\"name\":\"ENL\u00c8VEMENT DE D\u00c9BRIS - Badger Inc\",\"isPartOf\":{\"@id\":\"https:\/\/www.badgerinc.com\/fr\/#website\"},\"primaryImageOfPage\":{\"@id\":\"https:\/\/www.badgerinc.com\/fr\/solutions\/services-hydrovac\/enlevement-des-debris\/#primaryimage\"},\"image\":{\"@id\":\"https:\/\/www.badgerinc.com\/fr\/solutions\/services-hydrovac\/enlevement-des-debris\/#primaryimage\"},\"thumbnailUrl\":\"https:\/\/www.badgerinc.com\/wp-content\/uploads\/2023\/09\/Badger-Daylighting-website-hydrovac-company-010.jpg\",\"datePublished\":\"2023-09-18T18:41:59+00:00\",\"dateModified\":\"2026-02-04T12:44:02+00:00\",\"breadcrumb\":{\"@id\":\"https:\/\/www.badgerinc.com\/fr\/solutions\/services-hydrovac\/enlevement-des-debris\/#breadcrumb\"},\"inLanguage\":\"fr-CA\",\"potentialAction\":[{\"@type\":\"ReadAction\",\"target\":[\"https:\/\/www.badgerinc.com\/fr\/solutions\/services-hydrovac\/enlevement-des-debris\/\"]}]},{\"@type\":\"ImageObject\",\"inLanguage\":\"fr-CA\",\"@id\":\"https:\/\/www.badgerinc.com\/fr\/solutions\/services-hydrovac\/enlevement-des-debris\/#primaryimage\",\"url\":\"https:\/\/www.badgerinc.com\/wp-content\/uploads\/2023\/09\/Badger-Daylighting-website-hydrovac-company-010.jpg\",\"contentUrl\":\"https:\/\/www.badgerinc.com\/wp-content\/uploads\/2023\/09\/Badger-Daylighting-website-hydrovac-company-010.jpg\",\"width\":1200,\"height\":628},{\"@type\":\"BreadcrumbList\",\"@id\":\"https:\/\/www.badgerinc.com\/fr\/solutions\/services-hydrovac\/enlevement-des-debris\/#breadcrumb\",\"itemListElement\":[{\"@type\":\"ListItem\",\"position\":1,\"name\":\"Home\",\"item\":\"https:\/\/www.badgerinc.com\/fr\/\"},{\"@type\":\"ListItem\",\"position\":2,\"name\":\"SOLUTIONS\",\"item\":\"https:\/\/www.badgerinc.com\/fr\/solutions\/\"},{\"@type\":\"ListItem\",\"position\":3,\"name\":\"SERVICES HYDROVAC\",\"item\":\"https:\/\/www.badgerinc.com\/fr\/solutions\/hydrovac-applications\/\"},{\"@type\":\"ListItem\",\"position\":4,\"name\":\"ENL\u00c8VEMENT DE D\u00c9BRIS\"}]},{\"@type\":\"WebSite\",\"@id\":\"https:\/\/www.badgerinc.com\/fr\/#website\",\"url\":\"https:\/\/www.badgerinc.com\/fr\/\",\"name\":\"Badger Inc\",\"description\":\"Badger Infrastructure Solutions Ltd. : Hydrovac, Vacuum Truck And Excavation Services Company in USA and Canada\",\"potentialAction\":[{\"@type\":\"SearchAction\",\"target\":{\"@type\":\"EntryPoint\",\"urlTemplate\":\"https:\/\/www.badgerinc.com\/fr\/?s={search_term_string}\"},\"query-input\":{\"@type\":\"PropertyValueSpecification\",\"valueRequired\":true,\"valueName\":\"search_term_string\"}}],\"inLanguage\":\"fr-CA\"}]}<\/script>\n<!-- \/ Yoast SEO Premium plugin. -->","yoast_head_json":{"title":"ENL\u00c8VEMENT DE D\u00c9BRIS - Badger Inc","robots":{"index":"index","follow":"follow","max-snippet":"max-snippet:-1","max-image-preview":"max-image-preview:large","max-video-preview":"max-video-preview:-1"},"canonical":"https:\/\/www.badgerinc.com\/fr\/solutions\/services-hydrovac\/enlevement-des-debris\/","og_locale":"fr_CA","og_type":"article","og_title":"ENL\u00c8VEMENT DE D\u00c9BRIS","og_description":"[vc_row wrap_container=\u00a0\u00bbyes\u00a0\u00bb css=\u00a0\u00bb.vc_custom_1695321230787{padding-top: 40px !important;padding-bottom: 40px !important;}\u00a0\u00bb el_class=\u00a0\u00bbrow-align-items-center\u00a0\u00bb conditional_render=\u00a0\u00bb%5B%7B%22value_role%22%3A%22administrator%22%7D%5D\u00a0\u00bb][vc_column animation_delay=\u00a0\u00bb\u00a0\u00bb conditional_render=\u00a0\u00bb%5B%7B%22value_role%22%3A%22administrator%22%7D%5D\u00a0\u00bb][vc_column_text css_animation=\u00a0\u00bbnone\u00a0\u00bb] Le syst\u00e8me Hydrovac Badger excelle dans l\u2019enl\u00e8vement de d\u00e9bris. La t\u00e2che longue et fastidieuse de retirer les mat\u00e9riaux ind\u00e9sirables, les restes dispers\u00e9s de structures, les d\u00e9combres, les \u00e9paves, les ruines, les d\u00e9chets, ou des fragments g\u00e9ologiques naturels font bien partie de la vaste [&hellip;]","og_url":"https:\/\/www.badgerinc.com\/fr\/solutions\/services-hydrovac\/enlevement-des-debris\/","og_site_name":"Badger Inc","article_modified_time":"2026-02-04T12:44:02+00:00","og_image":[{"width":1200,"height":628,"url":"https:\/\/www.badgerinc.com\/wp-content\/uploads\/2023\/09\/Badger-Daylighting-website-hydrovac-company-010.jpg","type":"image\/jpeg"}],"twitter_card":"summary_large_image","twitter_misc":{"Estimation du temps de lecture":"2 minutes"},"schema":{"@context":"https:\/\/schema.org","@graph":[{"@type":"WebPage","@id":"https:\/\/www.badgerinc.com\/fr\/solutions\/services-hydrovac\/enlevement-des-debris\/","url":"https:\/\/www.badgerinc.com\/fr\/solutions\/services-hydrovac\/enlevement-des-debris\/","name":"ENL\u00c8VEMENT DE D\u00c9BRIS - Badger Inc","isPartOf":{"@id":"https:\/\/www.badgerinc.com\/fr\/#website"},"primaryImageOfPage":{"@id":"https:\/\/www.badgerinc.com\/fr\/solutions\/services-hydrovac\/enlevement-des-debris\/#primaryimage"},"image":{"@id":"https:\/\/www.badgerinc.com\/fr\/solutions\/services-hydrovac\/enlevement-des-debris\/#primaryimage"},"thumbnailUrl":"https:\/\/www.badgerinc.com\/wp-content\/uploads\/2023\/09\/Badger-Daylighting-website-hydrovac-company-010.jpg","datePublished":"2023-09-18T18:41:59+00:00","dateModified":"2026-02-04T12:44:02+00:00","breadcrumb":{"@id":"https:\/\/www.badgerinc.com\/fr\/solutions\/services-hydrovac\/enlevement-des-debris\/#breadcrumb"},"inLanguage":"fr-CA","potentialAction":[{"@type":"ReadAction","target":["https:\/\/www.badgerinc.com\/fr\/solutions\/services-hydrovac\/enlevement-des-debris\/"]}]},{"@type":"ImageObject","inLanguage":"fr-CA","@id":"https:\/\/www.badgerinc.com\/fr\/solutions\/services-hydrovac\/enlevement-des-debris\/#primaryimage","url":"https:\/\/www.badgerinc.com\/wp-content\/uploads\/2023\/09\/Badger-Daylighting-website-hydrovac-company-010.jpg","contentUrl":"https:\/\/www.badgerinc.com\/wp-content\/uploads\/2023\/09\/Badger-Daylighting-website-hydrovac-company-010.jpg","width":1200,"height":628},{"@type":"BreadcrumbList","@id":"https:\/\/www.badgerinc.com\/fr\/solutions\/services-hydrovac\/enlevement-des-debris\/#breadcrumb","itemListElement":[{"@type":"ListItem","position":1,"name":"Home","item":"https:\/\/www.badgerinc.com\/fr\/"},{"@type":"ListItem","position":2,"name":"SOLUTIONS","item":"https:\/\/www.badgerinc.com\/fr\/solutions\/"},{"@type":"ListItem","position":3,"name":"SERVICES HYDROVAC","item":"https:\/\/www.badgerinc.com\/fr\/solutions\/hydrovac-applications\/"},{"@type":"ListItem","position":4,"name":"ENL\u00c8VEMENT DE D\u00c9BRIS"}]},{"@type":"WebSite","@id":"https:\/\/www.badgerinc.com\/fr\/#website","url":"https:\/\/www.badgerinc.com\/fr\/","name":"Badger Inc","description":"Badger Infrastructure Solutions Ltd. : Hydrovac, Vacuum Truck And Excavation Services Company in USA and Canada","potentialAction":[{"@type":"SearchAction","target":{"@type":"EntryPoint","urlTemplate":"https:\/\/www.badgerinc.com\/fr\/?s={search_term_string}"},"query-input":{"@type":"PropertyValueSpecification","valueRequired":true,"valueName":"search_term_string"}}],"inLanguage":"fr-CA"}]}},"_links":{"self":[{"href":"https:\/\/www.badgerinc.com\/fr\/wp-json\/wp\/v2\/pages\/1265722","targetHints":{"allow":["GET"]}}],"collection":[{"href":"https:\/\/www.badgerinc.com\/fr\/wp-json\/wp\/v2\/pages"}],"about":[{"href":"https:\/\/www.badgerinc.com\/fr\/wp-json\/wp\/v2\/types\/page"}],"author":[{"embeddable":true,"href":"https:\/\/www.badgerinc.com\/fr\/wp-json\/wp\/v2\/users\/3"}],"replies":[{"embeddable":true,"href":"https:\/\/www.badgerinc.com\/fr\/wp-json\/wp\/v2\/comments?post=1265722"}],"version-history":[{"count":0,"href":"https:\/\/www.badgerinc.com\/fr\/wp-json\/wp\/v2\/pages\/1265722\/revisions"}],"up":[{"embeddable":true,"href":"https:\/\/www.badgerinc.com\/fr\/wp-json\/wp\/v2\/pages\/1265698"}],"wp:featuredmedia":[{"embeddable":true,"href":"https:\/\/www.badgerinc.com\/fr\/wp-json\/wp\/v2\/media\/1265723"}],"wp:attachment":[{"href":"https:\/\/www.badgerinc.com\/fr\/wp-json\/wp\/v2\/media?parent=1265722"}],"curies":[{"name":"wp","href":"https:\/\/api.w.org\/{rel}","templated":true}]}}