{"id":1265715,"date":"2023-09-18T19:45:50","date_gmt":"2023-09-18T19:45:50","guid":{"rendered":"https:\/\/badgerincdev.wpenginepowered.com\/services-hydrovac\/pipelines\/"},"modified":"2026-02-04T12:44:02","modified_gmt":"2026-02-04T12:44:02","slug":"pipelines","status":"publish","type":"page","link":"https:\/\/www.badgerinc.com\/fr\/solutions\/services-hydrovac\/pipelines\/","title":{"rendered":"PIPELINES"},"content":{"rendered":"<div class=\"wpb-content-wrapper\"><p>[vc_row wrap_container=\u00a0\u00bbyes\u00a0\u00bb css=\u00a0\u00bb.vc_custom_1695321269053{padding-top: 40px !important;padding-bottom: 40px !important;}\u00a0\u00bb el_class=\u00a0\u00bbrow-align-items-center\u00a0\u00bb conditional_render=\u00a0\u00bb%5B%7B%22value_role%22%3A%22administrator%22%7D%5D\u00a0\u00bb][vc_column animation_delay=\u00a0\u00bb\u00a0\u00bb conditional_render=\u00a0\u00bb%5B%7B%22value_role%22%3A%22administrator%22%7D%5D\u00a0\u00bb][vc_column_text css_animation=\u00a0\u00bbnone\u00a0\u00bb]<\/p>\n<h2><strong>Pipelines<\/strong><\/h2>\n<p><strong>Badger Daylighting<sup>MC<\/sup><\/strong> comprend l\u2019importance capitale du maintien de la s\u00e9curit\u00e9 sur le chantier et de l\u2019int\u00e9grit\u00e9 des infrastructures souterraines pour l\u2019industrie p\u00e9troli\u00e8re et gazi\u00e8re.<\/p>\n<p>Notre excavation de pipelines non destructive est essentielle \u00e0 la s\u00e9curit\u00e9, \u00e0 la r\u00e9paration et \u00e0 l\u2019entretien des installations p\u00e9troli\u00e8res, gazi\u00e8res et p\u00e9trochimiques pour les croisements ou les raccordements de pipelines.<\/p>\n<p>La vitesse et les caract\u00e9ristiques non destructives du Hydrovac Badger en font le bon choix pour les excavations de toute taille. Avec des localisations pr\u00e9cises, un op\u00e9rateur de camion vacuum Badger peut mettre \u00e0 d\u00e9couvert un pipeline enterr\u00e9 \u00e0 2,4\u00a0m (8\u00a0pi) de profondeur en 10 \u00e0 30\u00a0minutes. En revanche, il est possible de creuser jusqu\u2019\u00e0 3,8\u00a0m\u00b3 (5\u00a0vg\u00b3) en une heure avec une pente pr\u00e9cise pour cr\u00e9er un espace de travail s\u00e9curitaire.<\/p>\n<p>Un autre avantage de notre syst\u00e8me Hydrovac Badger est la capacit\u00e9 de garder une fosse s\u00e8che d\u2019eau souterraine pour les techniciens de service, les professionnels et les inspecteurs.[\/vc_column_text][\/vc_column][\/vc_row][vc_row wrap_container=\u00a0\u00bbyes\u00a0\u00bb content_placement=\u00a0\u00bbmiddle\u00a0\u00bb conditional_render=\u00a0\u00bb%5B%7B%22value_role%22%3A%22administrator%22%7D%5D\u00a0\u00bb css=\u00a0\u00bb.vc_custom_1695064247118{margin-top: 20px !important;padding-top: 10px !important;}\u00a0\u00bb][vc_column conditional_render=\u00a0\u00bb%5B%7B%22value_role%22%3A%22administrator%22%7D%5D\u00a0\u00bb][vc_custom_heading text=\u00a0\u00bbApplications\u00a0\u00bb font_container=\u00a0\u00bbtag:h2|font_size:30|text_align:left\u00a0\u00bb use_theme_fonts=\u00a0\u00bbyes\u00a0\u00bb font_weight=\u00a0\u00bb700&Prime; skin=\u00a0\u00bbprimary\u00a0\u00bb css_animation=\u00a0\u00bbslideInUp\u00a0\u00bb css=\u00a0\u00bb.vc_custom_1695065764297{margin-top: 20px !important;}\u00a0\u00bb][vc_column_text]\u2022\u00a0Croisements de pipeline<br \/> \u2022 Raccordements de pipeline<br \/> \u2022 Sondage d\u2019exploration hydraulique<br \/> \u2022 Conflits avec les services publics<br \/> \u2022 D\u00e9versements d\u2019huile et de carburant[\/vc_column_text][vc_cta h2=\u00a0\u00bbObtenir une estimation\u00a0\u00bb h2_font_container=\u00a0\u00bbtag:h2|font_size:30|text_align:left\u00a0\u00bb h2_use_theme_fonts=\u00a0\u00bbyes\u00a0\u00bb h4=\u00a0\u00bbCommuniquez avec nous d\u00e8s aujourd\u2019hui.\u00a0\u00bb shape=\u00a0\u00bbsquare\u00a0\u00bb style=\u00a0\u00bbflat\u00a0\u00bb add_button=\u00a0\u00bbright\u00a0\u00bb btn_title=\u00a0\u00bbCommuniquer avec nous\u00a0\u00bb btn_skin=\u00a0\u00bbprimary\u00a0\u00bb btn_btn_fs=\u00a0\u00bb20&Prime; btn_btn_ls=\u00a0\u00bb.2&Prime; use_custom_fonts_h2=\u00a0\u00bbtrue\u00a0\u00bb btn_link=\u00a0\u00bburl:https%3A%2F%2Fwww.badgerinc.com%2Ffr%2Fobtenir-une-estimation%2F|\u00a0\u00bb btn_btn_px=\u00a0\u00bb10&Prime;][\/vc_cta][\/vc_column][\/vc_row]<\/p>\n<\/div>","protected":false},"excerpt":{"rendered":"<p>[vc_row wrap_container=\u00a0\u00bbyes\u00a0\u00bb css=\u00a0\u00bb.vc_custom_1695321269053{padding-top: 40px !important;padding-bottom: 40px !important;}\u00a0\u00bb el_class=\u00a0\u00bbrow-align-items-center\u00a0\u00bb conditional_render=\u00a0\u00bb%5B%7B%22value_role%22%3A%22administrator%22%7D%5D\u00a0\u00bb][vc_column animation_delay=\u00a0\u00bb\u00a0\u00bb conditional_render=\u00a0\u00bb%5B%7B%22value_role%22%3A%22administrator%22%7D%5D\u00a0\u00bb][vc_column_text css_animation=\u00a0\u00bbnone\u00a0\u00bb] Pipelines Badger DaylightingMC comprend l\u2019importance capitale du maintien de la s\u00e9curit\u00e9 sur le chantier et de l\u2019int\u00e9grit\u00e9 des infrastructures souterraines pour l\u2019industrie p\u00e9troli\u00e8re et gazi\u00e8re. Notre excavation de pipelines non destructive est essentielle \u00e0 la s\u00e9curit\u00e9, \u00e0 la r\u00e9paration et \u00e0 l\u2019entretien des [&hellip;]<\/p>\n","protected":false},"author":3,"featured_media":1265717,"parent":1265698,"menu_order":0,"comment_status":"closed","ping_status":"closed","template":"","meta":{"footnotes":""},"class_list":["post-1265715","page","type-page","status-publish","has-post-thumbnail","hentry"],"yoast_head":"<!-- This site is optimized with the Yoast SEO Premium plugin v23.4 (Yoast SEO v27.4) - https:\/\/yoast.com\/product\/yoast-seo-premium-wordpress\/ -->\n<title>PIPELINES - Badger Inc<\/title>\n<meta name=\"robots\" content=\"index, follow, max-snippet:-1, max-image-preview:large, max-video-preview:-1\" \/>\n<link rel=\"canonical\" href=\"https:\/\/www.badgerinc.com\/fr\/solutions\/services-hydrovac\/pipelines\/\" \/>\n<meta property=\"og:locale\" content=\"fr_CA\" \/>\n<meta property=\"og:type\" content=\"article\" \/>\n<meta property=\"og:title\" content=\"PIPELINES\" \/>\n<meta property=\"og:description\" content=\"[vc_row wrap_container=\u00a0\u00bbyes\u00a0\u00bb css=\u00a0\u00bb.vc_custom_1695321269053{padding-top: 40px !important;padding-bottom: 40px !important;}\u00a0\u00bb el_class=\u00a0\u00bbrow-align-items-center\u00a0\u00bb conditional_render=\u00a0\u00bb%5B%7B%22value_role%22%3A%22administrator%22%7D%5D\u00a0\u00bb][vc_column animation_delay=\u00a0\u00bb\u00a0\u00bb conditional_render=\u00a0\u00bb%5B%7B%22value_role%22%3A%22administrator%22%7D%5D\u00a0\u00bb][vc_column_text css_animation=\u00a0\u00bbnone\u00a0\u00bb] Pipelines Badger DaylightingMC comprend l\u2019importance capitale du maintien de la s\u00e9curit\u00e9 sur le chantier et de l\u2019int\u00e9grit\u00e9 des infrastructures souterraines pour l\u2019industrie p\u00e9troli\u00e8re et gazi\u00e8re. Notre excavation de pipelines non destructive est essentielle \u00e0 la s\u00e9curit\u00e9, \u00e0 la r\u00e9paration et \u00e0 l\u2019entretien des [&hellip;]\" \/>\n<meta property=\"og:url\" content=\"https:\/\/www.badgerinc.com\/fr\/solutions\/services-hydrovac\/pipelines\/\" \/>\n<meta property=\"og:site_name\" content=\"Badger Inc\" \/>\n<meta property=\"article:modified_time\" content=\"2026-02-04T12:44:02+00:00\" \/>\n<meta property=\"og:image\" content=\"https:\/\/www.badgerinc.com\/wp-content\/uploads\/2019\/08\/Badger-Daylighting-pipeline-Application.jpg\" \/>\n\t<meta property=\"og:image:width\" content=\"1420\" \/>\n\t<meta property=\"og:image:height\" content=\"680\" \/>\n\t<meta property=\"og:image:type\" content=\"image\/jpeg\" \/>\n<meta name=\"twitter:card\" content=\"summary_large_image\" \/>\n<meta name=\"twitter:label1\" content=\"Estimation du temps de lecture\" \/>\n\t<meta name=\"twitter:data1\" content=\"2 minutes\" \/>\n<script type=\"application\/ld+json\" class=\"yoast-schema-graph\">{\"@context\":\"https:\\\/\\\/schema.org\",\"@graph\":[{\"@type\":\"WebPage\",\"@id\":\"https:\\\/\\\/www.badgerinc.com\\\/fr\\\/solutions\\\/services-hydrovac\\\/pipelines\\\/\",\"url\":\"https:\\\/\\\/www.badgerinc.com\\\/fr\\\/solutions\\\/services-hydrovac\\\/pipelines\\\/\",\"name\":\"PIPELINES - Badger Inc\",\"isPartOf\":{\"@id\":\"https:\\\/\\\/www.badgerinc.com\\\/fr\\\/#website\"},\"primaryImageOfPage\":{\"@id\":\"https:\\\/\\\/www.badgerinc.com\\\/fr\\\/solutions\\\/services-hydrovac\\\/pipelines\\\/#primaryimage\"},\"image\":{\"@id\":\"https:\\\/\\\/www.badgerinc.com\\\/fr\\\/solutions\\\/services-hydrovac\\\/pipelines\\\/#primaryimage\"},\"thumbnailUrl\":\"https:\\\/\\\/www.badgerinc.com\\\/wp-content\\\/uploads\\\/2019\\\/08\\\/Badger-Daylighting-pipeline-Application.jpg\",\"datePublished\":\"2023-09-18T19:45:50+00:00\",\"dateModified\":\"2026-02-04T12:44:02+00:00\",\"breadcrumb\":{\"@id\":\"https:\\\/\\\/www.badgerinc.com\\\/fr\\\/solutions\\\/services-hydrovac\\\/pipelines\\\/#breadcrumb\"},\"inLanguage\":\"fr-CA\",\"potentialAction\":[{\"@type\":\"ReadAction\",\"target\":[\"https:\\\/\\\/www.badgerinc.com\\\/fr\\\/solutions\\\/services-hydrovac\\\/pipelines\\\/\"]}]},{\"@type\":\"ImageObject\",\"inLanguage\":\"fr-CA\",\"@id\":\"https:\\\/\\\/www.badgerinc.com\\\/fr\\\/solutions\\\/services-hydrovac\\\/pipelines\\\/#primaryimage\",\"url\":\"https:\\\/\\\/www.badgerinc.com\\\/wp-content\\\/uploads\\\/2019\\\/08\\\/Badger-Daylighting-pipeline-Application.jpg\",\"contentUrl\":\"https:\\\/\\\/www.badgerinc.com\\\/wp-content\\\/uploads\\\/2019\\\/08\\\/Badger-Daylighting-pipeline-Application.jpg\",\"width\":1420,\"height\":680,\"caption\":\"Badger-Daylighting-Pipeline-Application\"},{\"@type\":\"BreadcrumbList\",\"@id\":\"https:\\\/\\\/www.badgerinc.com\\\/fr\\\/solutions\\\/services-hydrovac\\\/pipelines\\\/#breadcrumb\",\"itemListElement\":[{\"@type\":\"ListItem\",\"position\":1,\"name\":\"Home\",\"item\":\"https:\\\/\\\/www.badgerinc.com\\\/fr\\\/\"},{\"@type\":\"ListItem\",\"position\":2,\"name\":\"SOLUTIONS\",\"item\":\"https:\\\/\\\/www.badgerinc.com\\\/fr\\\/solutions\\\/\"},{\"@type\":\"ListItem\",\"position\":3,\"name\":\"SERVICES HYDROVAC\",\"item\":\"https:\\\/\\\/www.badgerinc.com\\\/fr\\\/solutions\\\/services-hydrovac\\\/\"},{\"@type\":\"ListItem\",\"position\":4,\"name\":\"PIPELINES\"}]},{\"@type\":\"WebSite\",\"@id\":\"https:\\\/\\\/www.badgerinc.com\\\/fr\\\/#website\",\"url\":\"https:\\\/\\\/www.badgerinc.com\\\/fr\\\/\",\"name\":\"Badger Inc\",\"description\":\"Badger Infrastructure Solutions Ltd. : Hydrovac, Vacuum Truck And Excavation Services Company in USA and Canada\",\"potentialAction\":[{\"@type\":\"SearchAction\",\"target\":{\"@type\":\"EntryPoint\",\"urlTemplate\":\"https:\\\/\\\/www.badgerinc.com\\\/fr\\\/?s={search_term_string}\"},\"query-input\":{\"@type\":\"PropertyValueSpecification\",\"valueRequired\":true,\"valueName\":\"search_term_string\"}}],\"inLanguage\":\"fr-CA\"}]}<\/script>\n<!-- \/ Yoast SEO Premium plugin. -->","yoast_head_json":{"title":"PIPELINES - Badger Inc","robots":{"index":"index","follow":"follow","max-snippet":"max-snippet:-1","max-image-preview":"max-image-preview:large","max-video-preview":"max-video-preview:-1"},"canonical":"https:\/\/www.badgerinc.com\/fr\/solutions\/services-hydrovac\/pipelines\/","og_locale":"fr_CA","og_type":"article","og_title":"PIPELINES","og_description":"[vc_row wrap_container=\u00a0\u00bbyes\u00a0\u00bb css=\u00a0\u00bb.vc_custom_1695321269053{padding-top: 40px !important;padding-bottom: 40px !important;}\u00a0\u00bb el_class=\u00a0\u00bbrow-align-items-center\u00a0\u00bb conditional_render=\u00a0\u00bb%5B%7B%22value_role%22%3A%22administrator%22%7D%5D\u00a0\u00bb][vc_column animation_delay=\u00a0\u00bb\u00a0\u00bb conditional_render=\u00a0\u00bb%5B%7B%22value_role%22%3A%22administrator%22%7D%5D\u00a0\u00bb][vc_column_text css_animation=\u00a0\u00bbnone\u00a0\u00bb] Pipelines Badger DaylightingMC comprend l\u2019importance capitale du maintien de la s\u00e9curit\u00e9 sur le chantier et de l\u2019int\u00e9grit\u00e9 des infrastructures souterraines pour l\u2019industrie p\u00e9troli\u00e8re et gazi\u00e8re. Notre excavation de pipelines non destructive est essentielle \u00e0 la s\u00e9curit\u00e9, \u00e0 la r\u00e9paration et \u00e0 l\u2019entretien des [&hellip;]","og_url":"https:\/\/www.badgerinc.com\/fr\/solutions\/services-hydrovac\/pipelines\/","og_site_name":"Badger Inc","article_modified_time":"2026-02-04T12:44:02+00:00","og_image":[{"width":1420,"height":680,"url":"https:\/\/www.badgerinc.com\/wp-content\/uploads\/2019\/08\/Badger-Daylighting-pipeline-Application.jpg","type":"image\/jpeg"}],"twitter_card":"summary_large_image","twitter_misc":{"Estimation du temps de lecture":"2 minutes"},"schema":{"@context":"https:\/\/schema.org","@graph":[{"@type":"WebPage","@id":"https:\/\/www.badgerinc.com\/fr\/solutions\/services-hydrovac\/pipelines\/","url":"https:\/\/www.badgerinc.com\/fr\/solutions\/services-hydrovac\/pipelines\/","name":"PIPELINES - Badger Inc","isPartOf":{"@id":"https:\/\/www.badgerinc.com\/fr\/#website"},"primaryImageOfPage":{"@id":"https:\/\/www.badgerinc.com\/fr\/solutions\/services-hydrovac\/pipelines\/#primaryimage"},"image":{"@id":"https:\/\/www.badgerinc.com\/fr\/solutions\/services-hydrovac\/pipelines\/#primaryimage"},"thumbnailUrl":"https:\/\/www.badgerinc.com\/wp-content\/uploads\/2019\/08\/Badger-Daylighting-pipeline-Application.jpg","datePublished":"2023-09-18T19:45:50+00:00","dateModified":"2026-02-04T12:44:02+00:00","breadcrumb":{"@id":"https:\/\/www.badgerinc.com\/fr\/solutions\/services-hydrovac\/pipelines\/#breadcrumb"},"inLanguage":"fr-CA","potentialAction":[{"@type":"ReadAction","target":["https:\/\/www.badgerinc.com\/fr\/solutions\/services-hydrovac\/pipelines\/"]}]},{"@type":"ImageObject","inLanguage":"fr-CA","@id":"https:\/\/www.badgerinc.com\/fr\/solutions\/services-hydrovac\/pipelines\/#primaryimage","url":"https:\/\/www.badgerinc.com\/wp-content\/uploads\/2019\/08\/Badger-Daylighting-pipeline-Application.jpg","contentUrl":"https:\/\/www.badgerinc.com\/wp-content\/uploads\/2019\/08\/Badger-Daylighting-pipeline-Application.jpg","width":1420,"height":680,"caption":"Badger-Daylighting-Pipeline-Application"},{"@type":"BreadcrumbList","@id":"https:\/\/www.badgerinc.com\/fr\/solutions\/services-hydrovac\/pipelines\/#breadcrumb","itemListElement":[{"@type":"ListItem","position":1,"name":"Home","item":"https:\/\/www.badgerinc.com\/fr\/"},{"@type":"ListItem","position":2,"name":"SOLUTIONS","item":"https:\/\/www.badgerinc.com\/fr\/solutions\/"},{"@type":"ListItem","position":3,"name":"SERVICES HYDROVAC","item":"https:\/\/www.badgerinc.com\/fr\/solutions\/services-hydrovac\/"},{"@type":"ListItem","position":4,"name":"PIPELINES"}]},{"@type":"WebSite","@id":"https:\/\/www.badgerinc.com\/fr\/#website","url":"https:\/\/www.badgerinc.com\/fr\/","name":"Badger Inc","description":"Badger Infrastructure Solutions Ltd. : Hydrovac, Vacuum Truck And Excavation Services Company in USA and Canada","potentialAction":[{"@type":"SearchAction","target":{"@type":"EntryPoint","urlTemplate":"https:\/\/www.badgerinc.com\/fr\/?s={search_term_string}"},"query-input":{"@type":"PropertyValueSpecification","valueRequired":true,"valueName":"search_term_string"}}],"inLanguage":"fr-CA"}]}},"_links":{"self":[{"href":"https:\/\/www.badgerinc.com\/fr\/wp-json\/wp\/v2\/pages\/1265715","targetHints":{"allow":["GET"]}}],"collection":[{"href":"https:\/\/www.badgerinc.com\/fr\/wp-json\/wp\/v2\/pages"}],"about":[{"href":"https:\/\/www.badgerinc.com\/fr\/wp-json\/wp\/v2\/types\/page"}],"author":[{"embeddable":true,"href":"https:\/\/www.badgerinc.com\/fr\/wp-json\/wp\/v2\/users\/3"}],"replies":[{"embeddable":true,"href":"https:\/\/www.badgerinc.com\/fr\/wp-json\/wp\/v2\/comments?post=1265715"}],"version-history":[{"count":0,"href":"https:\/\/www.badgerinc.com\/fr\/wp-json\/wp\/v2\/pages\/1265715\/revisions"}],"up":[{"embeddable":true,"href":"https:\/\/www.badgerinc.com\/fr\/wp-json\/wp\/v2\/pages\/1265698"}],"wp:featuredmedia":[{"embeddable":true,"href":"https:\/\/www.badgerinc.com\/fr\/wp-json\/wp\/v2\/media\/1265717"}],"wp:attachment":[{"href":"https:\/\/www.badgerinc.com\/fr\/wp-json\/wp\/v2\/media?parent=1265715"}],"curies":[{"name":"wp","href":"https:\/\/api.w.org\/{rel}","templated":true}]}}