{"id":1265711,"date":"2023-09-18T20:07:08","date_gmt":"2023-09-18T20:07:08","guid":{"rendered":"https:\/\/badgerincdev.wpenginepowered.com\/intervention-en-cas-de-catastrophe\/"},"modified":"2026-02-04T12:44:01","modified_gmt":"2026-02-04T12:44:01","slug":"intervention-en-cas-de-catastrophe","status":"publish","type":"page","link":"https:\/\/www.badgerinc.com\/fr\/solutions\/intervention-en-cas-de-catastrophe\/","title":{"rendered":"INTERVENTION EN CAS DE CATASTROPHE"},"content":{"rendered":"<div class=\"wpb-content-wrapper\"><p>[vc_row wrap_container=\u00a0\u00bbyes\u00a0\u00bb css=\u00a0\u00bb.vc_custom_1695655203522{padding-top: 40px !important;}\u00a0\u00bb el_class=\u00a0\u00bbrow-align-items-center\u00a0\u00bb conditional_render=\u00a0\u00bb%5B%7B%22value_role%22%3A%22administrator%22%7D%5D\u00a0\u00bb][vc_column animation_delay=\u00a0\u00bb\u00a0\u00bb conditional_render=\u00a0\u00bb%5B%7B%22value_role%22%3A%22administrator%22%7D%5D\u00a0\u00bb][vc_column_text css_animation=\u00a0\u00bbnone\u00a0\u00bb css=\u00a0\u00bb\u00a0\u00bb css_params=\u00a0\u00bb\u00a0\u00bb]<\/p>\n<h2 data-pm-slice=\"1 1 []\">Lorsque le d\u00e9sastre frappe, Badger r\u00e9pond<\/h2>\n<p data-pm-slice=\"1 1 []\">Avec une saison active des ouragans pr\u00e9vue pour 2024, la s\u00e9curit\u00e9, le temps et la pr\u00e9paration aux interventions d\u2019urgence sont d\u2019une importance capitale pour garantir que nos communaut\u00e9s et nos entreprises peuvent revenir \u00e0 la normalit\u00e9 le plus rapidement possible apr\u00e8s la temp\u00eate. Badger, avec des d\u00e9cennies d\u2019exp\u00e9rience en intervention d\u2019urgence et la flotte d\u2019hydrovacs la plus vaste (plus de 140\u00a0bureaux sur le terrain) en Am\u00e9rique du Nord, peut se mobiliser rapidement pour att\u00e9nuer les risques et les autres sc\u00e9narios li\u00e9s aux temp\u00eates.<\/p>\n<p>Badger a \u00e9labor\u00e9 un plan d\u2019intervention d\u2019urgence sophistiqu\u00e9 qui peut \u00eatre d\u00e9ploy\u00e9 et g\u00e9r\u00e9 tactiquement \u00e0 partir de centres de commande mobiles. Cela nous permet, en collaboration avec les clients, les propri\u00e9taires d\u2019installations et les entrepreneurs, de fournir un soutien hautement r\u00e9actif et professionnel qui assurera une att\u00e9nuation s\u00e9curitaire des catastrophes. Notre \u00e9quipe de personnel hautement exp\u00e9riment\u00e9 et de technologie d\u2019hydro-excavation est sans \u00e9quivoque digne de confiance pour aider lors d\u2019op\u00e9rations de nettoyage complexes partout en Am\u00e9rique du Nord et est fi\u00e8re d\u2019avoir soutenu avec succ\u00e8s nos communaut\u00e9s lors d\u2019urgences et de r\u00e9tablissements. Nous nous tenons aux c\u00f4t\u00e9s de nos communaut\u00e9s et nous nous engageons \u00e0 mettre en \u0153uvre un soutien complet en cas de catastrophe lorsque le besoin se pr\u00e9sente.[\/vc_column_text][\/vc_column][\/vc_row][vc_row wrap_container=\u00a0\u00bbyes\u00a0\u00bb content_placement=\u00a0\u00bbmiddle\u00a0\u00bb conditional_render=\u00a0\u00bb%5B%7B%22value_role%22%3A%22administrator%22%7D%5D\u00a0\u00bb css=\u00a0\u00bb.vc_custom_1695064247118{margin-top: 20px !important;padding-top: 10px !important;}\u00a0\u00bb][vc_column conditional_render=\u00a0\u00bb%5B%7B%22value_role%22%3A%22administrator%22%7D%5D\u00a0\u00bb][vc_custom_heading text=\u00a0\u00bbPour en savoir plus ou acc\u00e9der aux services de Badger, appelez-nous en tout temps\u00a0: 1\u00a0877\u00a0322-3437&Prime; font_container=\u00a0\u00bbtag:h3|font_size:30|text_align:center|color:%23e83535|line_height:1.4&Prime; use_theme_fonts=\u00a0\u00bbyes\u00a0\u00bb css=\u00a0\u00bb.vc_custom_1695150086565{margin-top: 20px !important;}\u00a0\u00bb font_weight=\u00a0\u00bb900&Prime; css_animation=\u00a0\u00bbslideInUp\u00a0\u00bb][vc_cta h2=\u00a0\u00bbObtenir une estimation\u00a0\u00bb h2_font_container=\u00a0\u00bbtag:h2|font_size:30|text_align:left\u00a0\u00bb h2_use_theme_fonts=\u00a0\u00bbyes\u00a0\u00bb h4=\u00a0\u00bbCommuniquez avec nous d\u00e8s aujourd\u2019hui.\u00a0\u00bb shape=\u00a0\u00bbsquare\u00a0\u00bb style=\u00a0\u00bbflat\u00a0\u00bb add_button=\u00a0\u00bbright\u00a0\u00bb btn_title=\u00a0\u00bbCommuniquer avec nous\u00a0\u00bb btn_skin=\u00a0\u00bbprimary\u00a0\u00bb btn_btn_fs=\u00a0\u00bb20&Prime; btn_btn_ls=\u00a0\u00bb.2&Prime; use_custom_fonts_h2=\u00a0\u00bbtrue\u00a0\u00bb btn_link=\u00a0\u00bburl:https%3A%2F%2Fwww.badgerinc.com%2Ffr%2Fobtenir-une-estimation%2F|\u00a0\u00bb btn_btn_px=\u00a0\u00bb10&Prime;][\/vc_cta][\/vc_column][\/vc_row]<\/p>\n<\/div>","protected":false},"excerpt":{"rendered":"<p>[vc_row wrap_container=\u00a0\u00bbyes\u00a0\u00bb css=\u00a0\u00bb.vc_custom_1695655203522{padding-top: 40px !important;}\u00a0\u00bb el_class=\u00a0\u00bbrow-align-items-center\u00a0\u00bb conditional_render=\u00a0\u00bb%5B%7B%22value_role%22%3A%22administrator%22%7D%5D\u00a0\u00bb][vc_column animation_delay=\u00a0\u00bb\u00a0\u00bb conditional_render=\u00a0\u00bb%5B%7B%22value_role%22%3A%22administrator%22%7D%5D\u00a0\u00bb][vc_column_text css_animation=\u00a0\u00bbnone\u00a0\u00bb css=\u00a0\u00bb\u00a0\u00bb css_params=\u00a0\u00bb\u00a0\u00bb] Lorsque le d\u00e9sastre frappe, Badger r\u00e9pond Avec une saison active des ouragans pr\u00e9vue pour 2024, la s\u00e9curit\u00e9, le temps et la pr\u00e9paration aux interventions d\u2019urgence sont d\u2019une importance capitale pour garantir que nos communaut\u00e9s et nos entreprises peuvent revenir \u00e0 la normalit\u00e9 le [&hellip;]<\/p>\n","protected":false},"author":3,"featured_media":1265712,"parent":1265733,"menu_order":0,"comment_status":"closed","ping_status":"closed","template":"","meta":{"footnotes":""},"class_list":["post-1265711","page","type-page","status-publish","has-post-thumbnail","hentry"],"yoast_head":"<!-- This site is optimized with the Yoast SEO Premium plugin v23.4 (Yoast SEO v27.2) - https:\/\/yoast.com\/product\/yoast-seo-premium-wordpress\/ -->\n<title>INTERVENTION EN CAS DE CATASTROPHE - Badger Inc<\/title>\n<meta name=\"robots\" content=\"index, follow, max-snippet:-1, max-image-preview:large, max-video-preview:-1\" \/>\n<link rel=\"canonical\" href=\"https:\/\/www.badgerinc.com\/fr\/solutions\/intervention-en-cas-de-catastrophe\/\" \/>\n<meta property=\"og:locale\" content=\"fr_CA\" \/>\n<meta property=\"og:type\" content=\"article\" \/>\n<meta property=\"og:title\" content=\"INTERVENTION EN CAS DE CATASTROPHE\" \/>\n<meta property=\"og:description\" content=\"[vc_row wrap_container=\u00a0\u00bbyes\u00a0\u00bb css=\u00a0\u00bb.vc_custom_1695655203522{padding-top: 40px !important;}\u00a0\u00bb el_class=\u00a0\u00bbrow-align-items-center\u00a0\u00bb conditional_render=\u00a0\u00bb%5B%7B%22value_role%22%3A%22administrator%22%7D%5D\u00a0\u00bb][vc_column animation_delay=\u00a0\u00bb\u00a0\u00bb conditional_render=\u00a0\u00bb%5B%7B%22value_role%22%3A%22administrator%22%7D%5D\u00a0\u00bb][vc_column_text css_animation=\u00a0\u00bbnone\u00a0\u00bb css=\u00a0\u00bb\u00a0\u00bb css_params=\u00a0\u00bb\u00a0\u00bb] Lorsque le d\u00e9sastre frappe, Badger r\u00e9pond Avec une saison active des ouragans pr\u00e9vue pour 2024, la s\u00e9curit\u00e9, le temps et la pr\u00e9paration aux interventions d\u2019urgence sont d\u2019une importance capitale pour garantir que nos communaut\u00e9s et nos entreprises peuvent revenir \u00e0 la normalit\u00e9 le [&hellip;]\" \/>\n<meta property=\"og:url\" content=\"https:\/\/www.badgerinc.com\/fr\/solutions\/intervention-en-cas-de-catastrophe\/\" \/>\n<meta property=\"og:site_name\" content=\"Badger Inc\" \/>\n<meta property=\"article:modified_time\" content=\"2026-02-04T12:44:01+00:00\" \/>\n<meta property=\"og:image\" content=\"https:\/\/www.badgerinc.com\/wp-content\/uploads\/2023\/09\/Badger-Disaster-Response.jpg\" \/>\n\t<meta property=\"og:image:width\" content=\"2500\" \/>\n\t<meta property=\"og:image:height\" content=\"1406\" \/>\n\t<meta property=\"og:image:type\" content=\"image\/jpeg\" \/>\n<meta name=\"twitter:card\" content=\"summary_large_image\" \/>\n<meta name=\"twitter:label1\" content=\"Estimation du temps de lecture\" \/>\n\t<meta name=\"twitter:data1\" content=\"2 minutes\" \/>\n<script type=\"application\/ld+json\" class=\"yoast-schema-graph\">{\"@context\":\"https:\/\/schema.org\",\"@graph\":[{\"@type\":\"WebPage\",\"@id\":\"https:\/\/www.badgerinc.com\/fr\/solutions\/intervention-en-cas-de-catastrophe\/\",\"url\":\"https:\/\/www.badgerinc.com\/fr\/solutions\/intervention-en-cas-de-catastrophe\/\",\"name\":\"INTERVENTION EN CAS DE CATASTROPHE - Badger Inc\",\"isPartOf\":{\"@id\":\"https:\/\/www.badgerinc.com\/fr\/#website\"},\"primaryImageOfPage\":{\"@id\":\"https:\/\/www.badgerinc.com\/fr\/solutions\/intervention-en-cas-de-catastrophe\/#primaryimage\"},\"image\":{\"@id\":\"https:\/\/www.badgerinc.com\/fr\/solutions\/intervention-en-cas-de-catastrophe\/#primaryimage\"},\"thumbnailUrl\":\"https:\/\/www.badgerinc.com\/wp-content\/uploads\/2023\/09\/Badger-Disaster-Response.jpg\",\"datePublished\":\"2023-09-18T20:07:08+00:00\",\"dateModified\":\"2026-02-04T12:44:01+00:00\",\"breadcrumb\":{\"@id\":\"https:\/\/www.badgerinc.com\/fr\/solutions\/intervention-en-cas-de-catastrophe\/#breadcrumb\"},\"inLanguage\":\"fr-CA\",\"potentialAction\":[{\"@type\":\"ReadAction\",\"target\":[\"https:\/\/www.badgerinc.com\/fr\/solutions\/intervention-en-cas-de-catastrophe\/\"]}]},{\"@type\":\"ImageObject\",\"inLanguage\":\"fr-CA\",\"@id\":\"https:\/\/www.badgerinc.com\/fr\/solutions\/intervention-en-cas-de-catastrophe\/#primaryimage\",\"url\":\"https:\/\/www.badgerinc.com\/wp-content\/uploads\/2023\/09\/Badger-Disaster-Response.jpg\",\"contentUrl\":\"https:\/\/www.badgerinc.com\/wp-content\/uploads\/2023\/09\/Badger-Disaster-Response.jpg\",\"width\":2500,\"height\":1406},{\"@type\":\"BreadcrumbList\",\"@id\":\"https:\/\/www.badgerinc.com\/fr\/solutions\/intervention-en-cas-de-catastrophe\/#breadcrumb\",\"itemListElement\":[{\"@type\":\"ListItem\",\"position\":1,\"name\":\"Home\",\"item\":\"https:\/\/www.badgerinc.com\/fr\/\"},{\"@type\":\"ListItem\",\"position\":2,\"name\":\"SOLUTIONS\",\"item\":\"https:\/\/www.badgerinc.com\/fr\/solutions\/\"},{\"@type\":\"ListItem\",\"position\":3,\"name\":\"INTERVENTION EN CAS DE CATASTROPHE\"}]},{\"@type\":\"WebSite\",\"@id\":\"https:\/\/www.badgerinc.com\/fr\/#website\",\"url\":\"https:\/\/www.badgerinc.com\/fr\/\",\"name\":\"Badger Inc\",\"description\":\"Badger Infrastructure Solutions Ltd. : Hydrovac, Vacuum Truck And Excavation Services Company in USA and Canada\",\"potentialAction\":[{\"@type\":\"SearchAction\",\"target\":{\"@type\":\"EntryPoint\",\"urlTemplate\":\"https:\/\/www.badgerinc.com\/fr\/?s={search_term_string}\"},\"query-input\":{\"@type\":\"PropertyValueSpecification\",\"valueRequired\":true,\"valueName\":\"search_term_string\"}}],\"inLanguage\":\"fr-CA\"}]}<\/script>\n<!-- \/ Yoast SEO Premium plugin. -->","yoast_head_json":{"title":"INTERVENTION EN CAS DE CATASTROPHE - Badger Inc","robots":{"index":"index","follow":"follow","max-snippet":"max-snippet:-1","max-image-preview":"max-image-preview:large","max-video-preview":"max-video-preview:-1"},"canonical":"https:\/\/www.badgerinc.com\/fr\/solutions\/intervention-en-cas-de-catastrophe\/","og_locale":"fr_CA","og_type":"article","og_title":"INTERVENTION EN CAS DE CATASTROPHE","og_description":"[vc_row wrap_container=\u00a0\u00bbyes\u00a0\u00bb css=\u00a0\u00bb.vc_custom_1695655203522{padding-top: 40px !important;}\u00a0\u00bb el_class=\u00a0\u00bbrow-align-items-center\u00a0\u00bb conditional_render=\u00a0\u00bb%5B%7B%22value_role%22%3A%22administrator%22%7D%5D\u00a0\u00bb][vc_column animation_delay=\u00a0\u00bb\u00a0\u00bb conditional_render=\u00a0\u00bb%5B%7B%22value_role%22%3A%22administrator%22%7D%5D\u00a0\u00bb][vc_column_text css_animation=\u00a0\u00bbnone\u00a0\u00bb css=\u00a0\u00bb\u00a0\u00bb css_params=\u00a0\u00bb\u00a0\u00bb] Lorsque le d\u00e9sastre frappe, Badger r\u00e9pond Avec une saison active des ouragans pr\u00e9vue pour 2024, la s\u00e9curit\u00e9, le temps et la pr\u00e9paration aux interventions d\u2019urgence sont d\u2019une importance capitale pour garantir que nos communaut\u00e9s et nos entreprises peuvent revenir \u00e0 la normalit\u00e9 le [&hellip;]","og_url":"https:\/\/www.badgerinc.com\/fr\/solutions\/intervention-en-cas-de-catastrophe\/","og_site_name":"Badger Inc","article_modified_time":"2026-02-04T12:44:01+00:00","og_image":[{"width":2500,"height":1406,"url":"https:\/\/www.badgerinc.com\/wp-content\/uploads\/2023\/09\/Badger-Disaster-Response.jpg","type":"image\/jpeg"}],"twitter_card":"summary_large_image","twitter_misc":{"Estimation du temps de lecture":"2 minutes"},"schema":{"@context":"https:\/\/schema.org","@graph":[{"@type":"WebPage","@id":"https:\/\/www.badgerinc.com\/fr\/solutions\/intervention-en-cas-de-catastrophe\/","url":"https:\/\/www.badgerinc.com\/fr\/solutions\/intervention-en-cas-de-catastrophe\/","name":"INTERVENTION EN CAS DE CATASTROPHE - Badger Inc","isPartOf":{"@id":"https:\/\/www.badgerinc.com\/fr\/#website"},"primaryImageOfPage":{"@id":"https:\/\/www.badgerinc.com\/fr\/solutions\/intervention-en-cas-de-catastrophe\/#primaryimage"},"image":{"@id":"https:\/\/www.badgerinc.com\/fr\/solutions\/intervention-en-cas-de-catastrophe\/#primaryimage"},"thumbnailUrl":"https:\/\/www.badgerinc.com\/wp-content\/uploads\/2023\/09\/Badger-Disaster-Response.jpg","datePublished":"2023-09-18T20:07:08+00:00","dateModified":"2026-02-04T12:44:01+00:00","breadcrumb":{"@id":"https:\/\/www.badgerinc.com\/fr\/solutions\/intervention-en-cas-de-catastrophe\/#breadcrumb"},"inLanguage":"fr-CA","potentialAction":[{"@type":"ReadAction","target":["https:\/\/www.badgerinc.com\/fr\/solutions\/intervention-en-cas-de-catastrophe\/"]}]},{"@type":"ImageObject","inLanguage":"fr-CA","@id":"https:\/\/www.badgerinc.com\/fr\/solutions\/intervention-en-cas-de-catastrophe\/#primaryimage","url":"https:\/\/www.badgerinc.com\/wp-content\/uploads\/2023\/09\/Badger-Disaster-Response.jpg","contentUrl":"https:\/\/www.badgerinc.com\/wp-content\/uploads\/2023\/09\/Badger-Disaster-Response.jpg","width":2500,"height":1406},{"@type":"BreadcrumbList","@id":"https:\/\/www.badgerinc.com\/fr\/solutions\/intervention-en-cas-de-catastrophe\/#breadcrumb","itemListElement":[{"@type":"ListItem","position":1,"name":"Home","item":"https:\/\/www.badgerinc.com\/fr\/"},{"@type":"ListItem","position":2,"name":"SOLUTIONS","item":"https:\/\/www.badgerinc.com\/fr\/solutions\/"},{"@type":"ListItem","position":3,"name":"INTERVENTION EN CAS DE CATASTROPHE"}]},{"@type":"WebSite","@id":"https:\/\/www.badgerinc.com\/fr\/#website","url":"https:\/\/www.badgerinc.com\/fr\/","name":"Badger Inc","description":"Badger Infrastructure Solutions Ltd. : Hydrovac, Vacuum Truck And Excavation Services Company in USA and Canada","potentialAction":[{"@type":"SearchAction","target":{"@type":"EntryPoint","urlTemplate":"https:\/\/www.badgerinc.com\/fr\/?s={search_term_string}"},"query-input":{"@type":"PropertyValueSpecification","valueRequired":true,"valueName":"search_term_string"}}],"inLanguage":"fr-CA"}]}},"_links":{"self":[{"href":"https:\/\/www.badgerinc.com\/fr\/wp-json\/wp\/v2\/pages\/1265711","targetHints":{"allow":["GET"]}}],"collection":[{"href":"https:\/\/www.badgerinc.com\/fr\/wp-json\/wp\/v2\/pages"}],"about":[{"href":"https:\/\/www.badgerinc.com\/fr\/wp-json\/wp\/v2\/types\/page"}],"author":[{"embeddable":true,"href":"https:\/\/www.badgerinc.com\/fr\/wp-json\/wp\/v2\/users\/3"}],"replies":[{"embeddable":true,"href":"https:\/\/www.badgerinc.com\/fr\/wp-json\/wp\/v2\/comments?post=1265711"}],"version-history":[{"count":0,"href":"https:\/\/www.badgerinc.com\/fr\/wp-json\/wp\/v2\/pages\/1265711\/revisions"}],"up":[{"embeddable":true,"href":"https:\/\/www.badgerinc.com\/fr\/wp-json\/wp\/v2\/pages\/1265733"}],"wp:featuredmedia":[{"embeddable":true,"href":"https:\/\/www.badgerinc.com\/fr\/wp-json\/wp\/v2\/media\/1265712"}],"wp:attachment":[{"href":"https:\/\/www.badgerinc.com\/fr\/wp-json\/wp\/v2\/media?parent=1265711"}],"curies":[{"name":"wp","href":"https:\/\/api.w.org\/{rel}","templated":true}]}}