{"id":1265709,"date":"2023-09-18T20:19:55","date_gmt":"2023-09-18T20:19:55","guid":{"rendered":"https:\/\/badgerincdev.wpenginepowered.com\/trouver-un-emplacement\/"},"modified":"2026-02-04T12:44:01","modified_gmt":"2026-02-04T12:44:01","slug":"trouver-un-emplacement","status":"publish","type":"page","link":"https:\/\/www.badgerinc.com\/fr\/solutions\/trouver-un-emplacement\/","title":{"rendered":"D\u00c9TECTION DE SERVICES SOUTERRAINS"},"content":{"rendered":"<div class=\"wpb-content-wrapper\"><p>[vc_row wrap_container=\u00a0\u00bbyes\u00a0\u00bb css=\u00a0\u00bb.vc_custom_1695322194575{padding-top: 40px !important;padding-bottom: 40px !important;}\u00a0\u00bb el_class=\u00a0\u00bbrow-align-items-center\u00a0\u00bb conditional_render=\u00a0\u00bb%5B%7B%22value_role%22%3A%22administrator%22%7D%5D\u00a0\u00bb][vc_column animation_delay=\u00a0\u00bb\u00a0\u00bb conditional_render=\u00a0\u00bb%5B%7B%22value_role%22%3A%22administrator%22%7D%5D\u00a0\u00bb][vc_column_text css_animation=\u00a0\u00bbnone\u00a0\u00bb]<\/p>\n<h2>Minimiser le risque li\u00e9 au projet. Localisation de l\u2019infrastructure, collecte et mappage des donn\u00e9es.<\/h2>\n<h3><strong>\u00c0 propos\u00a0:<\/strong><\/h3>\n<p>Badger Infrastructure Solutions a commenc\u00e9 \u00e0 localiser et \u00e0 cartographier l\u2019infrastructure souterraine en juin\u00a02020. Nos techniciens en localisation sont form\u00e9s et \u00e9valu\u00e9s sur leurs comp\u00e9tences en d\u00e9tection de services souterrains bas\u00e9es sur une perspective selon laquelle la meilleure fa\u00e7on de pr\u00e9venir les dommages \u00e0 l\u2019infrastructure souterraine est de fournir des informations pr\u00e9cises aux excavateurs. Badger Locating Solutions combin\u00e9 \u00e0 la plateforme d\u2019excavation hydraulique de pointe de Badger offre aux clients une ressource compl\u00e8te de pr\u00e9vention des dommages.<\/p>\n<h3><strong>Prot\u00e9gez vos biens\u00a0:<\/strong><\/h3>\n<p>Une d\u00e9cision fond\u00e9e sur les donn\u00e9es sur l\u2019emplacement et la fa\u00e7on d\u2019excaver pr\u00e9vient les dommages co\u00fbteux \u00e0 l\u2019infrastructure souterraine. Nous faisons bien plus que marquer la surface! Les excavateurs peuvent maintenant creuser en toute confiance, sachant que badger confirme la qualit\u00e9 et la pr\u00e9cision de la localisation en int\u00e9grant des donn\u00e9es GPS pr\u00e9cises et des m\u00e9tadonn\u00e9es de d\u00e9tection de services souterrains. Des localisations pr\u00e9cises pr\u00e9viennent les dommages \u00e0 l\u2019infrastructure souterraine et autres probl\u00e8mes de construction co\u00fbteux.<\/p>\n<p>La documentation des travaux effectu\u00e9s emp\u00eache les incidents futurs et vous \u00e9vite de payer pour des travaux redondants.[\/vc_column_text][\/vc_column][\/vc_row][vc_row wrap_container=\u00a0\u00bbyes\u00a0\u00bb content_placement=\u00a0\u00bbmiddle\u00a0\u00bb conditional_render=\u00a0\u00bb%5B%7B%22value_role%22%3A%22administrator%22%7D%5D\u00a0\u00bb css=\u00a0\u00bb.vc_custom_1695046556358{margin-top: 20px !important;padding-top: 10px !important;}\u00a0\u00bb][vc_column conditional_render=\u00a0\u00bb%5B%7B%22value_role%22%3A%22administrator%22%7D%5D\u00a0\u00bb][vc_custom_heading text=\u00a0\u00bbServices offerts\u00a0:\u00a0\u00bb font_container=\u00a0\u00bbtag:h2|font_size:30|text_align:left\u00a0\u00bb use_theme_fonts=\u00a0\u00bbyes\u00a0\u00bb font_weight=\u00a0\u00bb700&Prime; skin=\u00a0\u00bbprimary\u00a0\u00bb css_animation=\u00a0\u00bbslideInUp\u00a0\u00bb][vc_column_text]<\/p>\n<ul>\n<li>D\u00e9tection \u00e9lectromagn\u00e9tique de services souterrains<\/li>\n<li>Collecte de donn\u00e9es GPS<\/li>\n<li>Cartographie de l\u2019infrastructure<\/li>\n<li>Profondeur des arpentages de couverture<\/li>\n<li>Balayages en 4\u00a0sens et balayages passifs<\/li>\n<li>Rapports de mise \u00e0 d\u00e9couvert<\/li>\n<li>Dessins CAO et exportations GIS<\/li>\n<li>Inspections \u00ab\u00a0surveiller et prot\u00e9ger\u00a0\u00bb<\/li>\n<\/ul>\n<p>Et bien plus encore\u2026[\/vc_column_text][\/vc_column][\/vc_row][vc_row wrap_container=\u00a0\u00bbyes\u00a0\u00bb conditional_render=\u00a0\u00bb%5B%7B%22value_role%22%3A%22administrator%22%7D%5D\u00a0\u00bb][vc_column][vc_cta h2=\u00a0\u00bbObtenir une estimation\u00a0\u00bb h2_font_container=\u00a0\u00bbtag:h2|font_size:30|text_align:left\u00a0\u00bb h2_use_theme_fonts=\u00a0\u00bbyes\u00a0\u00bb h4=\u00a0\u00bbCommuniquez avec nous d\u00e8s aujourd\u2019hui.\u00a0\u00bb shape=\u00a0\u00bbsquare\u00a0\u00bb style=\u00a0\u00bbflat\u00a0\u00bb add_button=\u00a0\u00bbright\u00a0\u00bb btn_title=\u00a0\u00bbCommuniquer avec nous\u00a0\u00bb btn_skin=\u00a0\u00bbprimary\u00a0\u00bb btn_btn_fs=\u00a0\u00bb20&Prime; btn_btn_ls=\u00a0\u00bb.2&Prime; use_custom_fonts_h2=\u00a0\u00bbtrue\u00a0\u00bb btn_link=\u00a0\u00bburl:https%3A%2F%2Fwww.badgerinc.com%2Ffr%2Fobtenir-une-estimation%2F|\u00a0\u00bb btn_btn_px=\u00a0\u00bb10&Prime;][\/vc_cta][\/vc_column][\/vc_row]<\/p>\n<\/div>","protected":false},"excerpt":{"rendered":"<p>[vc_row wrap_container=\u00a0\u00bbyes\u00a0\u00bb css=\u00a0\u00bb.vc_custom_1695322194575{padding-top: 40px !important;padding-bottom: 40px !important;}\u00a0\u00bb el_class=\u00a0\u00bbrow-align-items-center\u00a0\u00bb conditional_render=\u00a0\u00bb%5B%7B%22value_role%22%3A%22administrator%22%7D%5D\u00a0\u00bb][vc_column animation_delay=\u00a0\u00bb\u00a0\u00bb conditional_render=\u00a0\u00bb%5B%7B%22value_role%22%3A%22administrator%22%7D%5D\u00a0\u00bb][vc_column_text css_animation=\u00a0\u00bbnone\u00a0\u00bb] Minimiser le risque li\u00e9 au projet. Localisation de l\u2019infrastructure, collecte et mappage des donn\u00e9es. \u00c0 propos\u00a0: Badger Infrastructure Solutions a commenc\u00e9 \u00e0 localiser et \u00e0 cartographier l\u2019infrastructure souterraine en juin\u00a02020. Nos techniciens en localisation sont form\u00e9s et \u00e9valu\u00e9s sur leurs comp\u00e9tences en d\u00e9tection [&hellip;]<\/p>\n","protected":false},"author":3,"featured_media":1265710,"parent":1265733,"menu_order":0,"comment_status":"closed","ping_status":"closed","template":"","meta":{"footnotes":""},"class_list":["post-1265709","page","type-page","status-publish","has-post-thumbnail","hentry"],"yoast_head":"<!-- This site is optimized with the Yoast SEO Premium plugin v23.4 (Yoast SEO v27.2) - https:\/\/yoast.com\/product\/yoast-seo-premium-wordpress\/ -->\n<title>D\u00c9TECTION DE SERVICES SOUTERRAINS - Badger Inc<\/title>\n<meta name=\"robots\" content=\"index, follow, max-snippet:-1, max-image-preview:large, max-video-preview:-1\" \/>\n<link rel=\"canonical\" href=\"https:\/\/www.badgerinc.com\/fr\/solutions\/trouver-un-emplacement\/\" \/>\n<meta property=\"og:locale\" content=\"fr_CA\" \/>\n<meta property=\"og:type\" content=\"article\" \/>\n<meta property=\"og:title\" content=\"D\u00c9TECTION DE SERVICES SOUTERRAINS\" \/>\n<meta property=\"og:description\" content=\"[vc_row wrap_container=\u00a0\u00bbyes\u00a0\u00bb css=\u00a0\u00bb.vc_custom_1695322194575{padding-top: 40px !important;padding-bottom: 40px !important;}\u00a0\u00bb el_class=\u00a0\u00bbrow-align-items-center\u00a0\u00bb conditional_render=\u00a0\u00bb%5B%7B%22value_role%22%3A%22administrator%22%7D%5D\u00a0\u00bb][vc_column animation_delay=\u00a0\u00bb\u00a0\u00bb conditional_render=\u00a0\u00bb%5B%7B%22value_role%22%3A%22administrator%22%7D%5D\u00a0\u00bb][vc_column_text css_animation=\u00a0\u00bbnone\u00a0\u00bb] Minimiser le risque li\u00e9 au projet. Localisation de l\u2019infrastructure, collecte et mappage des donn\u00e9es. \u00c0 propos\u00a0: Badger Infrastructure Solutions a commenc\u00e9 \u00e0 localiser et \u00e0 cartographier l\u2019infrastructure souterraine en juin\u00a02020. Nos techniciens en localisation sont form\u00e9s et \u00e9valu\u00e9s sur leurs comp\u00e9tences en d\u00e9tection [&hellip;]\" \/>\n<meta property=\"og:url\" content=\"https:\/\/www.badgerinc.com\/fr\/solutions\/trouver-un-emplacement\/\" \/>\n<meta property=\"og:site_name\" content=\"Badger Inc\" \/>\n<meta property=\"article:modified_time\" content=\"2026-02-04T12:44:01+00:00\" \/>\n<meta property=\"og:image\" content=\"https:\/\/www.badgerinc.com\/wp-content\/uploads\/2023\/09\/Badger-Locating-Solutions-Header.png\" \/>\n\t<meta property=\"og:image:width\" content=\"1800\" \/>\n\t<meta property=\"og:image:height\" content=\"600\" \/>\n\t<meta property=\"og:image:type\" content=\"image\/png\" \/>\n<meta name=\"twitter:card\" content=\"summary_large_image\" \/>\n<meta name=\"twitter:label1\" content=\"Estimation du temps de lecture\" \/>\n\t<meta name=\"twitter:data1\" content=\"2 minutes\" \/>\n<script type=\"application\/ld+json\" class=\"yoast-schema-graph\">{\"@context\":\"https:\/\/schema.org\",\"@graph\":[{\"@type\":\"WebPage\",\"@id\":\"https:\/\/www.badgerinc.com\/fr\/solutions\/trouver-un-emplacement\/\",\"url\":\"https:\/\/www.badgerinc.com\/fr\/solutions\/trouver-un-emplacement\/\",\"name\":\"D\u00c9TECTION DE SERVICES SOUTERRAINS - Badger Inc\",\"isPartOf\":{\"@id\":\"https:\/\/www.badgerinc.com\/fr\/#website\"},\"primaryImageOfPage\":{\"@id\":\"https:\/\/www.badgerinc.com\/fr\/solutions\/trouver-un-emplacement\/#primaryimage\"},\"image\":{\"@id\":\"https:\/\/www.badgerinc.com\/fr\/solutions\/trouver-un-emplacement\/#primaryimage\"},\"thumbnailUrl\":\"https:\/\/www.badgerinc.com\/wp-content\/uploads\/2023\/09\/Badger-Locating-Solutions-Header.png\",\"datePublished\":\"2023-09-18T20:19:55+00:00\",\"dateModified\":\"2026-02-04T12:44:01+00:00\",\"breadcrumb\":{\"@id\":\"https:\/\/www.badgerinc.com\/fr\/solutions\/trouver-un-emplacement\/#breadcrumb\"},\"inLanguage\":\"fr-CA\",\"potentialAction\":[{\"@type\":\"ReadAction\",\"target\":[\"https:\/\/www.badgerinc.com\/fr\/solutions\/trouver-un-emplacement\/\"]}]},{\"@type\":\"ImageObject\",\"inLanguage\":\"fr-CA\",\"@id\":\"https:\/\/www.badgerinc.com\/fr\/solutions\/trouver-un-emplacement\/#primaryimage\",\"url\":\"https:\/\/www.badgerinc.com\/wp-content\/uploads\/2023\/09\/Badger-Locating-Solutions-Header.png\",\"contentUrl\":\"https:\/\/www.badgerinc.com\/wp-content\/uploads\/2023\/09\/Badger-Locating-Solutions-Header.png\",\"width\":1800,\"height\":600},{\"@type\":\"BreadcrumbList\",\"@id\":\"https:\/\/www.badgerinc.com\/fr\/solutions\/trouver-un-emplacement\/#breadcrumb\",\"itemListElement\":[{\"@type\":\"ListItem\",\"position\":1,\"name\":\"Home\",\"item\":\"https:\/\/www.badgerinc.com\/fr\/\"},{\"@type\":\"ListItem\",\"position\":2,\"name\":\"SOLUTIONS\",\"item\":\"https:\/\/www.badgerinc.com\/fr\/solutions\/\"},{\"@type\":\"ListItem\",\"position\":3,\"name\":\"D\u00c9TECTION DE SERVICES SOUTERRAINS\"}]},{\"@type\":\"WebSite\",\"@id\":\"https:\/\/www.badgerinc.com\/fr\/#website\",\"url\":\"https:\/\/www.badgerinc.com\/fr\/\",\"name\":\"Badger Inc\",\"description\":\"Badger Infrastructure Solutions Ltd. : Hydrovac, Vacuum Truck And Excavation Services Company in USA and Canada\",\"potentialAction\":[{\"@type\":\"SearchAction\",\"target\":{\"@type\":\"EntryPoint\",\"urlTemplate\":\"https:\/\/www.badgerinc.com\/fr\/?s={search_term_string}\"},\"query-input\":{\"@type\":\"PropertyValueSpecification\",\"valueRequired\":true,\"valueName\":\"search_term_string\"}}],\"inLanguage\":\"fr-CA\"}]}<\/script>\n<!-- \/ Yoast SEO Premium plugin. -->","yoast_head_json":{"title":"D\u00c9TECTION DE SERVICES SOUTERRAINS - Badger Inc","robots":{"index":"index","follow":"follow","max-snippet":"max-snippet:-1","max-image-preview":"max-image-preview:large","max-video-preview":"max-video-preview:-1"},"canonical":"https:\/\/www.badgerinc.com\/fr\/solutions\/trouver-un-emplacement\/","og_locale":"fr_CA","og_type":"article","og_title":"D\u00c9TECTION DE SERVICES SOUTERRAINS","og_description":"[vc_row wrap_container=\u00a0\u00bbyes\u00a0\u00bb css=\u00a0\u00bb.vc_custom_1695322194575{padding-top: 40px !important;padding-bottom: 40px !important;}\u00a0\u00bb el_class=\u00a0\u00bbrow-align-items-center\u00a0\u00bb conditional_render=\u00a0\u00bb%5B%7B%22value_role%22%3A%22administrator%22%7D%5D\u00a0\u00bb][vc_column animation_delay=\u00a0\u00bb\u00a0\u00bb conditional_render=\u00a0\u00bb%5B%7B%22value_role%22%3A%22administrator%22%7D%5D\u00a0\u00bb][vc_column_text css_animation=\u00a0\u00bbnone\u00a0\u00bb] Minimiser le risque li\u00e9 au projet. Localisation de l\u2019infrastructure, collecte et mappage des donn\u00e9es. \u00c0 propos\u00a0: Badger Infrastructure Solutions a commenc\u00e9 \u00e0 localiser et \u00e0 cartographier l\u2019infrastructure souterraine en juin\u00a02020. Nos techniciens en localisation sont form\u00e9s et \u00e9valu\u00e9s sur leurs comp\u00e9tences en d\u00e9tection [&hellip;]","og_url":"https:\/\/www.badgerinc.com\/fr\/solutions\/trouver-un-emplacement\/","og_site_name":"Badger Inc","article_modified_time":"2026-02-04T12:44:01+00:00","og_image":[{"width":1800,"height":600,"url":"https:\/\/www.badgerinc.com\/wp-content\/uploads\/2023\/09\/Badger-Locating-Solutions-Header.png","type":"image\/png"}],"twitter_card":"summary_large_image","twitter_misc":{"Estimation du temps de lecture":"2 minutes"},"schema":{"@context":"https:\/\/schema.org","@graph":[{"@type":"WebPage","@id":"https:\/\/www.badgerinc.com\/fr\/solutions\/trouver-un-emplacement\/","url":"https:\/\/www.badgerinc.com\/fr\/solutions\/trouver-un-emplacement\/","name":"D\u00c9TECTION DE SERVICES SOUTERRAINS - Badger Inc","isPartOf":{"@id":"https:\/\/www.badgerinc.com\/fr\/#website"},"primaryImageOfPage":{"@id":"https:\/\/www.badgerinc.com\/fr\/solutions\/trouver-un-emplacement\/#primaryimage"},"image":{"@id":"https:\/\/www.badgerinc.com\/fr\/solutions\/trouver-un-emplacement\/#primaryimage"},"thumbnailUrl":"https:\/\/www.badgerinc.com\/wp-content\/uploads\/2023\/09\/Badger-Locating-Solutions-Header.png","datePublished":"2023-09-18T20:19:55+00:00","dateModified":"2026-02-04T12:44:01+00:00","breadcrumb":{"@id":"https:\/\/www.badgerinc.com\/fr\/solutions\/trouver-un-emplacement\/#breadcrumb"},"inLanguage":"fr-CA","potentialAction":[{"@type":"ReadAction","target":["https:\/\/www.badgerinc.com\/fr\/solutions\/trouver-un-emplacement\/"]}]},{"@type":"ImageObject","inLanguage":"fr-CA","@id":"https:\/\/www.badgerinc.com\/fr\/solutions\/trouver-un-emplacement\/#primaryimage","url":"https:\/\/www.badgerinc.com\/wp-content\/uploads\/2023\/09\/Badger-Locating-Solutions-Header.png","contentUrl":"https:\/\/www.badgerinc.com\/wp-content\/uploads\/2023\/09\/Badger-Locating-Solutions-Header.png","width":1800,"height":600},{"@type":"BreadcrumbList","@id":"https:\/\/www.badgerinc.com\/fr\/solutions\/trouver-un-emplacement\/#breadcrumb","itemListElement":[{"@type":"ListItem","position":1,"name":"Home","item":"https:\/\/www.badgerinc.com\/fr\/"},{"@type":"ListItem","position":2,"name":"SOLUTIONS","item":"https:\/\/www.badgerinc.com\/fr\/solutions\/"},{"@type":"ListItem","position":3,"name":"D\u00c9TECTION DE SERVICES SOUTERRAINS"}]},{"@type":"WebSite","@id":"https:\/\/www.badgerinc.com\/fr\/#website","url":"https:\/\/www.badgerinc.com\/fr\/","name":"Badger Inc","description":"Badger Infrastructure Solutions Ltd. : Hydrovac, Vacuum Truck And Excavation Services Company in USA and Canada","potentialAction":[{"@type":"SearchAction","target":{"@type":"EntryPoint","urlTemplate":"https:\/\/www.badgerinc.com\/fr\/?s={search_term_string}"},"query-input":{"@type":"PropertyValueSpecification","valueRequired":true,"valueName":"search_term_string"}}],"inLanguage":"fr-CA"}]}},"_links":{"self":[{"href":"https:\/\/www.badgerinc.com\/fr\/wp-json\/wp\/v2\/pages\/1265709","targetHints":{"allow":["GET"]}}],"collection":[{"href":"https:\/\/www.badgerinc.com\/fr\/wp-json\/wp\/v2\/pages"}],"about":[{"href":"https:\/\/www.badgerinc.com\/fr\/wp-json\/wp\/v2\/types\/page"}],"author":[{"embeddable":true,"href":"https:\/\/www.badgerinc.com\/fr\/wp-json\/wp\/v2\/users\/3"}],"replies":[{"embeddable":true,"href":"https:\/\/www.badgerinc.com\/fr\/wp-json\/wp\/v2\/comments?post=1265709"}],"version-history":[{"count":0,"href":"https:\/\/www.badgerinc.com\/fr\/wp-json\/wp\/v2\/pages\/1265709\/revisions"}],"up":[{"embeddable":true,"href":"https:\/\/www.badgerinc.com\/fr\/wp-json\/wp\/v2\/pages\/1265733"}],"wp:featuredmedia":[{"embeddable":true,"href":"https:\/\/www.badgerinc.com\/fr\/wp-json\/wp\/v2\/media\/1265710"}],"wp:attachment":[{"href":"https:\/\/www.badgerinc.com\/fr\/wp-json\/wp\/v2\/media?parent=1265709"}],"curies":[{"name":"wp","href":"https:\/\/api.w.org\/{rel}","templated":true}]}}