{"id":1265701,"date":"2023-09-19T14:26:59","date_gmt":"2023-09-19T14:26:59","guid":{"rendered":"https:\/\/badgerincdev.wpenginepowered.com\/services-degout\/essais-dair\/"},"modified":"2026-02-04T12:44:01","modified_gmt":"2026-02-04T12:44:01","slug":"essais-dair","status":"publish","type":"page","link":"https:\/\/www.badgerinc.com\/fr\/solutions\/services-degout\/essais-dair\/","title":{"rendered":"ESSAIS D\u2019AIR"},"content":{"rendered":"<div class=\"wpb-content-wrapper\"><p>[vc_row wrap_container=\u00a0\u00bbyes\u00a0\u00bb css=\u00a0\u00bb.vc_custom_1695160094055{padding-top: 80px !important;padding-bottom: 50px !important;}\u00a0\u00bb el_class=\u00a0\u00bbrow-align-items-center\u00a0\u00bb conditional_render=\u00a0\u00bb%5B%7B%22value_role%22%3A%22administrator%22%7D%5D\u00a0\u00bb][vc_column animation_delay=\u00a0\u00bb\u00a0\u00bb conditional_render=\u00a0\u00bb%5B%7B%22value_role%22%3A%22administrator%22%7D%5D\u00a0\u00bb][vc_column_text css_animation=\u00a0\u00bbnone\u00a0\u00bb]<\/p>\n<h2>Certaines municipalit\u00e9s exigent des essais d\u2019air de tuyauterie.<\/h2>\n<p>L\u2019essai d\u2019air consiste \u00e0 boucher chaque extr\u00e9mit\u00e9 du tuyau pour tester toute la conduite. En cas de d\u00e9faillance, la fuite peut \u00eatre localis\u00e9e avec pr\u00e9cision en testant le tuyau par section. Les essais d\u2019air sont effectu\u00e9s conjointement avec les op\u00e9rations de rin\u00e7age et d\u2019inspection t\u00e9l\u00e9vis\u00e9e ou de fa\u00e7on ind\u00e9pendante pour indiquer une tuyauterie d\u00e9fectueuse.[\/vc_column_text][\/vc_column][\/vc_row][vc_row wrap_container=\u00a0\u00bbyes\u00a0\u00bb content_placement=\u00a0\u00bbmiddle\u00a0\u00bb conditional_render=\u00a0\u00bb%5B%7B%22value_role%22%3A%22administrator%22%7D%5D\u00a0\u00bb css=\u00a0\u00bb.vc_custom_1695046556358{margin-top: 20px !important;padding-top: 10px !important;}\u00a0\u00bb][vc_column conditional_render=\u00a0\u00bb%5B%7B%22value_role%22%3A%22administrator%22%7D%5D\u00a0\u00bb][vc_cta h2=\u00a0\u00bbObtenir une estimation\u00a0\u00bb h2_font_container=\u00a0\u00bbtag:h2|font_size:30|text_align:left\u00a0\u00bb h2_use_theme_fonts=\u00a0\u00bbyes\u00a0\u00bb h4=\u00a0\u00bbCommuniquez avec nous d\u00e8s aujourd\u2019hui.\u00a0\u00bb shape=\u00a0\u00bbsquare\u00a0\u00bb style=\u00a0\u00bbflat\u00a0\u00bb add_button=\u00a0\u00bbright\u00a0\u00bb btn_title=\u00a0\u00bbCommuniquer avec nous\u00a0\u00bb btn_skin=\u00a0\u00bbprimary\u00a0\u00bb btn_btn_fs=\u00a0\u00bb20&Prime; btn_btn_ls=\u00a0\u00bb.2&Prime; use_custom_fonts_h2=\u00a0\u00bbtrue\u00a0\u00bb btn_link=\u00a0\u00bburl:https%3A%2F%2Fwww.badgerinc.com%2Ffr%2Fobtenir-une-estimation%2F|\u00a0\u00bb btn_btn_px=\u00a0\u00bb10&Prime;][\/vc_cta][\/vc_column][\/vc_row]<\/p>\n<\/div>","protected":false},"excerpt":{"rendered":"<p>[vc_row wrap_container=\u00a0\u00bbyes\u00a0\u00bb css=\u00a0\u00bb.vc_custom_1695160094055{padding-top: 80px !important;padding-bottom: 50px !important;}\u00a0\u00bb el_class=\u00a0\u00bbrow-align-items-center\u00a0\u00bb conditional_render=\u00a0\u00bb%5B%7B%22value_role%22%3A%22administrator%22%7D%5D\u00a0\u00bb][vc_column animation_delay=\u00a0\u00bb\u00a0\u00bb conditional_render=\u00a0\u00bb%5B%7B%22value_role%22%3A%22administrator%22%7D%5D\u00a0\u00bb][vc_column_text css_animation=\u00a0\u00bbnone\u00a0\u00bb] Certaines municipalit\u00e9s exigent des essais d\u2019air de tuyauterie. L\u2019essai d\u2019air consiste \u00e0 boucher chaque extr\u00e9mit\u00e9 du tuyau pour tester toute la conduite. En cas de d\u00e9faillance, la fuite peut \u00eatre localis\u00e9e avec pr\u00e9cision en testant le tuyau par section. Les essais d\u2019air sont [&hellip;]<\/p>\n","protected":false},"author":3,"featured_media":1265702,"parent":1265657,"menu_order":0,"comment_status":"closed","ping_status":"closed","template":"","meta":{"footnotes":""},"class_list":["post-1265701","page","type-page","status-publish","has-post-thumbnail","hentry"],"yoast_head":"<!-- This site is optimized with the Yoast SEO Premium plugin v23.4 (Yoast SEO v27.2) - https:\/\/yoast.com\/product\/yoast-seo-premium-wordpress\/ -->\n<title>ESSAIS D\u2019AIR - Badger Inc<\/title>\n<meta name=\"robots\" content=\"index, follow, max-snippet:-1, max-image-preview:large, max-video-preview:-1\" \/>\n<link rel=\"canonical\" href=\"https:\/\/www.badgerinc.com\/fr\/solutions\/services-degout\/essais-dair\/\" \/>\n<meta property=\"og:locale\" content=\"fr_CA\" \/>\n<meta property=\"og:type\" content=\"article\" \/>\n<meta property=\"og:title\" content=\"ESSAIS D\u2019AIR\" \/>\n<meta property=\"og:description\" content=\"[vc_row wrap_container=\u00a0\u00bbyes\u00a0\u00bb css=\u00a0\u00bb.vc_custom_1695160094055{padding-top: 80px !important;padding-bottom: 50px !important;}\u00a0\u00bb el_class=\u00a0\u00bbrow-align-items-center\u00a0\u00bb conditional_render=\u00a0\u00bb%5B%7B%22value_role%22%3A%22administrator%22%7D%5D\u00a0\u00bb][vc_column animation_delay=\u00a0\u00bb\u00a0\u00bb conditional_render=\u00a0\u00bb%5B%7B%22value_role%22%3A%22administrator%22%7D%5D\u00a0\u00bb][vc_column_text css_animation=\u00a0\u00bbnone\u00a0\u00bb] Certaines municipalit\u00e9s exigent des essais d\u2019air de tuyauterie. L\u2019essai d\u2019air consiste \u00e0 boucher chaque extr\u00e9mit\u00e9 du tuyau pour tester toute la conduite. En cas de d\u00e9faillance, la fuite peut \u00eatre localis\u00e9e avec pr\u00e9cision en testant le tuyau par section. Les essais d\u2019air sont [&hellip;]\" \/>\n<meta property=\"og:url\" content=\"https:\/\/www.badgerinc.com\/fr\/solutions\/services-degout\/essais-dair\/\" \/>\n<meta property=\"og:site_name\" content=\"Badger Inc\" \/>\n<meta property=\"article:modified_time\" content=\"2026-02-04T12:44:01+00:00\" \/>\n<meta property=\"og:image\" content=\"https:\/\/www.badgerinc.com\/wp-content\/uploads\/2023\/09\/Air-Testing-scaled.jpg\" \/>\n\t<meta property=\"og:image:width\" content=\"2560\" \/>\n\t<meta property=\"og:image:height\" content=\"1157\" \/>\n\t<meta property=\"og:image:type\" content=\"image\/jpeg\" \/>\n<meta name=\"twitter:card\" content=\"summary_large_image\" \/>\n<meta name=\"twitter:label1\" content=\"Estimation du temps de lecture\" \/>\n\t<meta name=\"twitter:data1\" content=\"1 minute\" \/>\n<script type=\"application\/ld+json\" class=\"yoast-schema-graph\">{\"@context\":\"https:\/\/schema.org\",\"@graph\":[{\"@type\":\"WebPage\",\"@id\":\"https:\/\/www.badgerinc.com\/fr\/solutions\/services-degout\/essais-dair\/\",\"url\":\"https:\/\/www.badgerinc.com\/fr\/solutions\/services-degout\/essais-dair\/\",\"name\":\"ESSAIS D\u2019AIR - Badger Inc\",\"isPartOf\":{\"@id\":\"https:\/\/www.badgerinc.com\/fr\/#website\"},\"primaryImageOfPage\":{\"@id\":\"https:\/\/www.badgerinc.com\/fr\/solutions\/services-degout\/essais-dair\/#primaryimage\"},\"image\":{\"@id\":\"https:\/\/www.badgerinc.com\/fr\/solutions\/services-degout\/essais-dair\/#primaryimage\"},\"thumbnailUrl\":\"https:\/\/www.badgerinc.com\/wp-content\/uploads\/2023\/09\/Air-Testing-scaled.jpg\",\"datePublished\":\"2023-09-19T14:26:59+00:00\",\"dateModified\":\"2026-02-04T12:44:01+00:00\",\"breadcrumb\":{\"@id\":\"https:\/\/www.badgerinc.com\/fr\/solutions\/services-degout\/essais-dair\/#breadcrumb\"},\"inLanguage\":\"fr-CA\",\"potentialAction\":[{\"@type\":\"ReadAction\",\"target\":[\"https:\/\/www.badgerinc.com\/fr\/solutions\/services-degout\/essais-dair\/\"]}]},{\"@type\":\"ImageObject\",\"inLanguage\":\"fr-CA\",\"@id\":\"https:\/\/www.badgerinc.com\/fr\/solutions\/services-degout\/essais-dair\/#primaryimage\",\"url\":\"https:\/\/www.badgerinc.com\/wp-content\/uploads\/2023\/09\/Air-Testing-scaled.jpg\",\"contentUrl\":\"https:\/\/www.badgerinc.com\/wp-content\/uploads\/2023\/09\/Air-Testing-scaled.jpg\",\"width\":2560,\"height\":1157},{\"@type\":\"BreadcrumbList\",\"@id\":\"https:\/\/www.badgerinc.com\/fr\/solutions\/services-degout\/essais-dair\/#breadcrumb\",\"itemListElement\":[{\"@type\":\"ListItem\",\"position\":1,\"name\":\"Home\",\"item\":\"https:\/\/www.badgerinc.com\/fr\/\"},{\"@type\":\"ListItem\",\"position\":2,\"name\":\"SOLUTIONS\",\"item\":\"https:\/\/www.badgerinc.com\/fr\/solutions\/\"},{\"@type\":\"ListItem\",\"position\":3,\"name\":\"SERVICES D\u2019\u00c9GOUT\",\"item\":\"https:\/\/www.badgerinc.com\/fr\/solutions\/sewer-services\/\"},{\"@type\":\"ListItem\",\"position\":4,\"name\":\"ESSAIS D\u2019AIR\"}]},{\"@type\":\"WebSite\",\"@id\":\"https:\/\/www.badgerinc.com\/fr\/#website\",\"url\":\"https:\/\/www.badgerinc.com\/fr\/\",\"name\":\"Badger Inc\",\"description\":\"Badger Infrastructure Solutions Ltd. : Hydrovac, Vacuum Truck And Excavation Services Company in USA and Canada\",\"potentialAction\":[{\"@type\":\"SearchAction\",\"target\":{\"@type\":\"EntryPoint\",\"urlTemplate\":\"https:\/\/www.badgerinc.com\/fr\/?s={search_term_string}\"},\"query-input\":{\"@type\":\"PropertyValueSpecification\",\"valueRequired\":true,\"valueName\":\"search_term_string\"}}],\"inLanguage\":\"fr-CA\"}]}<\/script>\n<!-- \/ Yoast SEO Premium plugin. -->","yoast_head_json":{"title":"ESSAIS D\u2019AIR - Badger Inc","robots":{"index":"index","follow":"follow","max-snippet":"max-snippet:-1","max-image-preview":"max-image-preview:large","max-video-preview":"max-video-preview:-1"},"canonical":"https:\/\/www.badgerinc.com\/fr\/solutions\/services-degout\/essais-dair\/","og_locale":"fr_CA","og_type":"article","og_title":"ESSAIS D\u2019AIR","og_description":"[vc_row wrap_container=\u00a0\u00bbyes\u00a0\u00bb css=\u00a0\u00bb.vc_custom_1695160094055{padding-top: 80px !important;padding-bottom: 50px !important;}\u00a0\u00bb el_class=\u00a0\u00bbrow-align-items-center\u00a0\u00bb conditional_render=\u00a0\u00bb%5B%7B%22value_role%22%3A%22administrator%22%7D%5D\u00a0\u00bb][vc_column animation_delay=\u00a0\u00bb\u00a0\u00bb conditional_render=\u00a0\u00bb%5B%7B%22value_role%22%3A%22administrator%22%7D%5D\u00a0\u00bb][vc_column_text css_animation=\u00a0\u00bbnone\u00a0\u00bb] Certaines municipalit\u00e9s exigent des essais d\u2019air de tuyauterie. L\u2019essai d\u2019air consiste \u00e0 boucher chaque extr\u00e9mit\u00e9 du tuyau pour tester toute la conduite. En cas de d\u00e9faillance, la fuite peut \u00eatre localis\u00e9e avec pr\u00e9cision en testant le tuyau par section. Les essais d\u2019air sont [&hellip;]","og_url":"https:\/\/www.badgerinc.com\/fr\/solutions\/services-degout\/essais-dair\/","og_site_name":"Badger Inc","article_modified_time":"2026-02-04T12:44:01+00:00","og_image":[{"width":2560,"height":1157,"url":"https:\/\/www.badgerinc.com\/wp-content\/uploads\/2023\/09\/Air-Testing-scaled.jpg","type":"image\/jpeg"}],"twitter_card":"summary_large_image","twitter_misc":{"Estimation du temps de lecture":"1 minute"},"schema":{"@context":"https:\/\/schema.org","@graph":[{"@type":"WebPage","@id":"https:\/\/www.badgerinc.com\/fr\/solutions\/services-degout\/essais-dair\/","url":"https:\/\/www.badgerinc.com\/fr\/solutions\/services-degout\/essais-dair\/","name":"ESSAIS D\u2019AIR - Badger Inc","isPartOf":{"@id":"https:\/\/www.badgerinc.com\/fr\/#website"},"primaryImageOfPage":{"@id":"https:\/\/www.badgerinc.com\/fr\/solutions\/services-degout\/essais-dair\/#primaryimage"},"image":{"@id":"https:\/\/www.badgerinc.com\/fr\/solutions\/services-degout\/essais-dair\/#primaryimage"},"thumbnailUrl":"https:\/\/www.badgerinc.com\/wp-content\/uploads\/2023\/09\/Air-Testing-scaled.jpg","datePublished":"2023-09-19T14:26:59+00:00","dateModified":"2026-02-04T12:44:01+00:00","breadcrumb":{"@id":"https:\/\/www.badgerinc.com\/fr\/solutions\/services-degout\/essais-dair\/#breadcrumb"},"inLanguage":"fr-CA","potentialAction":[{"@type":"ReadAction","target":["https:\/\/www.badgerinc.com\/fr\/solutions\/services-degout\/essais-dair\/"]}]},{"@type":"ImageObject","inLanguage":"fr-CA","@id":"https:\/\/www.badgerinc.com\/fr\/solutions\/services-degout\/essais-dair\/#primaryimage","url":"https:\/\/www.badgerinc.com\/wp-content\/uploads\/2023\/09\/Air-Testing-scaled.jpg","contentUrl":"https:\/\/www.badgerinc.com\/wp-content\/uploads\/2023\/09\/Air-Testing-scaled.jpg","width":2560,"height":1157},{"@type":"BreadcrumbList","@id":"https:\/\/www.badgerinc.com\/fr\/solutions\/services-degout\/essais-dair\/#breadcrumb","itemListElement":[{"@type":"ListItem","position":1,"name":"Home","item":"https:\/\/www.badgerinc.com\/fr\/"},{"@type":"ListItem","position":2,"name":"SOLUTIONS","item":"https:\/\/www.badgerinc.com\/fr\/solutions\/"},{"@type":"ListItem","position":3,"name":"SERVICES D\u2019\u00c9GOUT","item":"https:\/\/www.badgerinc.com\/fr\/solutions\/sewer-services\/"},{"@type":"ListItem","position":4,"name":"ESSAIS D\u2019AIR"}]},{"@type":"WebSite","@id":"https:\/\/www.badgerinc.com\/fr\/#website","url":"https:\/\/www.badgerinc.com\/fr\/","name":"Badger Inc","description":"Badger Infrastructure Solutions Ltd. : Hydrovac, Vacuum Truck And Excavation Services Company in USA and Canada","potentialAction":[{"@type":"SearchAction","target":{"@type":"EntryPoint","urlTemplate":"https:\/\/www.badgerinc.com\/fr\/?s={search_term_string}"},"query-input":{"@type":"PropertyValueSpecification","valueRequired":true,"valueName":"search_term_string"}}],"inLanguage":"fr-CA"}]}},"_links":{"self":[{"href":"https:\/\/www.badgerinc.com\/fr\/wp-json\/wp\/v2\/pages\/1265701","targetHints":{"allow":["GET"]}}],"collection":[{"href":"https:\/\/www.badgerinc.com\/fr\/wp-json\/wp\/v2\/pages"}],"about":[{"href":"https:\/\/www.badgerinc.com\/fr\/wp-json\/wp\/v2\/types\/page"}],"author":[{"embeddable":true,"href":"https:\/\/www.badgerinc.com\/fr\/wp-json\/wp\/v2\/users\/3"}],"replies":[{"embeddable":true,"href":"https:\/\/www.badgerinc.com\/fr\/wp-json\/wp\/v2\/comments?post=1265701"}],"version-history":[{"count":0,"href":"https:\/\/www.badgerinc.com\/fr\/wp-json\/wp\/v2\/pages\/1265701\/revisions"}],"up":[{"embeddable":true,"href":"https:\/\/www.badgerinc.com\/fr\/wp-json\/wp\/v2\/pages\/1265657"}],"wp:featuredmedia":[{"embeddable":true,"href":"https:\/\/www.badgerinc.com\/fr\/wp-json\/wp\/v2\/media\/1265702"}],"wp:attachment":[{"href":"https:\/\/www.badgerinc.com\/fr\/wp-json\/wp\/v2\/media?parent=1265701"}],"curies":[{"name":"wp","href":"https:\/\/api.w.org\/{rel}","templated":true}]}}