{"id":1265683,"date":"2023-09-19T20:42:49","date_gmt":"2023-09-19T20:42:49","guid":{"rendered":"https:\/\/badgerincdev.wpenginepowered.com\/secteurs-que-nous-servons\/"},"modified":"2026-02-04T12:44:03","modified_gmt":"2026-02-04T12:44:03","slug":"secteurs-que-nous-servons","status":"publish","type":"page","link":"https:\/\/www.badgerinc.com\/fr\/secteurs-que-nous-servons\/","title":{"rendered":"SECTEURS DESSERVIS"},"content":{"rendered":"<div class=\"wpb-content-wrapper\"><p>[vc_row wrap_container=\u00a0\u00bbyes\u00a0\u00bb css=\u00a0\u00bb.vc_custom_1695236123954{padding-top: 80px !important;padding-bottom: 50px !important;}\u00a0\u00bb el_class=\u00a0\u00bbrow-align-items-center\u00a0\u00bb conditional_render=\u00a0\u00bb%5B%7B%22value_role%22%3A%22administrator%22%7D%5D\u00a0\u00bb][vc_column animation_delay=\u00a0\u00bb\u00a0\u00bb conditional_render=\u00a0\u00bb%5B%7B%22value_role%22%3A%22administrator%22%7D%5D\u00a0\u00bb][vc_column_text css_animation=\u00a0\u00bbnone\u00a0\u00bb]<\/p>\n<h2><strong>Badger offre une vaste gamme de services et d\u2019applications \u00e0 un large \u00e9ventail d\u2019industries en Am\u00e9rique du Nord.\u00a0<\/strong><\/h2>\n<p>[\/vc_column_text][\/vc_column][\/vc_row][vc_row wrap_container=\u00a0\u00bbyes\u00a0\u00bb gap=\u00a0\u00bb30&Prime; conditional_render=\u00a0\u00bb%5B%7B%22value_role%22%3A%22administrator%22%7D%5D\u00a0\u00bb][vc_column width=\u00a0\u00bb1\/2&Prime;][vc_hoverbox image=\u00a0\u00bb1265695&Prime; primary_title=\u00a0\u00bb\u00a0\u00bb hover_title=\u00a0\u00bbAGR\u00c9GAT\u00a0\u00bb shape=\u00a0\u00bbsquare\u00a0\u00bb hover_background_color=\u00a0\u00bbwhite\u00a0\u00bb]L\u2019excavation hydraulique est de nature non destructive, de sorte que notre processus d\u2019utilisation d\u2019eau sous pression et d\u2019air pour aspirer le sol et les d\u00e9bris dans notre r\u00e9servoir de r\u00e9tention est plus pr\u00e9cis.<\/p>\n<p>Cette m\u00e9thode permet \u00e0 notre \u00e9quipe d\u2019excaver le sol et de localiser les services publics souterrains cach\u00e9s.[\/vc_hoverbox][vc_empty_space][\/vc_column][vc_column width=\u00a0\u00bb1\/2&Prime;][vc_hoverbox image=\u00a0\u00bb1265686&Prime; primary_title=\u00a0\u00bb\u00a0\u00bb hover_title=\u00a0\u00bbCONSTRUCTION\u00a0\u00bb shape=\u00a0\u00bbsquare\u00a0\u00bb hover_background_color=\u00a0\u00bbwhite\u00a0\u00bb]Depuis 25\u00a0ans, la technologie novatrice de Badger soutient l\u2019industrie de la construction dans ses projets d\u2019excavation. L\u00e0 o\u00f9 la s\u00e9curit\u00e9 est cruciale, la flotte de Badger aide les clients \u00e0 relever les d\u00e9fis auxquels ils font face pendant les projets.[\/vc_hoverbox][vc_empty_space][\/vc_column][\/vc_row][vc_row wrap_container=\u00a0\u00bbyes\u00a0\u00bb gap=\u00a0\u00bb30&Prime; conditional_render=\u00a0\u00bb%5B%7B%22value_role%22%3A%22administrator%22%7D%5D\u00a0\u00bb][vc_column width=\u00a0\u00bb1\/2&Prime;][vc_hoverbox image=\u00a0\u00bb1265687&Prime; primary_title=\u00a0\u00bb\u00a0\u00bb hover_title=\u00a0\u00bbING\u00c9NIERIE\u00a0\u00bb shape=\u00a0\u00bbsquare\u00a0\u00bb hover_background_color=\u00a0\u00bbwhite\u00a0\u00bb]Badger offre des services de mise \u00e0 d\u00e9couvert conformes et fiables \u00e0 l\u2019\u00e9chelle de l\u2019industrie aux ing\u00e9nieurs et \u00e0 l\u2019industrie de l\u2019ing\u00e9nierie. Les op\u00e9rateurs de Badger connaissent les plus r\u00e9cents codes et pratiques de construction, offrant ainsi aux ing\u00e9nieurs des solutions viables pour r\u00e9soudre les d\u00e9fis du projet.[\/vc_hoverbox][vc_empty_space][\/vc_column][vc_column width=\u00a0\u00bb1\/2&Prime;][vc_hoverbox image=\u00a0\u00bb1265696&Prime; primary_title=\u00a0\u00bb\u00a0\u00bb hover_title=\u00a0\u00bbINDUSTRIEL\u00a0\u00bb shape=\u00a0\u00bbsquare\u00a0\u00bb hover_background_color=\u00a0\u00bbwhite\u00a0\u00bb]Le syst\u00e8me Hydrovac Badger a \u00e9t\u00e9 con\u00e7u pour r\u00e9pondre aux exigences de nos clients industriels dont les lieux de travail comprennent\u00a0: des b\u00e2timents, des usines de traitement et de fabrication.[\/vc_hoverbox][vc_empty_space][\/vc_column][\/vc_row][vc_row wrap_container=\u00a0\u00bbyes\u00a0\u00bb gap=\u00a0\u00bb30&Prime; conditional_render=\u00a0\u00bb%5B%7B%22value_role%22%3A%22administrator%22%7D%5D\u00a0\u00bb][vc_column width=\u00a0\u00bb1\/2&Prime;][vc_hoverbox image=\u00a0\u00bb1265690&Prime; primary_title=\u00a0\u00bb\u00a0\u00bb hover_title=\u00a0\u00bbEXPLOITATION MINI\u00c8RE\u00a0\u00bb shape=\u00a0\u00bbsquare\u00a0\u00bb hover_background_color=\u00a0\u00bbwhite\u00a0\u00bb]L\u2019exploitation mini\u00e8re consiste \u00e0 d\u00e9couvrir, \u00e0 valoriser, \u00e0 d\u00e9velopper, \u00e0 exploiter, \u00e0 traiter et \u00e0 commercialiser des min\u00e9raux utiles, comme le charbon, le fer ou les m\u00e9taux pr\u00e9cieux. L\u2019industrie mini\u00e8re trouve les min\u00e9raux et les extrait de la mani\u00e8re la plus \u00e9conomique et efficace possible afin qu\u2019ils soient utilis\u00e9s par diverses industries, telles que la production d\u2019\u00e9nergie et la construction.[\/vc_hoverbox][vc_empty_space][\/vc_column][vc_column width=\u00a0\u00bb1\/2&Prime;][vc_hoverbox image=\u00a0\u00bb1265691&Prime; primary_title=\u00a0\u00bb\u00a0\u00bb hover_title=\u00a0\u00bbP\u00c9TROLE ET GAZ\u00a0\u00bb shape=\u00a0\u00bbsquare\u00a0\u00bb hover_background_color=\u00a0\u00bbwhite\u00a0\u00bb]L\u2019industrie p\u00e9troli\u00e8re et gazi\u00e8re a un investissement financier important dans les infrastructures de pipelines et de p\u00e9trole\/gaz partout en Am\u00e9rique du Nord, et ils font implicitement confiance au syst\u00e8me Badger Hydrovac, plus que l\u2019excavation m\u00e9canique, afin de fournir des services d\u2019hydroexcavation et de mise \u00e0 d\u00e9couvert s\u00e9curitaires pour r\u00e9pondre \u00e0 leurs normes de s\u00e9curit\u00e9 \u00e9lev\u00e9es et pour prot\u00e9ger leurs installations lorsqu\u2019ils doivent d\u00e9terrer des actifs enfouis.[\/vc_hoverbox][vc_empty_space][\/vc_column][\/vc_row][vc_row wrap_container=\u00a0\u00bbyes\u00a0\u00bb gap=\u00a0\u00bb30&Prime; conditional_render=\u00a0\u00bb%5B%7B%22value_role%22%3A%22administrator%22%7D%5D\u00a0\u00bb][vc_column width=\u00a0\u00bb1\/2&Prime;][vc_hoverbox image=\u00a0\u00bb1265692&Prime; primary_title=\u00a0\u00bb\u00a0\u00bb hover_title=\u00a0\u00bbPRODUCTION D\u2019\u00c9NERGIE\u00a0\u00bb shape=\u00a0\u00bbsquare\u00a0\u00bb hover_background_color=\u00a0\u00bbwhite\u00a0\u00bb]Badger poss\u00e8de une vaste exp\u00e9rience dans le soutien de projets dans des postes de production de charbon et de gaz, des centrales nucl\u00e9aires, ainsi que des projets de parcs \u00e9olien et solaire.<\/p>\n<p>Le syst\u00e8me Hydrovac Badger a \u00e9t\u00e9 sp\u00e9cialement con\u00e7u pour relever les d\u00e9fis au-dessus du sol et souterrains de l\u2019industrie de la production d\u2019\u00e9nergie.[\/vc_hoverbox][vc_empty_space][\/vc_column][vc_column width=\u00a0\u00bb1\/2&Prime;][vc_hoverbox image=\u00a0\u00bb1265693&Prime; primary_title=\u00a0\u00bb\u00a0\u00bb hover_title=\u00a0\u00bbHYDROVAC POUR CHEMINS DE FER\u00a0\u00bb shape=\u00a0\u00bbsquare\u00a0\u00bb hover_background_color=\u00a0\u00bbwhite\u00a0\u00bb]Badger Rail Hydrovac Services fournit aux clients des projets avec emprise ferroviaire dans les zones o\u00f9 la congestion des services publics est importante. Badger peut creuser en toute s\u00e9curit\u00e9 dans ces endroits en une fraction du temps requis pour creuser \u00e0 la main la m\u00eame application. Par cons\u00e9quent, les clients de Badger b\u00e9n\u00e9ficient d\u2019une s\u00e9curit\u00e9 accrue, d\u2019une plus grande productivit\u00e9 et de co\u00fbts r\u00e9duits pour de tels projets.[\/vc_hoverbox][vc_empty_space][\/vc_column][\/vc_row][vc_row wrap_container=\u00a0\u00bbyes\u00a0\u00bb gap=\u00a0\u00bb30&Prime; conditional_render=\u00a0\u00bb%5B%7B%22value_role%22%3A%22administrator%22%7D%5D\u00a0\u00bb][vc_column width=\u00a0\u00bb1\/2&Prime;][vc_hoverbox image=\u00a0\u00bb1265694&Prime; primary_title=\u00a0\u00bb\u00a0\u00bb hover_title=\u00a0\u00bbTRANSPORTS\u00a0\u00bb shape=\u00a0\u00bbsquare\u00a0\u00bb hover_background_color=\u00a0\u00bbwhite\u00a0\u00bb]Badger offre un service d\u2019hydro-excavation au secteur des transports, qui comprend les a\u00e9roports, les routes et l\u2019infrastructure ferroviaire. Tous ces \u00e9l\u00e9ments d\u00e9pendent de r\u00e9parations s\u00e9curitaires et rapides pour assurer un flux de circulation efficace et continu. Toute perturbation de ces services peut avoir un effet paralysant sur les op\u00e9rations ayant des r\u00e9percussions consid\u00e9rables et peut entra\u00eener une perte importante de revenus.[\/vc_hoverbox][vc_empty_space][\/vc_column][vc_column width=\u00a0\u00bb1\/2&Prime;][vc_hoverbox image=\u00a0\u00bb1265697&Prime; primary_title=\u00a0\u00bb\u00a0\u00bb hover_title=\u00a0\u00bbSERVICES PUBLICS\u00a0\u00bb shape=\u00a0\u00bbsquare\u00a0\u00bb hover_background_color=\u00a0\u00bbwhite\u00a0\u00bb]Les normes de s\u00e9curit\u00e9 strictes de Badger sont appliqu\u00e9es \u00e0 tous les projets pour s\u2019assurer que des protections ad\u00e9quates sont en place pour les travailleurs, les infrastructures et les risques li\u00e9s aux projets. Notre vaste programme de sant\u00e9 et s\u00e9curit\u00e9 garantit que nos op\u00e9rateurs d\u2019Hydrovac Badger sont \u00e9quip\u00e9s de pratiques et de proc\u00e9dures de s\u00e9curit\u00e9 de pointe. Nous formons pour identifier les dangers existants et potentiels dans les conditions de travail environnantes et prendre des mesures correctives pour les \u00e9liminer.[\/vc_hoverbox][vc_empty_space][\/vc_column][\/vc_row][vc_row wrap_container=\u00a0\u00bbyes\u00a0\u00bb content_placement=\u00a0\u00bbmiddle\u00a0\u00bb conditional_render=\u00a0\u00bb%5B%7B%22value_role%22%3A%22administrator%22%7D%5D\u00a0\u00bb css=\u00a0\u00bb.vc_custom_1695046556358{margin-top: 20px !important;padding-top: 10px !important;}\u00a0\u00bb][vc_column conditional_render=\u00a0\u00bb%5B%7B%22value_role%22%3A%22administrator%22%7D%5D\u00a0\u00bb][vc_cta h2=\u00a0\u00bbObtenir une estimation\u00a0\u00bb h2_font_container=\u00a0\u00bbtag:h2|font_size:30|text_align:left\u00a0\u00bb h2_use_theme_fonts=\u00a0\u00bbyes\u00a0\u00bb h4=\u00a0\u00bbCommuniquez avec nous d\u00e8s aujourd\u2019hui.\u00a0\u00bb shape=\u00a0\u00bbsquare\u00a0\u00bb style=\u00a0\u00bbflat\u00a0\u00bb add_button=\u00a0\u00bbright\u00a0\u00bb btn_title=\u00a0\u00bbCommuniquer avec nous\u00a0\u00bb btn_skin=\u00a0\u00bbprimary\u00a0\u00bb btn_btn_fs=\u00a0\u00bb20&Prime; btn_btn_ls=\u00a0\u00bb.2&Prime; use_custom_fonts_h2=\u00a0\u00bbtrue\u00a0\u00bb btn_link=\u00a0\u00bburl:https%3A%2F%2Fwww.badgerinc.com%2Ffr%2Fobtenir-une-estimation%2F|\u00a0\u00bb btn_btn_px=\u00a0\u00bb10&Prime;][\/vc_cta][\/vc_column][\/vc_row]<\/p>\n<\/div>","protected":false},"excerpt":{"rendered":"<p>[vc_row wrap_container=\u00a0\u00bbyes\u00a0\u00bb css=\u00a0\u00bb.vc_custom_1695236123954{padding-top: 80px !important;padding-bottom: 50px !important;}\u00a0\u00bb el_class=\u00a0\u00bbrow-align-items-center\u00a0\u00bb conditional_render=\u00a0\u00bb%5B%7B%22value_role%22%3A%22administrator%22%7D%5D\u00a0\u00bb][vc_column animation_delay=\u00a0\u00bb\u00a0\u00bb conditional_render=\u00a0\u00bb%5B%7B%22value_role%22%3A%22administrator%22%7D%5D\u00a0\u00bb][vc_column_text css_animation=\u00a0\u00bbnone\u00a0\u00bb] Badger offre une vaste gamme de services et d\u2019applications \u00e0 un large \u00e9ventail d\u2019industries en Am\u00e9rique du Nord.\u00a0 [\/vc_column_text][\/vc_column][\/vc_row][vc_row wrap_container=\u00a0\u00bbyes\u00a0\u00bb gap=\u00a0\u00bb30&Prime; conditional_render=\u00a0\u00bb%5B%7B%22value_role%22%3A%22administrator%22%7D%5D\u00a0\u00bb][vc_column width=\u00a0\u00bb1\/2&Prime;][vc_hoverbox image=\u00a0\u00bb1265695&Prime; primary_title=\u00a0\u00bb\u00a0\u00bb hover_title=\u00a0\u00bbAGR\u00c9GAT\u00a0\u00bb shape=\u00a0\u00bbsquare\u00a0\u00bb hover_background_color=\u00a0\u00bbwhite\u00a0\u00bb]L\u2019excavation hydraulique est de nature non destructive, de sorte que notre processus d\u2019utilisation d\u2019eau sous pression [&hellip;]<\/p>\n","protected":false},"author":3,"featured_media":1265684,"parent":0,"menu_order":0,"comment_status":"closed","ping_status":"closed","template":"","meta":{"footnotes":""},"class_list":["post-1265683","page","type-page","status-publish","has-post-thumbnail","hentry"],"yoast_head":"<!-- This site is optimized with the Yoast SEO Premium plugin v23.4 (Yoast SEO v27.2) - https:\/\/yoast.com\/product\/yoast-seo-premium-wordpress\/ -->\n<title>SECTEURS DESSERVIS - Badger Inc<\/title>\n<meta name=\"robots\" content=\"index, follow, max-snippet:-1, max-image-preview:large, max-video-preview:-1\" \/>\n<link rel=\"canonical\" href=\"https:\/\/www.badgerinc.com\/fr\/secteurs-que-nous-servons\/\" \/>\n<meta property=\"og:locale\" content=\"fr_CA\" \/>\n<meta property=\"og:type\" content=\"article\" \/>\n<meta property=\"og:title\" content=\"SECTEURS DESSERVIS\" \/>\n<meta property=\"og:description\" content=\"[vc_row wrap_container=\u00a0\u00bbyes\u00a0\u00bb css=\u00a0\u00bb.vc_custom_1695236123954{padding-top: 80px !important;padding-bottom: 50px !important;}\u00a0\u00bb el_class=\u00a0\u00bbrow-align-items-center\u00a0\u00bb conditional_render=\u00a0\u00bb%5B%7B%22value_role%22%3A%22administrator%22%7D%5D\u00a0\u00bb][vc_column animation_delay=\u00a0\u00bb\u00a0\u00bb conditional_render=\u00a0\u00bb%5B%7B%22value_role%22%3A%22administrator%22%7D%5D\u00a0\u00bb][vc_column_text css_animation=\u00a0\u00bbnone\u00a0\u00bb] Badger offre une vaste gamme de services et d\u2019applications \u00e0 un large \u00e9ventail d\u2019industries en Am\u00e9rique du Nord.\u00a0 [\/vc_column_text][\/vc_column][\/vc_row][vc_row wrap_container=\u00a0\u00bbyes\u00a0\u00bb gap=\u00a0\u00bb30&Prime; conditional_render=\u00a0\u00bb%5B%7B%22value_role%22%3A%22administrator%22%7D%5D\u00a0\u00bb][vc_column width=\u00a0\u00bb1\/2&Prime;][vc_hoverbox image=\u00a0\u00bb1265695&Prime; primary_title=\u00a0\u00bb\u00a0\u00bb hover_title=\u00a0\u00bbAGR\u00c9GAT\u00a0\u00bb shape=\u00a0\u00bbsquare\u00a0\u00bb hover_background_color=\u00a0\u00bbwhite\u00a0\u00bb]L\u2019excavation hydraulique est de nature non destructive, de sorte que notre processus d\u2019utilisation d\u2019eau sous pression [&hellip;]\" \/>\n<meta property=\"og:url\" content=\"https:\/\/www.badgerinc.com\/fr\/secteurs-que-nous-servons\/\" \/>\n<meta property=\"og:site_name\" content=\"Badger Inc\" \/>\n<meta property=\"article:modified_time\" content=\"2026-02-04T12:44:03+00:00\" \/>\n<meta property=\"og:image\" content=\"https:\/\/www.badgerinc.com\/wp-content\/uploads\/2023\/09\/Badger-Industries-Served.jpg\" \/>\n\t<meta property=\"og:image:width\" content=\"1800\" \/>\n\t<meta property=\"og:image:height\" content=\"450\" \/>\n\t<meta property=\"og:image:type\" content=\"image\/jpeg\" \/>\n<meta name=\"twitter:card\" content=\"summary_large_image\" \/>\n<meta name=\"twitter:label1\" content=\"Estimation du temps de lecture\" \/>\n\t<meta name=\"twitter:data1\" content=\"6 minutes\" \/>\n<script type=\"application\/ld+json\" class=\"yoast-schema-graph\">{\"@context\":\"https:\/\/schema.org\",\"@graph\":[{\"@type\":\"WebPage\",\"@id\":\"https:\/\/www.badgerinc.com\/fr\/secteurs-que-nous-servons\/\",\"url\":\"https:\/\/www.badgerinc.com\/fr\/secteurs-que-nous-servons\/\",\"name\":\"SECTEURS DESSERVIS - Badger Inc\",\"isPartOf\":{\"@id\":\"https:\/\/www.badgerinc.com\/fr\/#website\"},\"primaryImageOfPage\":{\"@id\":\"https:\/\/www.badgerinc.com\/fr\/secteurs-que-nous-servons\/#primaryimage\"},\"image\":{\"@id\":\"https:\/\/www.badgerinc.com\/fr\/secteurs-que-nous-servons\/#primaryimage\"},\"thumbnailUrl\":\"https:\/\/www.badgerinc.com\/wp-content\/uploads\/2023\/09\/Badger-Industries-Served.jpg\",\"datePublished\":\"2023-09-19T20:42:49+00:00\",\"dateModified\":\"2026-02-04T12:44:03+00:00\",\"breadcrumb\":{\"@id\":\"https:\/\/www.badgerinc.com\/fr\/secteurs-que-nous-servons\/#breadcrumb\"},\"inLanguage\":\"fr-CA\",\"potentialAction\":[{\"@type\":\"ReadAction\",\"target\":[\"https:\/\/www.badgerinc.com\/fr\/secteurs-que-nous-servons\/\"]}]},{\"@type\":\"ImageObject\",\"inLanguage\":\"fr-CA\",\"@id\":\"https:\/\/www.badgerinc.com\/fr\/secteurs-que-nous-servons\/#primaryimage\",\"url\":\"https:\/\/www.badgerinc.com\/wp-content\/uploads\/2023\/09\/Badger-Industries-Served.jpg\",\"contentUrl\":\"https:\/\/www.badgerinc.com\/wp-content\/uploads\/2023\/09\/Badger-Industries-Served.jpg\",\"width\":1800,\"height\":450},{\"@type\":\"BreadcrumbList\",\"@id\":\"https:\/\/www.badgerinc.com\/fr\/secteurs-que-nous-servons\/#breadcrumb\",\"itemListElement\":[{\"@type\":\"ListItem\",\"position\":1,\"name\":\"Home\",\"item\":\"https:\/\/www.badgerinc.com\/fr\/\"},{\"@type\":\"ListItem\",\"position\":2,\"name\":\"SECTEURS DESSERVIS\"}]},{\"@type\":\"WebSite\",\"@id\":\"https:\/\/www.badgerinc.com\/fr\/#website\",\"url\":\"https:\/\/www.badgerinc.com\/fr\/\",\"name\":\"Badger Inc\",\"description\":\"Badger Infrastructure Solutions Ltd. : Hydrovac, Vacuum Truck And Excavation Services Company in USA and Canada\",\"potentialAction\":[{\"@type\":\"SearchAction\",\"target\":{\"@type\":\"EntryPoint\",\"urlTemplate\":\"https:\/\/www.badgerinc.com\/fr\/?s={search_term_string}\"},\"query-input\":{\"@type\":\"PropertyValueSpecification\",\"valueRequired\":true,\"valueName\":\"search_term_string\"}}],\"inLanguage\":\"fr-CA\"}]}<\/script>\n<!-- \/ Yoast SEO Premium plugin. -->","yoast_head_json":{"title":"SECTEURS DESSERVIS - Badger Inc","robots":{"index":"index","follow":"follow","max-snippet":"max-snippet:-1","max-image-preview":"max-image-preview:large","max-video-preview":"max-video-preview:-1"},"canonical":"https:\/\/www.badgerinc.com\/fr\/secteurs-que-nous-servons\/","og_locale":"fr_CA","og_type":"article","og_title":"SECTEURS DESSERVIS","og_description":"[vc_row wrap_container=\u00a0\u00bbyes\u00a0\u00bb css=\u00a0\u00bb.vc_custom_1695236123954{padding-top: 80px !important;padding-bottom: 50px !important;}\u00a0\u00bb el_class=\u00a0\u00bbrow-align-items-center\u00a0\u00bb conditional_render=\u00a0\u00bb%5B%7B%22value_role%22%3A%22administrator%22%7D%5D\u00a0\u00bb][vc_column animation_delay=\u00a0\u00bb\u00a0\u00bb conditional_render=\u00a0\u00bb%5B%7B%22value_role%22%3A%22administrator%22%7D%5D\u00a0\u00bb][vc_column_text css_animation=\u00a0\u00bbnone\u00a0\u00bb] Badger offre une vaste gamme de services et d\u2019applications \u00e0 un large \u00e9ventail d\u2019industries en Am\u00e9rique du Nord.\u00a0 [\/vc_column_text][\/vc_column][\/vc_row][vc_row wrap_container=\u00a0\u00bbyes\u00a0\u00bb gap=\u00a0\u00bb30&Prime; conditional_render=\u00a0\u00bb%5B%7B%22value_role%22%3A%22administrator%22%7D%5D\u00a0\u00bb][vc_column width=\u00a0\u00bb1\/2&Prime;][vc_hoverbox image=\u00a0\u00bb1265695&Prime; primary_title=\u00a0\u00bb\u00a0\u00bb hover_title=\u00a0\u00bbAGR\u00c9GAT\u00a0\u00bb shape=\u00a0\u00bbsquare\u00a0\u00bb hover_background_color=\u00a0\u00bbwhite\u00a0\u00bb]L\u2019excavation hydraulique est de nature non destructive, de sorte que notre processus d\u2019utilisation d\u2019eau sous pression [&hellip;]","og_url":"https:\/\/www.badgerinc.com\/fr\/secteurs-que-nous-servons\/","og_site_name":"Badger Inc","article_modified_time":"2026-02-04T12:44:03+00:00","og_image":[{"width":1800,"height":450,"url":"https:\/\/www.badgerinc.com\/wp-content\/uploads\/2023\/09\/Badger-Industries-Served.jpg","type":"image\/jpeg"}],"twitter_card":"summary_large_image","twitter_misc":{"Estimation du temps de lecture":"6 minutes"},"schema":{"@context":"https:\/\/schema.org","@graph":[{"@type":"WebPage","@id":"https:\/\/www.badgerinc.com\/fr\/secteurs-que-nous-servons\/","url":"https:\/\/www.badgerinc.com\/fr\/secteurs-que-nous-servons\/","name":"SECTEURS DESSERVIS - Badger Inc","isPartOf":{"@id":"https:\/\/www.badgerinc.com\/fr\/#website"},"primaryImageOfPage":{"@id":"https:\/\/www.badgerinc.com\/fr\/secteurs-que-nous-servons\/#primaryimage"},"image":{"@id":"https:\/\/www.badgerinc.com\/fr\/secteurs-que-nous-servons\/#primaryimage"},"thumbnailUrl":"https:\/\/www.badgerinc.com\/wp-content\/uploads\/2023\/09\/Badger-Industries-Served.jpg","datePublished":"2023-09-19T20:42:49+00:00","dateModified":"2026-02-04T12:44:03+00:00","breadcrumb":{"@id":"https:\/\/www.badgerinc.com\/fr\/secteurs-que-nous-servons\/#breadcrumb"},"inLanguage":"fr-CA","potentialAction":[{"@type":"ReadAction","target":["https:\/\/www.badgerinc.com\/fr\/secteurs-que-nous-servons\/"]}]},{"@type":"ImageObject","inLanguage":"fr-CA","@id":"https:\/\/www.badgerinc.com\/fr\/secteurs-que-nous-servons\/#primaryimage","url":"https:\/\/www.badgerinc.com\/wp-content\/uploads\/2023\/09\/Badger-Industries-Served.jpg","contentUrl":"https:\/\/www.badgerinc.com\/wp-content\/uploads\/2023\/09\/Badger-Industries-Served.jpg","width":1800,"height":450},{"@type":"BreadcrumbList","@id":"https:\/\/www.badgerinc.com\/fr\/secteurs-que-nous-servons\/#breadcrumb","itemListElement":[{"@type":"ListItem","position":1,"name":"Home","item":"https:\/\/www.badgerinc.com\/fr\/"},{"@type":"ListItem","position":2,"name":"SECTEURS DESSERVIS"}]},{"@type":"WebSite","@id":"https:\/\/www.badgerinc.com\/fr\/#website","url":"https:\/\/www.badgerinc.com\/fr\/","name":"Badger Inc","description":"Badger Infrastructure Solutions Ltd. : Hydrovac, Vacuum Truck And Excavation Services Company in USA and Canada","potentialAction":[{"@type":"SearchAction","target":{"@type":"EntryPoint","urlTemplate":"https:\/\/www.badgerinc.com\/fr\/?s={search_term_string}"},"query-input":{"@type":"PropertyValueSpecification","valueRequired":true,"valueName":"search_term_string"}}],"inLanguage":"fr-CA"}]}},"_links":{"self":[{"href":"https:\/\/www.badgerinc.com\/fr\/wp-json\/wp\/v2\/pages\/1265683","targetHints":{"allow":["GET"]}}],"collection":[{"href":"https:\/\/www.badgerinc.com\/fr\/wp-json\/wp\/v2\/pages"}],"about":[{"href":"https:\/\/www.badgerinc.com\/fr\/wp-json\/wp\/v2\/types\/page"}],"author":[{"embeddable":true,"href":"https:\/\/www.badgerinc.com\/fr\/wp-json\/wp\/v2\/users\/3"}],"replies":[{"embeddable":true,"href":"https:\/\/www.badgerinc.com\/fr\/wp-json\/wp\/v2\/comments?post=1265683"}],"version-history":[{"count":0,"href":"https:\/\/www.badgerinc.com\/fr\/wp-json\/wp\/v2\/pages\/1265683\/revisions"}],"wp:featuredmedia":[{"embeddable":true,"href":"https:\/\/www.badgerinc.com\/fr\/wp-json\/wp\/v2\/media\/1265684"}],"wp:attachment":[{"href":"https:\/\/www.badgerinc.com\/fr\/wp-json\/wp\/v2\/media?parent=1265683"}],"curies":[{"name":"wp","href":"https:\/\/api.w.org\/{rel}","templated":true}]}}