{"id":1265681,"date":"2023-09-20T14:54:07","date_gmt":"2023-09-20T14:54:07","guid":{"rendered":"https:\/\/badgerincdev.wpenginepowered.com\/services-degout\/inspections-televisees\/"},"modified":"2026-02-04T12:44:01","modified_gmt":"2026-02-04T12:44:01","slug":"inspections-televisees","status":"publish","type":"page","link":"https:\/\/www.badgerinc.com\/fr\/solutions\/services-degout\/inspections-televisees\/","title":{"rendered":"INSPECTIONS T\u00c9L\u00c9VIS\u00c9ES"},"content":{"rendered":"<div class=\"wpb-content-wrapper\"><p>[vc_row wrap_container=\u00a0\u00bbyes\u00a0\u00bb css=\u00a0\u00bb.vc_custom_1695160094055{padding-top: 80px !important;padding-bottom: 50px !important;}\u00a0\u00bb el_class=\u00a0\u00bbrow-align-items-center\u00a0\u00bb conditional_render=\u00a0\u00bb%5B%7B%22value_role%22%3A%22administrator%22%7D%5D\u00a0\u00bb][vc_column animation_delay=\u00a0\u00bb\u00a0\u00bb conditional_render=\u00a0\u00bb%5B%7B%22value_role%22%3A%22administrator%22%7D%5D\u00a0\u00bb][vc_column_text css_animation=\u00a0\u00bbnone\u00a0\u00bb]<\/p>\n<h2>Que vous ayez besoin d\u2019une inspection rapide ou d\u2019un projet \u00e0 long terme d\u2019enregistrement et de codage par syst\u00e8me t\u00e9l\u00e9vis\u00e9 en circuit ferm\u00e9,<\/h2>\n<p>Badger est \u00e9quip\u00e9 pour tout faire. L\u2019acquisition de s\u00e9quences vid\u00e9o par inspection t\u00e9l\u00e9vis\u00e9e \u00e0 partir des syst\u00e8mes de traitement des eaux us\u00e9es repose sur 3\u00a0facteurs\u00a0:<\/p>\n<ol>\n<li><em>Acc\u00e8s\u00a0:<\/em>\u00a0Notre navigateur lat\u00e9ral nous permet d\u2019acc\u00e9der aux tuyaux les plus difficiles \u00e0 atteindre et de lancer des cam\u00e9ras \u00e0 partir des branchements priv\u00e9s depuis l\u2019\u00e9gout de la conduite principale.<\/li>\n<li><em>Clart\u00e9\u00a0:<\/em>\u00a0Les capacit\u00e9s de nos cam\u00e9ras comprennent un pivotement et une inclinaison \u00e0 360\u00b0 avec zoom optique 10x et num\u00e9rique 4x.<\/li>\n<li><em>Collecte de donn\u00e9es\u00a0:<\/em>\u00a0Le logiciel de collecte de donn\u00e9es de Badger permet une int\u00e9gration facile aux syst\u00e8mes de gestion d\u2019infrastructure municipaux. Nous pouvons \u00e9galement livrer des donn\u00e9es sur-le-champ. Tout notre \u00e9quipement a la capacit\u00e9 de t\u00e9l\u00e9charger des s\u00e9quences vid\u00e9o par syst\u00e8me t\u00e9l\u00e9vis\u00e9 directement sur un disque dur ou un DVD<\/li>\n<\/ol>\n<p>[\/vc_column_text][\/vc_column][\/vc_row][vc_row wrap_container=\u00a0\u00bbyes\u00a0\u00bb content_placement=\u00a0\u00bbmiddle\u00a0\u00bb conditional_render=\u00a0\u00bb%5B%7B%22value_role%22%3A%22administrator%22%7D%5D\u00a0\u00bb css=\u00a0\u00bb.vc_custom_1695046556358{margin-top: 20px !important;padding-top: 10px !important;}\u00a0\u00bb][vc_column conditional_render=\u00a0\u00bb%5B%7B%22value_role%22%3A%22administrator%22%7D%5D\u00a0\u00bb][vc_cta h2=\u00a0\u00bbObtenir une estimation\u00a0\u00bb h2_font_container=\u00a0\u00bbtag:h2|font_size:30|text_align:left\u00a0\u00bb h2_use_theme_fonts=\u00a0\u00bbyes\u00a0\u00bb h4=\u00a0\u00bbCommuniquez avec nous d\u00e8s aujourd\u2019hui.\u00a0\u00bb shape=\u00a0\u00bbsquare\u00a0\u00bb style=\u00a0\u00bbflat\u00a0\u00bb add_button=\u00a0\u00bbright\u00a0\u00bb btn_title=\u00a0\u00bbCommuniquer avec nous\u00a0\u00bb btn_skin=\u00a0\u00bbprimary\u00a0\u00bb btn_btn_fs=\u00a0\u00bb20&Prime; btn_btn_ls=\u00a0\u00bb.2&Prime; use_custom_fonts_h2=\u00a0\u00bbtrue\u00a0\u00bb btn_link=\u00a0\u00bburl:https%3A%2F%2Fwww.badgerinc.com%2Ffr%2Fobtenir-une-estimation%2F|\u00a0\u00bb btn_btn_px=\u00a0\u00bb10&Prime;][\/vc_cta][\/vc_column][\/vc_row]<\/p>\n<\/div>","protected":false},"excerpt":{"rendered":"<p>[vc_row wrap_container=\u00a0\u00bbyes\u00a0\u00bb css=\u00a0\u00bb.vc_custom_1695160094055{padding-top: 80px !important;padding-bottom: 50px !important;}\u00a0\u00bb el_class=\u00a0\u00bbrow-align-items-center\u00a0\u00bb conditional_render=\u00a0\u00bb%5B%7B%22value_role%22%3A%22administrator%22%7D%5D\u00a0\u00bb][vc_column animation_delay=\u00a0\u00bb\u00a0\u00bb conditional_render=\u00a0\u00bb%5B%7B%22value_role%22%3A%22administrator%22%7D%5D\u00a0\u00bb][vc_column_text css_animation=\u00a0\u00bbnone\u00a0\u00bb] Que vous ayez besoin d\u2019une inspection rapide ou d\u2019un projet \u00e0 long terme d\u2019enregistrement et de codage par syst\u00e8me t\u00e9l\u00e9vis\u00e9 en circuit ferm\u00e9, Badger est \u00e9quip\u00e9 pour tout faire. L\u2019acquisition de s\u00e9quences vid\u00e9o par inspection t\u00e9l\u00e9vis\u00e9e \u00e0 partir des syst\u00e8mes de traitement des [&hellip;]<\/p>\n","protected":false},"author":3,"featured_media":1265682,"parent":1265657,"menu_order":0,"comment_status":"closed","ping_status":"closed","template":"","meta":{"footnotes":""},"class_list":["post-1265681","page","type-page","status-publish","has-post-thumbnail","hentry"],"yoast_head":"<!-- This site is optimized with the Yoast SEO Premium plugin v23.4 (Yoast SEO v27.2) - https:\/\/yoast.com\/product\/yoast-seo-premium-wordpress\/ -->\n<title>INSPECTIONS T\u00c9L\u00c9VIS\u00c9ES - Badger Inc<\/title>\n<meta name=\"robots\" content=\"index, follow, max-snippet:-1, max-image-preview:large, max-video-preview:-1\" \/>\n<link rel=\"canonical\" href=\"https:\/\/www.badgerinc.com\/fr\/solutions\/services-degout\/inspections-televisees\/\" \/>\n<meta property=\"og:locale\" content=\"fr_CA\" \/>\n<meta property=\"og:type\" content=\"article\" \/>\n<meta property=\"og:title\" content=\"INSPECTIONS T\u00c9L\u00c9VIS\u00c9ES\" \/>\n<meta property=\"og:description\" content=\"[vc_row wrap_container=\u00a0\u00bbyes\u00a0\u00bb css=\u00a0\u00bb.vc_custom_1695160094055{padding-top: 80px !important;padding-bottom: 50px !important;}\u00a0\u00bb el_class=\u00a0\u00bbrow-align-items-center\u00a0\u00bb conditional_render=\u00a0\u00bb%5B%7B%22value_role%22%3A%22administrator%22%7D%5D\u00a0\u00bb][vc_column animation_delay=\u00a0\u00bb\u00a0\u00bb conditional_render=\u00a0\u00bb%5B%7B%22value_role%22%3A%22administrator%22%7D%5D\u00a0\u00bb][vc_column_text css_animation=\u00a0\u00bbnone\u00a0\u00bb] Que vous ayez besoin d\u2019une inspection rapide ou d\u2019un projet \u00e0 long terme d\u2019enregistrement et de codage par syst\u00e8me t\u00e9l\u00e9vis\u00e9 en circuit ferm\u00e9, Badger est \u00e9quip\u00e9 pour tout faire. L\u2019acquisition de s\u00e9quences vid\u00e9o par inspection t\u00e9l\u00e9vis\u00e9e \u00e0 partir des syst\u00e8mes de traitement des [&hellip;]\" \/>\n<meta property=\"og:url\" content=\"https:\/\/www.badgerinc.com\/fr\/solutions\/services-degout\/inspections-televisees\/\" \/>\n<meta property=\"og:site_name\" content=\"Badger Inc\" \/>\n<meta property=\"article:modified_time\" content=\"2026-02-04T12:44:01+00:00\" \/>\n<meta property=\"og:image\" content=\"https:\/\/www.badgerinc.com\/wp-content\/uploads\/2023\/09\/Badger-CCTV-INSPECTIONS.png\" \/>\n\t<meta property=\"og:image:width\" content=\"1800\" \/>\n\t<meta property=\"og:image:height\" content=\"720\" \/>\n\t<meta property=\"og:image:type\" content=\"image\/png\" \/>\n<meta name=\"twitter:card\" content=\"summary_large_image\" \/>\n<meta name=\"twitter:label1\" content=\"Estimation du temps de lecture\" \/>\n\t<meta name=\"twitter:data1\" content=\"2 minutes\" \/>\n<script type=\"application\/ld+json\" class=\"yoast-schema-graph\">{\"@context\":\"https:\/\/schema.org\",\"@graph\":[{\"@type\":\"WebPage\",\"@id\":\"https:\/\/www.badgerinc.com\/fr\/solutions\/services-degout\/inspections-televisees\/\",\"url\":\"https:\/\/www.badgerinc.com\/fr\/solutions\/services-degout\/inspections-televisees\/\",\"name\":\"INSPECTIONS T\u00c9L\u00c9VIS\u00c9ES - Badger Inc\",\"isPartOf\":{\"@id\":\"https:\/\/www.badgerinc.com\/fr\/#website\"},\"primaryImageOfPage\":{\"@id\":\"https:\/\/www.badgerinc.com\/fr\/solutions\/services-degout\/inspections-televisees\/#primaryimage\"},\"image\":{\"@id\":\"https:\/\/www.badgerinc.com\/fr\/solutions\/services-degout\/inspections-televisees\/#primaryimage\"},\"thumbnailUrl\":\"https:\/\/www.badgerinc.com\/wp-content\/uploads\/2023\/09\/Badger-CCTV-INSPECTIONS.png\",\"datePublished\":\"2023-09-20T14:54:07+00:00\",\"dateModified\":\"2026-02-04T12:44:01+00:00\",\"breadcrumb\":{\"@id\":\"https:\/\/www.badgerinc.com\/fr\/solutions\/services-degout\/inspections-televisees\/#breadcrumb\"},\"inLanguage\":\"fr-CA\",\"potentialAction\":[{\"@type\":\"ReadAction\",\"target\":[\"https:\/\/www.badgerinc.com\/fr\/solutions\/services-degout\/inspections-televisees\/\"]}]},{\"@type\":\"ImageObject\",\"inLanguage\":\"fr-CA\",\"@id\":\"https:\/\/www.badgerinc.com\/fr\/solutions\/services-degout\/inspections-televisees\/#primaryimage\",\"url\":\"https:\/\/www.badgerinc.com\/wp-content\/uploads\/2023\/09\/Badger-CCTV-INSPECTIONS.png\",\"contentUrl\":\"https:\/\/www.badgerinc.com\/wp-content\/uploads\/2023\/09\/Badger-CCTV-INSPECTIONS.png\",\"width\":1800,\"height\":720},{\"@type\":\"BreadcrumbList\",\"@id\":\"https:\/\/www.badgerinc.com\/fr\/solutions\/services-degout\/inspections-televisees\/#breadcrumb\",\"itemListElement\":[{\"@type\":\"ListItem\",\"position\":1,\"name\":\"Home\",\"item\":\"https:\/\/www.badgerinc.com\/fr\/\"},{\"@type\":\"ListItem\",\"position\":2,\"name\":\"SOLUTIONS\",\"item\":\"https:\/\/www.badgerinc.com\/fr\/solutions\/\"},{\"@type\":\"ListItem\",\"position\":3,\"name\":\"SERVICES D\u2019\u00c9GOUT\",\"item\":\"https:\/\/www.badgerinc.com\/fr\/solutions\/sewer-services\/\"},{\"@type\":\"ListItem\",\"position\":4,\"name\":\"INSPECTIONS T\u00c9L\u00c9VIS\u00c9ES\"}]},{\"@type\":\"WebSite\",\"@id\":\"https:\/\/www.badgerinc.com\/fr\/#website\",\"url\":\"https:\/\/www.badgerinc.com\/fr\/\",\"name\":\"Badger Inc\",\"description\":\"Badger Infrastructure Solutions Ltd. : Hydrovac, Vacuum Truck And Excavation Services Company in USA and Canada\",\"potentialAction\":[{\"@type\":\"SearchAction\",\"target\":{\"@type\":\"EntryPoint\",\"urlTemplate\":\"https:\/\/www.badgerinc.com\/fr\/?s={search_term_string}\"},\"query-input\":{\"@type\":\"PropertyValueSpecification\",\"valueRequired\":true,\"valueName\":\"search_term_string\"}}],\"inLanguage\":\"fr-CA\"}]}<\/script>\n<!-- \/ Yoast SEO Premium plugin. -->","yoast_head_json":{"title":"INSPECTIONS T\u00c9L\u00c9VIS\u00c9ES - Badger Inc","robots":{"index":"index","follow":"follow","max-snippet":"max-snippet:-1","max-image-preview":"max-image-preview:large","max-video-preview":"max-video-preview:-1"},"canonical":"https:\/\/www.badgerinc.com\/fr\/solutions\/services-degout\/inspections-televisees\/","og_locale":"fr_CA","og_type":"article","og_title":"INSPECTIONS T\u00c9L\u00c9VIS\u00c9ES","og_description":"[vc_row wrap_container=\u00a0\u00bbyes\u00a0\u00bb css=\u00a0\u00bb.vc_custom_1695160094055{padding-top: 80px !important;padding-bottom: 50px !important;}\u00a0\u00bb el_class=\u00a0\u00bbrow-align-items-center\u00a0\u00bb conditional_render=\u00a0\u00bb%5B%7B%22value_role%22%3A%22administrator%22%7D%5D\u00a0\u00bb][vc_column animation_delay=\u00a0\u00bb\u00a0\u00bb conditional_render=\u00a0\u00bb%5B%7B%22value_role%22%3A%22administrator%22%7D%5D\u00a0\u00bb][vc_column_text css_animation=\u00a0\u00bbnone\u00a0\u00bb] Que vous ayez besoin d\u2019une inspection rapide ou d\u2019un projet \u00e0 long terme d\u2019enregistrement et de codage par syst\u00e8me t\u00e9l\u00e9vis\u00e9 en circuit ferm\u00e9, Badger est \u00e9quip\u00e9 pour tout faire. L\u2019acquisition de s\u00e9quences vid\u00e9o par inspection t\u00e9l\u00e9vis\u00e9e \u00e0 partir des syst\u00e8mes de traitement des [&hellip;]","og_url":"https:\/\/www.badgerinc.com\/fr\/solutions\/services-degout\/inspections-televisees\/","og_site_name":"Badger Inc","article_modified_time":"2026-02-04T12:44:01+00:00","og_image":[{"width":1800,"height":720,"url":"https:\/\/www.badgerinc.com\/wp-content\/uploads\/2023\/09\/Badger-CCTV-INSPECTIONS.png","type":"image\/png"}],"twitter_card":"summary_large_image","twitter_misc":{"Estimation du temps de lecture":"2 minutes"},"schema":{"@context":"https:\/\/schema.org","@graph":[{"@type":"WebPage","@id":"https:\/\/www.badgerinc.com\/fr\/solutions\/services-degout\/inspections-televisees\/","url":"https:\/\/www.badgerinc.com\/fr\/solutions\/services-degout\/inspections-televisees\/","name":"INSPECTIONS T\u00c9L\u00c9VIS\u00c9ES - Badger Inc","isPartOf":{"@id":"https:\/\/www.badgerinc.com\/fr\/#website"},"primaryImageOfPage":{"@id":"https:\/\/www.badgerinc.com\/fr\/solutions\/services-degout\/inspections-televisees\/#primaryimage"},"image":{"@id":"https:\/\/www.badgerinc.com\/fr\/solutions\/services-degout\/inspections-televisees\/#primaryimage"},"thumbnailUrl":"https:\/\/www.badgerinc.com\/wp-content\/uploads\/2023\/09\/Badger-CCTV-INSPECTIONS.png","datePublished":"2023-09-20T14:54:07+00:00","dateModified":"2026-02-04T12:44:01+00:00","breadcrumb":{"@id":"https:\/\/www.badgerinc.com\/fr\/solutions\/services-degout\/inspections-televisees\/#breadcrumb"},"inLanguage":"fr-CA","potentialAction":[{"@type":"ReadAction","target":["https:\/\/www.badgerinc.com\/fr\/solutions\/services-degout\/inspections-televisees\/"]}]},{"@type":"ImageObject","inLanguage":"fr-CA","@id":"https:\/\/www.badgerinc.com\/fr\/solutions\/services-degout\/inspections-televisees\/#primaryimage","url":"https:\/\/www.badgerinc.com\/wp-content\/uploads\/2023\/09\/Badger-CCTV-INSPECTIONS.png","contentUrl":"https:\/\/www.badgerinc.com\/wp-content\/uploads\/2023\/09\/Badger-CCTV-INSPECTIONS.png","width":1800,"height":720},{"@type":"BreadcrumbList","@id":"https:\/\/www.badgerinc.com\/fr\/solutions\/services-degout\/inspections-televisees\/#breadcrumb","itemListElement":[{"@type":"ListItem","position":1,"name":"Home","item":"https:\/\/www.badgerinc.com\/fr\/"},{"@type":"ListItem","position":2,"name":"SOLUTIONS","item":"https:\/\/www.badgerinc.com\/fr\/solutions\/"},{"@type":"ListItem","position":3,"name":"SERVICES D\u2019\u00c9GOUT","item":"https:\/\/www.badgerinc.com\/fr\/solutions\/sewer-services\/"},{"@type":"ListItem","position":4,"name":"INSPECTIONS T\u00c9L\u00c9VIS\u00c9ES"}]},{"@type":"WebSite","@id":"https:\/\/www.badgerinc.com\/fr\/#website","url":"https:\/\/www.badgerinc.com\/fr\/","name":"Badger Inc","description":"Badger Infrastructure Solutions Ltd. : Hydrovac, Vacuum Truck And Excavation Services Company in USA and Canada","potentialAction":[{"@type":"SearchAction","target":{"@type":"EntryPoint","urlTemplate":"https:\/\/www.badgerinc.com\/fr\/?s={search_term_string}"},"query-input":{"@type":"PropertyValueSpecification","valueRequired":true,"valueName":"search_term_string"}}],"inLanguage":"fr-CA"}]}},"_links":{"self":[{"href":"https:\/\/www.badgerinc.com\/fr\/wp-json\/wp\/v2\/pages\/1265681","targetHints":{"allow":["GET"]}}],"collection":[{"href":"https:\/\/www.badgerinc.com\/fr\/wp-json\/wp\/v2\/pages"}],"about":[{"href":"https:\/\/www.badgerinc.com\/fr\/wp-json\/wp\/v2\/types\/page"}],"author":[{"embeddable":true,"href":"https:\/\/www.badgerinc.com\/fr\/wp-json\/wp\/v2\/users\/3"}],"replies":[{"embeddable":true,"href":"https:\/\/www.badgerinc.com\/fr\/wp-json\/wp\/v2\/comments?post=1265681"}],"version-history":[{"count":0,"href":"https:\/\/www.badgerinc.com\/fr\/wp-json\/wp\/v2\/pages\/1265681\/revisions"}],"up":[{"embeddable":true,"href":"https:\/\/www.badgerinc.com\/fr\/wp-json\/wp\/v2\/pages\/1265657"}],"wp:featuredmedia":[{"embeddable":true,"href":"https:\/\/www.badgerinc.com\/fr\/wp-json\/wp\/v2\/media\/1265682"}],"wp:attachment":[{"href":"https:\/\/www.badgerinc.com\/fr\/wp-json\/wp\/v2\/media?parent=1265681"}],"curies":[{"name":"wp","href":"https:\/\/api.w.org\/{rel}","templated":true}]}}