{"id":1265679,"date":"2023-09-20T16:31:34","date_gmt":"2023-09-20T16:31:34","guid":{"rendered":"https:\/\/badgerincdev.wpenginepowered.com\/services-degout\/profileur-laser\/"},"modified":"2026-02-04T12:44:02","modified_gmt":"2026-02-04T12:44:02","slug":"profileur-laser","status":"publish","type":"page","link":"https:\/\/www.badgerinc.com\/fr\/solutions\/services-degout\/profileur-laser\/","title":{"rendered":"PROFILEUR LASER"},"content":{"rendered":"<div class=\"wpb-content-wrapper\"><p>[vc_row wrap_container=\u00a0\u00bbyes\u00a0\u00bb css=\u00a0\u00bb.vc_custom_1695321850979{padding-top: 40px !important;padding-bottom: 40px !important;}\u00a0\u00bb el_class=\u00a0\u00bbrow-align-items-center\u00a0\u00bb conditional_render=\u00a0\u00bb%5B%7B%22value_role%22%3A%22administrator%22%7D%5D\u00a0\u00bb][vc_column animation_delay=\u00a0\u00bb\u00a0\u00bb conditional_render=\u00a0\u00bb%5B%7B%22value_role%22%3A%22administrator%22%7D%5D\u00a0\u00bb][vc_column_text css_animation=\u00a0\u00bbnone\u00a0\u00bb]<\/p>\n<h2>Le profileur laser est un outil \u00e0 pression autonome utilis\u00e9 avec des syst\u00e8mes de surveillance en circuit ferm\u00e9 pour recueillir des donn\u00e9es et cr\u00e9er des rapports de pipeline contenant la mesure des d\u00e9faillances et d\u2019autres fonctions \u00e0 l\u2019int\u00e9rieur du pipeline.<\/h2>\n<p>Cela comprend la mesure de la taille du tuyau, des branchements et des niveaux d\u2019eau, ainsi que l\u2019analyse automatique de l\u2019ovalit\u00e9 et de la capacit\u00e9 du tuyau.[\/vc_column_text][\/vc_column][\/vc_row][vc_row wrap_container=\u00a0\u00bbyes\u00a0\u00bb content_placement=\u00a0\u00bbmiddle\u00a0\u00bb conditional_render=\u00a0\u00bb%5B%7B%22value_role%22%3A%22administrator%22%7D%5D\u00a0\u00bb css=\u00a0\u00bb.vc_custom_1695046556358{margin-top: 20px !important;padding-top: 10px !important;}\u00a0\u00bb][vc_column conditional_render=\u00a0\u00bb%5B%7B%22value_role%22%3A%22administrator%22%7D%5D\u00a0\u00bb][vc_cta h2=\u00a0\u00bbObtenir une estimation\u00a0\u00bb h2_font_container=\u00a0\u00bbtag:h2|font_size:30|text_align:left\u00a0\u00bb h2_use_theme_fonts=\u00a0\u00bbyes\u00a0\u00bb h4=\u00a0\u00bbCommuniquez avec nous d\u00e8s aujourd\u2019hui.\u00a0\u00bb shape=\u00a0\u00bbsquare\u00a0\u00bb style=\u00a0\u00bbflat\u00a0\u00bb add_button=\u00a0\u00bbright\u00a0\u00bb btn_title=\u00a0\u00bbCommuniquer avec nous\u00a0\u00bb btn_skin=\u00a0\u00bbprimary\u00a0\u00bb btn_btn_fs=\u00a0\u00bb20&Prime; btn_btn_ls=\u00a0\u00bb.2&Prime; use_custom_fonts_h2=\u00a0\u00bbtrue\u00a0\u00bb btn_link=\u00a0\u00bburl:https%3A%2F%2Fwww.badgerinc.com%2Ffr%2Fobtenir-une-estimation%2F|\u00a0\u00bb btn_btn_px=\u00a0\u00bb10&Prime;][\/vc_cta][\/vc_column][\/vc_row]<\/p>\n<\/div>","protected":false},"excerpt":{"rendered":"<p>[vc_row wrap_container=\u00a0\u00bbyes\u00a0\u00bb css=\u00a0\u00bb.vc_custom_1695321850979{padding-top: 40px !important;padding-bottom: 40px !important;}\u00a0\u00bb el_class=\u00a0\u00bbrow-align-items-center\u00a0\u00bb conditional_render=\u00a0\u00bb%5B%7B%22value_role%22%3A%22administrator%22%7D%5D\u00a0\u00bb][vc_column animation_delay=\u00a0\u00bb\u00a0\u00bb conditional_render=\u00a0\u00bb%5B%7B%22value_role%22%3A%22administrator%22%7D%5D\u00a0\u00bb][vc_column_text css_animation=\u00a0\u00bbnone\u00a0\u00bb] Le profileur laser est un outil \u00e0 pression autonome utilis\u00e9 avec des syst\u00e8mes de surveillance en circuit ferm\u00e9 pour recueillir des donn\u00e9es et cr\u00e9er des rapports de pipeline contenant la mesure des d\u00e9faillances et d\u2019autres fonctions \u00e0 l\u2019int\u00e9rieur du pipeline. Cela comprend la [&hellip;]<\/p>\n","protected":false},"author":12,"featured_media":1265680,"parent":1265657,"menu_order":0,"comment_status":"closed","ping_status":"closed","template":"","meta":{"footnotes":""},"class_list":["post-1265679","page","type-page","status-publish","has-post-thumbnail","hentry"],"yoast_head":"<!-- This site is optimized with the Yoast SEO Premium plugin v23.4 (Yoast SEO v27.4) - https:\/\/yoast.com\/product\/yoast-seo-premium-wordpress\/ -->\n<title>PROFILEUR LASER - Badger Inc<\/title>\n<meta name=\"robots\" content=\"index, follow, max-snippet:-1, max-image-preview:large, max-video-preview:-1\" \/>\n<link rel=\"canonical\" href=\"https:\/\/www.badgerinc.com\/fr\/solutions\/services-degout\/profileur-laser\/\" \/>\n<meta property=\"og:locale\" content=\"fr_CA\" \/>\n<meta property=\"og:type\" content=\"article\" \/>\n<meta property=\"og:title\" content=\"PROFILEUR LASER\" \/>\n<meta property=\"og:description\" content=\"[vc_row wrap_container=\u00a0\u00bbyes\u00a0\u00bb css=\u00a0\u00bb.vc_custom_1695321850979{padding-top: 40px !important;padding-bottom: 40px !important;}\u00a0\u00bb el_class=\u00a0\u00bbrow-align-items-center\u00a0\u00bb conditional_render=\u00a0\u00bb%5B%7B%22value_role%22%3A%22administrator%22%7D%5D\u00a0\u00bb][vc_column animation_delay=\u00a0\u00bb\u00a0\u00bb conditional_render=\u00a0\u00bb%5B%7B%22value_role%22%3A%22administrator%22%7D%5D\u00a0\u00bb][vc_column_text css_animation=\u00a0\u00bbnone\u00a0\u00bb] Le profileur laser est un outil \u00e0 pression autonome utilis\u00e9 avec des syst\u00e8mes de surveillance en circuit ferm\u00e9 pour recueillir des donn\u00e9es et cr\u00e9er des rapports de pipeline contenant la mesure des d\u00e9faillances et d\u2019autres fonctions \u00e0 l\u2019int\u00e9rieur du pipeline. Cela comprend la [&hellip;]\" \/>\n<meta property=\"og:url\" content=\"https:\/\/www.badgerinc.com\/fr\/solutions\/services-degout\/profileur-laser\/\" \/>\n<meta property=\"og:site_name\" content=\"Badger Inc\" \/>\n<meta property=\"article:modified_time\" content=\"2026-02-04T12:44:02+00:00\" \/>\n<meta property=\"og:image\" content=\"https:\/\/www.badgerinc.com\/wp-content\/uploads\/2023\/09\/Badger-Laser-Profiling-1024x463.png\" \/>\n\t<meta property=\"og:image:width\" content=\"1024\" \/>\n\t<meta property=\"og:image:height\" content=\"463\" \/>\n\t<meta property=\"og:image:type\" content=\"image\/png\" \/>\n<meta name=\"twitter:card\" content=\"summary_large_image\" \/>\n<meta name=\"twitter:label1\" content=\"Estimation du temps de lecture\" \/>\n\t<meta name=\"twitter:data1\" content=\"1 minute\" \/>\n<script type=\"application\/ld+json\" class=\"yoast-schema-graph\">{\"@context\":\"https:\\\/\\\/schema.org\",\"@graph\":[{\"@type\":\"WebPage\",\"@id\":\"https:\\\/\\\/www.badgerinc.com\\\/fr\\\/solutions\\\/services-degout\\\/profileur-laser\\\/\",\"url\":\"https:\\\/\\\/www.badgerinc.com\\\/fr\\\/solutions\\\/services-degout\\\/profileur-laser\\\/\",\"name\":\"PROFILEUR LASER - Badger Inc\",\"isPartOf\":{\"@id\":\"https:\\\/\\\/www.badgerinc.com\\\/fr\\\/#website\"},\"primaryImageOfPage\":{\"@id\":\"https:\\\/\\\/www.badgerinc.com\\\/fr\\\/solutions\\\/services-degout\\\/profileur-laser\\\/#primaryimage\"},\"image\":{\"@id\":\"https:\\\/\\\/www.badgerinc.com\\\/fr\\\/solutions\\\/services-degout\\\/profileur-laser\\\/#primaryimage\"},\"thumbnailUrl\":\"https:\\\/\\\/www.badgerinc.com\\\/wp-content\\\/uploads\\\/2023\\\/09\\\/Badger-Laser-Profiling.png\",\"datePublished\":\"2023-09-20T16:31:34+00:00\",\"dateModified\":\"2026-02-04T12:44:02+00:00\",\"breadcrumb\":{\"@id\":\"https:\\\/\\\/www.badgerinc.com\\\/fr\\\/solutions\\\/services-degout\\\/profileur-laser\\\/#breadcrumb\"},\"inLanguage\":\"fr-CA\",\"potentialAction\":[{\"@type\":\"ReadAction\",\"target\":[\"https:\\\/\\\/www.badgerinc.com\\\/fr\\\/solutions\\\/services-degout\\\/profileur-laser\\\/\"]}]},{\"@type\":\"ImageObject\",\"inLanguage\":\"fr-CA\",\"@id\":\"https:\\\/\\\/www.badgerinc.com\\\/fr\\\/solutions\\\/services-degout\\\/profileur-laser\\\/#primaryimage\",\"url\":\"https:\\\/\\\/www.badgerinc.com\\\/wp-content\\\/uploads\\\/2023\\\/09\\\/Badger-Laser-Profiling.png\",\"contentUrl\":\"https:\\\/\\\/www.badgerinc.com\\\/wp-content\\\/uploads\\\/2023\\\/09\\\/Badger-Laser-Profiling.png\",\"width\":1930,\"height\":873},{\"@type\":\"BreadcrumbList\",\"@id\":\"https:\\\/\\\/www.badgerinc.com\\\/fr\\\/solutions\\\/services-degout\\\/profileur-laser\\\/#breadcrumb\",\"itemListElement\":[{\"@type\":\"ListItem\",\"position\":1,\"name\":\"Home\",\"item\":\"https:\\\/\\\/www.badgerinc.com\\\/fr\\\/\"},{\"@type\":\"ListItem\",\"position\":2,\"name\":\"SOLUTIONS\",\"item\":\"https:\\\/\\\/www.badgerinc.com\\\/fr\\\/solutions\\\/\"},{\"@type\":\"ListItem\",\"position\":3,\"name\":\"SERVICES D\u2019\u00c9GOUT\",\"item\":\"https:\\\/\\\/www.badgerinc.com\\\/fr\\\/solutions\\\/services-degout\\\/\"},{\"@type\":\"ListItem\",\"position\":4,\"name\":\"PROFILEUR LASER\"}]},{\"@type\":\"WebSite\",\"@id\":\"https:\\\/\\\/www.badgerinc.com\\\/fr\\\/#website\",\"url\":\"https:\\\/\\\/www.badgerinc.com\\\/fr\\\/\",\"name\":\"Badger Inc\",\"description\":\"Badger Infrastructure Solutions Ltd. : Hydrovac, Vacuum Truck And Excavation Services Company in USA and Canada\",\"potentialAction\":[{\"@type\":\"SearchAction\",\"target\":{\"@type\":\"EntryPoint\",\"urlTemplate\":\"https:\\\/\\\/www.badgerinc.com\\\/fr\\\/?s={search_term_string}\"},\"query-input\":{\"@type\":\"PropertyValueSpecification\",\"valueRequired\":true,\"valueName\":\"search_term_string\"}}],\"inLanguage\":\"fr-CA\"}]}<\/script>\n<!-- \/ Yoast SEO Premium plugin. -->","yoast_head_json":{"title":"PROFILEUR LASER - Badger Inc","robots":{"index":"index","follow":"follow","max-snippet":"max-snippet:-1","max-image-preview":"max-image-preview:large","max-video-preview":"max-video-preview:-1"},"canonical":"https:\/\/www.badgerinc.com\/fr\/solutions\/services-degout\/profileur-laser\/","og_locale":"fr_CA","og_type":"article","og_title":"PROFILEUR LASER","og_description":"[vc_row wrap_container=\u00a0\u00bbyes\u00a0\u00bb css=\u00a0\u00bb.vc_custom_1695321850979{padding-top: 40px !important;padding-bottom: 40px !important;}\u00a0\u00bb el_class=\u00a0\u00bbrow-align-items-center\u00a0\u00bb conditional_render=\u00a0\u00bb%5B%7B%22value_role%22%3A%22administrator%22%7D%5D\u00a0\u00bb][vc_column animation_delay=\u00a0\u00bb\u00a0\u00bb conditional_render=\u00a0\u00bb%5B%7B%22value_role%22%3A%22administrator%22%7D%5D\u00a0\u00bb][vc_column_text css_animation=\u00a0\u00bbnone\u00a0\u00bb] Le profileur laser est un outil \u00e0 pression autonome utilis\u00e9 avec des syst\u00e8mes de surveillance en circuit ferm\u00e9 pour recueillir des donn\u00e9es et cr\u00e9er des rapports de pipeline contenant la mesure des d\u00e9faillances et d\u2019autres fonctions \u00e0 l\u2019int\u00e9rieur du pipeline. Cela comprend la [&hellip;]","og_url":"https:\/\/www.badgerinc.com\/fr\/solutions\/services-degout\/profileur-laser\/","og_site_name":"Badger Inc","article_modified_time":"2026-02-04T12:44:02+00:00","og_image":[{"width":1024,"height":463,"url":"https:\/\/www.badgerinc.com\/wp-content\/uploads\/2023\/09\/Badger-Laser-Profiling-1024x463.png","type":"image\/png"}],"twitter_card":"summary_large_image","twitter_misc":{"Estimation du temps de lecture":"1 minute"},"schema":{"@context":"https:\/\/schema.org","@graph":[{"@type":"WebPage","@id":"https:\/\/www.badgerinc.com\/fr\/solutions\/services-degout\/profileur-laser\/","url":"https:\/\/www.badgerinc.com\/fr\/solutions\/services-degout\/profileur-laser\/","name":"PROFILEUR LASER - Badger Inc","isPartOf":{"@id":"https:\/\/www.badgerinc.com\/fr\/#website"},"primaryImageOfPage":{"@id":"https:\/\/www.badgerinc.com\/fr\/solutions\/services-degout\/profileur-laser\/#primaryimage"},"image":{"@id":"https:\/\/www.badgerinc.com\/fr\/solutions\/services-degout\/profileur-laser\/#primaryimage"},"thumbnailUrl":"https:\/\/www.badgerinc.com\/wp-content\/uploads\/2023\/09\/Badger-Laser-Profiling.png","datePublished":"2023-09-20T16:31:34+00:00","dateModified":"2026-02-04T12:44:02+00:00","breadcrumb":{"@id":"https:\/\/www.badgerinc.com\/fr\/solutions\/services-degout\/profileur-laser\/#breadcrumb"},"inLanguage":"fr-CA","potentialAction":[{"@type":"ReadAction","target":["https:\/\/www.badgerinc.com\/fr\/solutions\/services-degout\/profileur-laser\/"]}]},{"@type":"ImageObject","inLanguage":"fr-CA","@id":"https:\/\/www.badgerinc.com\/fr\/solutions\/services-degout\/profileur-laser\/#primaryimage","url":"https:\/\/www.badgerinc.com\/wp-content\/uploads\/2023\/09\/Badger-Laser-Profiling.png","contentUrl":"https:\/\/www.badgerinc.com\/wp-content\/uploads\/2023\/09\/Badger-Laser-Profiling.png","width":1930,"height":873},{"@type":"BreadcrumbList","@id":"https:\/\/www.badgerinc.com\/fr\/solutions\/services-degout\/profileur-laser\/#breadcrumb","itemListElement":[{"@type":"ListItem","position":1,"name":"Home","item":"https:\/\/www.badgerinc.com\/fr\/"},{"@type":"ListItem","position":2,"name":"SOLUTIONS","item":"https:\/\/www.badgerinc.com\/fr\/solutions\/"},{"@type":"ListItem","position":3,"name":"SERVICES D\u2019\u00c9GOUT","item":"https:\/\/www.badgerinc.com\/fr\/solutions\/services-degout\/"},{"@type":"ListItem","position":4,"name":"PROFILEUR LASER"}]},{"@type":"WebSite","@id":"https:\/\/www.badgerinc.com\/fr\/#website","url":"https:\/\/www.badgerinc.com\/fr\/","name":"Badger Inc","description":"Badger Infrastructure Solutions Ltd. : Hydrovac, Vacuum Truck And Excavation Services Company in USA and Canada","potentialAction":[{"@type":"SearchAction","target":{"@type":"EntryPoint","urlTemplate":"https:\/\/www.badgerinc.com\/fr\/?s={search_term_string}"},"query-input":{"@type":"PropertyValueSpecification","valueRequired":true,"valueName":"search_term_string"}}],"inLanguage":"fr-CA"}]}},"_links":{"self":[{"href":"https:\/\/www.badgerinc.com\/fr\/wp-json\/wp\/v2\/pages\/1265679","targetHints":{"allow":["GET"]}}],"collection":[{"href":"https:\/\/www.badgerinc.com\/fr\/wp-json\/wp\/v2\/pages"}],"about":[{"href":"https:\/\/www.badgerinc.com\/fr\/wp-json\/wp\/v2\/types\/page"}],"author":[{"embeddable":true,"href":"https:\/\/www.badgerinc.com\/fr\/wp-json\/wp\/v2\/users\/12"}],"replies":[{"embeddable":true,"href":"https:\/\/www.badgerinc.com\/fr\/wp-json\/wp\/v2\/comments?post=1265679"}],"version-history":[{"count":0,"href":"https:\/\/www.badgerinc.com\/fr\/wp-json\/wp\/v2\/pages\/1265679\/revisions"}],"up":[{"embeddable":true,"href":"https:\/\/www.badgerinc.com\/fr\/wp-json\/wp\/v2\/pages\/1265657"}],"wp:featuredmedia":[{"embeddable":true,"href":"https:\/\/www.badgerinc.com\/fr\/wp-json\/wp\/v2\/media\/1265680"}],"wp:attachment":[{"href":"https:\/\/www.badgerinc.com\/fr\/wp-json\/wp\/v2\/media?parent=1265679"}],"curies":[{"name":"wp","href":"https:\/\/api.w.org\/{rel}","templated":true}]}}