{"id":1265673,"date":"2023-09-20T16:55:32","date_gmt":"2023-09-20T16:55:32","guid":{"rendered":"https:\/\/badgerincdev.wpenginepowered.com\/services-degout\/alesage-et-retrait-du-beton\/"},"modified":"2026-02-04T12:44:02","modified_gmt":"2026-02-04T12:44:02","slug":"alesage-et-retrait-du-beton","status":"publish","type":"page","link":"https:\/\/www.badgerinc.com\/fr\/solutions\/services-degout\/alesage-et-retrait-du-beton\/","title":{"rendered":"AL\u00c9SAGE ET RETRAIT DU B\u00c9TON"},"content":{"rendered":"<div class=\"wpb-content-wrapper\"><p>[vc_row wrap_container=\u00a0\u00bbyes\u00a0\u00bb css=\u00a0\u00bb.vc_custom_1695321961824{padding-top: 40px !important;padding-bottom: 40px !important;}\u00a0\u00bb el_class=\u00a0\u00bbrow-align-items-center\u00a0\u00bb conditional_render=\u00a0\u00bb%5B%7B%22value_role%22%3A%22administrator%22%7D%5D\u00a0\u00bb][vc_column animation_delay=\u00a0\u00bb\u00a0\u00bb conditional_render=\u00a0\u00bb%5B%7B%22value_role%22%3A%22administrator%22%7D%5D\u00a0\u00bb][vc_column_text css_animation=\u00a0\u00bbnone\u00a0\u00bb]<\/p>\n<h2>Les probl\u00e8mes courants d\u2019un syst\u00e8me de traitement des eaux us\u00e9es, comme la calcite durcie aux joints de tuyaux, l\u2019intrusion de racines, les fuites de coulis et les connexions p\u00e9n\u00e9trantes, peuvent \u00eatre \u00e9limin\u00e9s par Badger sans avoir \u00e0 creuser.<\/h2>\n<p>Avec la vari\u00e9t\u00e9 d\u2019al\u00e9soirs et d\u2019outils de forage de Badger, presque toutes les intrusions dans les tuyaux peuvent \u00eatre \u00e9limin\u00e9es rapidement, efficacement et en toute s\u00e9curit\u00e9.[\/vc_column_text][\/vc_column][\/vc_row][vc_row wrap_container=\u00a0\u00bbyes\u00a0\u00bb content_placement=\u00a0\u00bbmiddle\u00a0\u00bb conditional_render=\u00a0\u00bb%5B%7B%22value_role%22%3A%22administrator%22%7D%5D\u00a0\u00bb css=\u00a0\u00bb.vc_custom_1695046556358{margin-top: 20px !important;padding-top: 10px !important;}\u00a0\u00bb][vc_column conditional_render=\u00a0\u00bb%5B%7B%22value_role%22%3A%22administrator%22%7D%5D\u00a0\u00bb][vc_cta h2=\u00a0\u00bbObtenir une estimation\u00a0\u00bb h2_font_container=\u00a0\u00bbtag:h2|font_size:30|text_align:left\u00a0\u00bb h2_use_theme_fonts=\u00a0\u00bbyes\u00a0\u00bb h4=\u00a0\u00bbCommuniquez avec nous d\u00e8s aujourd\u2019hui.\u00a0\u00bb shape=\u00a0\u00bbsquare\u00a0\u00bb style=\u00a0\u00bbflat\u00a0\u00bb add_button=\u00a0\u00bbright\u00a0\u00bb btn_title=\u00a0\u00bbCommuniquer avec nous\u00a0\u00bb btn_skin=\u00a0\u00bbprimary\u00a0\u00bb btn_btn_fs=\u00a0\u00bb20&Prime; btn_btn_ls=\u00a0\u00bb.2&Prime; use_custom_fonts_h2=\u00a0\u00bbtrue\u00a0\u00bb btn_link=\u00a0\u00bburl:https%3A%2F%2Fwww.badgerinc.com%2Ffr%2Fobtenir-une-estimation%2F|\u00a0\u00bb btn_btn_px=\u00a0\u00bb10&Prime;][\/vc_cta][\/vc_column][\/vc_row]<\/p>\n<\/div>","protected":false},"excerpt":{"rendered":"<p>[vc_row wrap_container=\u00a0\u00bbyes\u00a0\u00bb css=\u00a0\u00bb.vc_custom_1695321961824{padding-top: 40px !important;padding-bottom: 40px !important;}\u00a0\u00bb el_class=\u00a0\u00bbrow-align-items-center\u00a0\u00bb conditional_render=\u00a0\u00bb%5B%7B%22value_role%22%3A%22administrator%22%7D%5D\u00a0\u00bb][vc_column animation_delay=\u00a0\u00bb\u00a0\u00bb conditional_render=\u00a0\u00bb%5B%7B%22value_role%22%3A%22administrator%22%7D%5D\u00a0\u00bb][vc_column_text css_animation=\u00a0\u00bbnone\u00a0\u00bb] Les probl\u00e8mes courants d\u2019un syst\u00e8me de traitement des eaux us\u00e9es, comme la calcite durcie aux joints de tuyaux, l\u2019intrusion de racines, les fuites de coulis et les connexions p\u00e9n\u00e9trantes, peuvent \u00eatre \u00e9limin\u00e9s par Badger sans avoir \u00e0 creuser. Avec la vari\u00e9t\u00e9 d\u2019al\u00e9soirs et [&hellip;]<\/p>\n","protected":false},"author":12,"featured_media":1265674,"parent":1265657,"menu_order":0,"comment_status":"closed","ping_status":"closed","template":"","meta":{"footnotes":""},"class_list":["post-1265673","page","type-page","status-publish","has-post-thumbnail","hentry"],"yoast_head":"<!-- This site is optimized with the Yoast SEO Premium plugin v23.4 (Yoast SEO v27.2) - https:\/\/yoast.com\/product\/yoast-seo-premium-wordpress\/ -->\n<title>AL\u00c9SAGE ET RETRAIT DU B\u00c9TON - Badger Inc<\/title>\n<meta name=\"robots\" content=\"index, follow, max-snippet:-1, max-image-preview:large, max-video-preview:-1\" \/>\n<link rel=\"canonical\" href=\"https:\/\/www.badgerinc.com\/fr\/solutions\/services-degout\/alesage-et-retrait-du-beton\/\" \/>\n<meta property=\"og:locale\" content=\"fr_CA\" \/>\n<meta property=\"og:type\" content=\"article\" \/>\n<meta property=\"og:title\" content=\"AL\u00c9SAGE ET RETRAIT DU B\u00c9TON\" \/>\n<meta property=\"og:description\" content=\"[vc_row wrap_container=\u00a0\u00bbyes\u00a0\u00bb css=\u00a0\u00bb.vc_custom_1695321961824{padding-top: 40px !important;padding-bottom: 40px !important;}\u00a0\u00bb el_class=\u00a0\u00bbrow-align-items-center\u00a0\u00bb conditional_render=\u00a0\u00bb%5B%7B%22value_role%22%3A%22administrator%22%7D%5D\u00a0\u00bb][vc_column animation_delay=\u00a0\u00bb\u00a0\u00bb conditional_render=\u00a0\u00bb%5B%7B%22value_role%22%3A%22administrator%22%7D%5D\u00a0\u00bb][vc_column_text css_animation=\u00a0\u00bbnone\u00a0\u00bb] Les probl\u00e8mes courants d\u2019un syst\u00e8me de traitement des eaux us\u00e9es, comme la calcite durcie aux joints de tuyaux, l\u2019intrusion de racines, les fuites de coulis et les connexions p\u00e9n\u00e9trantes, peuvent \u00eatre \u00e9limin\u00e9s par Badger sans avoir \u00e0 creuser. Avec la vari\u00e9t\u00e9 d\u2019al\u00e9soirs et [&hellip;]\" \/>\n<meta property=\"og:url\" content=\"https:\/\/www.badgerinc.com\/fr\/solutions\/services-degout\/alesage-et-retrait-du-beton\/\" \/>\n<meta property=\"og:site_name\" content=\"Badger Inc\" \/>\n<meta property=\"article:modified_time\" content=\"2026-02-04T12:44:02+00:00\" \/>\n<meta property=\"og:image\" content=\"https:\/\/www.badgerinc.com\/wp-content\/uploads\/2023\/09\/Badger-Reaming-and-Concrete-removal-1024x577.png\" \/>\n\t<meta property=\"og:image:width\" content=\"1024\" \/>\n\t<meta property=\"og:image:height\" content=\"577\" \/>\n\t<meta property=\"og:image:type\" content=\"image\/png\" \/>\n<meta name=\"twitter:card\" content=\"summary_large_image\" \/>\n<meta name=\"twitter:label1\" content=\"Estimation du temps de lecture\" \/>\n\t<meta name=\"twitter:data1\" content=\"1 minute\" \/>\n<script type=\"application\/ld+json\" class=\"yoast-schema-graph\">{\"@context\":\"https:\/\/schema.org\",\"@graph\":[{\"@type\":\"WebPage\",\"@id\":\"https:\/\/www.badgerinc.com\/fr\/solutions\/services-degout\/alesage-et-retrait-du-beton\/\",\"url\":\"https:\/\/www.badgerinc.com\/fr\/solutions\/services-degout\/alesage-et-retrait-du-beton\/\",\"name\":\"AL\u00c9SAGE ET RETRAIT DU B\u00c9TON - Badger Inc\",\"isPartOf\":{\"@id\":\"https:\/\/www.badgerinc.com\/fr\/#website\"},\"primaryImageOfPage\":{\"@id\":\"https:\/\/www.badgerinc.com\/fr\/solutions\/services-degout\/alesage-et-retrait-du-beton\/#primaryimage\"},\"image\":{\"@id\":\"https:\/\/www.badgerinc.com\/fr\/solutions\/services-degout\/alesage-et-retrait-du-beton\/#primaryimage\"},\"thumbnailUrl\":\"https:\/\/www.badgerinc.com\/wp-content\/uploads\/2023\/09\/Badger-Reaming-and-Concrete-removal.png\",\"datePublished\":\"2023-09-20T16:55:32+00:00\",\"dateModified\":\"2026-02-04T12:44:02+00:00\",\"breadcrumb\":{\"@id\":\"https:\/\/www.badgerinc.com\/fr\/solutions\/services-degout\/alesage-et-retrait-du-beton\/#breadcrumb\"},\"inLanguage\":\"fr-CA\",\"potentialAction\":[{\"@type\":\"ReadAction\",\"target\":[\"https:\/\/www.badgerinc.com\/fr\/solutions\/services-degout\/alesage-et-retrait-du-beton\/\"]}]},{\"@type\":\"ImageObject\",\"inLanguage\":\"fr-CA\",\"@id\":\"https:\/\/www.badgerinc.com\/fr\/solutions\/services-degout\/alesage-et-retrait-du-beton\/#primaryimage\",\"url\":\"https:\/\/www.badgerinc.com\/wp-content\/uploads\/2023\/09\/Badger-Reaming-and-Concrete-removal.png\",\"contentUrl\":\"https:\/\/www.badgerinc.com\/wp-content\/uploads\/2023\/09\/Badger-Reaming-and-Concrete-removal.png\",\"width\":3852,\"height\":2172},{\"@type\":\"BreadcrumbList\",\"@id\":\"https:\/\/www.badgerinc.com\/fr\/solutions\/services-degout\/alesage-et-retrait-du-beton\/#breadcrumb\",\"itemListElement\":[{\"@type\":\"ListItem\",\"position\":1,\"name\":\"Home\",\"item\":\"https:\/\/www.badgerinc.com\/fr\/\"},{\"@type\":\"ListItem\",\"position\":2,\"name\":\"SOLUTIONS\",\"item\":\"https:\/\/www.badgerinc.com\/fr\/solutions\/\"},{\"@type\":\"ListItem\",\"position\":3,\"name\":\"SERVICES D\u2019\u00c9GOUT\",\"item\":\"https:\/\/www.badgerinc.com\/fr\/solutions\/sewer-services\/\"},{\"@type\":\"ListItem\",\"position\":4,\"name\":\"AL\u00c9SAGE ET RETRAIT DU B\u00c9TON\"}]},{\"@type\":\"WebSite\",\"@id\":\"https:\/\/www.badgerinc.com\/fr\/#website\",\"url\":\"https:\/\/www.badgerinc.com\/fr\/\",\"name\":\"Badger Inc\",\"description\":\"Badger Infrastructure Solutions Ltd. : Hydrovac, Vacuum Truck And Excavation Services Company in USA and Canada\",\"potentialAction\":[{\"@type\":\"SearchAction\",\"target\":{\"@type\":\"EntryPoint\",\"urlTemplate\":\"https:\/\/www.badgerinc.com\/fr\/?s={search_term_string}\"},\"query-input\":{\"@type\":\"PropertyValueSpecification\",\"valueRequired\":true,\"valueName\":\"search_term_string\"}}],\"inLanguage\":\"fr-CA\"}]}<\/script>\n<!-- \/ Yoast SEO Premium plugin. -->","yoast_head_json":{"title":"AL\u00c9SAGE ET RETRAIT DU B\u00c9TON - Badger Inc","robots":{"index":"index","follow":"follow","max-snippet":"max-snippet:-1","max-image-preview":"max-image-preview:large","max-video-preview":"max-video-preview:-1"},"canonical":"https:\/\/www.badgerinc.com\/fr\/solutions\/services-degout\/alesage-et-retrait-du-beton\/","og_locale":"fr_CA","og_type":"article","og_title":"AL\u00c9SAGE ET RETRAIT DU B\u00c9TON","og_description":"[vc_row wrap_container=\u00a0\u00bbyes\u00a0\u00bb css=\u00a0\u00bb.vc_custom_1695321961824{padding-top: 40px !important;padding-bottom: 40px !important;}\u00a0\u00bb el_class=\u00a0\u00bbrow-align-items-center\u00a0\u00bb conditional_render=\u00a0\u00bb%5B%7B%22value_role%22%3A%22administrator%22%7D%5D\u00a0\u00bb][vc_column animation_delay=\u00a0\u00bb\u00a0\u00bb conditional_render=\u00a0\u00bb%5B%7B%22value_role%22%3A%22administrator%22%7D%5D\u00a0\u00bb][vc_column_text css_animation=\u00a0\u00bbnone\u00a0\u00bb] Les probl\u00e8mes courants d\u2019un syst\u00e8me de traitement des eaux us\u00e9es, comme la calcite durcie aux joints de tuyaux, l\u2019intrusion de racines, les fuites de coulis et les connexions p\u00e9n\u00e9trantes, peuvent \u00eatre \u00e9limin\u00e9s par Badger sans avoir \u00e0 creuser. Avec la vari\u00e9t\u00e9 d\u2019al\u00e9soirs et [&hellip;]","og_url":"https:\/\/www.badgerinc.com\/fr\/solutions\/services-degout\/alesage-et-retrait-du-beton\/","og_site_name":"Badger Inc","article_modified_time":"2026-02-04T12:44:02+00:00","og_image":[{"width":1024,"height":577,"url":"https:\/\/www.badgerinc.com\/wp-content\/uploads\/2023\/09\/Badger-Reaming-and-Concrete-removal-1024x577.png","type":"image\/png"}],"twitter_card":"summary_large_image","twitter_misc":{"Estimation du temps de lecture":"1 minute"},"schema":{"@context":"https:\/\/schema.org","@graph":[{"@type":"WebPage","@id":"https:\/\/www.badgerinc.com\/fr\/solutions\/services-degout\/alesage-et-retrait-du-beton\/","url":"https:\/\/www.badgerinc.com\/fr\/solutions\/services-degout\/alesage-et-retrait-du-beton\/","name":"AL\u00c9SAGE ET RETRAIT DU B\u00c9TON - Badger Inc","isPartOf":{"@id":"https:\/\/www.badgerinc.com\/fr\/#website"},"primaryImageOfPage":{"@id":"https:\/\/www.badgerinc.com\/fr\/solutions\/services-degout\/alesage-et-retrait-du-beton\/#primaryimage"},"image":{"@id":"https:\/\/www.badgerinc.com\/fr\/solutions\/services-degout\/alesage-et-retrait-du-beton\/#primaryimage"},"thumbnailUrl":"https:\/\/www.badgerinc.com\/wp-content\/uploads\/2023\/09\/Badger-Reaming-and-Concrete-removal.png","datePublished":"2023-09-20T16:55:32+00:00","dateModified":"2026-02-04T12:44:02+00:00","breadcrumb":{"@id":"https:\/\/www.badgerinc.com\/fr\/solutions\/services-degout\/alesage-et-retrait-du-beton\/#breadcrumb"},"inLanguage":"fr-CA","potentialAction":[{"@type":"ReadAction","target":["https:\/\/www.badgerinc.com\/fr\/solutions\/services-degout\/alesage-et-retrait-du-beton\/"]}]},{"@type":"ImageObject","inLanguage":"fr-CA","@id":"https:\/\/www.badgerinc.com\/fr\/solutions\/services-degout\/alesage-et-retrait-du-beton\/#primaryimage","url":"https:\/\/www.badgerinc.com\/wp-content\/uploads\/2023\/09\/Badger-Reaming-and-Concrete-removal.png","contentUrl":"https:\/\/www.badgerinc.com\/wp-content\/uploads\/2023\/09\/Badger-Reaming-and-Concrete-removal.png","width":3852,"height":2172},{"@type":"BreadcrumbList","@id":"https:\/\/www.badgerinc.com\/fr\/solutions\/services-degout\/alesage-et-retrait-du-beton\/#breadcrumb","itemListElement":[{"@type":"ListItem","position":1,"name":"Home","item":"https:\/\/www.badgerinc.com\/fr\/"},{"@type":"ListItem","position":2,"name":"SOLUTIONS","item":"https:\/\/www.badgerinc.com\/fr\/solutions\/"},{"@type":"ListItem","position":3,"name":"SERVICES D\u2019\u00c9GOUT","item":"https:\/\/www.badgerinc.com\/fr\/solutions\/sewer-services\/"},{"@type":"ListItem","position":4,"name":"AL\u00c9SAGE ET RETRAIT DU B\u00c9TON"}]},{"@type":"WebSite","@id":"https:\/\/www.badgerinc.com\/fr\/#website","url":"https:\/\/www.badgerinc.com\/fr\/","name":"Badger Inc","description":"Badger Infrastructure Solutions Ltd. : Hydrovac, Vacuum Truck And Excavation Services Company in USA and Canada","potentialAction":[{"@type":"SearchAction","target":{"@type":"EntryPoint","urlTemplate":"https:\/\/www.badgerinc.com\/fr\/?s={search_term_string}"},"query-input":{"@type":"PropertyValueSpecification","valueRequired":true,"valueName":"search_term_string"}}],"inLanguage":"fr-CA"}]}},"_links":{"self":[{"href":"https:\/\/www.badgerinc.com\/fr\/wp-json\/wp\/v2\/pages\/1265673","targetHints":{"allow":["GET"]}}],"collection":[{"href":"https:\/\/www.badgerinc.com\/fr\/wp-json\/wp\/v2\/pages"}],"about":[{"href":"https:\/\/www.badgerinc.com\/fr\/wp-json\/wp\/v2\/types\/page"}],"author":[{"embeddable":true,"href":"https:\/\/www.badgerinc.com\/fr\/wp-json\/wp\/v2\/users\/12"}],"replies":[{"embeddable":true,"href":"https:\/\/www.badgerinc.com\/fr\/wp-json\/wp\/v2\/comments?post=1265673"}],"version-history":[{"count":0,"href":"https:\/\/www.badgerinc.com\/fr\/wp-json\/wp\/v2\/pages\/1265673\/revisions"}],"up":[{"embeddable":true,"href":"https:\/\/www.badgerinc.com\/fr\/wp-json\/wp\/v2\/pages\/1265657"}],"wp:featuredmedia":[{"embeddable":true,"href":"https:\/\/www.badgerinc.com\/fr\/wp-json\/wp\/v2\/media\/1265674"}],"wp:attachment":[{"href":"https:\/\/www.badgerinc.com\/fr\/wp-json\/wp\/v2\/media?parent=1265673"}],"curies":[{"name":"wp","href":"https:\/\/api.w.org\/{rel}","templated":true}]}}