{"id":1265657,"date":"2023-09-20T19:06:29","date_gmt":"2023-09-20T19:06:29","guid":{"rendered":"https:\/\/badgerincdev.wpenginepowered.com\/services-degout\/"},"modified":"2026-02-04T12:42:59","modified_gmt":"2026-02-04T12:42:59","slug":"services-degout","status":"publish","type":"page","link":"https:\/\/www.badgerinc.com\/fr\/solutions\/services-degout\/","title":{"rendered":"SERVICES D\u2019\u00c9GOUT"},"content":{"rendered":"<div class=\"wpb-content-wrapper\"><p>[vc_row wrap_container=\u00a0\u00bbyes\u00a0\u00bb css=\u00a0\u00bb.vc_custom_1695146854890{padding-top: 80px !important;padding-bottom: 50px !important;}\u00a0\u00bb el_class=\u00a0\u00bbrow-align-items-center\u00a0\u00bb conditional_render=\u00a0\u00bb%5B%7B%22value_role%22%3A%22administrator%22%7D%5D\u00a0\u00bb][vc_column animation_delay=\u00a0\u00bb\u00a0\u00bb conditional_render=\u00a0\u00bb%5B%7B%22value_role%22%3A%22administrator%22%7D%5D\u00a0\u00bb][vc_column_text css_animation=\u00a0\u00bbnone\u00a0\u00bb]<\/p>\n<h2>D\u00e9tection des services d\u2019\u00e9gout et des pipelines<\/h2>\n<p>La localisation des canalisations d\u2019\u00e9gout et principales est un service crucial pour tout projet de construction. Les services de d\u00e9tection de services souterrains traditionnels reposent sur des plans d\u2019infrastructure obsol\u00e8tes et inexacts ou sur la mise au jour de l\u2019infrastructure pour localiser les conduites, ce qui ajoute des d\u00e9penses et une destruction consid\u00e9rables de la zone. Le service d\u2019\u00e9gout Badger utilise la plus r\u00e9cente technologie de cam\u00e9ra, de d\u00e9tection et de GPS pour trouver et cartographier l\u2019emplacement pr\u00e9cis des \u00e9gouts et des pipelines avec un co\u00fbt minimal et aucun dommage \u00e0 la zone environnante. Notre technologie \u00e9limine les incertitudes et nos techniciens hautement qualifi\u00e9s sont des experts en mati\u00e8re de cartographie pr\u00e9cise et professionnelle des syst\u00e8mes d\u2019eau us\u00e9e. Que ce soit pour fournir des mises \u00e0 jour aux dossiers d\u2019infrastructure locaux ou pour examiner et produire de nouvelles cartes de localisation des \u00e9gouts et des canalisations principales, vous pouvez compter sur Badger pour fournir un service de qualit\u00e9 sup\u00e9rieure.[\/vc_column_text][\/vc_column][\/vc_row][vc_row wrap_container=\u00a0\u00bbyes\u00a0\u00bb content_placement=\u00a0\u00bbmiddle\u00a0\u00bb conditional_render=\u00a0\u00bb%5B%7B%22value_role%22%3A%22administrator%22%7D%5D\u00a0\u00bb css=\u00a0\u00bb.vc_custom_1695046556358{margin-top: 20px !important;padding-top: 10px !important;}\u00a0\u00bb][vc_column][vc_custom_heading text=\u00a0\u00bbBadger offre une vaste gamme de services d\u2019\u00e9gout, notamment\u00a0:\u00a0\u00bb font_container=\u00a0\u00bbtag:h3|font_size:24|text_align:left\u00a0\u00bb use_theme_fonts=\u00a0\u00bbyes\u00a0\u00bb font_weight=\u00a0\u00bb700&Prime; skin=\u00a0\u00bbprimary\u00a0\u00bb css_animation=\u00a0\u00bbslideInUp\u00a0\u00bb][\/vc_column][\/vc_row][vc_row wrap_container=\u00a0\u00bbyes\u00a0\u00bb conditional_render=\u00a0\u00bb%5B%7B%22value_role%22%3A%22administrator%22%7D%5D\u00a0\u00bb][vc_column width=\u00a0\u00bb1\/3&Prime; animation_type=\u00a0\u00bbfadeIn\u00a0\u00bb conditional_render=\u00a0\u00bb%5B%7B%22value_role%22%3A%22administrator%22%7D%5D\u00a0\u00bb]<a aria-label=\"ESSAIS D\u2019AIR\" class=\"porto-sicon-box-link\" href=\"https:\/\/www.badgerinc.com\/solutions\/sewer-services\/air-testing\/\" title='AIR TESTING'><div class=\"porto-sicon-box text-start image-box  wpb_custom_6bd3ea43243bb56571d580d187f8d1d7 style_1 top-icon\"><div class=\"porto-sicon-top\"><div class=\"porto-just-icon-wrapper porto-sicon-img  porto-icon-9f5d1cfb45d27d96b50bf473aebba227\" style=\"font-size: 400px;\"><img loading=\"lazy\" decoding=\"async\" class=\"img-icon\" alt=\"\" src=\"https:\/\/www.badgerinc.com\/wp-content\/uploads\/2023\/09\/Badger-Air-testing-1.jpg\" width=\"1000\" height=\"667\" \/><\/div><\/div><div class=\"porto-sicon-header\"><h3 class=\"porto-sicon-title\" style=\"font-weight:700;font-size:17.5px;line-height:27px;\">ESSAIS D\u2019AIR<\/h3><\/div> <!-- header --><\/div><!-- porto-sicon-box --><\/a>[\/vc_column][vc_column width=\u00a0\u00bb1\/3&Prime; animation_delay=\u00a0\u00bb250&Prime; animation_type=\u00a0\u00bbfadeIn\u00a0\u00bb]<a aria-label=\"INSPECTIONS T\u00c9L\u00c9VIS\u00c9ES\" class=\"porto-sicon-box-link\" href=\"https:\/\/www.badgerinc.com\/solutions\/sewer-services\/cctv-inspections\/\" title='CCTV INSPECTIONS'><div class=\"porto-sicon-box text-start image-box  wpb_custom_6bd3ea43243bb56571d580d187f8d1d7 style_1 top-icon\"><div class=\"porto-sicon-top\"><div class=\"porto-just-icon-wrapper porto-sicon-img  porto-icon-9f5d1cfb45d27d96b50bf473aebba227\" style=\"font-size: 400px;\"><img loading=\"lazy\" decoding=\"async\" class=\"img-icon\" alt=\"\" src=\"https:\/\/www.badgerinc.com\/wp-content\/uploads\/2023\/09\/Badger-CCTV-inspections-1.jpg\" width=\"1000\" height=\"666\" \/><\/div><\/div><div class=\"porto-sicon-header\"><h3 class=\"porto-sicon-title\" style=\"font-weight:700;font-size:17.5px;line-height:27px;\">INSPECTIONS T\u00c9L\u00c9VIS\u00c9ES<\/h3><\/div> <!-- header --><\/div><!-- porto-sicon-box --><\/a>[\/vc_column][vc_column width=\u00a0\u00bb1\/3&Prime; animation_delay=\u00a0\u00bb500&Prime; animation_type=\u00a0\u00bbfadeIn\u00a0\u00bb]<a aria-label=\"RIN\u00c7AGE ET NETTOYAGE\" class=\"porto-sicon-box-link\" href=\"https:\/\/www.badgerinc.com\/solutions\/locating\/flushing-cleaning\/\" title='FLUSHING &amp; CLEANING'><div class=\"porto-sicon-box text-start image-box  wpb_custom_6bd3ea43243bb56571d580d187f8d1d7 style_1 top-icon\"><div class=\"porto-sicon-top\"><div class=\"porto-just-icon-wrapper porto-sicon-img  porto-icon-9f5d1cfb45d27d96b50bf473aebba227\" style=\"font-size: 400px;\"><img loading=\"lazy\" decoding=\"async\" class=\"img-icon\" alt=\"\" src=\"https:\/\/www.badgerinc.com\/wp-content\/uploads\/2023\/09\/Flushing-and-Cleaning-Service-1.jpg\" width=\"1000\" height=\"667\" \/><\/div><\/div><div class=\"porto-sicon-header\"><h3 class=\"porto-sicon-title\" style=\"font-weight:700;font-size:17.5px;line-height:27px;\">RIN\u00c7AGE ET NETTOYAGE<\/h3><\/div> <!-- header --><\/div><!-- porto-sicon-box --><\/a>[\/vc_column][\/vc_row][vc_row wrap_container=\u00a0\u00bbyes\u00a0\u00bb conditional_render=\u00a0\u00bb%5B%7B%22value_role%22%3A%22administrator%22%7D%5D\u00a0\u00bb][vc_column width=\u00a0\u00bb1\/3&Prime; animation_type=\u00a0\u00bbfadeIn\u00a0\u00bb conditional_render=\u00a0\u00bb%5B%7B%22value_role%22%3A%22administrator%22%7D%5D\u00a0\u00bb]<a aria-label=\"PROFILEUR LASER\" class=\"porto-sicon-box-link\" href=\"https:\/\/www.badgerinc.com\/solutions\/sewer-services\/laser-profiling\/\" title='LASER PROFILING'><div class=\"porto-sicon-box text-start image-box  wpb_custom_6bd3ea43243bb56571d580d187f8d1d7 style_1 top-icon\"><div class=\"porto-sicon-top\"><div class=\"porto-just-icon-wrapper porto-sicon-img  porto-icon-9f5d1cfb45d27d96b50bf473aebba227\" style=\"font-size: 400px;\"><img loading=\"lazy\" decoding=\"async\" class=\"img-icon\" alt=\"\" src=\"https:\/\/www.badgerinc.com\/wp-content\/uploads\/2023\/09\/Badger-Laser-Profiling-1.jpg\" width=\"1000\" height=\"667\" \/><\/div><\/div><div class=\"porto-sicon-header\"><h3 class=\"porto-sicon-title\" style=\"font-weight:700;font-size:17.5px;line-height:27px;\">PROFILEUR LASER<\/h3><\/div> <!-- header --><\/div><!-- porto-sicon-box --><\/a>[\/vc_column][vc_column width=\u00a0\u00bb1\/3&Prime; animation_delay=\u00a0\u00bb250&Prime; animation_type=\u00a0\u00bbfadeIn\u00a0\u00bb]<a aria-label=\"INSPECTIONS DES CONDUITES PRINCIPALES ET LAT\u00c9RALES\" class=\"porto-sicon-box-link\" href=\"https:\/\/www.badgerinc.com\/solutions\/sewer-services\/mainline-to-lateral-line-inspections\/\" title='MAINLINE TO LATERAL LINE INSPECTIONS'><div class=\"porto-sicon-box text-start image-box  wpb_custom_6bd3ea43243bb56571d580d187f8d1d7 style_1 top-icon\"><div class=\"porto-sicon-top\"><div class=\"porto-just-icon-wrapper porto-sicon-img  porto-icon-9f5d1cfb45d27d96b50bf473aebba227\" style=\"font-size: 400px;\"><img loading=\"lazy\" decoding=\"async\" class=\"img-icon\" alt=\"\" src=\"https:\/\/www.badgerinc.com\/wp-content\/uploads\/2023\/09\/Badger-mainline-to-lateral-line-inspections.jpg\" width=\"1000\" height=\"667\" \/><\/div><\/div><div class=\"porto-sicon-header\"><h3 class=\"porto-sicon-title\" style=\"font-weight:700;font-size:17.5px;line-height:27px;\">INSPECTIONS DES CONDUITES PRINCIPALES ET LAT\u00c9RALES<\/h3><\/div> <!-- header --><\/div><!-- porto-sicon-box --><\/a>[\/vc_column][vc_column width=\u00a0\u00bb1\/3&Prime; animation_delay=\u00a0\u00bb500&Prime; animation_type=\u00a0\u00bbfadeIn\u00a0\u00bb]<a aria-label=\"ESSAI DE PLIAGE SUR MANDRIN\" class=\"porto-sicon-box-link\" href=\"https:\/\/www.badgerinc.com\/solutions\/sewer-services\/mandrel-testing\/\" title='MANDREL TESTING'><div class=\"porto-sicon-box text-start image-box  wpb_custom_6bd3ea43243bb56571d580d187f8d1d7 style_1 top-icon\"><div class=\"porto-sicon-top\"><div class=\"porto-just-icon-wrapper porto-sicon-img  porto-icon-9f5d1cfb45d27d96b50bf473aebba227\" style=\"font-size: 400px;\"><img loading=\"lazy\" decoding=\"async\" class=\"img-icon\" alt=\"\" src=\"https:\/\/www.badgerinc.com\/wp-content\/uploads\/2023\/09\/Badger-SS-Mandrel-Testing.jpg\" width=\"1000\" height=\"667\" \/><\/div><\/div><div class=\"porto-sicon-header\"><h3 class=\"porto-sicon-title\" style=\"font-weight:700;font-size:17.5px;line-height:27px;\">ESSAI DE PLIAGE SUR MANDRIN<\/h3><\/div> <!-- header --><\/div><!-- porto-sicon-box --><\/a>[\/vc_column][\/vc_row][vc_row wrap_container=\u00a0\u00bbyes\u00a0\u00bb conditional_render=\u00a0\u00bb%5B%7B%22value_role%22%3A%22administrator%22%7D%5D\u00a0\u00bb][vc_column width=\u00a0\u00bb1\/3&Prime; animation_type=\u00a0\u00bbfadeIn\u00a0\u00bb conditional_render=\u00a0\u00bb%5B%7B%22value_role%22%3A%22administrator%22%7D%5D\u00a0\u00bb]<a aria-label=\"AL\u00c9SAGE ET RETRAIT DU B\u00c9TON\" class=\"porto-sicon-box-link\" href=\"https:\/\/www.badgerinc.com\/solutions\/sewer-services\/reaming-concrete-removal\/\" title='REAMING &amp; CONCRETE REMOVAL'><div class=\"porto-sicon-box text-start image-box  wpb_custom_6bd3ea43243bb56571d580d187f8d1d7 style_1 top-icon\"><div class=\"porto-sicon-top\"><div class=\"porto-just-icon-wrapper porto-sicon-img  porto-icon-9f5d1cfb45d27d96b50bf473aebba227\" style=\"font-size: 400px;\"><img loading=\"lazy\" decoding=\"async\" class=\"img-icon\" alt=\"\" src=\"https:\/\/www.badgerinc.com\/wp-content\/uploads\/2023\/09\/Badger-Reaming-and-Concrete-removal.jpg\" width=\"1000\" height=\"667\" \/><\/div><\/div><div class=\"porto-sicon-header\"><h3 class=\"porto-sicon-title\" style=\"font-weight:700;font-size:17.5px;line-height:27px;\">AL\u00c9SAGE ET RETRAIT DU B\u00c9TON<\/h3><\/div> <!-- header --><\/div><!-- porto-sicon-box --><\/a>[\/vc_column][vc_column width=\u00a0\u00bb1\/3&Prime; animation_delay=\u00a0\u00bb250&Prime; animation_type=\u00a0\u00bbfadeIn\u00a0\u00bb]<a aria-label=\"LOCALISATION DES CANALISATIONS D\u2019\u00c9GOUT ET PRINCIPALES\" class=\"porto-sicon-box-link\" href=\"https:\/\/www.badgerinc.com\/solutions\/sewer-services\/sewer-and-main-line-locating\/\" title='SEWER AND MAIN LINE LOCATING'><div class=\"porto-sicon-box text-start image-box  wpb_custom_6bd3ea43243bb56571d580d187f8d1d7 style_1 top-icon\"><div class=\"porto-sicon-top\"><div class=\"porto-just-icon-wrapper porto-sicon-img  porto-icon-9f5d1cfb45d27d96b50bf473aebba227\" style=\"font-size: 400px;\"><img loading=\"lazy\" decoding=\"async\" class=\"img-icon\" alt=\"\" src=\"https:\/\/www.badgerinc.com\/wp-content\/uploads\/2023\/09\/Badger-Sewer-and-pipeline-location-1.jpg\" width=\"1000\" height=\"667\" \/><\/div><\/div><div class=\"porto-sicon-header\"><h3 class=\"porto-sicon-title\" style=\"font-weight:700;font-size:17.5px;line-height:27px;\">LOCALISATION DES CANALISATIONS D\u2019\u00c9GOUT ET PRINCIPALES<\/h3><\/div> <!-- header --><\/div><!-- porto-sicon-box --><\/a>[\/vc_column][vc_column width=\u00a0\u00bb1\/3&Prime; animation_delay=\u00a0\u00bb500&Prime; animation_type=\u00a0\u00bbfadeIn\u00a0\u00bb]<a aria-label=\"ESSAI DE FUM\u00c9E\" class=\"porto-sicon-box-link\" href=\"https:\/\/www.badgerinc.com\/solutions\/sewer-services\/smoke-testing\/\" title='SMOKE TESTING'><div class=\"porto-sicon-box text-start image-box  wpb_custom_6bd3ea43243bb56571d580d187f8d1d7 style_1 top-icon\"><div class=\"porto-sicon-top\"><div class=\"porto-just-icon-wrapper porto-sicon-img  porto-icon-9f5d1cfb45d27d96b50bf473aebba227\" style=\"font-size: 400px;\"><img loading=\"lazy\" decoding=\"async\" class=\"img-icon\" alt=\"\" src=\"https:\/\/www.badgerinc.com\/wp-content\/uploads\/2023\/09\/Badger-Smoke-Testing-1.jpg\" width=\"1000\" height=\"667\" \/><\/div><\/div><div class=\"porto-sicon-header\"><h3 class=\"porto-sicon-title\" style=\"font-weight:700;font-size:17.5px;line-height:27px;\">ESSAI DE FUM\u00c9E<\/h3><\/div> <!-- header --><\/div><!-- porto-sicon-box --><\/a>[\/vc_column][\/vc_row][vc_row wrap_container=\u00a0\u00bbyes\u00a0\u00bb conditional_render=\u00a0\u00bb%5B%7B%22value_role%22%3A%22administrator%22%7D%5D\u00a0\u00bb][vc_column animation_type=\u00a0\u00bbfadeIn\u00a0\u00bb conditional_render=\u00a0\u00bb%5B%7B%22value_role%22%3A%22administrator%22%7D%5D\u00a0\u00bb][vc_empty_space height=\u00a0\u00bb40px\u00a0\u00bb][vc_cta h2=\u00a0\u00bbObtenir une estimation\u00a0\u00bb h4=\u00a0\u00bbCommuniquez avec nous d\u00e8s aujourd\u2019hui.\u00a0\u00bb shape=\u00a0\u00bbsquare\u00a0\u00bb add_button=\u00a0\u00bbright\u00a0\u00bb btn_title=\u00a0\u00bbCommuniquer avec nous\u00a0\u00bb btn_skin=\u00a0\u00bbprimary\u00a0\u00bb btn_btn_fs=\u00a0\u00bb20&Prime; btn_btn_ls=\u00a0\u00bb.2&Prime; btn_btn_px=\u00a0\u00bb10&Prime; btn_link=\u00a0\u00bburl:https%3A%2F%2Fwww.badgerinc.com%2Ffr%2Fobtenir-une-estimation%2F|\u00a0\u00bb][\/vc_cta][\/vc_column][\/vc_row]<\/p>\n<\/div>","protected":false},"excerpt":{"rendered":"<p>[vc_row wrap_container=\u00a0\u00bbyes\u00a0\u00bb css=\u00a0\u00bb.vc_custom_1695146854890{padding-top: 80px !important;padding-bottom: 50px !important;}\u00a0\u00bb el_class=\u00a0\u00bbrow-align-items-center\u00a0\u00bb conditional_render=\u00a0\u00bb%5B%7B%22value_role%22%3A%22administrator%22%7D%5D\u00a0\u00bb][vc_column animation_delay=\u00a0\u00bb\u00a0\u00bb conditional_render=\u00a0\u00bb%5B%7B%22value_role%22%3A%22administrator%22%7D%5D\u00a0\u00bb][vc_column_text css_animation=\u00a0\u00bbnone\u00a0\u00bb] D\u00e9tection des services d\u2019\u00e9gout et des pipelines La localisation des canalisations d\u2019\u00e9gout et principales est un service crucial pour tout projet de construction. Les services de d\u00e9tection de services souterrains traditionnels reposent sur des plans d\u2019infrastructure obsol\u00e8tes et inexacts ou sur la mise [&hellip;]<\/p>\n","protected":false},"author":3,"featured_media":1265666,"parent":1265733,"menu_order":0,"comment_status":"closed","ping_status":"closed","template":"","meta":{"footnotes":""},"class_list":["post-1265657","page","type-page","status-publish","has-post-thumbnail","hentry"],"yoast_head":"<!-- This site is optimized with the Yoast SEO Premium plugin v23.4 (Yoast SEO v27.2) - https:\/\/yoast.com\/product\/yoast-seo-premium-wordpress\/ -->\n<title>SERVICES D\u2019\u00c9GOUT - Badger Inc<\/title>\n<meta name=\"robots\" content=\"index, follow, max-snippet:-1, max-image-preview:large, max-video-preview:-1\" \/>\n<link rel=\"canonical\" href=\"https:\/\/www.badgerinc.com\/fr\/solutions\/services-degout\/\" \/>\n<meta property=\"og:locale\" content=\"fr_CA\" \/>\n<meta property=\"og:type\" content=\"article\" \/>\n<meta property=\"og:title\" content=\"SERVICES D\u2019\u00c9GOUT\" \/>\n<meta property=\"og:description\" content=\"[vc_row wrap_container=\u00a0\u00bbyes\u00a0\u00bb css=\u00a0\u00bb.vc_custom_1695146854890{padding-top: 80px !important;padding-bottom: 50px !important;}\u00a0\u00bb el_class=\u00a0\u00bbrow-align-items-center\u00a0\u00bb conditional_render=\u00a0\u00bb%5B%7B%22value_role%22%3A%22administrator%22%7D%5D\u00a0\u00bb][vc_column animation_delay=\u00a0\u00bb\u00a0\u00bb conditional_render=\u00a0\u00bb%5B%7B%22value_role%22%3A%22administrator%22%7D%5D\u00a0\u00bb][vc_column_text css_animation=\u00a0\u00bbnone\u00a0\u00bb] D\u00e9tection des services d\u2019\u00e9gout et des pipelines La localisation des canalisations d\u2019\u00e9gout et principales est un service crucial pour tout projet de construction. Les services de d\u00e9tection de services souterrains traditionnels reposent sur des plans d\u2019infrastructure obsol\u00e8tes et inexacts ou sur la mise [&hellip;]\" \/>\n<meta property=\"og:url\" content=\"https:\/\/www.badgerinc.com\/fr\/solutions\/services-degout\/\" \/>\n<meta property=\"og:site_name\" content=\"Badger Inc\" \/>\n<meta property=\"article:modified_time\" content=\"2026-02-04T12:42:59+00:00\" \/>\n<meta property=\"og:image\" content=\"https:\/\/www.badgerinc.com\/wp-content\/uploads\/2023\/09\/Badger-Daylighting-hydrovac-Applications.jpg\" \/>\n\t<meta property=\"og:image:width\" content=\"1420\" \/>\n\t<meta property=\"og:image:height\" content=\"680\" \/>\n\t<meta property=\"og:image:type\" content=\"image\/jpeg\" \/>\n<meta name=\"twitter:card\" content=\"summary_large_image\" \/>\n<meta name=\"twitter:label1\" content=\"Estimation du temps de lecture\" \/>\n\t<meta name=\"twitter:data1\" content=\"6 minutes\" \/>\n<script type=\"application\/ld+json\" class=\"yoast-schema-graph\">{\"@context\":\"https:\/\/schema.org\",\"@graph\":[{\"@type\":\"WebPage\",\"@id\":\"https:\/\/www.badgerinc.com\/fr\/solutions\/services-degout\/\",\"url\":\"https:\/\/www.badgerinc.com\/fr\/solutions\/services-degout\/\",\"name\":\"SERVICES D\u2019\u00c9GOUT - Badger Inc\",\"isPartOf\":{\"@id\":\"https:\/\/www.badgerinc.com\/fr\/#website\"},\"primaryImageOfPage\":{\"@id\":\"https:\/\/www.badgerinc.com\/fr\/solutions\/services-degout\/#primaryimage\"},\"image\":{\"@id\":\"https:\/\/www.badgerinc.com\/fr\/solutions\/services-degout\/#primaryimage\"},\"thumbnailUrl\":\"https:\/\/www.badgerinc.com\/wp-content\/uploads\/2023\/09\/Badger-Daylighting-hydrovac-Applications.jpg\",\"datePublished\":\"2023-09-20T19:06:29+00:00\",\"dateModified\":\"2026-02-04T12:42:59+00:00\",\"breadcrumb\":{\"@id\":\"https:\/\/www.badgerinc.com\/fr\/solutions\/services-degout\/#breadcrumb\"},\"inLanguage\":\"fr-CA\",\"potentialAction\":[{\"@type\":\"ReadAction\",\"target\":[\"https:\/\/www.badgerinc.com\/fr\/solutions\/services-degout\/\"]}]},{\"@type\":\"ImageObject\",\"inLanguage\":\"fr-CA\",\"@id\":\"https:\/\/www.badgerinc.com\/fr\/solutions\/services-degout\/#primaryimage\",\"url\":\"https:\/\/www.badgerinc.com\/wp-content\/uploads\/2023\/09\/Badger-Daylighting-hydrovac-Applications.jpg\",\"contentUrl\":\"https:\/\/www.badgerinc.com\/wp-content\/uploads\/2023\/09\/Badger-Daylighting-hydrovac-Applications.jpg\",\"width\":1420,\"height\":680},{\"@type\":\"BreadcrumbList\",\"@id\":\"https:\/\/www.badgerinc.com\/fr\/solutions\/services-degout\/#breadcrumb\",\"itemListElement\":[{\"@type\":\"ListItem\",\"position\":1,\"name\":\"Home\",\"item\":\"https:\/\/www.badgerinc.com\/fr\/\"},{\"@type\":\"ListItem\",\"position\":2,\"name\":\"SOLUTIONS\",\"item\":\"https:\/\/www.badgerinc.com\/fr\/solutions\/\"},{\"@type\":\"ListItem\",\"position\":3,\"name\":\"SERVICES D\u2019\u00c9GOUT\"}]},{\"@type\":\"WebSite\",\"@id\":\"https:\/\/www.badgerinc.com\/fr\/#website\",\"url\":\"https:\/\/www.badgerinc.com\/fr\/\",\"name\":\"Badger Inc\",\"description\":\"Badger Infrastructure Solutions Ltd. : Hydrovac, Vacuum Truck And Excavation Services Company in USA and Canada\",\"potentialAction\":[{\"@type\":\"SearchAction\",\"target\":{\"@type\":\"EntryPoint\",\"urlTemplate\":\"https:\/\/www.badgerinc.com\/fr\/?s={search_term_string}\"},\"query-input\":{\"@type\":\"PropertyValueSpecification\",\"valueRequired\":true,\"valueName\":\"search_term_string\"}}],\"inLanguage\":\"fr-CA\"}]}<\/script>\n<!-- \/ Yoast SEO Premium plugin. -->","yoast_head_json":{"title":"SERVICES D\u2019\u00c9GOUT - Badger Inc","robots":{"index":"index","follow":"follow","max-snippet":"max-snippet:-1","max-image-preview":"max-image-preview:large","max-video-preview":"max-video-preview:-1"},"canonical":"https:\/\/www.badgerinc.com\/fr\/solutions\/services-degout\/","og_locale":"fr_CA","og_type":"article","og_title":"SERVICES D\u2019\u00c9GOUT","og_description":"[vc_row wrap_container=\u00a0\u00bbyes\u00a0\u00bb css=\u00a0\u00bb.vc_custom_1695146854890{padding-top: 80px !important;padding-bottom: 50px !important;}\u00a0\u00bb el_class=\u00a0\u00bbrow-align-items-center\u00a0\u00bb conditional_render=\u00a0\u00bb%5B%7B%22value_role%22%3A%22administrator%22%7D%5D\u00a0\u00bb][vc_column animation_delay=\u00a0\u00bb\u00a0\u00bb conditional_render=\u00a0\u00bb%5B%7B%22value_role%22%3A%22administrator%22%7D%5D\u00a0\u00bb][vc_column_text css_animation=\u00a0\u00bbnone\u00a0\u00bb] D\u00e9tection des services d\u2019\u00e9gout et des pipelines La localisation des canalisations d\u2019\u00e9gout et principales est un service crucial pour tout projet de construction. Les services de d\u00e9tection de services souterrains traditionnels reposent sur des plans d\u2019infrastructure obsol\u00e8tes et inexacts ou sur la mise [&hellip;]","og_url":"https:\/\/www.badgerinc.com\/fr\/solutions\/services-degout\/","og_site_name":"Badger Inc","article_modified_time":"2026-02-04T12:42:59+00:00","og_image":[{"width":1420,"height":680,"url":"https:\/\/www.badgerinc.com\/wp-content\/uploads\/2023\/09\/Badger-Daylighting-hydrovac-Applications.jpg","type":"image\/jpeg"}],"twitter_card":"summary_large_image","twitter_misc":{"Estimation du temps de lecture":"6 minutes"},"schema":{"@context":"https:\/\/schema.org","@graph":[{"@type":"WebPage","@id":"https:\/\/www.badgerinc.com\/fr\/solutions\/services-degout\/","url":"https:\/\/www.badgerinc.com\/fr\/solutions\/services-degout\/","name":"SERVICES D\u2019\u00c9GOUT - Badger Inc","isPartOf":{"@id":"https:\/\/www.badgerinc.com\/fr\/#website"},"primaryImageOfPage":{"@id":"https:\/\/www.badgerinc.com\/fr\/solutions\/services-degout\/#primaryimage"},"image":{"@id":"https:\/\/www.badgerinc.com\/fr\/solutions\/services-degout\/#primaryimage"},"thumbnailUrl":"https:\/\/www.badgerinc.com\/wp-content\/uploads\/2023\/09\/Badger-Daylighting-hydrovac-Applications.jpg","datePublished":"2023-09-20T19:06:29+00:00","dateModified":"2026-02-04T12:42:59+00:00","breadcrumb":{"@id":"https:\/\/www.badgerinc.com\/fr\/solutions\/services-degout\/#breadcrumb"},"inLanguage":"fr-CA","potentialAction":[{"@type":"ReadAction","target":["https:\/\/www.badgerinc.com\/fr\/solutions\/services-degout\/"]}]},{"@type":"ImageObject","inLanguage":"fr-CA","@id":"https:\/\/www.badgerinc.com\/fr\/solutions\/services-degout\/#primaryimage","url":"https:\/\/www.badgerinc.com\/wp-content\/uploads\/2023\/09\/Badger-Daylighting-hydrovac-Applications.jpg","contentUrl":"https:\/\/www.badgerinc.com\/wp-content\/uploads\/2023\/09\/Badger-Daylighting-hydrovac-Applications.jpg","width":1420,"height":680},{"@type":"BreadcrumbList","@id":"https:\/\/www.badgerinc.com\/fr\/solutions\/services-degout\/#breadcrumb","itemListElement":[{"@type":"ListItem","position":1,"name":"Home","item":"https:\/\/www.badgerinc.com\/fr\/"},{"@type":"ListItem","position":2,"name":"SOLUTIONS","item":"https:\/\/www.badgerinc.com\/fr\/solutions\/"},{"@type":"ListItem","position":3,"name":"SERVICES D\u2019\u00c9GOUT"}]},{"@type":"WebSite","@id":"https:\/\/www.badgerinc.com\/fr\/#website","url":"https:\/\/www.badgerinc.com\/fr\/","name":"Badger Inc","description":"Badger Infrastructure Solutions Ltd. : Hydrovac, Vacuum Truck And Excavation Services Company in USA and Canada","potentialAction":[{"@type":"SearchAction","target":{"@type":"EntryPoint","urlTemplate":"https:\/\/www.badgerinc.com\/fr\/?s={search_term_string}"},"query-input":{"@type":"PropertyValueSpecification","valueRequired":true,"valueName":"search_term_string"}}],"inLanguage":"fr-CA"}]}},"_links":{"self":[{"href":"https:\/\/www.badgerinc.com\/fr\/wp-json\/wp\/v2\/pages\/1265657","targetHints":{"allow":["GET"]}}],"collection":[{"href":"https:\/\/www.badgerinc.com\/fr\/wp-json\/wp\/v2\/pages"}],"about":[{"href":"https:\/\/www.badgerinc.com\/fr\/wp-json\/wp\/v2\/types\/page"}],"author":[{"embeddable":true,"href":"https:\/\/www.badgerinc.com\/fr\/wp-json\/wp\/v2\/users\/3"}],"replies":[{"embeddable":true,"href":"https:\/\/www.badgerinc.com\/fr\/wp-json\/wp\/v2\/comments?post=1265657"}],"version-history":[{"count":0,"href":"https:\/\/www.badgerinc.com\/fr\/wp-json\/wp\/v2\/pages\/1265657\/revisions"}],"up":[{"embeddable":true,"href":"https:\/\/www.badgerinc.com\/fr\/wp-json\/wp\/v2\/pages\/1265733"}],"wp:featuredmedia":[{"embeddable":true,"href":"https:\/\/www.badgerinc.com\/fr\/wp-json\/wp\/v2\/media\/1265666"}],"wp:attachment":[{"href":"https:\/\/www.badgerinc.com\/fr\/wp-json\/wp\/v2\/media?parent=1265657"}],"curies":[{"name":"wp","href":"https:\/\/api.w.org\/{rel}","templated":true}]}}