{"id":1265656,"date":"2023-09-20T19:48:33","date_gmt":"2023-09-20T19:48:33","guid":{"rendered":"https:\/\/badgerincdev.wpenginepowered.com\/obtenir-une-estimation\/"},"modified":"2026-02-04T12:42:59","modified_gmt":"2026-02-04T12:42:59","slug":"obtenir-une-estimation","status":"publish","type":"page","link":"https:\/\/www.badgerinc.com\/fr\/obtenir-une-estimation\/","title":{"rendered":"OBTENIR UNE ESTIMATION"},"content":{"rendered":"<div class=\"wpb-content-wrapper\"><p>[vc_row wrap_container=\u00a0\u00bbyes\u00a0\u00bb el_class=\u00a0\u00bbrow-align-items-center\u00a0\u00bb conditional_render=\u00a0\u00bb%5B%7B%22value_role%22%3A%22administrator%22%7D%5D\u00a0\u00bb][vc_column animation_delay=\u00a0\u00bb\u00a0\u00bb conditional_render=\u00a0\u00bb%5B%7B%22value_role%22%3A%22administrator%22%7D%5D\u00a0\u00bb][vc_custom_heading text=\u00a0\u00bbAppelez Badger au num\u00e9ro sans frais toujours accessible\u00a0\u00bb use_theme_fonts=\u00a0\u00bbyes\u00a0\u00bb][\/vc_column][\/vc_row][vc_row wrap_container=\u00a0\u00bbyes\u00a0\u00bb conditional_render=\u00a0\u00bb%5B%7B%22value_role%22%3A%22administrator%22%7D%5D\u00a0\u00bb][vc_column width=\u00a0\u00bb1\/3&Prime;][vc_column_text css=\u00a0\u00bb.vc_custom_1695329459609{padding-top: 10px !important;padding-right: 10px !important;padding-bottom: 10px !important;padding-left: 10px !important;background-color: #f7f7f7 !important;}\u00a0\u00bb]<\/p>\n<h4 style=\"text-align: center;\">Ouest du Canada<\/h4>\n<p style=\"text-align: center;\"><a href=\"tel: 1.800.465.4273\">1\u00a0800\u00a0465-4273<\/a><\/p>\n<p>[\/vc_column_text][vc_column_text css=\u00a0\u00bb.vc_custom_1695329518897{padding-top: 10px !important;padding-right: 10px !important;padding-bottom: 10px !important;padding-left: 10px !important;background-color: #f7f7f7 !important;}\u00a0\u00bb]<\/p>\n<h4 style=\"text-align: center;\">Est du Canada<\/h4>\n<p style=\"text-align: center;\"><a href=\"tel: 1.877.330.3343\">1\u00a0877\u00a0330-3343<\/a><\/p>\n<p>[\/vc_column_text][\/vc_column][vc_column width=\u00a0\u00bb1\/3&Prime;][vc_column_text css=\u00a0\u00bb.vc_custom_1695329687076{padding-top: 10px !important;padding-right: 10px !important;padding-bottom: 10px !important;padding-left: 10px !important;background-color: #f7f7f7 !important;}\u00a0\u00bb]<\/p>\n<h4 style=\"text-align: center;\">Est des \u00c9tats-Unis<\/h4>\n<p style=\"text-align: center;\"><a href=\"tel: 1.877.322.3437\">1\u00a0877\u00a0322-3437<\/a><\/p>\n<p>[\/vc_column_text][vc_column_text css=\u00a0\u00bb.vc_custom_1695329718537{padding-top: 10px !important;padding-right: 10px !important;padding-bottom: 10px !important;padding-left: 10px !important;background-color: #f7f7f7 !important;}\u00a0\u00bb]<\/p>\n<h4 style=\"text-align: center;\">Midwest des \u00c9tats-Unis<\/h4>\n<p style=\"text-align: center;\"><a href=\"tel: 1.877.322.3437\">1\u00a0877\u00a0322-3437<\/a><\/p>\n<p>[\/vc_column_text][\/vc_column][vc_column width=\u00a0\u00bb1\/3&Prime;][vc_column_text css=\u00a0\u00bb.vc_custom_1695329748948{padding-top: 10px !important;padding-right: 10px !important;padding-bottom: 10px !important;padding-left: 10px !important;background-color: #f7f7f7 !important;}\u00a0\u00bb]<\/p>\n<h4 style=\"text-align: center;\">Ouest des \u00c9tats-Unis<\/h4>\n<p style=\"text-align: center;\"><a href=\"tel: 1.866.393.3344\">1\u00a0866\u00a0393-3344<\/a><\/p>\n<p>[\/vc_column_text][vc_column_text css=\u00a0\u00bb.vc_custom_1695329776440{padding-top: 10px !important;padding-right: 10px !important;padding-bottom: 10px !important;padding-left: 10px !important;background-color: #f7f7f7 !important;}\u00a0\u00bb]<\/p>\n<h4 style=\"text-align: center;\">Pacifique \u00c9tats-Unis<\/h4>\n<p style=\"text-align: center;\"><a href=\"tel: 1.877.341.2234\">1\u00a0877\u00a0341-2234<\/a><\/p>\n<p>[\/vc_column_text][\/vc_column][\/vc_row][vc_row wrap_container=\u00a0\u00bbyes\u00a0\u00bb el_class=\u00a0\u00bbmy-1 py-5 bg-top-right\u00a0\u00bb css=\u00a0\u00bb.vc_custom_1700243905237{background-image: url(\/\/sw-themes.com\/porto_dummy\/wp-content\/uploads\/2020\/06\/dots-background-4.png?id=354) !important;background-position: 0 0 !important;background-repeat: no-repeat !important;}\u00a0\u00bb el_id=\u00a0\u00bbformulaire de contact\u00a0\u00bb conditional_render=\u00a0\u00bb%5B%7B%22value_role%22%3A%22administrator%22%7D%5D\u00a0\u00bb][vc_column el_class=\u00a0\u00bbmt-3&Prime;]<div class=\"porto-animation overflow-hidden mb-2\" >[vc_custom_heading text=\u00a0\u00bbD\u00e9tails du projet\u00a0\u00bb font_container=\u00a0\u00bbtag:h3|font_size:2.3em|text_align:center|color:%230a0909|line_height:1.2&Prime; use_theme_fonts=\u00a0\u00bbyes\u00a0\u00bb letter_spacing=\u00a0\u00bb2&Prime; animation_delay=\u00a0\u00bb300&Prime; el_class=\u00a0\u00bbmb-0&Prime; animation_type=\u00a0\u00bbmaskUp\u00a0\u00bb]<\/div>[vc_custom_heading text=\u00a0\u00bbRemplissez notre formulaire pour demander un devis et notre \u00e9quipe communiquera bient\u00f4t avec vous.\u00a0\u00bb font_container=\u00a0\u00bbtag:p|font_size:1.1em|text_align:center|color:%230a0a0a\u00a0\u00bb use_theme_fonts=\u00a0\u00bbyes\u00a0\u00bb animation_delay=\u00a0\u00bb700&Prime; el_class=\u00a0\u00bbmb-5&Prime; animation_type=\u00a0\u00bbfadeInUp\u00a0\u00bb]<div class=\"wpb_custom_70a4c62b80427b82559370472b5c0ee8 custom-box-shadow mb-4\" data-appear-animation=\"fadeInUp\" data-appear-animation-delay=\"900\">\n<div class=\"wpcf7 no-js\" id=\"wpcf7-f1265769-o1\" lang=\"fr-CA\" dir=\"ltr\" data-wpcf7-id=\"1265769\">\n<div class=\"screen-reader-response\"><p role=\"status\" aria-live=\"polite\" aria-atomic=\"true\"><\/p> <ul><\/ul><\/div>\n<form action=\"\/fr\/wp-json\/wp\/v2\/pages\/1265656#wpcf7-f1265769-o1\" method=\"post\" class=\"wpcf7-form init\" aria-label=\"Contact form\" enctype=\"multipart\/form-data\" novalidate=\"novalidate\" data-status=\"init\">\n<fieldset class=\"hidden-fields-container\"><input type=\"hidden\" name=\"_wpcf7\" value=\"1265769\" \/><input type=\"hidden\" name=\"_wpcf7_version\" value=\"6.1.5\" \/><input type=\"hidden\" name=\"_wpcf7_locale\" value=\"fr_CA\" \/><input type=\"hidden\" name=\"_wpcf7_unit_tag\" value=\"wpcf7-f1265769-o1\" \/><input type=\"hidden\" name=\"_wpcf7_container_post\" value=\"0\" \/><input type=\"hidden\" name=\"_wpcf7_posted_data_hash\" value=\"\" \/><input type=\"hidden\" name=\"_wpcf7_recaptcha_response\" value=\"\" \/>\n<\/fieldset>\n<div class=\"row m-r-n-sm m-l-n-sm\">\n\t<div class=\"form-group col-lg-4 p-l-sm p-r-sm\"><span class=\"wpcf7-form-control-wrap\" data-name=\"first-name\"><input size=\"40\" maxlength=\"400\" class=\"wpcf7-form-control wpcf7-text wpcf7-validates-as-required form-control\" aria-required=\"true\" aria-invalid=\"false\" placeholder=\"Pr\u00e9nom*\" value=\"\" type=\"text\" name=\"first-name\" \/><\/span><\/div>\n\t<div class=\"form-group col-lg-4 p-l-sm p-r-sm\"><span class=\"wpcf7-form-control-wrap\" data-name=\"last-name\"><input size=\"40\" maxlength=\"400\" class=\"wpcf7-form-control wpcf7-text wpcf7-validates-as-required form-control\" aria-required=\"true\" aria-invalid=\"false\" placeholder=\"Nom*\" value=\"\" type=\"text\" name=\"last-name\" \/><\/span><\/div>\n<div class=\"form-group col-lg-4 p-l-sm p-r-sm\"><span class=\"wpcf7-form-control-wrap\" data-name=\"company-name\"><input size=\"40\" maxlength=\"400\" class=\"wpcf7-form-control wpcf7-text wpcf7-validates-as-required form-control\" aria-required=\"true\" aria-invalid=\"false\" placeholder=\"Nom de l\u2019entreprise*\" value=\"\" type=\"text\" name=\"company-name\" \/><\/span><\/div>\n<\/div>\n<div class=\"row m-r-n-sm m-l-n-sm\">\n<div class=\"form-group col-lg-4 p-l-sm p-r-sm\"><span class=\"wpcf7-form-control-wrap\" data-name=\"job-title\"><input size=\"40\" maxlength=\"400\" class=\"wpcf7-form-control wpcf7-text wpcf7-validates-as-required form-control\" aria-required=\"true\" aria-invalid=\"false\" placeholder=\"Titre de poste*\" value=\"\" type=\"text\" name=\"job-title\" \/><\/span><\/div>\n\t<div class=\"form-group col-lg-4 p-l-sm p-r-sm\"><span class=\"wpcf7-form-control-wrap\" data-name=\"your-phone\"><input size=\"40\" maxlength=\"400\" class=\"wpcf7-form-control wpcf7-text wpcf7-validates-as-required form-control\" aria-required=\"true\" aria-invalid=\"false\" placeholder=\"Num\u00e9ro de t\u00e9l\u00e9phone*\" value=\"\" type=\"text\" name=\"your-phone\" \/><\/span><\/div>\n<div class=\"form-group col-lg-4 p-l-sm p-r-sm\"><span class=\"wpcf7-form-control-wrap\" data-name=\"your-email\"><input size=\"40\" maxlength=\"400\" class=\"wpcf7-form-control wpcf7-text wpcf7-validates-as-required form-control\" aria-required=\"true\" aria-invalid=\"false\" placeholder=\"Adresse courriel*\" value=\"\" type=\"text\" name=\"your-email\" \/><\/span><\/div>\n<\/div>\n\n<div class=\"row m-r-n-sm m-l-n-sm\">\n\t<div class=\"form-group col-lg-3 p-l-sm p-r-sm\"><span class=\"wpcf7-form-control-wrap\" data-name=\"project-location\"><input size=\"40\" maxlength=\"400\" class=\"wpcf7-form-control wpcf7-text form-control\" aria-invalid=\"false\" placeholder=\"Ville du projet\" value=\"\" type=\"text\" name=\"project-location\" \/><\/span><\/div>\n\t<div class=\"form-group col-lg-3 p-l-sm p-r-sm\"><span class=\"wpcf7-form-control-wrap\" data-name=\"state-province\"><input size=\"40\" maxlength=\"400\" class=\"wpcf7-form-control wpcf7-text form-control\" aria-invalid=\"false\" placeholder=\"Province\" value=\"\" type=\"text\" name=\"state-province\" \/><\/span><\/div>\n<div class=\"form-group col-lg-3 p-l-sm p-r-sm\"><span class=\"wpcf7-form-control-wrap\" data-name=\"zip-postcode\"><input size=\"40\" maxlength=\"400\" class=\"wpcf7-form-control wpcf7-text form-control\" aria-invalid=\"false\" placeholder=\"Code postal\" value=\"\" type=\"text\" name=\"zip-postcode\" \/><\/span><\/div>\n<div class=\"form-group col-lg-3 p-l-sm p-r-sm\"><span class=\"wpcf7-form-control-wrap\" data-name=\"start-date\"><input size=\"40\" maxlength=\"400\" class=\"wpcf7-form-control wpcf7-text wpcf7-validates-as-required form-control\" aria-required=\"true\" aria-invalid=\"false\" placeholder=\"Date de d\u00e9but pr\u00e9vue*\" value=\"\" type=\"text\" name=\"start-date\" \/><\/span><\/div>\n<\/div>\n\n<div class=\"form-group\"><span class=\"wpcf7-form-control-wrap\" data-name=\"description\"><textarea cols=\"40\" rows=\"12\" maxlength=\"2000\" class=\"wpcf7-form-control wpcf7-textarea wpcf7-validates-as-required form-control\" aria-required=\"true\" aria-invalid=\"false\" placeholder=\"Description du travail n\u00e9cessaire*\" name=\"description\"><\/textarea><\/span><\/div>\n\n<div class=\"form-group\"><span class=\"wpcf7-form-control-wrap\" data-name=\"file-981\"><input size=\"40\" class=\"wpcf7-form-control wpcf7-file\" accept=\"image\/*,.txt,application\/pdf\" aria-invalid=\"false\" type=\"file\" name=\"file-981\" \/><\/span><\/div>\n\n<div class=\"form-group\"><input class=\"wpcf7-form-control wpcf7-submit has-spinner btn btn-borders btn-lg btn-secondary\" type=\"submit\" value=\"Soumettre\" \/><\/div><div class=\"wpcf7-response-output\" aria-hidden=\"true\"><\/div>\n<\/form>\n<\/div>\n<\/div>[\/vc_column][\/vc_row]<\/p>\n<\/div>","protected":false},"excerpt":{"rendered":"<p>[vc_row wrap_container=\u00a0\u00bbyes\u00a0\u00bb el_class=\u00a0\u00bbrow-align-items-center\u00a0\u00bb conditional_render=\u00a0\u00bb%5B%7B%22value_role%22%3A%22administrator%22%7D%5D\u00a0\u00bb][vc_column animation_delay=\u00a0\u00bb\u00a0\u00bb conditional_render=\u00a0\u00bb%5B%7B%22value_role%22%3A%22administrator%22%7D%5D\u00a0\u00bb][vc_custom_heading text=\u00a0\u00bbAppelez Badger au num\u00e9ro sans frais toujours accessible\u00a0\u00bb use_theme_fonts=\u00a0\u00bbyes\u00a0\u00bb][\/vc_column][\/vc_row][vc_row wrap_container=\u00a0\u00bbyes\u00a0\u00bb conditional_render=\u00a0\u00bb%5B%7B%22value_role%22%3A%22administrator%22%7D%5D\u00a0\u00bb][vc_column width=\u00a0\u00bb1\/3&Prime;][vc_column_text css=\u00a0\u00bb.vc_custom_1695329459609{padding-top: 10px !important;padding-right: 10px !important;padding-bottom: 10px !important;padding-left: 10px !important;background-color: #f7f7f7 !important;}\u00a0\u00bb] Ouest du Canada 1\u00a0800\u00a0465-4273 [\/vc_column_text][vc_column_text css=\u00a0\u00bb.vc_custom_1695329518897{padding-top: 10px !important;padding-right: 10px !important;padding-bottom: 10px !important;padding-left: 10px !important;background-color: #f7f7f7 !important;}\u00a0\u00bb] Est du Canada 1\u00a0877\u00a0330-3343 [\/vc_column_text][\/vc_column][vc_column width=\u00a0\u00bb1\/3&Prime;][vc_column_text css=\u00a0\u00bb.vc_custom_1695329687076{padding-top: 10px !important;padding-right: 10px [&hellip;]<\/p>\n","protected":false},"author":3,"featured_media":0,"parent":0,"menu_order":0,"comment_status":"closed","ping_status":"closed","template":"","meta":{"footnotes":""},"class_list":["post-1265656","page","type-page","status-publish","hentry"],"yoast_head":"<!-- This site is optimized with the Yoast SEO Premium plugin v23.4 (Yoast SEO v27.2) - https:\/\/yoast.com\/product\/yoast-seo-premium-wordpress\/ -->\n<title>OBTENIR UNE ESTIMATION - Badger Inc<\/title>\n<meta name=\"robots\" content=\"index, follow, max-snippet:-1, max-image-preview:large, max-video-preview:-1\" \/>\n<link rel=\"canonical\" href=\"https:\/\/www.badgerinc.com\/fr\/obtenir-une-estimation\/\" \/>\n<meta property=\"og:locale\" content=\"fr_CA\" \/>\n<meta property=\"og:type\" content=\"article\" \/>\n<meta property=\"og:title\" content=\"OBTENIR UNE ESTIMATION\" \/>\n<meta property=\"og:description\" content=\"[vc_row wrap_container=\u00a0\u00bbyes\u00a0\u00bb el_class=\u00a0\u00bbrow-align-items-center\u00a0\u00bb conditional_render=\u00a0\u00bb%5B%7B%22value_role%22%3A%22administrator%22%7D%5D\u00a0\u00bb][vc_column animation_delay=\u00a0\u00bb\u00a0\u00bb conditional_render=\u00a0\u00bb%5B%7B%22value_role%22%3A%22administrator%22%7D%5D\u00a0\u00bb][vc_custom_heading text=\u00a0\u00bbAppelez Badger au num\u00e9ro sans frais toujours accessible\u00a0\u00bb use_theme_fonts=\u00a0\u00bbyes\u00a0\u00bb][\/vc_column][\/vc_row][vc_row wrap_container=\u00a0\u00bbyes\u00a0\u00bb conditional_render=\u00a0\u00bb%5B%7B%22value_role%22%3A%22administrator%22%7D%5D\u00a0\u00bb][vc_column width=\u00a0\u00bb1\/3&Prime;][vc_column_text css=\u00a0\u00bb.vc_custom_1695329459609{padding-top: 10px !important;padding-right: 10px !important;padding-bottom: 10px !important;padding-left: 10px !important;background-color: #f7f7f7 !important;}\u00a0\u00bb] Ouest du Canada 1\u00a0800\u00a0465-4273 [\/vc_column_text][vc_column_text css=\u00a0\u00bb.vc_custom_1695329518897{padding-top: 10px !important;padding-right: 10px !important;padding-bottom: 10px !important;padding-left: 10px !important;background-color: #f7f7f7 !important;}\u00a0\u00bb] Est du Canada 1\u00a0877\u00a0330-3343 [\/vc_column_text][\/vc_column][vc_column width=\u00a0\u00bb1\/3&Prime;][vc_column_text css=\u00a0\u00bb.vc_custom_1695329687076{padding-top: 10px !important;padding-right: 10px [&hellip;]\" \/>\n<meta property=\"og:url\" content=\"https:\/\/www.badgerinc.com\/fr\/obtenir-une-estimation\/\" \/>\n<meta property=\"og:site_name\" content=\"Badger Inc\" \/>\n<meta property=\"article:modified_time\" content=\"2026-02-04T12:42:59+00:00\" \/>\n<meta name=\"twitter:card\" content=\"summary_large_image\" \/>\n<meta name=\"twitter:label1\" content=\"Estimation du temps de lecture\" \/>\n\t<meta name=\"twitter:data1\" content=\"3 minutes\" \/>\n<script type=\"application\/ld+json\" class=\"yoast-schema-graph\">{\"@context\":\"https:\/\/schema.org\",\"@graph\":[{\"@type\":\"WebPage\",\"@id\":\"https:\/\/www.badgerinc.com\/fr\/obtenir-une-estimation\/\",\"url\":\"https:\/\/www.badgerinc.com\/fr\/obtenir-une-estimation\/\",\"name\":\"OBTENIR UNE ESTIMATION - Badger Inc\",\"isPartOf\":{\"@id\":\"https:\/\/www.badgerinc.com\/fr\/#website\"},\"datePublished\":\"2023-09-20T19:48:33+00:00\",\"dateModified\":\"2026-02-04T12:42:59+00:00\",\"breadcrumb\":{\"@id\":\"https:\/\/www.badgerinc.com\/fr\/obtenir-une-estimation\/#breadcrumb\"},\"inLanguage\":\"fr-CA\",\"potentialAction\":[{\"@type\":\"ReadAction\",\"target\":[\"https:\/\/www.badgerinc.com\/fr\/obtenir-une-estimation\/\"]}]},{\"@type\":\"BreadcrumbList\",\"@id\":\"https:\/\/www.badgerinc.com\/fr\/obtenir-une-estimation\/#breadcrumb\",\"itemListElement\":[{\"@type\":\"ListItem\",\"position\":1,\"name\":\"Home\",\"item\":\"https:\/\/www.badgerinc.com\/fr\/\"},{\"@type\":\"ListItem\",\"position\":2,\"name\":\"OBTENIR UNE ESTIMATION\"}]},{\"@type\":\"WebSite\",\"@id\":\"https:\/\/www.badgerinc.com\/fr\/#website\",\"url\":\"https:\/\/www.badgerinc.com\/fr\/\",\"name\":\"Badger Inc\",\"description\":\"Badger Infrastructure Solutions Ltd. : Hydrovac, Vacuum Truck And Excavation Services Company in USA and Canada\",\"potentialAction\":[{\"@type\":\"SearchAction\",\"target\":{\"@type\":\"EntryPoint\",\"urlTemplate\":\"https:\/\/www.badgerinc.com\/fr\/?s={search_term_string}\"},\"query-input\":{\"@type\":\"PropertyValueSpecification\",\"valueRequired\":true,\"valueName\":\"search_term_string\"}}],\"inLanguage\":\"fr-CA\"}]}<\/script>\n<!-- \/ Yoast SEO Premium plugin. -->","yoast_head_json":{"title":"OBTENIR UNE ESTIMATION - Badger Inc","robots":{"index":"index","follow":"follow","max-snippet":"max-snippet:-1","max-image-preview":"max-image-preview:large","max-video-preview":"max-video-preview:-1"},"canonical":"https:\/\/www.badgerinc.com\/fr\/obtenir-une-estimation\/","og_locale":"fr_CA","og_type":"article","og_title":"OBTENIR UNE ESTIMATION","og_description":"[vc_row wrap_container=\u00a0\u00bbyes\u00a0\u00bb el_class=\u00a0\u00bbrow-align-items-center\u00a0\u00bb conditional_render=\u00a0\u00bb%5B%7B%22value_role%22%3A%22administrator%22%7D%5D\u00a0\u00bb][vc_column animation_delay=\u00a0\u00bb\u00a0\u00bb conditional_render=\u00a0\u00bb%5B%7B%22value_role%22%3A%22administrator%22%7D%5D\u00a0\u00bb][vc_custom_heading text=\u00a0\u00bbAppelez Badger au num\u00e9ro sans frais toujours accessible\u00a0\u00bb use_theme_fonts=\u00a0\u00bbyes\u00a0\u00bb][\/vc_column][\/vc_row][vc_row wrap_container=\u00a0\u00bbyes\u00a0\u00bb conditional_render=\u00a0\u00bb%5B%7B%22value_role%22%3A%22administrator%22%7D%5D\u00a0\u00bb][vc_column width=\u00a0\u00bb1\/3&Prime;][vc_column_text css=\u00a0\u00bb.vc_custom_1695329459609{padding-top: 10px !important;padding-right: 10px !important;padding-bottom: 10px !important;padding-left: 10px !important;background-color: #f7f7f7 !important;}\u00a0\u00bb] Ouest du Canada 1\u00a0800\u00a0465-4273 [\/vc_column_text][vc_column_text css=\u00a0\u00bb.vc_custom_1695329518897{padding-top: 10px !important;padding-right: 10px !important;padding-bottom: 10px !important;padding-left: 10px !important;background-color: #f7f7f7 !important;}\u00a0\u00bb] Est du Canada 1\u00a0877\u00a0330-3343 [\/vc_column_text][\/vc_column][vc_column width=\u00a0\u00bb1\/3&Prime;][vc_column_text css=\u00a0\u00bb.vc_custom_1695329687076{padding-top: 10px !important;padding-right: 10px [&hellip;]","og_url":"https:\/\/www.badgerinc.com\/fr\/obtenir-une-estimation\/","og_site_name":"Badger Inc","article_modified_time":"2026-02-04T12:42:59+00:00","twitter_card":"summary_large_image","twitter_misc":{"Estimation du temps de lecture":"3 minutes"},"schema":{"@context":"https:\/\/schema.org","@graph":[{"@type":"WebPage","@id":"https:\/\/www.badgerinc.com\/fr\/obtenir-une-estimation\/","url":"https:\/\/www.badgerinc.com\/fr\/obtenir-une-estimation\/","name":"OBTENIR UNE ESTIMATION - Badger Inc","isPartOf":{"@id":"https:\/\/www.badgerinc.com\/fr\/#website"},"datePublished":"2023-09-20T19:48:33+00:00","dateModified":"2026-02-04T12:42:59+00:00","breadcrumb":{"@id":"https:\/\/www.badgerinc.com\/fr\/obtenir-une-estimation\/#breadcrumb"},"inLanguage":"fr-CA","potentialAction":[{"@type":"ReadAction","target":["https:\/\/www.badgerinc.com\/fr\/obtenir-une-estimation\/"]}]},{"@type":"BreadcrumbList","@id":"https:\/\/www.badgerinc.com\/fr\/obtenir-une-estimation\/#breadcrumb","itemListElement":[{"@type":"ListItem","position":1,"name":"Home","item":"https:\/\/www.badgerinc.com\/fr\/"},{"@type":"ListItem","position":2,"name":"OBTENIR UNE ESTIMATION"}]},{"@type":"WebSite","@id":"https:\/\/www.badgerinc.com\/fr\/#website","url":"https:\/\/www.badgerinc.com\/fr\/","name":"Badger Inc","description":"Badger Infrastructure Solutions Ltd. : Hydrovac, Vacuum Truck And Excavation Services Company in USA and Canada","potentialAction":[{"@type":"SearchAction","target":{"@type":"EntryPoint","urlTemplate":"https:\/\/www.badgerinc.com\/fr\/?s={search_term_string}"},"query-input":{"@type":"PropertyValueSpecification","valueRequired":true,"valueName":"search_term_string"}}],"inLanguage":"fr-CA"}]}},"_links":{"self":[{"href":"https:\/\/www.badgerinc.com\/fr\/wp-json\/wp\/v2\/pages\/1265656","targetHints":{"allow":["GET"]}}],"collection":[{"href":"https:\/\/www.badgerinc.com\/fr\/wp-json\/wp\/v2\/pages"}],"about":[{"href":"https:\/\/www.badgerinc.com\/fr\/wp-json\/wp\/v2\/types\/page"}],"author":[{"embeddable":true,"href":"https:\/\/www.badgerinc.com\/fr\/wp-json\/wp\/v2\/users\/3"}],"replies":[{"embeddable":true,"href":"https:\/\/www.badgerinc.com\/fr\/wp-json\/wp\/v2\/comments?post=1265656"}],"version-history":[{"count":0,"href":"https:\/\/www.badgerinc.com\/fr\/wp-json\/wp\/v2\/pages\/1265656\/revisions"}],"wp:attachment":[{"href":"https:\/\/www.badgerinc.com\/fr\/wp-json\/wp\/v2\/media?parent=1265656"}],"curies":[{"name":"wp","href":"https:\/\/api.w.org\/{rel}","templated":true}]}}