{"id":1265501,"date":"2023-09-21T14:30:52","date_gmt":"2023-09-21T14:30:52","guid":{"rendered":"https:\/\/badgerincdev.wpenginepowered.com\/lavantage-badger-hydrovacmc\/"},"modified":"2026-02-04T12:28:46","modified_gmt":"2026-02-04T12:28:46","slug":"lavantage-badger-hydrovacmc","status":"publish","type":"page","link":"https:\/\/www.badgerinc.com\/fr\/a-propos\/lavantage-badger-hydrovacmc\/","title":{"rendered":"L\u2019AVANTAGE HYDROVAC BADGER<sup>MC<\/sup>"},"content":{"rendered":"<div class=\"wpb-content-wrapper\"><p>[vc_row wrap_container=\u00a0\u00bbyes\u00a0\u00bb el_class=\u00a0\u00bbrow-align-items-center\u00a0\u00bb conditional_render=\u00a0\u00bb%5B%7B%22value_role%22%3A%22administrator%22%7D%5D\u00a0\u00bb css=\u00a0\u00bb.vc_custom_1695306388607{padding-top: 40px !important;padding-bottom: 40px !important;}\u00a0\u00bb][vc_column animation_delay=\u00a0\u00bb\u00a0\u00bb conditional_render=\u00a0\u00bb%5B%7B%22value_role%22%3A%22administrator%22%7D%5D\u00a0\u00bb][vc_column_text css_animation=\u00a0\u00bbnone\u00a0\u00bb]Le syst\u00e8me d\u2019excavation Hydrovac Badger<sup>MC<\/sup> est con\u00e7u pour fonctionner efficacement dans les conditions d\u2019exploitation les plus exigeantes en int\u00e9grant des technologies que les excavatrices m\u00e9caniques traditionnelles et les autres syst\u00e8mes de vacuum ne peuvent pas imiter.<\/p>\n<p>Les clients de Badger constatent une augmentation de la productivit\u00e9, une s\u00e9curit\u00e9 accrue, une r\u00e9duction des retards de projet et des co\u00fbts associ\u00e9s aux projets d\u2019excavation.<\/p>\n<p>C\u2019est pourquoi la flotte du syst\u00e8me d\u2019excavation Hydrovac Badger<sup>MC<\/sup> est devenue le plus important fournisseur d\u2019excavation non destructive aux \u00c9tats-Unis et au Canada.<\/p>\n<p>Nous avons plus de 1\u00a0300\u00a0camions et plus de 130\u00a0zones de couverture de service strat\u00e9giquement situ\u00e9es partout en Am\u00e9rique du Nord.[\/vc_column_text][\/vc_column][\/vc_row][vc_row wrap_container=\u00a0\u00bbyes\u00a0\u00bb content_placement=\u00a0\u00bbmiddle\u00a0\u00bb conditional_render=\u00a0\u00bb%5B%7B%22value_role%22%3A%22administrator%22%7D%5D\u00a0\u00bb css=\u00a0\u00bb.vc_custom_1695306406211{padding-top: 10px !important;}\u00a0\u00bb][vc_column conditional_render=\u00a0\u00bb%5B%7B%22value_role%22%3A%22administrator%22%7D%5D\u00a0\u00bb][vc_custom_heading text=\u00a0\u00bbLes principaux avantages du syst\u00e8me Hydrovac Badger<sup>MC<\/sup> sont les suivants\u00a0:\u00a0\u00bb font_container=\u00a0\u00bbtag:h2|font_size:30|text_align:left\u00a0\u00bb use_theme_fonts=\u00a0\u00bbyes\u00a0\u00bb font_weight=\u00a0\u00bb700&Prime; skin=\u00a0\u00bbprimary\u00a0\u00bb css_animation=\u00a0\u00bbslideInUp\u00a0\u00bb][vc_tta_accordion style=\u00a0\u00bbflat\u00a0\u00bb shape=\u00a0\u00bbsquare\u00a0\u00bb color=\u00a0\u00bbblack\u00a0\u00bb spacing=\u00a0\u00bb1&Prime; active_section=\u00a0\u00bb\u00a0\u00bb no_fill=\u00a0\u00bbtrue\u00a0\u00bb collapsible_all=\u00a0\u00bbtrue\u00a0\u00bb][vc_tta_section title=\u00a0\u00bbS\u00e9curit\u00e9\u00a0\u00bb tab_id=\u00a0\u00bb1695304378157-e5140d31-cb74&Prime;][vc_column_text]Nous nous engageons \u00e0 prot\u00e9ger la sant\u00e9 et la s\u00e9curit\u00e9 de tous les employ\u00e9s, clients et autres intervenants.<\/p>\n<p>Les employ\u00e9s n\u2019ont pas \u00e0 sacrifier leur s\u00e9curit\u00e9 ou leur bien-\u00eatre pendant les travaux d\u2019excavation \u00e0 des fins de rapidit\u00e9 ou pour toute autre raison. Tous les employ\u00e9s doivent travailler de mani\u00e8re s\u00e9curitaire, avec une culture ax\u00e9e sur le travail d\u2019\u00e9quipe afin d\u2019\u00e9viter les blessures \u00e0 eux-m\u00eames et \u00e0 leurs coll\u00e8gues.<\/p>\n<p>L\u2019objectif ultime de notre politique en mati\u00e8re de sant\u00e9 et de s\u00e9curit\u00e9 est d\u2019avoir un environnement de travail sans accident.<\/p>\n<p><strong>Pour atteindre cet objectif, tous les employ\u00e9s de Badger ont les responsabilit\u00e9s suivantes en mati\u00e8re de s\u00e9curit\u00e9\u00a0:<\/strong><\/p>\n<ul>\n<li>Se conformer aux politiques de sant\u00e9 et de s\u00e9curit\u00e9 de Badger.<\/li>\n<li>Se conformer aux exigences f\u00e9d\u00e9rales, provinciales, locales, propres au client et propres au site en mati\u00e8re de sant\u00e9 et de s\u00e9curit\u00e9 au travail.<\/li>\n<li>Lire, comprendre et suivre les pratiques de travail s\u00e9curitaires et les proc\u00e9dures de travail de Badger.<\/li>\n<li>Porter des v\u00eatements appropri\u00e9s et un \u00e9quipement de protection individuelle.<\/li>\n<li>Signaler tous les accidents, blessures, maladies et quasi-incidents.<\/li>\n<li>Identifier et signaler imm\u00e9diatement tout danger pour la s\u00e9curit\u00e9 ou toute condition de travail non s\u00e9curitaire.<\/li>\n<li>Ne participer \u00e0 aucune activit\u00e9 jug\u00e9e dangereuse.<\/li>\n<\/ul>\n<p>[\/vc_column_text][vc_column_text]Badger emploie une \u00e9quipe de professionnels de la sant\u00e9 et s\u00e9curit\u00e9 \u00e0 temps plein qui guident l\u2019entreprise dans son syst\u00e8me de gestion de la sant\u00e9 et de la s\u00e9curit\u00e9. L\u2019\u00e9quipe de sant\u00e9 et s\u00e9curit\u00e9 de Badger est responsable de la durabilit\u00e9, de la sant\u00e9 et de la s\u00e9curit\u00e9 et supervise la formation et la qualification du personnel, les inspections sur le terrain de l\u2019\u00e9quipement et les v\u00e9rifications semestrielles.[\/vc_column_text][\/vc_tta_section][vc_tta_section title=\u00a0\u00bbHydro-excavation autour de l\u2019infrastructure enfouie\u00a0\u00bb tab_id=\u00a0\u00bb1695304378166-16e8217d-49f3&Prime;][vc_column_text]Le syst\u00e8me Hydrovac Badger est un chef de file reconnu dans la cat\u00e9gorie des travaux d\u2019excavation non destructifs et non m\u00e9caniques.<\/p>\n<p>Nous sommes reconnus \u00e0 l\u2019\u00e9chelle de l\u2019industrie pour la s\u00e9curit\u00e9, l\u2019expertise et la rentabilit\u00e9 lorsque nous travaillons dans des endroits isol\u00e9s ou dans des zones construites avec des b\u00e2timents, des installations et des infrastructures d\u00e9j\u00e0 en place.<\/p>\n<p>Le camion vaccum Hydrovac Badger fait le travail! Nous sommes des sp\u00e9cialistes en excavation lorsqu\u2019il s\u2019agit d\u2019exposer (mise \u00e0 d\u00e9couvert) les infrastructures souterraines pr\u00e9existantes.[\/vc_column_text][\/vc_tta_section][vc_tta_section title=\u00a0\u00bbAdapt\u00e9 \u00e0 des sols vari\u00e9s\u00a0\u00bb tab_id=\u00a0\u00bb1695305669417-fb0d20a3-d03b\u00a0\u00bb][vc_column_text]L\u2019Hydrovac Badger a \u00e9t\u00e9 con\u00e7u pour fonctionner de fa\u00e7on efficace et s\u00e9curitaire dans une grande vari\u00e9t\u00e9 de conditions de sol difficiles lors de services d\u2019excavation et de mise \u00e0 d\u00e9couvert.<\/p>\n<p>Nos syst\u00e8mes d\u2019hydro-excavation se sont syst\u00e9matiquement distingu\u00e9s des autres syst\u00e8mes de vide d\u2019air et de l\u2019excavation m\u00e9canique traditionnelle dans les zones qui pr\u00e9sentent de <em>la terre dure, de la boue, du sable, de l\u2019argile compact\u00e9e et m\u00eame du givre au sol.<\/em>[\/vc_column_text][\/vc_tta_section][vc_tta_section title=\u00a0\u00bbCapacit\u00e9 de creuser un sol gel\u00e9 par temps allant jusqu\u2019\u00e0 -40\u00a0\u00b0C (-40\u00a0\u00b0F).\u00a0\u00bb tab_id=\u00a0\u00bb1695305883854-1941d8e1-ca9e\u00a0\u00bb][vc_column_text]La polyvalence de Hydrovac Badger est clairement \u00e9vidente lorsqu\u2019il est d\u00e9ploy\u00e9 dans des conditions o\u00f9 le sol est gel\u00e9, et les conditions environnementales sont bien en dessous du point de cong\u00e9lation, <em>jusqu\u2019\u00e0 moins 40\u00a0degr\u00e9s Celsius (moins 40\u00a0degr\u00e9s Fahrenheit).<\/em><\/p>\n<p>Dans ces conditions, le syst\u00e8me Hydrovac Badger maintient son avantage par rapport aux autres syst\u00e8mes de vacuum et d\u2019excavation m\u00e9canique avec un minimum continu de perturbation du sol lors de l\u2019excavation dans et autour de l\u2019infrastructure.[\/vc_column_text][\/vc_tta_section][vc_tta_section title=\u00a0\u00bbCapacit\u00e9 d\u2019excaver par hydro-excavation jusqu\u2019\u00e0 15,2\u00a0m (50\u00a0pi) de profondeur et 183\u00a0m (600\u00a0pi) de distance\u00a0\u00bb tab_id=\u00a0\u00bb1695306127578-912b6747-0643&Prime;][vc_column_text]L\u2019Hydrovac Badger excave efficacement dans une vari\u00e9t\u00e9 de densit\u00e9s de sol, y compris certaines des surfaces les plus dures comme l\u2019argile, la terre compact\u00e9e et le sol gel\u00e9. Nos puissants camions vacuum hydrovac sont capables d\u2019excaver jusqu\u2019\u00e0 15,2\u00a0m (50\u00a0pi) de profondeur et une distance de 183\u00a0m (600\u00a0pi) du camion.<\/p>\n<p>Cela permet d\u2019effectuer des travaux d\u2019hydro-excavation s\u00e9curitaires et efficaces dans des zones \u00e0 acc\u00e8s limit\u00e9 ou \u00e0 une distance importante de l\u2019infrastructure stable.[\/vc_column_text][\/vc_tta_section][\/vc_tta_accordion][\/vc_column][\/vc_row][vc_row wrap_container=\u00a0\u00bbyes\u00a0\u00bb conditional_render=\u00a0\u00bb%5B%7B%22value_role%22%3A%22administrator%22%7D%5D\u00a0\u00bb css=\u00a0\u00bb.vc_custom_1695306428071{padding-top: 40px !important;}\u00a0\u00bb][vc_column][vc_cta h2=\u00a0\u00bbObtenir une estimation\u00a0\u00bb h4=\u00a0\u00bbCommuniquez avec nous d\u00e8s aujourd\u2019hui.\u00a0\u00bb shape=\u00a0\u00bbsquare\u00a0\u00bb style=\u00a0\u00bbflat\u00a0\u00bb add_button=\u00a0\u00bbright\u00a0\u00bb btn_title=\u00a0\u00bbCommuniquer avec nous\u00a0\u00bb btn_skin=\u00a0\u00bbprimary\u00a0\u00bb btn_btn_fs=\u00a0\u00bb20&Prime; btn_btn_ls=\u00a0\u00bb.2&Prime; btn_link=\u00a0\u00bburl:https%3A%2F%2Fwww.badgerinc.com%2Ffr%2Fobtenir-une-estimation%2F|title:GET%20AN%20ESTIMATE|\u00a0\u00bb btn_btn_px=\u00a0\u00bb10&Prime;][\/vc_cta][\/vc_column][\/vc_row]<\/p>\n<\/div>","protected":false},"excerpt":{"rendered":"<p>[vc_row wrap_container=\u00a0\u00bbyes\u00a0\u00bb el_class=\u00a0\u00bbrow-align-items-center\u00a0\u00bb conditional_render=\u00a0\u00bb%5B%7B%22value_role%22%3A%22administrator%22%7D%5D\u00a0\u00bb css=\u00a0\u00bb.vc_custom_1695306388607{padding-top: 40px !important;padding-bottom: 40px !important;}\u00a0\u00bb][vc_column animation_delay=\u00a0\u00bb\u00a0\u00bb conditional_render=\u00a0\u00bb%5B%7B%22value_role%22%3A%22administrator%22%7D%5D\u00a0\u00bb][vc_column_text css_animation=\u00a0\u00bbnone\u00a0\u00bb]Le syst\u00e8me d\u2019excavation Hydrovac BadgerMC est con\u00e7u pour fonctionner efficacement dans les conditions d\u2019exploitation les plus exigeantes en int\u00e9grant des technologies que les excavatrices m\u00e9caniques traditionnelles et les autres syst\u00e8mes de vacuum ne peuvent pas imiter. Les clients de Badger constatent une augmentation de [&hellip;]<\/p>\n","protected":false},"author":3,"featured_media":1265748,"parent":1265747,"menu_order":0,"comment_status":"closed","ping_status":"closed","template":"","meta":{"footnotes":""},"class_list":["post-1265501","page","type-page","status-publish","has-post-thumbnail","hentry"],"yoast_head":"<!-- This site is optimized with the Yoast SEO Premium plugin v23.4 (Yoast SEO v27.2) - https:\/\/yoast.com\/product\/yoast-seo-premium-wordpress\/ -->\n<title>L\u2019AVANTAGE HYDROVAC BADGERMC - Badger Inc<\/title>\n<meta name=\"robots\" content=\"index, follow, max-snippet:-1, max-image-preview:large, max-video-preview:-1\" \/>\n<link rel=\"canonical\" href=\"https:\/\/www.badgerinc.com\/fr\/a-propos\/lavantage-badger-hydrovacmc\/\" \/>\n<meta property=\"og:locale\" content=\"fr_CA\" \/>\n<meta property=\"og:type\" content=\"article\" \/>\n<meta property=\"og:title\" content=\"L\u2019AVANTAGE HYDROVAC BADGERMC\" \/>\n<meta property=\"og:description\" content=\"[vc_row wrap_container=\u00a0\u00bbyes\u00a0\u00bb el_class=\u00a0\u00bbrow-align-items-center\u00a0\u00bb conditional_render=\u00a0\u00bb%5B%7B%22value_role%22%3A%22administrator%22%7D%5D\u00a0\u00bb css=\u00a0\u00bb.vc_custom_1695306388607{padding-top: 40px !important;padding-bottom: 40px !important;}\u00a0\u00bb][vc_column animation_delay=\u00a0\u00bb\u00a0\u00bb conditional_render=\u00a0\u00bb%5B%7B%22value_role%22%3A%22administrator%22%7D%5D\u00a0\u00bb][vc_column_text css_animation=\u00a0\u00bbnone\u00a0\u00bb]Le syst\u00e8me d\u2019excavation Hydrovac BadgerMC est con\u00e7u pour fonctionner efficacement dans les conditions d\u2019exploitation les plus exigeantes en int\u00e9grant des technologies que les excavatrices m\u00e9caniques traditionnelles et les autres syst\u00e8mes de vacuum ne peuvent pas imiter. Les clients de Badger constatent une augmentation de [&hellip;]\" \/>\n<meta property=\"og:url\" content=\"https:\/\/www.badgerinc.com\/fr\/a-propos\/lavantage-badger-hydrovacmc\/\" \/>\n<meta property=\"og:site_name\" content=\"Badger Inc\" \/>\n<meta property=\"article:modified_time\" content=\"2026-02-04T12:28:46+00:00\" \/>\n<meta property=\"og:image\" content=\"https:\/\/www.badgerinc.com\/wp-content\/uploads\/2023\/09\/Badger-Daylighting-the-badger-hydrovac-advantage.jpg\" \/>\n\t<meta property=\"og:image:width\" content=\"1420\" \/>\n\t<meta property=\"og:image:height\" content=\"680\" \/>\n\t<meta property=\"og:image:type\" content=\"image\/jpeg\" \/>\n<meta name=\"twitter:card\" content=\"summary_large_image\" \/>\n<meta name=\"twitter:label1\" content=\"Estimation du temps de lecture\" \/>\n\t<meta name=\"twitter:data1\" content=\"6 minutes\" \/>\n<script type=\"application\/ld+json\" class=\"yoast-schema-graph\">{\"@context\":\"https:\/\/schema.org\",\"@graph\":[{\"@type\":\"WebPage\",\"@id\":\"https:\/\/www.badgerinc.com\/fr\/a-propos\/lavantage-badger-hydrovacmc\/\",\"url\":\"https:\/\/www.badgerinc.com\/fr\/a-propos\/lavantage-badger-hydrovacmc\/\",\"name\":\"L\u2019AVANTAGE HYDROVAC BADGERMC - Badger Inc\",\"isPartOf\":{\"@id\":\"https:\/\/www.badgerinc.com\/fr\/#website\"},\"primaryImageOfPage\":{\"@id\":\"https:\/\/www.badgerinc.com\/fr\/a-propos\/lavantage-badger-hydrovacmc\/#primaryimage\"},\"image\":{\"@id\":\"https:\/\/www.badgerinc.com\/fr\/a-propos\/lavantage-badger-hydrovacmc\/#primaryimage\"},\"thumbnailUrl\":\"https:\/\/www.badgerinc.com\/wp-content\/uploads\/2023\/09\/Badger-Daylighting-the-badger-hydrovac-advantage.jpg\",\"datePublished\":\"2023-09-21T14:30:52+00:00\",\"dateModified\":\"2026-02-04T12:28:46+00:00\",\"breadcrumb\":{\"@id\":\"https:\/\/www.badgerinc.com\/fr\/a-propos\/lavantage-badger-hydrovacmc\/#breadcrumb\"},\"inLanguage\":\"fr-CA\",\"potentialAction\":[{\"@type\":\"ReadAction\",\"target\":[\"https:\/\/www.badgerinc.com\/fr\/a-propos\/lavantage-badger-hydrovacmc\/\"]}]},{\"@type\":\"ImageObject\",\"inLanguage\":\"fr-CA\",\"@id\":\"https:\/\/www.badgerinc.com\/fr\/a-propos\/lavantage-badger-hydrovacmc\/#primaryimage\",\"url\":\"https:\/\/www.badgerinc.com\/wp-content\/uploads\/2023\/09\/Badger-Daylighting-the-badger-hydrovac-advantage.jpg\",\"contentUrl\":\"https:\/\/www.badgerinc.com\/wp-content\/uploads\/2023\/09\/Badger-Daylighting-the-badger-hydrovac-advantage.jpg\",\"width\":1420,\"height\":680},{\"@type\":\"BreadcrumbList\",\"@id\":\"https:\/\/www.badgerinc.com\/fr\/a-propos\/lavantage-badger-hydrovacmc\/#breadcrumb\",\"itemListElement\":[{\"@type\":\"ListItem\",\"position\":1,\"name\":\"Home\",\"item\":\"https:\/\/www.badgerinc.com\/fr\/\"},{\"@type\":\"ListItem\",\"position\":2,\"name\":\"\u00c0 PROPOS\",\"item\":\"https:\/\/www.badgerinc.com\/fr\/about\/\"},{\"@type\":\"ListItem\",\"position\":3,\"name\":\"L\u2019AVANTAGE HYDROVAC BADGERMC\"}]},{\"@type\":\"WebSite\",\"@id\":\"https:\/\/www.badgerinc.com\/fr\/#website\",\"url\":\"https:\/\/www.badgerinc.com\/fr\/\",\"name\":\"Badger Inc\",\"description\":\"Badger Infrastructure Solutions Ltd. : Hydrovac, Vacuum Truck And Excavation Services Company in USA and Canada\",\"potentialAction\":[{\"@type\":\"SearchAction\",\"target\":{\"@type\":\"EntryPoint\",\"urlTemplate\":\"https:\/\/www.badgerinc.com\/fr\/?s={search_term_string}\"},\"query-input\":{\"@type\":\"PropertyValueSpecification\",\"valueRequired\":true,\"valueName\":\"search_term_string\"}}],\"inLanguage\":\"fr-CA\"}]}<\/script>\n<!-- \/ Yoast SEO Premium plugin. -->","yoast_head_json":{"title":"L\u2019AVANTAGE HYDROVAC BADGERMC - Badger Inc","robots":{"index":"index","follow":"follow","max-snippet":"max-snippet:-1","max-image-preview":"max-image-preview:large","max-video-preview":"max-video-preview:-1"},"canonical":"https:\/\/www.badgerinc.com\/fr\/a-propos\/lavantage-badger-hydrovacmc\/","og_locale":"fr_CA","og_type":"article","og_title":"L\u2019AVANTAGE HYDROVAC BADGERMC","og_description":"[vc_row wrap_container=\u00a0\u00bbyes\u00a0\u00bb el_class=\u00a0\u00bbrow-align-items-center\u00a0\u00bb conditional_render=\u00a0\u00bb%5B%7B%22value_role%22%3A%22administrator%22%7D%5D\u00a0\u00bb css=\u00a0\u00bb.vc_custom_1695306388607{padding-top: 40px !important;padding-bottom: 40px !important;}\u00a0\u00bb][vc_column animation_delay=\u00a0\u00bb\u00a0\u00bb conditional_render=\u00a0\u00bb%5B%7B%22value_role%22%3A%22administrator%22%7D%5D\u00a0\u00bb][vc_column_text css_animation=\u00a0\u00bbnone\u00a0\u00bb]Le syst\u00e8me d\u2019excavation Hydrovac BadgerMC est con\u00e7u pour fonctionner efficacement dans les conditions d\u2019exploitation les plus exigeantes en int\u00e9grant des technologies que les excavatrices m\u00e9caniques traditionnelles et les autres syst\u00e8mes de vacuum ne peuvent pas imiter. Les clients de Badger constatent une augmentation de [&hellip;]","og_url":"https:\/\/www.badgerinc.com\/fr\/a-propos\/lavantage-badger-hydrovacmc\/","og_site_name":"Badger Inc","article_modified_time":"2026-02-04T12:28:46+00:00","og_image":[{"width":1420,"height":680,"url":"https:\/\/www.badgerinc.com\/wp-content\/uploads\/2023\/09\/Badger-Daylighting-the-badger-hydrovac-advantage.jpg","type":"image\/jpeg"}],"twitter_card":"summary_large_image","twitter_misc":{"Estimation du temps de lecture":"6 minutes"},"schema":{"@context":"https:\/\/schema.org","@graph":[{"@type":"WebPage","@id":"https:\/\/www.badgerinc.com\/fr\/a-propos\/lavantage-badger-hydrovacmc\/","url":"https:\/\/www.badgerinc.com\/fr\/a-propos\/lavantage-badger-hydrovacmc\/","name":"L\u2019AVANTAGE HYDROVAC BADGERMC - Badger Inc","isPartOf":{"@id":"https:\/\/www.badgerinc.com\/fr\/#website"},"primaryImageOfPage":{"@id":"https:\/\/www.badgerinc.com\/fr\/a-propos\/lavantage-badger-hydrovacmc\/#primaryimage"},"image":{"@id":"https:\/\/www.badgerinc.com\/fr\/a-propos\/lavantage-badger-hydrovacmc\/#primaryimage"},"thumbnailUrl":"https:\/\/www.badgerinc.com\/wp-content\/uploads\/2023\/09\/Badger-Daylighting-the-badger-hydrovac-advantage.jpg","datePublished":"2023-09-21T14:30:52+00:00","dateModified":"2026-02-04T12:28:46+00:00","breadcrumb":{"@id":"https:\/\/www.badgerinc.com\/fr\/a-propos\/lavantage-badger-hydrovacmc\/#breadcrumb"},"inLanguage":"fr-CA","potentialAction":[{"@type":"ReadAction","target":["https:\/\/www.badgerinc.com\/fr\/a-propos\/lavantage-badger-hydrovacmc\/"]}]},{"@type":"ImageObject","inLanguage":"fr-CA","@id":"https:\/\/www.badgerinc.com\/fr\/a-propos\/lavantage-badger-hydrovacmc\/#primaryimage","url":"https:\/\/www.badgerinc.com\/wp-content\/uploads\/2023\/09\/Badger-Daylighting-the-badger-hydrovac-advantage.jpg","contentUrl":"https:\/\/www.badgerinc.com\/wp-content\/uploads\/2023\/09\/Badger-Daylighting-the-badger-hydrovac-advantage.jpg","width":1420,"height":680},{"@type":"BreadcrumbList","@id":"https:\/\/www.badgerinc.com\/fr\/a-propos\/lavantage-badger-hydrovacmc\/#breadcrumb","itemListElement":[{"@type":"ListItem","position":1,"name":"Home","item":"https:\/\/www.badgerinc.com\/fr\/"},{"@type":"ListItem","position":2,"name":"\u00c0 PROPOS","item":"https:\/\/www.badgerinc.com\/fr\/about\/"},{"@type":"ListItem","position":3,"name":"L\u2019AVANTAGE HYDROVAC BADGERMC"}]},{"@type":"WebSite","@id":"https:\/\/www.badgerinc.com\/fr\/#website","url":"https:\/\/www.badgerinc.com\/fr\/","name":"Badger Inc","description":"Badger Infrastructure Solutions Ltd. : Hydrovac, Vacuum Truck And Excavation Services Company in USA and Canada","potentialAction":[{"@type":"SearchAction","target":{"@type":"EntryPoint","urlTemplate":"https:\/\/www.badgerinc.com\/fr\/?s={search_term_string}"},"query-input":{"@type":"PropertyValueSpecification","valueRequired":true,"valueName":"search_term_string"}}],"inLanguage":"fr-CA"}]}},"_links":{"self":[{"href":"https:\/\/www.badgerinc.com\/fr\/wp-json\/wp\/v2\/pages\/1265501","targetHints":{"allow":["GET"]}}],"collection":[{"href":"https:\/\/www.badgerinc.com\/fr\/wp-json\/wp\/v2\/pages"}],"about":[{"href":"https:\/\/www.badgerinc.com\/fr\/wp-json\/wp\/v2\/types\/page"}],"author":[{"embeddable":true,"href":"https:\/\/www.badgerinc.com\/fr\/wp-json\/wp\/v2\/users\/3"}],"replies":[{"embeddable":true,"href":"https:\/\/www.badgerinc.com\/fr\/wp-json\/wp\/v2\/comments?post=1265501"}],"version-history":[{"count":0,"href":"https:\/\/www.badgerinc.com\/fr\/wp-json\/wp\/v2\/pages\/1265501\/revisions"}],"up":[{"embeddable":true,"href":"https:\/\/www.badgerinc.com\/fr\/wp-json\/wp\/v2\/pages\/1265747"}],"wp:featuredmedia":[{"embeddable":true,"href":"https:\/\/www.badgerinc.com\/fr\/wp-json\/wp\/v2\/media\/1265748"}],"wp:attachment":[{"href":"https:\/\/www.badgerinc.com\/fr\/wp-json\/wp\/v2\/media?parent=1265501"}],"curies":[{"name":"wp","href":"https:\/\/api.w.org\/{rel}","templated":true}]}}