{"id":1265499,"date":"2023-09-21T15:15:24","date_gmt":"2023-09-21T15:15:24","guid":{"rendered":"https:\/\/badgerincdev.wpenginepowered.com\/quest-ce-que-lexcavation-hydrovac\/"},"modified":"2026-02-04T12:28:47","modified_gmt":"2026-02-04T12:28:47","slug":"quest-ce-que-lexcavation-hydrovac","status":"publish","type":"page","link":"https:\/\/www.badgerinc.com\/fr\/a-propos\/quest-ce-que-lexcavation-hydrovac\/","title":{"rendered":"QU\u2019EST-CE QUE L\u2019EXCAVATION HYDROVAC?"},"content":{"rendered":"<div class=\"wpb-content-wrapper\"><p>[vc_row wrap_container=\u00a0\u00bbyes\u00a0\u00bb el_class=\u00a0\u00bbrow-align-items-center\u00a0\u00bb conditional_render=\u00a0\u00bb%5B%7B%22value_role%22%3A%22administrator%22%7D%5D\u00a0\u00bb css=\u00a0\u00bb.vc_custom_1695323741989{padding-top: 20px !important;padding-bottom: 20px !important;}\u00a0\u00bb][vc_column animation_delay=\u00a0\u00bb\u00a0\u00bb conditional_render=\u00a0\u00bb%5B%7B%22value_role%22%3A%22administrator%22%7D%5D\u00a0\u00bb][vc_column_text css_animation=\u00a0\u00bbnone\u00a0\u00bb]<\/p>\n<h2><strong>Le syst\u00e8me Hydrovac Badger<sup>MC<\/sup> offre la forme la plus s\u00e9curitaire d\u2019excavation non destructive.<\/strong><\/h2>\n<p>Nos hydrovacs creusent efficacement en utilisant de l\u2019eau sous haute pression et un syst\u00e8me de vacuum exclusif pour excaver ou exposer (mise \u00e0 d\u00e9couvert) l\u2019infrastructure enfouie.<\/p>\n<p>Ce proc\u00e9d\u00e9 utilise de l\u2019eau sous haute pression pour liqu\u00e9fier le sol, cr\u00e9ant ainsi un m\u00e9lange de type boue liquide. Simultan\u00e9ment, ce m\u00e9lange est extrait par le puissant syst\u00e8me de vacuum Badger dans un r\u00e9servoir de d\u00e9bris mont\u00e9 sur camion, qui peut \u00eatre situ\u00e9 jusqu\u2019\u00e0 183\u00a0m (600\u00a0pi) de distance. Notre syst\u00e8me peut \u00e9galement fournir un service d\u2019excavation jusqu\u2019\u00e0 une profondeur de 15\u00a0m (50\u00a0pi).[\/vc_column_text][\/vc_column][\/vc_row][vc_row wrap_container=\u00a0\u00bbyes\u00a0\u00bb content_placement=\u00a0\u00bbmiddle\u00a0\u00bb conditional_render=\u00a0\u00bb%5B%7B%22value_role%22%3A%22administrator%22%7D%5D\u00a0\u00bb css=\u00a0\u00bb.vc_custom_1695309912659{padding-top: 10px !important;}\u00a0\u00bb][vc_column conditional_render=\u00a0\u00bb%5B%7B%22value_role%22%3A%22administrator%22%7D%5D\u00a0\u00bb css=\u00a0\u00bb.vc_custom_1695309923024{padding-top: 20px !important;padding-right: 20px !important;padding-bottom: 20px !important;padding-left: 20px !important;background-color: #f0f0f0 !important;}\u00a0\u00bb][vc_custom_heading text=\u00a0\u00bbQu\u2019est-ce que l\u2019excavation Hydrovac?\u00a0\u00bb font_container=\u00a0\u00bbtag:h2|font_size:30|text_align:left\u00a0\u00bb use_theme_fonts=\u00a0\u00bbyes\u00a0\u00bb font_weight=\u00a0\u00bb700&Prime; skin=\u00a0\u00bbprimary\u00a0\u00bb css_animation=\u00a0\u00bbslideInUp\u00a0\u00bb][vc_column_text]L\u2019hydro-excavation est un processus pr\u00e9cis, non m\u00e9canique et non destructif qui utilise de l\u2019eau sous pression et un aspirateur de puissance industrielle pour excaver et \u00e9vacuer simultan\u00e9ment le sol. Lorsque l\u2019eau sous pression s\u00e9pare le sol, elle cr\u00e9e une boue qui est \u00e9limin\u00e9e par un puissant vacuum dans un r\u00e9servoir \u00e0 d\u00e9bris.[\/vc_column_text][\/vc_column][\/vc_row][vc_row wrap_container=\u00a0\u00bbyes\u00a0\u00bb conditional_render=\u00a0\u00bb%5B%7B%22value_role%22%3A%22administrator%22%7D%5D\u00a0\u00bb css=\u00a0\u00bb.vc_custom_1695306428071{padding-top: 40px !important;}\u00a0\u00bb][vc_column][vc_column_text]Les Hydrovac Badger peuvent effectuer des excavations efficaces et pr\u00e9cises dans une vari\u00e9t\u00e9 de types de sols et de conditions environnementales, y compris l\u2019argile, la terre compact\u00e9e, les sols gel\u00e9s et dans des zones ou des emplacements \u00e9loign\u00e9s avec un acc\u00e8s limit\u00e9.<\/p>\n<p>Les camions vacuum de Badger sont dot\u00e9s de chauffe-eau int\u00e9gr\u00e9s sp\u00e9cialement con\u00e7us pour offrir un moyen efficace d\u2019excavation sur terrain gel\u00e9.[\/vc_column_text][vc_cta h2=\u00a0\u00bbObtenir une estimation\u00a0\u00bb h4=\u00a0\u00bbCommuniquez avec nous d\u00e8s aujourd\u2019hui.\u00a0\u00bb shape=\u00a0\u00bbsquare\u00a0\u00bb style=\u00a0\u00bbflat\u00a0\u00bb add_button=\u00a0\u00bbright\u00a0\u00bb btn_title=\u00a0\u00bbCommuniquer avec nous\u00a0\u00bb btn_skin=\u00a0\u00bbprimary\u00a0\u00bb btn_btn_fs=\u00a0\u00bb20&Prime; btn_btn_ls=\u00a0\u00bb.2&Prime; btn_link=\u00a0\u00bburl:https%3A%2F%2Fwww.badgerinc.com%2Ffr%2Fobtenir-une-estimation%2F|title:GET%20AN%20ESTIMATE|\u00a0\u00bb btn_btn_px=\u00a0\u00bb10&Prime;][\/vc_cta][\/vc_column][\/vc_row]<\/p>\n<\/div>","protected":false},"excerpt":{"rendered":"<p>[vc_row wrap_container=\u00a0\u00bbyes\u00a0\u00bb el_class=\u00a0\u00bbrow-align-items-center\u00a0\u00bb conditional_render=\u00a0\u00bb%5B%7B%22value_role%22%3A%22administrator%22%7D%5D\u00a0\u00bb css=\u00a0\u00bb.vc_custom_1695323741989{padding-top: 20px !important;padding-bottom: 20px !important;}\u00a0\u00bb][vc_column animation_delay=\u00a0\u00bb\u00a0\u00bb conditional_render=\u00a0\u00bb%5B%7B%22value_role%22%3A%22administrator%22%7D%5D\u00a0\u00bb][vc_column_text css_animation=\u00a0\u00bbnone\u00a0\u00bb] Le syst\u00e8me Hydrovac BadgerMC offre la forme la plus s\u00e9curitaire d\u2019excavation non destructive. Nos hydrovacs creusent efficacement en utilisant de l\u2019eau sous haute pression et un syst\u00e8me de vacuum exclusif pour excaver ou exposer (mise \u00e0 d\u00e9couvert) l\u2019infrastructure enfouie. Ce proc\u00e9d\u00e9 utilise de [&hellip;]<\/p>\n","protected":false},"author":3,"featured_media":1265500,"parent":1265747,"menu_order":0,"comment_status":"closed","ping_status":"closed","template":"","meta":{"footnotes":""},"class_list":["post-1265499","page","type-page","status-publish","has-post-thumbnail","hentry"],"yoast_head":"<!-- This site is optimized with the Yoast SEO Premium plugin v23.4 (Yoast SEO v27.2) - https:\/\/yoast.com\/product\/yoast-seo-premium-wordpress\/ -->\n<title>QU\u2019EST-CE QUE L\u2019EXCAVATION HYDROVAC? - Badger Inc<\/title>\n<meta name=\"robots\" content=\"index, follow, max-snippet:-1, max-image-preview:large, max-video-preview:-1\" \/>\n<link rel=\"canonical\" href=\"https:\/\/www.badgerinc.com\/fr\/a-propos\/quest-ce-que-lexcavation-hydrovac\/\" \/>\n<meta property=\"og:locale\" content=\"fr_CA\" \/>\n<meta property=\"og:type\" content=\"article\" \/>\n<meta property=\"og:title\" content=\"QU\u2019EST-CE QUE L\u2019EXCAVATION HYDROVAC?\" \/>\n<meta property=\"og:description\" content=\"[vc_row wrap_container=\u00a0\u00bbyes\u00a0\u00bb el_class=\u00a0\u00bbrow-align-items-center\u00a0\u00bb conditional_render=\u00a0\u00bb%5B%7B%22value_role%22%3A%22administrator%22%7D%5D\u00a0\u00bb css=\u00a0\u00bb.vc_custom_1695323741989{padding-top: 20px !important;padding-bottom: 20px !important;}\u00a0\u00bb][vc_column animation_delay=\u00a0\u00bb\u00a0\u00bb conditional_render=\u00a0\u00bb%5B%7B%22value_role%22%3A%22administrator%22%7D%5D\u00a0\u00bb][vc_column_text css_animation=\u00a0\u00bbnone\u00a0\u00bb] Le syst\u00e8me Hydrovac BadgerMC offre la forme la plus s\u00e9curitaire d\u2019excavation non destructive. Nos hydrovacs creusent efficacement en utilisant de l\u2019eau sous haute pression et un syst\u00e8me de vacuum exclusif pour excaver ou exposer (mise \u00e0 d\u00e9couvert) l\u2019infrastructure enfouie. Ce proc\u00e9d\u00e9 utilise de [&hellip;]\" \/>\n<meta property=\"og:url\" content=\"https:\/\/www.badgerinc.com\/fr\/a-propos\/quest-ce-que-lexcavation-hydrovac\/\" \/>\n<meta property=\"og:site_name\" content=\"Badger Inc\" \/>\n<meta property=\"article:modified_time\" content=\"2026-02-04T12:28:47+00:00\" \/>\n<meta property=\"og:image\" content=\"https:\/\/www.badgerinc.com\/wp-content\/uploads\/2023\/09\/Badger-Daylighting-utilities-What-is-hydrovac-excavation.jpg\" \/>\n\t<meta property=\"og:image:width\" content=\"1420\" \/>\n\t<meta property=\"og:image:height\" content=\"680\" \/>\n\t<meta property=\"og:image:type\" content=\"image\/jpeg\" \/>\n<meta name=\"twitter:card\" content=\"summary_large_image\" \/>\n<meta name=\"twitter:label1\" content=\"Estimation du temps de lecture\" \/>\n\t<meta name=\"twitter:data1\" content=\"2 minutes\" \/>\n<script type=\"application\/ld+json\" class=\"yoast-schema-graph\">{\"@context\":\"https:\/\/schema.org\",\"@graph\":[{\"@type\":\"WebPage\",\"@id\":\"https:\/\/www.badgerinc.com\/fr\/a-propos\/quest-ce-que-lexcavation-hydrovac\/\",\"url\":\"https:\/\/www.badgerinc.com\/fr\/a-propos\/quest-ce-que-lexcavation-hydrovac\/\",\"name\":\"QU\u2019EST-CE QUE L\u2019EXCAVATION HYDROVAC? - Badger Inc\",\"isPartOf\":{\"@id\":\"https:\/\/www.badgerinc.com\/fr\/#website\"},\"primaryImageOfPage\":{\"@id\":\"https:\/\/www.badgerinc.com\/fr\/a-propos\/quest-ce-que-lexcavation-hydrovac\/#primaryimage\"},\"image\":{\"@id\":\"https:\/\/www.badgerinc.com\/fr\/a-propos\/quest-ce-que-lexcavation-hydrovac\/#primaryimage\"},\"thumbnailUrl\":\"https:\/\/www.badgerinc.com\/wp-content\/uploads\/2023\/09\/Badger-Daylighting-utilities-What-is-hydrovac-excavation.jpg\",\"datePublished\":\"2023-09-21T15:15:24+00:00\",\"dateModified\":\"2026-02-04T12:28:47+00:00\",\"breadcrumb\":{\"@id\":\"https:\/\/www.badgerinc.com\/fr\/a-propos\/quest-ce-que-lexcavation-hydrovac\/#breadcrumb\"},\"inLanguage\":\"fr-CA\",\"potentialAction\":[{\"@type\":\"ReadAction\",\"target\":[\"https:\/\/www.badgerinc.com\/fr\/a-propos\/quest-ce-que-lexcavation-hydrovac\/\"]}]},{\"@type\":\"ImageObject\",\"inLanguage\":\"fr-CA\",\"@id\":\"https:\/\/www.badgerinc.com\/fr\/a-propos\/quest-ce-que-lexcavation-hydrovac\/#primaryimage\",\"url\":\"https:\/\/www.badgerinc.com\/wp-content\/uploads\/2023\/09\/Badger-Daylighting-utilities-What-is-hydrovac-excavation.jpg\",\"contentUrl\":\"https:\/\/www.badgerinc.com\/wp-content\/uploads\/2023\/09\/Badger-Daylighting-utilities-What-is-hydrovac-excavation.jpg\",\"width\":1420,\"height\":680},{\"@type\":\"BreadcrumbList\",\"@id\":\"https:\/\/www.badgerinc.com\/fr\/a-propos\/quest-ce-que-lexcavation-hydrovac\/#breadcrumb\",\"itemListElement\":[{\"@type\":\"ListItem\",\"position\":1,\"name\":\"Home\",\"item\":\"https:\/\/www.badgerinc.com\/fr\/\"},{\"@type\":\"ListItem\",\"position\":2,\"name\":\"\u00c0 PROPOS\",\"item\":\"https:\/\/www.badgerinc.com\/fr\/about\/\"},{\"@type\":\"ListItem\",\"position\":3,\"name\":\"QU\u2019EST-CE QUE L\u2019EXCAVATION HYDROVAC?\"}]},{\"@type\":\"WebSite\",\"@id\":\"https:\/\/www.badgerinc.com\/fr\/#website\",\"url\":\"https:\/\/www.badgerinc.com\/fr\/\",\"name\":\"Badger Inc\",\"description\":\"Badger Infrastructure Solutions Ltd. : Hydrovac, Vacuum Truck And Excavation Services Company in USA and Canada\",\"potentialAction\":[{\"@type\":\"SearchAction\",\"target\":{\"@type\":\"EntryPoint\",\"urlTemplate\":\"https:\/\/www.badgerinc.com\/fr\/?s={search_term_string}\"},\"query-input\":{\"@type\":\"PropertyValueSpecification\",\"valueRequired\":true,\"valueName\":\"search_term_string\"}}],\"inLanguage\":\"fr-CA\"}]}<\/script>\n<!-- \/ Yoast SEO Premium plugin. -->","yoast_head_json":{"title":"QU\u2019EST-CE QUE L\u2019EXCAVATION HYDROVAC? - Badger Inc","robots":{"index":"index","follow":"follow","max-snippet":"max-snippet:-1","max-image-preview":"max-image-preview:large","max-video-preview":"max-video-preview:-1"},"canonical":"https:\/\/www.badgerinc.com\/fr\/a-propos\/quest-ce-que-lexcavation-hydrovac\/","og_locale":"fr_CA","og_type":"article","og_title":"QU\u2019EST-CE QUE L\u2019EXCAVATION HYDROVAC?","og_description":"[vc_row wrap_container=\u00a0\u00bbyes\u00a0\u00bb el_class=\u00a0\u00bbrow-align-items-center\u00a0\u00bb conditional_render=\u00a0\u00bb%5B%7B%22value_role%22%3A%22administrator%22%7D%5D\u00a0\u00bb css=\u00a0\u00bb.vc_custom_1695323741989{padding-top: 20px !important;padding-bottom: 20px !important;}\u00a0\u00bb][vc_column animation_delay=\u00a0\u00bb\u00a0\u00bb conditional_render=\u00a0\u00bb%5B%7B%22value_role%22%3A%22administrator%22%7D%5D\u00a0\u00bb][vc_column_text css_animation=\u00a0\u00bbnone\u00a0\u00bb] Le syst\u00e8me Hydrovac BadgerMC offre la forme la plus s\u00e9curitaire d\u2019excavation non destructive. Nos hydrovacs creusent efficacement en utilisant de l\u2019eau sous haute pression et un syst\u00e8me de vacuum exclusif pour excaver ou exposer (mise \u00e0 d\u00e9couvert) l\u2019infrastructure enfouie. Ce proc\u00e9d\u00e9 utilise de [&hellip;]","og_url":"https:\/\/www.badgerinc.com\/fr\/a-propos\/quest-ce-que-lexcavation-hydrovac\/","og_site_name":"Badger Inc","article_modified_time":"2026-02-04T12:28:47+00:00","og_image":[{"width":1420,"height":680,"url":"https:\/\/www.badgerinc.com\/wp-content\/uploads\/2023\/09\/Badger-Daylighting-utilities-What-is-hydrovac-excavation.jpg","type":"image\/jpeg"}],"twitter_card":"summary_large_image","twitter_misc":{"Estimation du temps de lecture":"2 minutes"},"schema":{"@context":"https:\/\/schema.org","@graph":[{"@type":"WebPage","@id":"https:\/\/www.badgerinc.com\/fr\/a-propos\/quest-ce-que-lexcavation-hydrovac\/","url":"https:\/\/www.badgerinc.com\/fr\/a-propos\/quest-ce-que-lexcavation-hydrovac\/","name":"QU\u2019EST-CE QUE L\u2019EXCAVATION HYDROVAC? - Badger Inc","isPartOf":{"@id":"https:\/\/www.badgerinc.com\/fr\/#website"},"primaryImageOfPage":{"@id":"https:\/\/www.badgerinc.com\/fr\/a-propos\/quest-ce-que-lexcavation-hydrovac\/#primaryimage"},"image":{"@id":"https:\/\/www.badgerinc.com\/fr\/a-propos\/quest-ce-que-lexcavation-hydrovac\/#primaryimage"},"thumbnailUrl":"https:\/\/www.badgerinc.com\/wp-content\/uploads\/2023\/09\/Badger-Daylighting-utilities-What-is-hydrovac-excavation.jpg","datePublished":"2023-09-21T15:15:24+00:00","dateModified":"2026-02-04T12:28:47+00:00","breadcrumb":{"@id":"https:\/\/www.badgerinc.com\/fr\/a-propos\/quest-ce-que-lexcavation-hydrovac\/#breadcrumb"},"inLanguage":"fr-CA","potentialAction":[{"@type":"ReadAction","target":["https:\/\/www.badgerinc.com\/fr\/a-propos\/quest-ce-que-lexcavation-hydrovac\/"]}]},{"@type":"ImageObject","inLanguage":"fr-CA","@id":"https:\/\/www.badgerinc.com\/fr\/a-propos\/quest-ce-que-lexcavation-hydrovac\/#primaryimage","url":"https:\/\/www.badgerinc.com\/wp-content\/uploads\/2023\/09\/Badger-Daylighting-utilities-What-is-hydrovac-excavation.jpg","contentUrl":"https:\/\/www.badgerinc.com\/wp-content\/uploads\/2023\/09\/Badger-Daylighting-utilities-What-is-hydrovac-excavation.jpg","width":1420,"height":680},{"@type":"BreadcrumbList","@id":"https:\/\/www.badgerinc.com\/fr\/a-propos\/quest-ce-que-lexcavation-hydrovac\/#breadcrumb","itemListElement":[{"@type":"ListItem","position":1,"name":"Home","item":"https:\/\/www.badgerinc.com\/fr\/"},{"@type":"ListItem","position":2,"name":"\u00c0 PROPOS","item":"https:\/\/www.badgerinc.com\/fr\/about\/"},{"@type":"ListItem","position":3,"name":"QU\u2019EST-CE QUE L\u2019EXCAVATION HYDROVAC?"}]},{"@type":"WebSite","@id":"https:\/\/www.badgerinc.com\/fr\/#website","url":"https:\/\/www.badgerinc.com\/fr\/","name":"Badger Inc","description":"Badger Infrastructure Solutions Ltd. : Hydrovac, Vacuum Truck And Excavation Services Company in USA and Canada","potentialAction":[{"@type":"SearchAction","target":{"@type":"EntryPoint","urlTemplate":"https:\/\/www.badgerinc.com\/fr\/?s={search_term_string}"},"query-input":{"@type":"PropertyValueSpecification","valueRequired":true,"valueName":"search_term_string"}}],"inLanguage":"fr-CA"}]}},"_links":{"self":[{"href":"https:\/\/www.badgerinc.com\/fr\/wp-json\/wp\/v2\/pages\/1265499","targetHints":{"allow":["GET"]}}],"collection":[{"href":"https:\/\/www.badgerinc.com\/fr\/wp-json\/wp\/v2\/pages"}],"about":[{"href":"https:\/\/www.badgerinc.com\/fr\/wp-json\/wp\/v2\/types\/page"}],"author":[{"embeddable":true,"href":"https:\/\/www.badgerinc.com\/fr\/wp-json\/wp\/v2\/users\/3"}],"replies":[{"embeddable":true,"href":"https:\/\/www.badgerinc.com\/fr\/wp-json\/wp\/v2\/comments?post=1265499"}],"version-history":[{"count":0,"href":"https:\/\/www.badgerinc.com\/fr\/wp-json\/wp\/v2\/pages\/1265499\/revisions"}],"up":[{"embeddable":true,"href":"https:\/\/www.badgerinc.com\/fr\/wp-json\/wp\/v2\/pages\/1265747"}],"wp:featuredmedia":[{"embeddable":true,"href":"https:\/\/www.badgerinc.com\/fr\/wp-json\/wp\/v2\/media\/1265500"}],"wp:attachment":[{"href":"https:\/\/www.badgerinc.com\/fr\/wp-json\/wp\/v2\/media?parent=1265499"}],"curies":[{"name":"wp","href":"https:\/\/api.w.org\/{rel}","templated":true}]}}