{"id":1265498,"date":"2023-09-21T19:50:53","date_gmt":"2023-09-21T19:50:53","guid":{"rendered":"https:\/\/badgerincdev.wpenginepowered.com\/politique-de-confidentialite-anti-pourriel-web\/"},"modified":"2026-02-04T12:28:46","modified_gmt":"2026-02-04T12:28:46","slug":"politique-de-confidentialite-anti-pourriel-web","status":"publish","type":"page","link":"https:\/\/www.badgerinc.com\/fr\/politique-de-confidentialite-anti-pourriel-web\/","title":{"rendered":"POLITIQUE DE CONFIDENTIALIT\u00c9\u00a0\u2013\u00a0ANTI-POURRIEL\u00a0\u2013\u00a0WEB"},"content":{"rendered":"<div class=\"wpb-content-wrapper\"><p>[vc_row wrap_container=\u00a0\u00bbyes\u00a0\u00bb css=\u00a0\u00bb.vc_custom_1695324157360{padding-top: 40px !important;padding-bottom: 10px !important;}\u00a0\u00bb el_class=\u00a0\u00bbrow-align-items-center\u00a0\u00bb conditional_render=\u00a0\u00bb%5B%7B%22value_role%22%3A%22administrator%22%7D%5D\u00a0\u00bb][vc_column animation_delay=\u00a0\u00bb\u00a0\u00bb conditional_render=\u00a0\u00bb%5B%7B%22value_role%22%3A%22administrator%22%7D%5D\u00a0\u00bb][vc_column_text css_animation=\u00a0\u00bbnone\u00a0\u00bb]<\/p>\n<h3>POLITIQUE DE CONFIDENTIALIT\u00c9\u00a0\u2013\u00a0ANTI-POURRIEL\u00a0\u2013\u00a0WEB<\/h3>\n<p>Badger Daylighting<sup>MC<\/sup> respecte toutes les exigences en mati\u00e8re de confidentialit\u00e9 et de lutte contre les pourriels et, dans bien des cas, se surpasse pour assurer la confidentialit\u00e9 des clients. Cette politique est notre engagement \u00e0 respecter et \u00e0 prot\u00e9ger vos renseignements personnels. Nous voulons que vous sachiez quels renseignements personnels nous recueillons, pourquoi nous avons besoin de vos renseignements personnels, comment ces renseignements sont prot\u00e9g\u00e9s, o\u00f9 nous les stockons et comment vous pouvez y acc\u00e9der et les corriger. Notre politique de confidentialit\u00e9 est une promesse envers vous, pas seulement une obligation l\u00e9gale. Modifications \u00e0 la pr\u00e9sente politique de confidentialit\u00e9 Nous nous r\u00e9servons le droit de modifier ou de compl\u00e9ter cette politique de confidentialit\u00e9 \u00e0 tout moment.[\/vc_column_text][vc_tta_accordion shape=\u00a0\u00bbsquare\u00a0\u00bb color=\u00a0\u00bbblack\u00a0\u00bb active_section=\u00a0\u00bb0&Prime; collapsible_all=\u00a0\u00bbtrue\u00a0\u00bb][vc_tta_section title=\u00a0\u00bbEN SAVOIR PLUS\u00a0\u00bb tab_id=\u00a0\u00bb1695325601892-88214a23-745b\u00a0\u00bb][vc_column_text]<strong>Qu\u2019est-ce que les \u00ab\u00a0renseignements personnels\u00a0\u00bb?<\/strong><\/p>\n<ul>\n<li>Les renseignements personnels sont des renseignements sur une personne identifiable. Il existe de nombreux types de renseignements personnels dont nous pourrions avoir besoin pour mieux vous servir, notamment\u00a0:<\/li>\n<li>Votre identit\u00e9 ou vos coordonn\u00e9es, comme votre nom, le nom de votre entreprise, votre adresse, votre num\u00e9ro de t\u00e9l\u00e9phone, votre num\u00e9ro de t\u00e9l\u00e9copieur et adresse courriel;<\/li>\n<li>Les renseignements recueillis dans le cadre de demandes de renseignements pour le service \u00e0 la client\u00e8le, de sondages, de concours ou de demandes de renseignements sur nos produits et services.<\/li>\n<\/ul>\n<p><strong>Pourquoi recueillons-nous, utilisons-nous et divulguons-nous vos renseignements personnels?<\/strong><\/p>\n<ul>\n<li>Nous recueillons uniquement des renseignements personnels qui sont strictement n\u00e9cessaires aux fins d\u00e9crites dans la pr\u00e9sente politique de confidentialit\u00e9. Nous recueillons, utilisons et divulguons des renseignements personnels et professionnels pour mieux vous servir. Exemples de raisons pour lesquelles nous recueillons vos renseignements personnels\u00a0:<\/li>\n<li>R\u00e9pondre \u00e0 vos demandes de renseignements sur les produits ou les services.<\/li>\n<li>Effectuer des transactions commerciales avec vous et fournir les niveaux de service appropri\u00e9s apr\u00e8s la conclusion d\u2019une transaction.<\/li>\n<li>Partager les renseignements personnels que nous recueillons avec d\u2019autres fournisseurs de services, comme des fournisseurs, des fournisseurs de garantie, des professionnels et des entrepreneurs,\u00a0etc. qui ex\u00e9cutent diverses fonctions pour vous aider \u00e0 vous fournir des services.<\/li>\n<li>Fournir des renseignements personnels \u00e0 des tiers \u00e0 des fins juridiques ou r\u00e9glementaires.<\/li>\n<li>Fournir des renseignements personnels \u00e0 des tiers pour ex\u00e9cuter des fonctions en notre nom, comme le marketing, le traitement des donn\u00e9es, la gestion des documents, les services de bureau, d\u2019autres services technologiques ou administratifs, ou la recherche de clients.<\/li>\n<li>Utiliser les renseignements personnels \u00e0 un niveau global pour am\u00e9liorer la qualit\u00e9 et l\u2019efficacit\u00e9 de nos produits et services et pour am\u00e9liorer nos efforts de marketing.<\/li>\n<li>Partager vos renseignements personnels au sein de notre entreprise (y compris nos filiales et soci\u00e9t\u00e9s affili\u00e9es) afin de promouvoir les produits et services qui, selon nous, vous int\u00e9resseront.<\/li>\n<li>Distribuer les communications par courriel d\u2019information.<\/li>\n<\/ul>\n<p><strong>Comment recueillons-nous vos renseignements?<\/strong><\/p>\n<ul>\n<li>Nous n\u2019utilisons pas de techniques pour recueillir des renseignements personnels vous concernant sans que vous en ayez connaissance. En g\u00e9n\u00e9ral, nous recueillons des renseignements personnels directement aupr\u00e8s de vous. Ces renseignements pourraient \u00eatre recueillis en personne, par t\u00e9l\u00e9phone, par la poste ou par voie \u00e9lectronique.<\/li>\n<\/ul>\n<p><strong>Votre consentement<\/strong><\/p>\n<ul>\n<li>Nous recueillons, utilisons ou divulguons des renseignements personnels uniquement aux fins qui, selon nous, seraient appropri\u00e9es dans les circonstances. Vos connaissances et votre consentement sont n\u00e9cessaires \u00e0 la collecte, \u00e0 l\u2019utilisation ou \u00e0 la divulgation de vos renseignements personnels, sauf si la loi le permet ou l\u2019exige. Bien s\u00fbr, sous r\u00e9serve de limites raisonnables et licites, vous pouvez choisir de ne pas nous fournir une partie ou la totalit\u00e9 de vos renseignements personnels. Toutefois, ce choix peut nous emp\u00eacher de fournir le produit, le service ou les renseignements que vous avez demand\u00e9s.<\/li>\n<li>Nous croyons \u00e9galement que vous vous attendez \u00e0 ce que nous communiquons avec vous pour vous informer des services et avantages nouveaux et existants qui pourraient vous int\u00e9resser et pour vous demander votre opinion sur notre rendement actuel par l\u2019entremise de sondages sur la satisfaction de la client\u00e8le. De temps \u00e0 autre, nous vous informerons de ces services ou nous communiquerons avec vous pour obtenir votre opinion par l\u2019entremise du marketing direct. Le mat\u00e9riel de marketing direct vous est habituellement livr\u00e9 par courrier, t\u00e9l\u00e9phone ou voie \u00e9lectronique. Chaque message \u00e9lectronique commercial contiendra un m\u00e9canisme d\u2019exclusion facile \u00e0 utiliser et \u00e0 ex\u00e9cuter. Nous demandons s\u00e9par\u00e9ment votre consentement expr\u00e8s ou nous nous fions \u00e0 votre consentement tacite pour vous transmettre des messages \u00e9lectroniques commerciaux (courriels, messages textes et messages instantan\u00e9s).<\/li>\n<li>Tiers<\/li>\n<li>\u00c0 part les fins d\u00e9crites ci-dessus, si vous nous le permettez, votre nom, votre adresse et votre num\u00e9ro de t\u00e9l\u00e9phone pourraient \u00eatre transmis \u00e0 des tiers de confiance afin de vous informer des produits et services offerts que nous croyons qui pourraient vous int\u00e9resser. Nous exigeons que chacun de ces tiers dispose d\u2019une politique conforme aux exigences de la l\u00e9gislation en mati\u00e8re de protection des renseignements personnels et de lutte contre les pourriels au Canada ou aux \u00c9tats-Unis d\u2019Am\u00e9rique ou les deux.<\/li>\n<li>Sauf indication contraire dans la pr\u00e9sente politique de confidentialit\u00e9, ou dans la mesure permise ou exig\u00e9e par la loi, nous ne vendons ni ne divulguons vos renseignements personnels \u00e0 aucune autre organisation.<\/li>\n<\/ul>\n<p><strong>Comment stockons-nous et prot\u00e9geons-nous vos renseignements personnels?<\/strong><\/p>\n<ul>\n<li>Vos renseignements personnels sont stock\u00e9s dans des endroits s\u00e9curis\u00e9s et sur des serveurs s\u00e9curis\u00e9s.<\/li>\n<li>Vos renseignements personnels ne sont conserv\u00e9s que dans la mesure o\u00f9 cela est raisonnablement n\u00e9cessaire aux fins \u00e9nonc\u00e9es dans la pr\u00e9sente politique de confidentialit\u00e9. Une fois que les renseignements personnels ne sont plus n\u00e9cessaires, nous les d\u00e9truisons, les effa\u00e7ons ou les anonymisons. Certaines exigences l\u00e9gales peuvent exiger que nous conservons une partie ou la totalit\u00e9 des renseignements personnels pendant une p\u00e9riode donn\u00e9e.<\/li>\n<li>Nous prot\u00e9geons vos renseignements personnels en utilisant des technologies et des dispositifs de s\u00e9curit\u00e9 conformes aux normes de l\u2019industrie adapt\u00e9s \u00e0 la sensibilit\u00e9 des renseignements, y compris des contr\u00f4les physiques, administratifs et \u00e9lectroniques, afin de minimiser le risque d\u2019acc\u00e8s, d\u2019utilisation ou de divulgation non autoris\u00e9s de vos renseignements personnels.<\/li>\n<li>Nos employ\u00e9s sont form\u00e9s pour comprendre l\u2019importance de la confidentialit\u00e9 des renseignements personnels et les dispositions de la pr\u00e9sente politique s\u2019appliquent \u00e0 eux comme conditions d\u2019emploi.<\/li>\n<li>Nous nous effor\u00e7ons de nous assurer que tous les renseignements disponibles sont exacts et \u00e0 jour. Nous vous invitons donc \u00e0 nous fournir des mises \u00e0 jour concernant vos renseignements personnels et \u00e0 nous informer de toute erreur.<\/li>\n<li>Pratiques de confidentialit\u00e9 en ligne<\/li>\n<li>T\u00e9moins\u00a0\u2013 lorsque vous acc\u00e9dez \u00e0 notre site Web, nous pouvons utiliser une fonction de navigateur appel\u00e9e \u00ab\u00a0t\u00e9moin\u00a0\u00bb pour recueillir des renseignements comme le type de navigateur Internet et le syst\u00e8me d\u2019exploitation que vous utilisez, le nom de domaine du site Web \u00e0 partir duquel vous \u00eates arriv\u00e9, la date et la dur\u00e9e de la visite, le nombre de visites, le temps moyen pass\u00e9 sur notre site Web, les pages consult\u00e9es et le nombre de t\u00e9moins accumul\u00e9s. Un t\u00e9moin de connexion est un petit fichier texte contenant un num\u00e9ro d\u2019identification unique qui identifie un navigateur, mais pas n\u00e9cessairement le visiteur, sur nos ordinateurs chaque fois que notre site Web est visit\u00e9. En plus des fins d\u00e9crites dans la pr\u00e9sente politique de confidentialit\u00e9, nous pouvons utiliser ces renseignements sur le site Web et les partager avec d\u2019autres organisations avec lesquelles nous avons une relation commerciale pour mesurer l\u2019utilisation de notre site Web, am\u00e9liorer la fonctionnalit\u00e9 et le contenu du site Web et faciliter l\u2019utilisation par un visiteur. Vous pouvez r\u00e9initialiser votre navigateur pour \u00eatre averti lorsque vous recevez un t\u00e9moin ou refuser d\u2019accepter les t\u00e9moins. Si vous refusez d\u2019accepter les t\u00e9moins, vous pourriez ne pas \u00eatre en mesure d\u2019utiliser certaines des fonctionnalit\u00e9s disponibles sur notre site Web.<\/li>\n<li>Communications en ligne\u00a0\u2013 afin de vous fournir un service ou des renseignements, vous pouvez volontairement nous envoyer des renseignements personnels \u00e0 des fins telles que poser une question, obtenir des renseignements, consulter ou t\u00e9l\u00e9charger une publication, vous abonner \u00e0 un bulletin \u00e9lectronique ou \u00e0 une liste de courriels, participer \u00e0 un \u00e9v\u00e9nement et participer \u00e0 des concours et \u00e0 des sondages. Nous pouvons combiner et stocker des renseignements personnels concernant votre utilisation de notre site Web et des renseignements en ligne que vous avez fournis avec certains autres renseignements personnels que nous avons recueillis.<\/li>\n<li>Communications par courriel\u00a0\u2013 \u00e0 l\u2019occasion, nous pouvons vous envoyer des communications marketing ou promotionnelles par courriel contenant des renseignements qui pourraient vous \u00eatre utiles, y compris des renseignements sur nos produits et services, ainsi que d\u2019autres tiers avec lesquels nous avons une relation. Dans le cadre de ce processus, nous pouvons recueillir certains renseignements, comme la date et l\u2019heure auxquelles vous avez ouvert nos communications par courriel pour la premi\u00e8re fois, le nombre de fois que vous ouvrez nos communications par courriel, le nombre de clics par article, le nombre total d\u2019activit\u00e9s de clics sur le contenu de nos communications par courriel et, en g\u00e9n\u00e9ral, compiler les statistiques connexes. Nous pouvons combiner et stocker de tels renseignements pour g\u00e9rer et am\u00e9liorer nos communications par courriel. Nous vous indiquerons comment vous d\u00e9sabonner et vous pourrez nous indiquer vos pr\u00e9f\u00e9rences si vous d\u00e9cidez de ne pas recevoir de courriels promotionnels ou de marketing de notre part.<\/li>\n<\/ul>\n<p><strong>Liens<\/strong><\/p>\n<ul>\n<li>Notre site Web peut contenir des liens vers d\u2019autres sites Web qui sont fournis \u00e0 titre de commodit\u00e9 seulement. Vous \u00eates inform\u00e9 que d\u2019autres sites Web de tiers peuvent avoir des politiques et des pratiques de confidentialit\u00e9 diff\u00e9rentes des n\u00f4tres, et nous n\u2019avons aucune responsabilit\u00e9 \u00e0 l\u2019\u00e9gard de ces sites Web de tiers.<\/li>\n<\/ul>\n<p>[\/vc_column_text][\/vc_tta_section][\/vc_tta_accordion][vc_column_text css_animation=\u00a0\u00bbnone\u00a0\u00bb]<\/p>\n<h4>Renseignements suppl\u00e9mentaires<\/h4>\n<h5>Au Canada<\/h5>\n<p>Pour en savoir plus sur vos droits en vertu de la Loi sur la protection des renseignements personnels et les documents \u00e9lectroniques (LPRPDE), veuillez visiter le site Web du Commissariat \u00e0 la protection de la vie priv\u00e9e du Canada \u00e0 l\u2019adresse https:\/\/www.priv.gc.ca\/fr\/. Ou pour obtenir de plus amples renseignements sur la nouvelle loi anti-pourriel, visitez le site <a href=\"http:\/\/www.crtc.gc.ca\/eng\/casl-lcap.htm\">https:\/\/crtc.gc.ca\/fra\/internet\/anti.htm<\/a><\/p>\n<h5>Aux \u00c9tats-Unis d\u2019Am\u00e9rique<\/h5>\n<p>Pour obtenir de plus amples renseignements sur vos droits en vertu de la Loi CAN-SPAM, veuillez visiter le site Web de la Federal\u00a0Trade\u00a0Commission, \u00e0 l\u2019adresse <a href=\"https:\/\/www.ftc.gov\/tips-advice\/business-center\/guidance\/can-spam-act-compliance-guide-business\">https:\/\/www.ftc.gov\/tips-advice\/business-center\/guidance\/can-spam-act-compliance-guide-business<\/a>[\/vc_column_text][\/vc_column][\/vc_row]<\/p>\n<\/div>","protected":false},"excerpt":{"rendered":"<p>[vc_row wrap_container=\u00a0\u00bbyes\u00a0\u00bb css=\u00a0\u00bb.vc_custom_1695324157360{padding-top: 40px !important;padding-bottom: 10px !important;}\u00a0\u00bb el_class=\u00a0\u00bbrow-align-items-center\u00a0\u00bb conditional_render=\u00a0\u00bb%5B%7B%22value_role%22%3A%22administrator%22%7D%5D\u00a0\u00bb][vc_column animation_delay=\u00a0\u00bb\u00a0\u00bb conditional_render=\u00a0\u00bb%5B%7B%22value_role%22%3A%22administrator%22%7D%5D\u00a0\u00bb][vc_column_text css_animation=\u00a0\u00bbnone\u00a0\u00bb] POLITIQUE DE CONFIDENTIALIT\u00c9\u00a0\u2013\u00a0ANTI-POURRIEL\u00a0\u2013\u00a0WEB Badger DaylightingMC respecte toutes les exigences en mati\u00e8re de confidentialit\u00e9 et de lutte contre les pourriels et, dans bien des cas, se surpasse pour assurer la confidentialit\u00e9 des clients. Cette politique est notre engagement \u00e0 respecter et \u00e0 prot\u00e9ger vos [&hellip;]<\/p>\n","protected":false},"author":3,"featured_media":0,"parent":0,"menu_order":0,"comment_status":"closed","ping_status":"closed","template":"","meta":{"footnotes":""},"class_list":["post-1265498","page","type-page","status-publish","hentry"],"yoast_head":"<!-- This site is optimized with the Yoast SEO Premium plugin v23.4 (Yoast SEO v27.2) - https:\/\/yoast.com\/product\/yoast-seo-premium-wordpress\/ -->\n<title>POLITIQUE DE CONFIDENTIALIT\u00c9\u00a0\u2013\u00a0ANTI-POURRIEL\u00a0\u2013\u00a0WEB - Badger Inc<\/title>\n<meta name=\"robots\" content=\"index, follow, max-snippet:-1, max-image-preview:large, max-video-preview:-1\" \/>\n<link rel=\"canonical\" href=\"https:\/\/www.badgerinc.com\/fr\/politique-de-confidentialite-anti-pourriel-web\/\" \/>\n<meta property=\"og:locale\" content=\"fr_CA\" \/>\n<meta property=\"og:type\" content=\"article\" \/>\n<meta property=\"og:title\" content=\"POLITIQUE DE CONFIDENTIALIT\u00c9\u00a0\u2013\u00a0ANTI-POURRIEL\u00a0\u2013\u00a0WEB\" \/>\n<meta property=\"og:description\" content=\"[vc_row wrap_container=\u00a0\u00bbyes\u00a0\u00bb css=\u00a0\u00bb.vc_custom_1695324157360{padding-top: 40px !important;padding-bottom: 10px !important;}\u00a0\u00bb el_class=\u00a0\u00bbrow-align-items-center\u00a0\u00bb conditional_render=\u00a0\u00bb%5B%7B%22value_role%22%3A%22administrator%22%7D%5D\u00a0\u00bb][vc_column animation_delay=\u00a0\u00bb\u00a0\u00bb conditional_render=\u00a0\u00bb%5B%7B%22value_role%22%3A%22administrator%22%7D%5D\u00a0\u00bb][vc_column_text css_animation=\u00a0\u00bbnone\u00a0\u00bb] POLITIQUE DE CONFIDENTIALIT\u00c9\u00a0\u2013\u00a0ANTI-POURRIEL\u00a0\u2013\u00a0WEB Badger DaylightingMC respecte toutes les exigences en mati\u00e8re de confidentialit\u00e9 et de lutte contre les pourriels et, dans bien des cas, se surpasse pour assurer la confidentialit\u00e9 des clients. Cette politique est notre engagement \u00e0 respecter et \u00e0 prot\u00e9ger vos [&hellip;]\" \/>\n<meta property=\"og:url\" content=\"https:\/\/www.badgerinc.com\/fr\/politique-de-confidentialite-anti-pourriel-web\/\" \/>\n<meta property=\"og:site_name\" content=\"Badger Inc\" \/>\n<meta property=\"article:modified_time\" content=\"2026-02-04T12:28:46+00:00\" \/>\n<meta name=\"twitter:card\" content=\"summary_large_image\" \/>\n<meta name=\"twitter:label1\" content=\"Estimation du temps de lecture\" \/>\n\t<meta name=\"twitter:data1\" content=\"9 minutes\" \/>\n<script type=\"application\/ld+json\" class=\"yoast-schema-graph\">{\"@context\":\"https:\/\/schema.org\",\"@graph\":[{\"@type\":\"WebPage\",\"@id\":\"https:\/\/www.badgerinc.com\/fr\/politique-de-confidentialite-anti-pourriel-web\/\",\"url\":\"https:\/\/www.badgerinc.com\/fr\/politique-de-confidentialite-anti-pourriel-web\/\",\"name\":\"POLITIQUE DE CONFIDENTIALIT\u00c9\u00a0\u2013\u00a0ANTI-POURRIEL\u00a0\u2013\u00a0WEB - Badger Inc\",\"isPartOf\":{\"@id\":\"https:\/\/www.badgerinc.com\/fr\/#website\"},\"datePublished\":\"2023-09-21T19:50:53+00:00\",\"dateModified\":\"2026-02-04T12:28:46+00:00\",\"breadcrumb\":{\"@id\":\"https:\/\/www.badgerinc.com\/fr\/politique-de-confidentialite-anti-pourriel-web\/#breadcrumb\"},\"inLanguage\":\"fr-CA\",\"potentialAction\":[{\"@type\":\"ReadAction\",\"target\":[\"https:\/\/www.badgerinc.com\/fr\/politique-de-confidentialite-anti-pourriel-web\/\"]}]},{\"@type\":\"BreadcrumbList\",\"@id\":\"https:\/\/www.badgerinc.com\/fr\/politique-de-confidentialite-anti-pourriel-web\/#breadcrumb\",\"itemListElement\":[{\"@type\":\"ListItem\",\"position\":1,\"name\":\"Home\",\"item\":\"https:\/\/www.badgerinc.com\/fr\/\"},{\"@type\":\"ListItem\",\"position\":2,\"name\":\"POLITIQUE DE CONFIDENTIALIT\u00c9\u00a0\u2013\u00a0ANTI-POURRIEL\u00a0\u2013\u00a0WEB\"}]},{\"@type\":\"WebSite\",\"@id\":\"https:\/\/www.badgerinc.com\/fr\/#website\",\"url\":\"https:\/\/www.badgerinc.com\/fr\/\",\"name\":\"Badger Inc\",\"description\":\"Badger Infrastructure Solutions Ltd. : Hydrovac, Vacuum Truck And Excavation Services Company in USA and Canada\",\"potentialAction\":[{\"@type\":\"SearchAction\",\"target\":{\"@type\":\"EntryPoint\",\"urlTemplate\":\"https:\/\/www.badgerinc.com\/fr\/?s={search_term_string}\"},\"query-input\":{\"@type\":\"PropertyValueSpecification\",\"valueRequired\":true,\"valueName\":\"search_term_string\"}}],\"inLanguage\":\"fr-CA\"}]}<\/script>\n<!-- \/ Yoast SEO Premium plugin. -->","yoast_head_json":{"title":"POLITIQUE DE CONFIDENTIALIT\u00c9\u00a0\u2013\u00a0ANTI-POURRIEL\u00a0\u2013\u00a0WEB - Badger Inc","robots":{"index":"index","follow":"follow","max-snippet":"max-snippet:-1","max-image-preview":"max-image-preview:large","max-video-preview":"max-video-preview:-1"},"canonical":"https:\/\/www.badgerinc.com\/fr\/politique-de-confidentialite-anti-pourriel-web\/","og_locale":"fr_CA","og_type":"article","og_title":"POLITIQUE DE CONFIDENTIALIT\u00c9\u00a0\u2013\u00a0ANTI-POURRIEL\u00a0\u2013\u00a0WEB","og_description":"[vc_row wrap_container=\u00a0\u00bbyes\u00a0\u00bb css=\u00a0\u00bb.vc_custom_1695324157360{padding-top: 40px !important;padding-bottom: 10px !important;}\u00a0\u00bb el_class=\u00a0\u00bbrow-align-items-center\u00a0\u00bb conditional_render=\u00a0\u00bb%5B%7B%22value_role%22%3A%22administrator%22%7D%5D\u00a0\u00bb][vc_column animation_delay=\u00a0\u00bb\u00a0\u00bb conditional_render=\u00a0\u00bb%5B%7B%22value_role%22%3A%22administrator%22%7D%5D\u00a0\u00bb][vc_column_text css_animation=\u00a0\u00bbnone\u00a0\u00bb] POLITIQUE DE CONFIDENTIALIT\u00c9\u00a0\u2013\u00a0ANTI-POURRIEL\u00a0\u2013\u00a0WEB Badger DaylightingMC respecte toutes les exigences en mati\u00e8re de confidentialit\u00e9 et de lutte contre les pourriels et, dans bien des cas, se surpasse pour assurer la confidentialit\u00e9 des clients. Cette politique est notre engagement \u00e0 respecter et \u00e0 prot\u00e9ger vos [&hellip;]","og_url":"https:\/\/www.badgerinc.com\/fr\/politique-de-confidentialite-anti-pourriel-web\/","og_site_name":"Badger Inc","article_modified_time":"2026-02-04T12:28:46+00:00","twitter_card":"summary_large_image","twitter_misc":{"Estimation du temps de lecture":"9 minutes"},"schema":{"@context":"https:\/\/schema.org","@graph":[{"@type":"WebPage","@id":"https:\/\/www.badgerinc.com\/fr\/politique-de-confidentialite-anti-pourriel-web\/","url":"https:\/\/www.badgerinc.com\/fr\/politique-de-confidentialite-anti-pourriel-web\/","name":"POLITIQUE DE CONFIDENTIALIT\u00c9\u00a0\u2013\u00a0ANTI-POURRIEL\u00a0\u2013\u00a0WEB - Badger Inc","isPartOf":{"@id":"https:\/\/www.badgerinc.com\/fr\/#website"},"datePublished":"2023-09-21T19:50:53+00:00","dateModified":"2026-02-04T12:28:46+00:00","breadcrumb":{"@id":"https:\/\/www.badgerinc.com\/fr\/politique-de-confidentialite-anti-pourriel-web\/#breadcrumb"},"inLanguage":"fr-CA","potentialAction":[{"@type":"ReadAction","target":["https:\/\/www.badgerinc.com\/fr\/politique-de-confidentialite-anti-pourriel-web\/"]}]},{"@type":"BreadcrumbList","@id":"https:\/\/www.badgerinc.com\/fr\/politique-de-confidentialite-anti-pourriel-web\/#breadcrumb","itemListElement":[{"@type":"ListItem","position":1,"name":"Home","item":"https:\/\/www.badgerinc.com\/fr\/"},{"@type":"ListItem","position":2,"name":"POLITIQUE DE CONFIDENTIALIT\u00c9\u00a0\u2013\u00a0ANTI-POURRIEL\u00a0\u2013\u00a0WEB"}]},{"@type":"WebSite","@id":"https:\/\/www.badgerinc.com\/fr\/#website","url":"https:\/\/www.badgerinc.com\/fr\/","name":"Badger Inc","description":"Badger Infrastructure Solutions Ltd. : Hydrovac, Vacuum Truck And Excavation Services Company in USA and Canada","potentialAction":[{"@type":"SearchAction","target":{"@type":"EntryPoint","urlTemplate":"https:\/\/www.badgerinc.com\/fr\/?s={search_term_string}"},"query-input":{"@type":"PropertyValueSpecification","valueRequired":true,"valueName":"search_term_string"}}],"inLanguage":"fr-CA"}]}},"_links":{"self":[{"href":"https:\/\/www.badgerinc.com\/fr\/wp-json\/wp\/v2\/pages\/1265498","targetHints":{"allow":["GET"]}}],"collection":[{"href":"https:\/\/www.badgerinc.com\/fr\/wp-json\/wp\/v2\/pages"}],"about":[{"href":"https:\/\/www.badgerinc.com\/fr\/wp-json\/wp\/v2\/types\/page"}],"author":[{"embeddable":true,"href":"https:\/\/www.badgerinc.com\/fr\/wp-json\/wp\/v2\/users\/3"}],"replies":[{"embeddable":true,"href":"https:\/\/www.badgerinc.com\/fr\/wp-json\/wp\/v2\/comments?post=1265498"}],"version-history":[{"count":0,"href":"https:\/\/www.badgerinc.com\/fr\/wp-json\/wp\/v2\/pages\/1265498\/revisions"}],"wp:attachment":[{"href":"https:\/\/www.badgerinc.com\/fr\/wp-json\/wp\/v2\/media?parent=1265498"}],"curies":[{"name":"wp","href":"https:\/\/api.w.org\/{rel}","templated":true}]}}