{"id":1265497,"date":"2023-10-30T20:36:11","date_gmt":"2023-10-30T20:36:11","guid":{"rendered":"https:\/\/badgerincdev.wpenginepowered.com\/frais-de-recuperation-variables\/"},"modified":"2026-02-04T12:28:47","modified_gmt":"2026-02-04T12:28:47","slug":"frais-de-recuperation-variables","status":"publish","type":"page","link":"https:\/\/www.badgerinc.com\/fr\/frais-de-recuperation-variables\/","title":{"rendered":"Frais de r\u00e9cup\u00e9ration variables"},"content":{"rendered":"<div class=\"wpb-content-wrapper\"><p>[vc_row wrap_container=\u00a0\u00bbyes\u00a0\u00bb content_placement=\u00a0\u00bbtop\u00a0\u00bb css=\u00a0\u00bb.vc_custom_1698701731547{padding-top: 40px !important;padding-bottom: 40px !important;}\u00a0\u00bb el_class=\u00a0\u00bbrow-align-items-center\u00a0\u00bb conditional_render=\u00a0\u00bb%5B%7B%22value_role%22%3A%22administrator%22%7D%5D\u00a0\u00bb][vc_column width=\u00a0\u00bb1\/2&Prime; animation_delay=\u00a0\u00bb\u00a0\u00bb conditional_render=\u00a0\u00bb%5B%7B%22value_role%22%3A%22administrator%22%7D%5D\u00a0\u00bb][vc_column_text css_animation=\u00a0\u00bbnone\u00a0\u00bb]<\/p>\n<h2>Que sont les frais de r\u00e9cup\u00e9ration variables?<\/h2>\n<p>Les frais de r\u00e9cup\u00e9ration variables sont le terme appliqu\u00e9 \u00e0 une ligne suppl\u00e9mentaire sur nos factures servant \u00e0 transmettre certains des co\u00fbts variables de carburant que nous devons payer \u00e0 nos clients de mani\u00e8re juste et \u00e9quitable.[\/vc_column_text][\/vc_column][vc_column width=\u00a0\u00bb1\/2&Prime;][vc_empty_space][vc_accordion active_tab=\u00a0\u00bbfalse\u00a0\u00bb collapsible=\u00a0\u00bbyes\u00a0\u00bb size=\u00a0\u00bbpanel-group-lg\u00a0\u00bb][vc_accordion_tab title=\u00a0\u00bbTableau des frais de r\u00e9cup\u00e9ration variables au Canada\u00a0\u00bb][vc_column_text]<\/p>\n<table width=\"223\">\n<tbody>\n<tr>\n<td width=\"127\">Co\u00fbt du diesel\/litre<\/td>\n<td width=\"96\">TAUX DE FRAIS DE R\u00c9CUP\u00c9RATION VARIABLES<\/td>\n<\/tr>\n<tr>\n<td>0,75\u00a0$<\/td>\n<td>6,45\u00a0%<\/td>\n<\/tr>\n<tr>\n<td>0,78\u00a0$<\/td>\n<td>6,71\u00a0%<\/td>\n<\/tr>\n<tr>\n<td>0,81\u00a0$<\/td>\n<td>6,97\u00a0%<\/td>\n<\/tr>\n<tr>\n<td>0,84\u00a0$<\/td>\n<td>7,23\u00a0%<\/td>\n<\/tr>\n<tr>\n<td>0,87\u00a0$<\/td>\n<td>7,48\u00a0%<\/td>\n<\/tr>\n<tr>\n<td>0,90\u00a0$<\/td>\n<td>7,74\u00a0%<\/td>\n<\/tr>\n<tr>\n<td>0,93\u00a0$<\/td>\n<td>8,00\u00a0%<\/td>\n<\/tr>\n<tr>\n<td>0,96\u00a0$<\/td>\n<td>8,26\u00a0%<\/td>\n<\/tr>\n<tr>\n<td>0,99\u00a0$<\/td>\n<td>8,52\u00a0%<\/td>\n<\/tr>\n<tr>\n<td>1,02\u00a0$<\/td>\n<td>8,78\u00a0%<\/td>\n<\/tr>\n<tr>\n<td>1,05\u00a0$<\/td>\n<td>9,03\u00a0%<\/td>\n<\/tr>\n<tr>\n<td>1,08\u00a0$<\/td>\n<td>9,29\u00a0%<\/td>\n<\/tr>\n<tr>\n<td>1,11\u00a0$<\/td>\n<td>9,55\u00a0%<\/td>\n<\/tr>\n<tr>\n<td>1,14\u00a0$<\/td>\n<td>9,81\u00a0%<\/td>\n<\/tr>\n<tr>\n<td>1,17\u00a0$<\/td>\n<td>10,07\u00a0%<\/td>\n<\/tr>\n<tr>\n<td>1,20\u00a0$<\/td>\n<td>10,32\u00a0%<\/td>\n<\/tr>\n<tr>\n<td>1,23\u00a0$<\/td>\n<td>10,58\u00a0%<\/td>\n<\/tr>\n<tr>\n<td>1,26\u00a0$<\/td>\n<td>10,84\u00a0%<\/td>\n<\/tr>\n<tr>\n<td>1,29\u00a0$<\/td>\n<td>11,10\u00a0%<\/td>\n<\/tr>\n<tr>\n<td>1,32\u00a0$<\/td>\n<td>11,36\u00a0%<\/td>\n<\/tr>\n<tr>\n<td>1,35\u00a0$<\/td>\n<td>11,61\u00a0%<\/td>\n<\/tr>\n<tr>\n<td>1,38\u00a0$<\/td>\n<td>11,87\u00a0%<\/td>\n<\/tr>\n<tr>\n<td>1,41\u00a0$<\/td>\n<td>12,13\u00a0%<\/td>\n<\/tr>\n<tr>\n<td>1,44\u00a0$<\/td>\n<td>12,39\u00a0%<\/td>\n<\/tr>\n<tr>\n<td>1,47\u00a0$<\/td>\n<td>12,65\u00a0%<\/td>\n<\/tr>\n<tr>\n<td>1,50\u00a0$<\/td>\n<td>12,90\u00a0%<\/td>\n<\/tr>\n<tr>\n<td>1,53\u00a0$<\/td>\n<td>13,16\u00a0%<\/td>\n<\/tr>\n<tr>\n<td>1,56\u00a0$<\/td>\n<td>13,42\u00a0%<\/td>\n<\/tr>\n<tr>\n<td>1,59\u00a0$<\/td>\n<td>13,68\u00a0%<\/td>\n<\/tr>\n<tr>\n<td>1,62\u00a0$<\/td>\n<td>13,94\u00a0%<\/td>\n<\/tr>\n<tr>\n<td>1,65\u00a0$<\/td>\n<td>14,20\u00a0%<\/td>\n<\/tr>\n<tr>\n<td>1,68\u00a0$<\/td>\n<td>14,45\u00a0%<\/td>\n<\/tr>\n<tr>\n<td>1,71\u00a0$<\/td>\n<td>14,71\u00a0%<\/td>\n<\/tr>\n<tr>\n<td>1,74\u00a0$<\/td>\n<td>14,97\u00a0%<\/td>\n<\/tr>\n<tr>\n<td>1,77\u00a0$<\/td>\n<td>15,23\u00a0%<\/td>\n<\/tr>\n<tr>\n<td>1,80\u00a0$<\/td>\n<td>15,49\u00a0%<\/td>\n<\/tr>\n<tr>\n<td>1,83\u00a0$<\/td>\n<td>15,74\u00a0%<\/td>\n<\/tr>\n<tr>\n<td>1,86\u00a0$<\/td>\n<td>16,00\u00a0%<\/td>\n<\/tr>\n<tr>\n<td>1,89\u00a0$<\/td>\n<td>16,26\u00a0%<\/td>\n<\/tr>\n<tr>\n<td>1,92\u00a0$<\/td>\n<td>16,52\u00a0%<\/td>\n<\/tr>\n<tr>\n<td>1,95\u00a0$<\/td>\n<td>16,78\u00a0%<\/td>\n<\/tr>\n<tr>\n<td>1,98\u00a0$<\/td>\n<td>17,03\u00a0%<\/td>\n<\/tr>\n<tr>\n<td>2,01\u00a0$<\/td>\n<td>17,29\u00a0%<\/td>\n<\/tr>\n<tr>\n<td>2,04\u00a0$<\/td>\n<td>17,55\u00a0%<\/td>\n<\/tr>\n<tr>\n<td>2,07\u00a0$<\/td>\n<td>17,81\u00a0%<\/td>\n<\/tr>\n<tr>\n<td>2,10\u00a0$<\/td>\n<td>18,07\u00a0%<\/td>\n<\/tr>\n<tr>\n<td>2,13\u00a0$<\/td>\n<td>18,32\u00a0%<\/td>\n<\/tr>\n<tr>\n<td>2,16\u00a0$<\/td>\n<td>18,58\u00a0%<\/td>\n<\/tr>\n<tr>\n<td>2,19\u00a0$<\/td>\n<td>18,84\u00a0%<\/td>\n<\/tr>\n<tr>\n<td>2,22\u00a0$<\/td>\n<td>19,10\u00a0%<\/td>\n<\/tr>\n<tr>\n<td>2,25\u00a0$<\/td>\n<td>19,36\u00a0%<\/td>\n<\/tr>\n<tr>\n<td>2,28\u00a0$<\/td>\n<td>19,62\u00a0%<\/td>\n<\/tr>\n<tr>\n<td>2,31\u00a0$<\/td>\n<td>19,87\u00a0%<\/td>\n<\/tr>\n<tr>\n<td>2,34\u00a0$<\/td>\n<td>20,13\u00a0%<\/td>\n<\/tr>\n<tr>\n<td>2,37\u00a0$<\/td>\n<td>20,39\u00a0%<\/td>\n<\/tr>\n<tr>\n<td>2,40\u00a0$<\/td>\n<td>20,65\u00a0%<\/td>\n<\/tr>\n<tr>\n<td>2,43\u00a0$<\/td>\n<td>20,91\u00a0%<\/td>\n<\/tr>\n<tr>\n<td>2,46\u00a0$<\/td>\n<td>21,16\u00a0%<\/td>\n<\/tr>\n<tr>\n<td>2,49\u00a0$<\/td>\n<td>21,42\u00a0%<\/td>\n<\/tr>\n<tr>\n<td>2,52\u00a0$<\/td>\n<td>21,68\u00a0%<\/td>\n<\/tr>\n<tr>\n<td>2,55\u00a0$<\/td>\n<td>21,94\u00a0%<\/td>\n<\/tr>\n<tr>\n<td>2,58\u00a0$<\/td>\n<td>22,20\u00a0%<\/td>\n<\/tr>\n<tr>\n<td>2,61\u00a0$<\/td>\n<td>22,45\u00a0%<\/td>\n<\/tr>\n<tr>\n<td>2,64\u00a0$<\/td>\n<td>22,71\u00a0%<\/td>\n<\/tr>\n<tr>\n<td>2,67\u00a0$<\/td>\n<td>22,97\u00a0%<\/td>\n<\/tr>\n<tr>\n<td>2,70\u00a0$<\/td>\n<td>23,23\u00a0%<\/td>\n<\/tr>\n<tr>\n<td>2,73\u00a0$<\/td>\n<td>23,49\u00a0%<\/td>\n<\/tr>\n<tr>\n<td>2,76\u00a0$<\/td>\n<td>23,74\u00a0%<\/td>\n<\/tr>\n<tr>\n<td>2,79\u00a0$<\/td>\n<td>24,00\u00a0%<\/td>\n<\/tr>\n<tr>\n<td>2,82\u00a0$<\/td>\n<td>24,26\u00a0%<\/td>\n<\/tr>\n<tr>\n<td>2,85\u00a0$<\/td>\n<td>24,52\u00a0%<\/td>\n<\/tr>\n<tr>\n<td>2,88\u00a0$<\/td>\n<td>24,78\u00a0%<\/td>\n<\/tr>\n<tr>\n<td>2,91\u00a0$<\/td>\n<td>25,04\u00a0%<\/td>\n<\/tr>\n<tr>\n<td>2,94\u00a0$<\/td>\n<td>25,29\u00a0%<\/td>\n<\/tr>\n<tr>\n<td>2,97\u00a0$<\/td>\n<td>25,55\u00a0%<\/td>\n<\/tr>\n<tr>\n<td>3,00\u00a0$<\/td>\n<td>25,81\u00a0%<\/td>\n<\/tr>\n<tr>\n<td>3,03\u00a0$<\/td>\n<td>26,07\u00a0%<\/td>\n<\/tr>\n<tr>\n<td>3,06\u00a0$<\/td>\n<td>26,33\u00a0%<\/td>\n<\/tr>\n<tr>\n<td>3,09\u00a0$<\/td>\n<td>26,58\u00a0%<\/td>\n<\/tr>\n<tr>\n<td>3,12\u00a0$<\/td>\n<td>26,84\u00a0%<\/td>\n<\/tr>\n<tr>\n<td>3,15\u00a0$<\/td>\n<td>27,10\u00a0%<\/td>\n<\/tr>\n<tr>\n<td>3,18\u00a0$<\/td>\n<td>27,36\u00a0%<\/td>\n<\/tr>\n<tr>\n<td>3,21\u00a0$<\/td>\n<td>27,62\u00a0%<\/td>\n<\/tr>\n<tr>\n<td>3,24\u00a0$<\/td>\n<td>27,87\u00a0%<\/td>\n<\/tr>\n<tr>\n<td>3,27\u00a0$<\/td>\n<td>28,13\u00a0%<\/td>\n<\/tr>\n<tr>\n<td>3,30\u00a0$<\/td>\n<td>28,39\u00a0%<\/td>\n<\/tr>\n<tr>\n<td>3,33\u00a0$<\/td>\n<td>28,65\u00a0%<\/td>\n<\/tr>\n<tr>\n<td>3,36\u00a0$<\/td>\n<td>28,91\u00a0%<\/td>\n<\/tr>\n<tr>\n<td>3,39\u00a0$<\/td>\n<td>29,16\u00a0%<\/td>\n<\/tr>\n<tr>\n<td>3,42\u00a0$<\/td>\n<td>29,42\u00a0%<\/td>\n<\/tr>\n<tr>\n<td>3,45\u00a0$<\/td>\n<td>29,68\u00a0%<\/td>\n<\/tr>\n<tr>\n<td>3,48\u00a0$<\/td>\n<td>29,94\u00a0%<\/td>\n<\/tr>\n<tr>\n<td>3,51\u00a0$<\/td>\n<td>30,20\u00a0%<\/td>\n<\/tr>\n<\/tbody>\n<\/table>\n<p>[\/vc_column_text][\/vc_accordion_tab][vc_accordion_tab title=\u00a0\u00bbTableau des frais de r\u00e9cup\u00e9ration variables aux \u00c9tats-Unis\u00a0\u00bb][vc_column_text]<\/p>\n<table style=\"height: 2038px;\" width=\"154\">\n<tbody>\n<tr>\n<td width=\"135\">Co\u00fbt du diesel\/gallon<\/td>\n<td width=\"84\">Taux de frais de r\u00e9cup\u00e9ration variables<\/td>\n<\/tr>\n<tr>\n<td>2,25\u00a0$<\/td>\n<td>5,11\u00a0%<\/td>\n<\/tr>\n<tr>\n<td>2,40\u00a0$<\/td>\n<td>5,45\u00a0%<\/td>\n<\/tr>\n<tr>\n<td>2,55\u00a0$<\/td>\n<td>5,80\u00a0%<\/td>\n<\/tr>\n<tr>\n<td>2,70\u00a0$<\/td>\n<td>6,14\u00a0%<\/td>\n<\/tr>\n<tr>\n<td>2,85\u00a0$<\/td>\n<td>6,48\u00a0%<\/td>\n<\/tr>\n<tr>\n<td>3,00\u00a0$<\/td>\n<td>6,82\u00a0%<\/td>\n<\/tr>\n<tr>\n<td>3,15\u00a0$<\/td>\n<td>7,16\u00a0%<\/td>\n<\/tr>\n<tr>\n<td>3,30\u00a0$<\/td>\n<td>7,50\u00a0%<\/td>\n<\/tr>\n<tr>\n<td>3,45\u00a0$<\/td>\n<td>7,84\u00a0%<\/td>\n<\/tr>\n<tr>\n<td>3,60\u00a0$<\/td>\n<td>8,18\u00a0%<\/td>\n<\/tr>\n<tr>\n<td>3,75\u00a0$<\/td>\n<td>8,52\u00a0%<\/td>\n<\/tr>\n<tr>\n<td>3,90\u00a0$<\/td>\n<td>8,86\u00a0%<\/td>\n<\/tr>\n<tr>\n<td>4,05\u00a0$<\/td>\n<td>9,20\u00a0%<\/td>\n<\/tr>\n<tr>\n<td>4,20\u00a0$<\/td>\n<td>9,55\u00a0%<\/td>\n<\/tr>\n<tr>\n<td>4,35\u00a0$<\/td>\n<td>9,89\u00a0%<\/td>\n<\/tr>\n<tr>\n<td>4,50\u00a0$<\/td>\n<td>10,23\u00a0%<\/td>\n<\/tr>\n<tr>\n<td>4,65\u00a0$<\/td>\n<td>10,57\u00a0%<\/td>\n<\/tr>\n<tr>\n<td>4,80\u00a0$<\/td>\n<td>10,91\u00a0%<\/td>\n<\/tr>\n<tr>\n<td>4,95\u00a0$<\/td>\n<td>11,25\u00a0%<\/td>\n<\/tr>\n<tr>\n<td>5,10\u00a0$<\/td>\n<td>11,59\u00a0%<\/td>\n<\/tr>\n<tr>\n<td>5,25\u00a0$<\/td>\n<td>11,93\u00a0%<\/td>\n<\/tr>\n<tr>\n<td>5,40\u00a0$<\/td>\n<td>12,27\u00a0%<\/td>\n<\/tr>\n<tr>\n<td>5,55\u00a0$<\/td>\n<td>12,61\u00a0%<\/td>\n<\/tr>\n<tr>\n<td>5,70\u00a0$<\/td>\n<td>12,95\u00a0%<\/td>\n<\/tr>\n<tr>\n<td>5,85\u00a0$<\/td>\n<td>13,30\u00a0%<\/td>\n<\/tr>\n<tr>\n<td>6,00\u00a0$<\/td>\n<td>13,64\u00a0%<\/td>\n<\/tr>\n<tr>\n<td>6,15\u00a0$<\/td>\n<td>13,98\u00a0%<\/td>\n<\/tr>\n<tr>\n<td>6,30\u00a0$<\/td>\n<td>14,32\u00a0%<\/td>\n<\/tr>\n<tr>\n<td>6,45\u00a0$<\/td>\n<td>14,66\u00a0%<\/td>\n<\/tr>\n<tr>\n<td>6,60\u00a0$<\/td>\n<td>15,00\u00a0%<\/td>\n<\/tr>\n<tr>\n<td>6,75\u00a0$<\/td>\n<td>15,34\u00a0%<\/td>\n<\/tr>\n<tr>\n<td>6,90\u00a0$<\/td>\n<td>15,68\u00a0%<\/td>\n<\/tr>\n<tr>\n<td>7,05\u00a0$<\/td>\n<td>16,02\u00a0%<\/td>\n<\/tr>\n<tr>\n<td>7,20\u00a0$<\/td>\n<td>16,36\u00a0%<\/td>\n<\/tr>\n<tr>\n<td>7,35\u00a0$<\/td>\n<td>16,70\u00a0%<\/td>\n<\/tr>\n<tr>\n<td>7,50\u00a0$<\/td>\n<td>17,05\u00a0%<\/td>\n<\/tr>\n<tr>\n<td>7,65\u00a0$<\/td>\n<td>17,39\u00a0%<\/td>\n<\/tr>\n<tr>\n<td>7,80\u00a0$<\/td>\n<td>17,73\u00a0%<\/td>\n<\/tr>\n<tr>\n<td>7,95\u00a0$<\/td>\n<td>18,07\u00a0%<\/td>\n<\/tr>\n<tr>\n<td>8,10\u00a0$<\/td>\n<td>18,41\u00a0%<\/td>\n<\/tr>\n<tr>\n<td>8,25\u00a0$<\/td>\n<td>18,75\u00a0%<\/td>\n<\/tr>\n<tr>\n<td>8,40\u00a0$<\/td>\n<td>19,09\u00a0%<\/td>\n<\/tr>\n<tr>\n<td>8,55\u00a0$<\/td>\n<td>19,43\u00a0%<\/td>\n<\/tr>\n<tr>\n<td>8,70\u00a0$<\/td>\n<td>19,77\u00a0%<\/td>\n<\/tr>\n<tr>\n<td>8,85\u00a0$<\/td>\n<td>20,11\u00a0%<\/td>\n<\/tr>\n<tr>\n<td>9,00\u00a0$<\/td>\n<td>20,45\u00a0%<\/td>\n<\/tr>\n<tr>\n<td>9,15\u00a0$<\/td>\n<td>20,80\u00a0%<\/td>\n<\/tr>\n<tr>\n<td>9,30\u00a0$<\/td>\n<td>21,14\u00a0%<\/td>\n<\/tr>\n<tr>\n<td>9,45\u00a0$<\/td>\n<td>21,48\u00a0%<\/td>\n<\/tr>\n<tr>\n<td>9,60\u00a0$<\/td>\n<td>21,82\u00a0%<\/td>\n<\/tr>\n<tr>\n<td>9,75\u00a0$<\/td>\n<td>22,16\u00a0%<\/td>\n<\/tr>\n<tr>\n<td>9,90\u00a0$<\/td>\n<td>22,50\u00a0%<\/td>\n<\/tr>\n<tr>\n<td>10,05\u00a0$<\/td>\n<td>22,84\u00a0%<\/td>\n<\/tr>\n<tr>\n<td>10,20\u00a0$<\/td>\n<td>23,18\u00a0%<\/td>\n<\/tr>\n<tr>\n<td>10,35\u00a0$<\/td>\n<td>23,52\u00a0%<\/td>\n<\/tr>\n<tr>\n<td>10,50\u00a0$<\/td>\n<td>23,86\u00a0%<\/td>\n<\/tr>\n<tr>\n<td>10,65\u00a0$<\/td>\n<td>24,20\u00a0%<\/td>\n<\/tr>\n<tr>\n<td>10,80\u00a0$<\/td>\n<td>24,55\u00a0%<\/td>\n<\/tr>\n<tr>\n<td>10,95\u00a0$<\/td>\n<td>24,89\u00a0%<\/td>\n<\/tr>\n<tr>\n<td>11,10\u00a0$<\/td>\n<td>25,23\u00a0%<\/td>\n<\/tr>\n<tr>\n<td>11,25\u00a0$<\/td>\n<td>25,57\u00a0%<\/td>\n<\/tr>\n<tr>\n<td>11,40\u00a0$<\/td>\n<td>25,91\u00a0%<\/td>\n<\/tr>\n<tr>\n<td>11,55\u00a0$<\/td>\n<td>26,25\u00a0%<\/td>\n<\/tr>\n<tr>\n<td>11,70\u00a0$<\/td>\n<td>26,59\u00a0%<\/td>\n<\/tr>\n<tr>\n<td>11,85\u00a0$<\/td>\n<td>26,93\u00a0%<\/td>\n<\/tr>\n<tr>\n<td>12,00\u00a0$<\/td>\n<td>27,27\u00a0%<\/td>\n<\/tr>\n<\/tbody>\n<\/table>\n<p>[\/vc_column_text][\/vc_accordion_tab][\/vc_accordion][vc_empty_space][vc_row_inner gap=\u00a0\u00bb30&Prime;][vc_column_inner width=\u00a0\u00bb1\/2&Prime;][vc_btn title=\u00a0\u00bbBadger FRF Statement &#8211; French\u00a0\u00bb size=\u00a0\u00bblg\u00a0\u00bb skin=\u00a0\u00bbprimary\u00a0\u00bb link=\u00a0\u00bburl:https%3A%2F%2Fwww.badgerinc.com%2Fwp-content%2Fuploads%2F2023%2F10%2FBadger-FRF-French-Version.pdf|title:Badger%20FRF%20Statement%20-%20French|target:_blank|\u00a0\u00bb][\/vc_column_inner][vc_column_inner width=\u00a0\u00bb1\/2&Prime;][vc_btn title=\u00a0\u00bbBadger FRF Statement &#8211; English\u00a0\u00bb size=\u00a0\u00bblg\u00a0\u00bb align=\u00a0\u00bbcenter\u00a0\u00bb skin=\u00a0\u00bbprimary\u00a0\u00bb link=\u00a0\u00bburl:https%3A%2F%2Fwww.badgerinc.com%2Fwp-content%2Fuploads%2F2023%2F10%2FBadger-FRF-English-Version.pdf|title:Badger%20FRF%20Statement%20-%20English|target:_blank|\u00a0\u00bb][\/vc_column_inner][\/vc_row_inner][\/vc_column][\/vc_row][vc_row wrap_container=\u00a0\u00bbyes\u00a0\u00bb gap=\u00a0\u00bb35&Prime; content_placement=\u00a0\u00bbtop\u00a0\u00bb css=\u00a0\u00bb.vc_custom_1698700997948{padding-top: 40px !important;padding-bottom: 40px !important;}\u00a0\u00bb el_class=\u00a0\u00bbrow-align-items-center\u00a0\u00bb conditional_render=\u00a0\u00bb%5B%7B%22value_role%22%3A%22administrator%22%7D%5D\u00a0\u00bb][vc_column width=\u00a0\u00bb1\/2&Prime; animation_delay=\u00a0\u00bb\u00a0\u00bb conditional_render=\u00a0\u00bb%5B%7B%22value_role%22%3A%22administrator%22%7D%5D\u00a0\u00bb][vc_column_text css_animation=\u00a0\u00bbnone\u00a0\u00bb]<\/p>\n<h3>S\u2019agit-il d\u2019un frais de r\u00e9cup\u00e9ration de carburant ou d\u2019un suppl\u00e9ment d\u2019\u00e9nergie? Quelle est la diff\u00e9rence entre les deux?<\/h3>\n<p>Il s\u2019agit de frais de r\u00e9cup\u00e9ration de carburant; Badger n\u2019a pas institu\u00e9 de frais de r\u00e9cup\u00e9ration d\u2019\u00e9nergie. Nos frais de r\u00e9cup\u00e9ration variables sont bas\u00e9s uniquement sur la hausse des co\u00fbts du diesel et visent \u00e0 couvrir ces augmentations. Si les conditions \u00e9conomiques changent, nous pourrions consid\u00e9rer un suppl\u00e9ment d\u2019\u00e9nergie additionnel.<\/p>\n<h3>Pourquoi exigeons-nous des frais de r\u00e9cup\u00e9ration variables pour toutes les factures maintenant?<\/h3>\n<p>Les entreprises partout en Am\u00e9rique du Nord continuent de constater que le prix et la volatilit\u00e9 du carburant atteignent des niveaux historiques. Ce sont des changements de co\u00fbts que Badger ne peut pas changer et qui entra\u00eenent une augmentation directe des d\u00e9penses d\u2019exploitation.<\/p>\n<p>Il a \u00e9t\u00e9, et demeure, notre objectif d\u2019harmoniser nos prix avec les besoins de nos clients tout en restant transparents et \u00e9quitables par rapport aux changements requis. \u00c0 mesure que les prix du carburant fluctuent, notre approche consiste \u00e0 partager ces prix de fa\u00e7on \u00e9quitable avec nos clients, \u00e0 mesure que les co\u00fbts du carburant augmentent et diminuent.<\/p>\n<h3>Comment calculons-nous les frais de r\u00e9cup\u00e9ration variables sur nos factures?<\/h3>\n<p>Les frais de r\u00e9cup\u00e9ration de carburant seront bas\u00e9s sur les donn\u00e9es disponibles par l\u2019entremise de la U.S. Energy Information Administration et de Ressources naturelles Canada. Ces deux\u00a0indices sont publi\u00e9s et mis \u00e0 jour par les gouvernements des \u00c9tats-Unis et du Canada et sont largement reconnus comme des sources d\u2019information fiables et accessibles au public.[\/vc_column_text][\/vc_column][vc_column width=\u00a0\u00bb1\/2&Prime;][vc_column_text css_animation=\u00a0\u00bbnone\u00a0\u00bb]<\/p>\n<h3>Les frais de r\u00e9cup\u00e9ration variables seront ajout\u00e9s \u00e0 toutes les factures sous forme de ligne distincte.<\/h3>\n<p>Le taux des frais de r\u00e9cup\u00e9ration variables sera un pourcentage du montant global du billet et sera calcul\u00e9 en fonction des taux indiqu\u00e9s ci-dessus \u00e0 la date du service.<\/p>\n<h3>\u00c0 quelle fr\u00e9quence les frais de r\u00e9cup\u00e9ration variables changeront-ils?<\/h3>\n<p>Les frais de r\u00e9cup\u00e9ration variables seront calcul\u00e9s et mis \u00e0 jour chaque semaine.<\/p>\n<h3>Que se passe-t-il lorsque le co\u00fbt du carburant diminue?<\/h3>\n<p>\u00c9tant donn\u00e9 que les frais de r\u00e9cup\u00e9ration variables sont calcul\u00e9s en fonction des indices de la U.S. Energy Information Administration et de Ressources naturelles Canada, elle s\u2019ajustera en fonction des taux de carburant actuels. Si le co\u00fbt du carburant diminue, les frais de r\u00e9cup\u00e9ration variables diminueront \u00e9galement, et vice versa.<\/p>\n<h3>Pourquoi les frais sont-ils bas\u00e9s sur la totalit\u00e9 de la facture?<\/h3>\n<p>Les frais de r\u00e9cup\u00e9ration variables sont appliqu\u00e9s \u00e0 la totalit\u00e9 de la facture, car ces co\u00fbts sont sup\u00e9rieurs \u00e0 ceux de nos co\u00fbts d\u2019exploitation standard. De plus, comme nous ne s\u00e9parons pas la main-d\u2019\u0153uvre de nos frais de camion, nous tenons compte du total du billet.[\/vc_column_text][\/vc_column][\/vc_row][vc_row wrap_container=\u00a0\u00bbyes\u00a0\u00bb conditional_render=\u00a0\u00bb%5B%7B%22value_role%22%3A%22administrator%22%7D%5D\u00a0\u00bb][vc_column animation_type=\u00a0\u00bbfadeIn\u00a0\u00bb conditional_render=\u00a0\u00bb%5B%7B%22value_role%22%3A%22administrator%22%7D%5D\u00a0\u00bb][vc_cta h2=\u00a0\u00bbObtenir une estimation\u00a0\u00bb h2_font_container=\u00a0\u00bbtag:h2|font_size:30|text_align:left\u00a0\u00bb h2_use_theme_fonts=\u00a0\u00bbyes\u00a0\u00bb h4=\u00a0\u00bbCommuniquez avec nous d\u00e8s aujourd\u2019hui.\u00a0\u00bb shape=\u00a0\u00bbsquare\u00a0\u00bb style=\u00a0\u00bbflat\u00a0\u00bb add_button=\u00a0\u00bbright\u00a0\u00bb btn_title=\u00a0\u00bbCommuniquer avec nous\u00a0\u00bb btn_skin=\u00a0\u00bbprimary\u00a0\u00bb btn_btn_fs=\u00a0\u00bb20&Prime; btn_btn_ls=\u00a0\u00bb.2&Prime; use_custom_fonts_h2=\u00a0\u00bbtrue\u00a0\u00bb btn_link=\u00a0\u00bburl:https%3A%2F%2Fwww.badgerinc.com%2Ffr%2Fobtenir-une-estimation%2F|\u00a0\u00bb btn_btn_px=\u00a0\u00bb10&Prime;][\/vc_cta][\/vc_column][\/vc_row]<\/p>\n<\/div>","protected":false},"excerpt":{"rendered":"<p>[vc_row wrap_container=\u00a0\u00bbyes\u00a0\u00bb content_placement=\u00a0\u00bbtop\u00a0\u00bb css=\u00a0\u00bb.vc_custom_1698701731547{padding-top: 40px !important;padding-bottom: 40px !important;}\u00a0\u00bb el_class=\u00a0\u00bbrow-align-items-center\u00a0\u00bb conditional_render=\u00a0\u00bb%5B%7B%22value_role%22%3A%22administrator%22%7D%5D\u00a0\u00bb][vc_column width=\u00a0\u00bb1\/2&Prime; animation_delay=\u00a0\u00bb\u00a0\u00bb conditional_render=\u00a0\u00bb%5B%7B%22value_role%22%3A%22administrator%22%7D%5D\u00a0\u00bb][vc_column_text css_animation=\u00a0\u00bbnone\u00a0\u00bb] Que sont les frais de r\u00e9cup\u00e9ration variables? Les frais de r\u00e9cup\u00e9ration variables sont le terme appliqu\u00e9 \u00e0 une ligne suppl\u00e9mentaire sur nos factures servant \u00e0 transmettre certains des co\u00fbts variables de carburant que nous devons payer \u00e0 nos clients de mani\u00e8re [&hellip;]<\/p>\n","protected":false},"author":3,"featured_media":0,"parent":0,"menu_order":0,"comment_status":"closed","ping_status":"closed","template":"","meta":{"footnotes":""},"class_list":["post-1265497","page","type-page","status-publish","hentry"],"yoast_head":"<!-- This site is optimized with the Yoast SEO Premium plugin v23.4 (Yoast SEO v27.2) - https:\/\/yoast.com\/product\/yoast-seo-premium-wordpress\/ -->\n<title>Frais de r\u00e9cup\u00e9ration variables - Badger Inc<\/title>\n<meta name=\"robots\" content=\"index, follow, max-snippet:-1, max-image-preview:large, max-video-preview:-1\" \/>\n<link rel=\"canonical\" href=\"https:\/\/www.badgerinc.com\/fr\/frais-de-recuperation-variables\/\" \/>\n<meta property=\"og:locale\" content=\"fr_CA\" \/>\n<meta property=\"og:type\" content=\"article\" \/>\n<meta property=\"og:title\" content=\"Frais de r\u00e9cup\u00e9ration variables\" \/>\n<meta property=\"og:description\" content=\"[vc_row wrap_container=\u00a0\u00bbyes\u00a0\u00bb content_placement=\u00a0\u00bbtop\u00a0\u00bb css=\u00a0\u00bb.vc_custom_1698701731547{padding-top: 40px !important;padding-bottom: 40px !important;}\u00a0\u00bb el_class=\u00a0\u00bbrow-align-items-center\u00a0\u00bb conditional_render=\u00a0\u00bb%5B%7B%22value_role%22%3A%22administrator%22%7D%5D\u00a0\u00bb][vc_column width=\u00a0\u00bb1\/2&Prime; animation_delay=\u00a0\u00bb\u00a0\u00bb conditional_render=\u00a0\u00bb%5B%7B%22value_role%22%3A%22administrator%22%7D%5D\u00a0\u00bb][vc_column_text css_animation=\u00a0\u00bbnone\u00a0\u00bb] Que sont les frais de r\u00e9cup\u00e9ration variables? Les frais de r\u00e9cup\u00e9ration variables sont le terme appliqu\u00e9 \u00e0 une ligne suppl\u00e9mentaire sur nos factures servant \u00e0 transmettre certains des co\u00fbts variables de carburant que nous devons payer \u00e0 nos clients de mani\u00e8re [&hellip;]\" \/>\n<meta property=\"og:url\" content=\"https:\/\/www.badgerinc.com\/fr\/frais-de-recuperation-variables\/\" \/>\n<meta property=\"og:site_name\" content=\"Badger Inc\" \/>\n<meta property=\"article:modified_time\" content=\"2026-02-04T12:28:47+00:00\" \/>\n<meta name=\"twitter:card\" content=\"summary_large_image\" \/>\n<meta name=\"twitter:label1\" content=\"Estimation du temps de lecture\" \/>\n\t<meta name=\"twitter:data1\" content=\"5 minutes\" \/>\n<script type=\"application\/ld+json\" class=\"yoast-schema-graph\">{\"@context\":\"https:\/\/schema.org\",\"@graph\":[{\"@type\":\"WebPage\",\"@id\":\"https:\/\/www.badgerinc.com\/fr\/frais-de-recuperation-variables\/\",\"url\":\"https:\/\/www.badgerinc.com\/fr\/frais-de-recuperation-variables\/\",\"name\":\"Frais de r\u00e9cup\u00e9ration variables - Badger Inc\",\"isPartOf\":{\"@id\":\"https:\/\/www.badgerinc.com\/fr\/#website\"},\"datePublished\":\"2023-10-30T20:36:11+00:00\",\"dateModified\":\"2026-02-04T12:28:47+00:00\",\"breadcrumb\":{\"@id\":\"https:\/\/www.badgerinc.com\/fr\/frais-de-recuperation-variables\/#breadcrumb\"},\"inLanguage\":\"fr-CA\",\"potentialAction\":[{\"@type\":\"ReadAction\",\"target\":[\"https:\/\/www.badgerinc.com\/fr\/frais-de-recuperation-variables\/\"]}]},{\"@type\":\"BreadcrumbList\",\"@id\":\"https:\/\/www.badgerinc.com\/fr\/frais-de-recuperation-variables\/#breadcrumb\",\"itemListElement\":[{\"@type\":\"ListItem\",\"position\":1,\"name\":\"Home\",\"item\":\"https:\/\/www.badgerinc.com\/fr\/\"},{\"@type\":\"ListItem\",\"position\":2,\"name\":\"Frais de r\u00e9cup\u00e9ration variables\"}]},{\"@type\":\"WebSite\",\"@id\":\"https:\/\/www.badgerinc.com\/fr\/#website\",\"url\":\"https:\/\/www.badgerinc.com\/fr\/\",\"name\":\"Badger Inc\",\"description\":\"Badger Infrastructure Solutions Ltd. : Hydrovac, Vacuum Truck And Excavation Services Company in USA and Canada\",\"potentialAction\":[{\"@type\":\"SearchAction\",\"target\":{\"@type\":\"EntryPoint\",\"urlTemplate\":\"https:\/\/www.badgerinc.com\/fr\/?s={search_term_string}\"},\"query-input\":{\"@type\":\"PropertyValueSpecification\",\"valueRequired\":true,\"valueName\":\"search_term_string\"}}],\"inLanguage\":\"fr-CA\"}]}<\/script>\n<!-- \/ Yoast SEO Premium plugin. -->","yoast_head_json":{"title":"Frais de r\u00e9cup\u00e9ration variables - Badger Inc","robots":{"index":"index","follow":"follow","max-snippet":"max-snippet:-1","max-image-preview":"max-image-preview:large","max-video-preview":"max-video-preview:-1"},"canonical":"https:\/\/www.badgerinc.com\/fr\/frais-de-recuperation-variables\/","og_locale":"fr_CA","og_type":"article","og_title":"Frais de r\u00e9cup\u00e9ration variables","og_description":"[vc_row wrap_container=\u00a0\u00bbyes\u00a0\u00bb content_placement=\u00a0\u00bbtop\u00a0\u00bb css=\u00a0\u00bb.vc_custom_1698701731547{padding-top: 40px !important;padding-bottom: 40px !important;}\u00a0\u00bb el_class=\u00a0\u00bbrow-align-items-center\u00a0\u00bb conditional_render=\u00a0\u00bb%5B%7B%22value_role%22%3A%22administrator%22%7D%5D\u00a0\u00bb][vc_column width=\u00a0\u00bb1\/2&Prime; animation_delay=\u00a0\u00bb\u00a0\u00bb conditional_render=\u00a0\u00bb%5B%7B%22value_role%22%3A%22administrator%22%7D%5D\u00a0\u00bb][vc_column_text css_animation=\u00a0\u00bbnone\u00a0\u00bb] Que sont les frais de r\u00e9cup\u00e9ration variables? Les frais de r\u00e9cup\u00e9ration variables sont le terme appliqu\u00e9 \u00e0 une ligne suppl\u00e9mentaire sur nos factures servant \u00e0 transmettre certains des co\u00fbts variables de carburant que nous devons payer \u00e0 nos clients de mani\u00e8re [&hellip;]","og_url":"https:\/\/www.badgerinc.com\/fr\/frais-de-recuperation-variables\/","og_site_name":"Badger Inc","article_modified_time":"2026-02-04T12:28:47+00:00","twitter_card":"summary_large_image","twitter_misc":{"Estimation du temps de lecture":"5 minutes"},"schema":{"@context":"https:\/\/schema.org","@graph":[{"@type":"WebPage","@id":"https:\/\/www.badgerinc.com\/fr\/frais-de-recuperation-variables\/","url":"https:\/\/www.badgerinc.com\/fr\/frais-de-recuperation-variables\/","name":"Frais de r\u00e9cup\u00e9ration variables - Badger Inc","isPartOf":{"@id":"https:\/\/www.badgerinc.com\/fr\/#website"},"datePublished":"2023-10-30T20:36:11+00:00","dateModified":"2026-02-04T12:28:47+00:00","breadcrumb":{"@id":"https:\/\/www.badgerinc.com\/fr\/frais-de-recuperation-variables\/#breadcrumb"},"inLanguage":"fr-CA","potentialAction":[{"@type":"ReadAction","target":["https:\/\/www.badgerinc.com\/fr\/frais-de-recuperation-variables\/"]}]},{"@type":"BreadcrumbList","@id":"https:\/\/www.badgerinc.com\/fr\/frais-de-recuperation-variables\/#breadcrumb","itemListElement":[{"@type":"ListItem","position":1,"name":"Home","item":"https:\/\/www.badgerinc.com\/fr\/"},{"@type":"ListItem","position":2,"name":"Frais de r\u00e9cup\u00e9ration variables"}]},{"@type":"WebSite","@id":"https:\/\/www.badgerinc.com\/fr\/#website","url":"https:\/\/www.badgerinc.com\/fr\/","name":"Badger Inc","description":"Badger Infrastructure Solutions Ltd. : Hydrovac, Vacuum Truck And Excavation Services Company in USA and Canada","potentialAction":[{"@type":"SearchAction","target":{"@type":"EntryPoint","urlTemplate":"https:\/\/www.badgerinc.com\/fr\/?s={search_term_string}"},"query-input":{"@type":"PropertyValueSpecification","valueRequired":true,"valueName":"search_term_string"}}],"inLanguage":"fr-CA"}]}},"_links":{"self":[{"href":"https:\/\/www.badgerinc.com\/fr\/wp-json\/wp\/v2\/pages\/1265497","targetHints":{"allow":["GET"]}}],"collection":[{"href":"https:\/\/www.badgerinc.com\/fr\/wp-json\/wp\/v2\/pages"}],"about":[{"href":"https:\/\/www.badgerinc.com\/fr\/wp-json\/wp\/v2\/types\/page"}],"author":[{"embeddable":true,"href":"https:\/\/www.badgerinc.com\/fr\/wp-json\/wp\/v2\/users\/3"}],"replies":[{"embeddable":true,"href":"https:\/\/www.badgerinc.com\/fr\/wp-json\/wp\/v2\/comments?post=1265497"}],"version-history":[{"count":0,"href":"https:\/\/www.badgerinc.com\/fr\/wp-json\/wp\/v2\/pages\/1265497\/revisions"}],"wp:attachment":[{"href":"https:\/\/www.badgerinc.com\/fr\/wp-json\/wp\/v2\/media?parent=1265497"}],"curies":[{"name":"wp","href":"https:\/\/api.w.org\/{rel}","templated":true}]}}